{"id":1301,"date":"2024-12-18T07:12:47","date_gmt":"2024-12-18T06:12:47","guid":{"rendered":"https:\/\/hoytundertaket.no\/letohallen\/?page_id=1301"},"modified":"2026-02-11T16:03:01","modified_gmt":"2026-02-11T15:03:01","slug":"klatrevegger","status":"publish","type":"page","link":"https:\/\/hoytundertaket.no\/letohallen\/aktiviteter\/klatrevegger\/","title":{"rendered":"Klatrevegger"},"content":{"rendered":"","protected":false},"excerpt":{"rendered":"","protected":false},"author":18,"featured_media":1201,"parent":1556,"menu_order":0,"comment_status":"closed","ping_status":"closed","template":"page-visit.php","meta":{"_acf_changed":false,"footnotes":""},"class_list":["post-1301","page","type-page","status-publish","has-post-thumbnail","hentry"],"acf":[],"yoast_head":"<!-- This site is optimized with the Yoast SEO plugin v26.9 - https:\/\/yoast.com\/product\/yoast-seo-wordpress\/ -->\n<title>Klatreveggen i Letohallen - H\u00f8yt Under Taket<\/title>\n<meta name=\"description\" content=\"Klatrevegger i Letohallen er for alle niv\u00e5er! B\u00e5de erfarne og nybegynnere vil finne noe som passer hos oss. Velkommen!\" \/>\n<meta name=\"robots\" content=\"index, follow, max-snippet:-1, max-image-preview:large, max-video-preview:-1\" \/>\n<link rel=\"canonical\" href=\"https:\/\/hoytundertaket.no\/letohallen\/aktiviteter\/klatrevegger\/\" \/>\n<meta property=\"og:locale\" content=\"nb_NO\" \/>\n<meta property=\"og:type\" content=\"article\" \/>\n<meta property=\"og:title\" content=\"Klatreveggen i Letohallen - H\u00f8yt Under Taket\" \/>\n<meta property=\"og:description\" content=\"Klatrevegger i Letohallen er for alle niv\u00e5er! B\u00e5de erfarne og nybegynnere vil finne noe som passer hos oss. Velkommen!\" \/>\n<meta property=\"og:url\" content=\"https:\/\/hoytundertaket.no\/letohallen\/aktiviteter\/klatrevegger\/\" \/>\n<meta property=\"og:site_name\" content=\"H\u00f8yt Under Taket Letohallen\" \/>\n<meta property=\"article:modified_time\" content=\"2026-02-11T15:03:01+00:00\" \/>\n<meta property=\"og:image\" content=\"https:\/\/hoytundertaket.no\/letohallen\/wp-content\/uploads\/sites\/8\/2024\/11\/Letohallen_apningsdag_HTL_04219_Foto_Bjorn_Helge_Ronning.jpg\" \/>\n\t<meta property=\"og:image:width\" content=\"1080\" \/>\n\t<meta property=\"og:image:height\" content=\"720\" \/>\n\t<meta property=\"og:image:type\" content=\"image\/jpeg\" \/>\n<meta name=\"twitter:card\" content=\"summary_large_image\" \/>\n<meta name=\"twitter:label1\" content=\"Ansl. lesetid\" \/>\n\t<meta name=\"twitter:data1\" content=\"3 minutter\" \/>\n<script type=\"application\/ld+json\" class=\"yoast-schema-graph\">{\"@context\":\"https:\/\/schema.org\",\"@graph\":[{\"@type\":\"WebPage\",\"@id\":\"https:\/\/hoytundertaket.no\/letohallen\/aktiviteter\/klatrevegger\/\",\"url\":\"https:\/\/hoytundertaket.no\/letohallen\/aktiviteter\/klatrevegger\/\",\"name\":\"Klatreveggen i Letohallen - H\u00f8yt Under Taket\",\"isPartOf\":{\"@id\":\"https:\/\/hoytundertaket.no\/letohallen\/#website\"},\"primaryImageOfPage\":{\"@id\":\"https:\/\/hoytundertaket.no\/letohallen\/aktiviteter\/klatrevegger\/#primaryimage\"},\"image\":{\"@id\":\"https:\/\/hoytundertaket.no\/letohallen\/aktiviteter\/klatrevegger\/#primaryimage\"},\"thumbnailUrl\":\"https:\/\/hoytundertaket.no\/letohallen\/wp-content\/uploads\/sites\/8\/2024\/11\/Letohallen_apningsdag_HTL_04219_Foto_Bjorn_Helge_Ronning.jpg\",\"datePublished\":\"2024-12-18T06:12:47+00:00\",\"dateModified\":\"2026-02-11T15:03:01+00:00\",\"description\":\"Klatrevegger i Letohallen er for alle niv\u00e5er! B\u00e5de erfarne og nybegynnere vil finne noe som passer hos oss. Velkommen!\",\"breadcrumb\":{\"@id\":\"https:\/\/hoytundertaket.no\/letohallen\/aktiviteter\/klatrevegger\/#breadcrumb\"},\"inLanguage\":\"nb-NO\",\"potentialAction\":[{\"@type\":\"ReadAction\",\"target\":[\"https:\/\/hoytundertaket.no\/letohallen\/aktiviteter\/klatrevegger\/\"]}]},{\"@type\":\"ImageObject\",\"inLanguage\":\"nb-NO\",\"@id\":\"https:\/\/hoytundertaket.no\/letohallen\/aktiviteter\/klatrevegger\/#primaryimage\",\"url\":\"https:\/\/hoytundertaket.no\/letohallen\/wp-content\/uploads\/sites\/8\/2024\/11\/Letohallen_apningsdag_HTL_04219_Foto_Bjorn_Helge_Ronning.jpg\",\"contentUrl\":\"https:\/\/hoytundertaket.no\/letohallen\/wp-content\/uploads\/sites\/8\/2024\/11\/Letohallen_apningsdag_HTL_04219_Foto_Bjorn_Helge_Ronning.jpg\",\"width\":1080,\"height\":720,\"caption\":\"Spennende h\u00f8ydepark og klatring for barn hos H\u00f8yt Under Taket Letohallen \u2013 aktiv familieopplevelse p\u00e5 Romerike.\"},{\"@type\":\"BreadcrumbList\",\"@id\":\"https:\/\/hoytundertaket.no\/letohallen\/aktiviteter\/klatrevegger\/#breadcrumb\",\"itemListElement\":[{\"@type\":\"ListItem\",\"position\":1,\"name\":\"Hjem\",\"item\":\"https:\/\/hoytundertaket.no\/letohallen\/\"},{\"@type\":\"ListItem\",\"position\":2,\"name\":\"Aktiviteter\",\"item\":\"https:\/\/hoytundertaket.no\/letohallen\/aktiviteter\/\"},{\"@type\":\"ListItem\",\"position\":3,\"name\":\"Klatrevegger\"}]},{\"@type\":\"WebSite\",\"@id\":\"https:\/\/hoytundertaket.no\/letohallen\/#website\",\"url\":\"https:\/\/hoytundertaket.no\/letohallen\/\",\"name\":\"H\u00f8yt Under Taket Letohallen\",\"description\":\"Bare enda et H\u00f8yt Under Taket-nettsted\",\"publisher\":{\"@id\":\"https:\/\/hoytundertaket.no\/letohallen\/#organization\"},\"potentialAction\":[{\"@type\":\"SearchAction\",\"target\":{\"@type\":\"EntryPoint\",\"urlTemplate\":\"https:\/\/hoytundertaket.no\/letohallen\/?s={search_term_string}\"},\"query-input\":{\"@type\":\"PropertyValueSpecification\",\"valueRequired\":true,\"valueName\":\"search_term_string\"}}],\"inLanguage\":\"nb-NO\"},{\"@type\":[\"Organization\",\"Place\"],\"@id\":\"https:\/\/hoytundertaket.no\/letohallen\/#organization\",\"name\":\"H\u00f8yt Under Taket Letohallen\",\"url\":\"https:\/\/hoytundertaket.no\/letohallen\/\",\"logo\":{\"@id\":\"https:\/\/hoytundertaket.no\/letohallen\/aktiviteter\/klatrevegger\/#local-main-organization-logo\"},\"image\":{\"@id\":\"https:\/\/hoytundertaket.no\/letohallen\/aktiviteter\/klatrevegger\/#local-main-organization-logo\"},\"telephone\":[],\"openingHoursSpecification\":[{\"@type\":\"OpeningHoursSpecification\",\"dayOfWeek\":[\"Monday\",\"Tuesday\",\"Wednesday\",\"Thursday\",\"Friday\",\"Saturday\",\"Sunday\"],\"opens\":\"09:00\",\"closes\":\"17:00\"}]},{\"@type\":\"ImageObject\",\"inLanguage\":\"nb-NO\",\"@id\":\"https:\/\/hoytundertaket.no\/letohallen\/aktiviteter\/klatrevegger\/#local-main-organization-logo\",\"url\":\"https:\/\/hoytundertaket.no\/letohallen\/wp-content\/uploads\/sites\/8\/2023\/02\/hut-logo-letohallen-horisontal-pos.svg\",\"contentUrl\":\"https:\/\/hoytundertaket.no\/letohallen\/wp-content\/uploads\/sites\/8\/2023\/02\/hut-logo-letohallen-horisontal-pos.svg\",\"width\":340,\"height\":110,\"caption\":\"H\u00f8yt Under Taket Letohallen\"}]}<\/script>\n<!-- \/ Yoast SEO plugin. -->","yoast_head_json":{"title":"Klatreveggen i Letohallen - H\u00f8yt Under Taket","description":"Klatrevegger i Letohallen er for alle niv\u00e5er! B\u00e5de erfarne og nybegynnere vil finne noe som passer hos oss. Velkommen!","robots":{"index":"index","follow":"follow","max-snippet":"max-snippet:-1","max-image-preview":"max-image-preview:large","max-video-preview":"max-video-preview:-1"},"canonical":"https:\/\/hoytundertaket.no\/letohallen\/aktiviteter\/klatrevegger\/","og_locale":"nb_NO","og_type":"article","og_title":"Klatreveggen i Letohallen - H\u00f8yt Under Taket","og_description":"Klatrevegger i Letohallen er for alle niv\u00e5er! B\u00e5de erfarne og nybegynnere vil finne noe som passer hos oss. Velkommen!","og_url":"https:\/\/hoytundertaket.no\/letohallen\/aktiviteter\/klatrevegger\/","og_site_name":"H\u00f8yt Under Taket Letohallen","article_modified_time":"2026-02-11T15:03:01+00:00","og_image":[{"width":1080,"height":720,"url":"https:\/\/hoytundertaket.no\/letohallen\/wp-content\/uploads\/sites\/8\/2024\/11\/Letohallen_apningsdag_HTL_04219_Foto_Bjorn_Helge_Ronning.jpg","type":"image\/jpeg"}],"twitter_card":"summary_large_image","twitter_misc":{"Ansl. lesetid":"3 minutter"},"schema":{"@context":"https:\/\/schema.org","@graph":[{"@type":"WebPage","@id":"https:\/\/hoytundertaket.no\/letohallen\/aktiviteter\/klatrevegger\/","url":"https:\/\/hoytundertaket.no\/letohallen\/aktiviteter\/klatrevegger\/","name":"Klatreveggen i Letohallen - H\u00f8yt Under Taket","isPartOf":{"@id":"https:\/\/hoytundertaket.no\/letohallen\/#website"},"primaryImageOfPage":{"@id":"https:\/\/hoytundertaket.no\/letohallen\/aktiviteter\/klatrevegger\/#primaryimage"},"image":{"@id":"https:\/\/hoytundertaket.no\/letohallen\/aktiviteter\/klatrevegger\/#primaryimage"},"thumbnailUrl":"https:\/\/hoytundertaket.no\/letohallen\/wp-content\/uploads\/sites\/8\/2024\/11\/Letohallen_apningsdag_HTL_04219_Foto_Bjorn_Helge_Ronning.jpg","datePublished":"2024-12-18T06:12:47+00:00","dateModified":"2026-02-11T15:03:01+00:00","description":"Klatrevegger i Letohallen er for alle niv\u00e5er! B\u00e5de erfarne og nybegynnere vil finne noe som passer hos oss. Velkommen!","breadcrumb":{"@id":"https:\/\/hoytundertaket.no\/letohallen\/aktiviteter\/klatrevegger\/#breadcrumb"},"inLanguage":"nb-NO","potentialAction":[{"@type":"ReadAction","target":["https:\/\/hoytundertaket.no\/letohallen\/aktiviteter\/klatrevegger\/"]}]},{"@type":"ImageObject","inLanguage":"nb-NO","@id":"https:\/\/hoytundertaket.no\/letohallen\/aktiviteter\/klatrevegger\/#primaryimage","url":"https:\/\/hoytundertaket.no\/letohallen\/wp-content\/uploads\/sites\/8\/2024\/11\/Letohallen_apningsdag_HTL_04219_Foto_Bjorn_Helge_Ronning.jpg","contentUrl":"https:\/\/hoytundertaket.no\/letohallen\/wp-content\/uploads\/sites\/8\/2024\/11\/Letohallen_apningsdag_HTL_04219_Foto_Bjorn_Helge_Ronning.jpg","width":1080,"height":720,"caption":"Spennende h\u00f8ydepark og klatring for barn hos H\u00f8yt Under Taket Letohallen \u2013 aktiv familieopplevelse p\u00e5 Romerike."},{"@type":"BreadcrumbList","@id":"https:\/\/hoytundertaket.no\/letohallen\/aktiviteter\/klatrevegger\/#breadcrumb","itemListElement":[{"@type":"ListItem","position":1,"name":"Hjem","item":"https:\/\/hoytundertaket.no\/letohallen\/"},{"@type":"ListItem","position":2,"name":"Aktiviteter","item":"https:\/\/hoytundertaket.no\/letohallen\/aktiviteter\/"},{"@type":"ListItem","position":3,"name":"Klatrevegger"}]},{"@type":"WebSite","@id":"https:\/\/hoytundertaket.no\/letohallen\/#website","url":"https:\/\/hoytundertaket.no\/letohallen\/","name":"H\u00f8yt Under Taket Letohallen","description":"Bare enda et H\u00f8yt Under Taket-nettsted","publisher":{"@id":"https:\/\/hoytundertaket.no\/letohallen\/#organization"},"potentialAction":[{"@type":"SearchAction","target":{"@type":"EntryPoint","urlTemplate":"https:\/\/hoytundertaket.no\/letohallen\/?s={search_term_string}"},"query-input":{"@type":"PropertyValueSpecification","valueRequired":true,"valueName":"search_term_string"}}],"inLanguage":"nb-NO"},{"@type":["Organization","Place"],"@id":"https:\/\/hoytundertaket.no\/letohallen\/#organization","name":"H\u00f8yt Under Taket Letohallen","url":"https:\/\/hoytundertaket.no\/letohallen\/","logo":{"@id":"https:\/\/hoytundertaket.no\/letohallen\/aktiviteter\/klatrevegger\/#local-main-organization-logo"},"image":{"@id":"https:\/\/hoytundertaket.no\/letohallen\/aktiviteter\/klatrevegger\/#local-main-organization-logo"},"telephone":[],"openingHoursSpecification":[{"@type":"OpeningHoursSpecification","dayOfWeek":["Monday","Tuesday","Wednesday","Thursday","Friday","Saturday","Sunday"],"opens":"09:00","closes":"17:00"}]},{"@type":"ImageObject","inLanguage":"nb-NO","@id":"https:\/\/hoytundertaket.no\/letohallen\/aktiviteter\/klatrevegger\/#local-main-organization-logo","url":"https:\/\/hoytundertaket.no\/letohallen\/wp-content\/uploads\/sites\/8\/2023\/02\/hut-logo-letohallen-horisontal-pos.svg","contentUrl":"https:\/\/hoytundertaket.no\/letohallen\/wp-content\/uploads\/sites\/8\/2023\/02\/hut-logo-letohallen-horisontal-pos.svg","width":340,"height":110,"caption":"H\u00f8yt Under Taket Letohallen"}]}},"_links":{"self":[{"href":"https:\/\/hoytundertaket.no\/letohallen\/wp-json\/wp\/v2\/pages\/1301","targetHints":{"allow":["GET"]}}],"collection":[{"href":"https:\/\/hoytundertaket.no\/letohallen\/wp-json\/wp\/v2\/pages"}],"about":[{"href":"https:\/\/hoytundertaket.no\/letohallen\/wp-json\/wp\/v2\/types\/page"}],"author":[{"embeddable":true,"href":"https:\/\/hoytundertaket.no\/letohallen\/wp-json\/wp\/v2\/users\/18"}],"replies":[{"embeddable":true,"href":"https:\/\/hoytundertaket.no\/letohallen\/wp-json\/wp\/v2\/comments?post=1301"}],"version-history":[{"count":2,"href":"https:\/\/hoytundertaket.no\/letohallen\/wp-json\/wp\/v2\/pages\/1301\/revisions"}],"predecessor-version":[{"id":1673,"href":"https:\/\/hoytundertaket.no\/letohallen\/wp-json\/wp\/v2\/pages\/1301\/revisions\/1673"}],"up":[{"embeddable":true,"href":"https:\/\/hoytundertaket.no\/letohallen\/wp-json\/wp\/v2\/pages\/1556"}],"wp:featuredmedia":[{"embeddable":true,"href":"https:\/\/hoytundertaket.no\/letohallen\/wp-json\/wp\/v2\/media\/1201"}],"wp:attachment":[{"href":"https:\/\/hoytundertaket.no\/letohallen\/wp-json\/wp\/v2\/media?parent=1301"}],"curies":[{"name":"wp","href":"https:\/\/api.w.org\/{rel}","templated":true}]}}