{"id":1830,"date":"2026-02-11T14:02:33","date_gmt":"2026-02-11T13:02:33","guid":{"rendered":"https:\/\/hoytundertaket.no\/letohallen\/?page_id=1830"},"modified":"2026-02-12T08:08:08","modified_gmt":"2026-02-12T07:08:08","slug":"sporsmal-svar","status":"publish","type":"page","link":"https:\/\/hoytundertaket.no\/letohallen\/sporsmal-svar\/","title":{"rendered":"Sp\u00f8rsm\u00e5l &amp; Svar"},"content":{"rendered":"\n<p>Her finner du en oversikt over ofte stilte sp\u00f8rsm\u00e5l med svar. <\/p>\n","protected":false},"excerpt":{"rendered":"<p>Her finner du en oversikt over ofte stilte sp\u00f8rsm\u00e5l med svar.<\/p>\n","protected":false},"author":18,"featured_media":0,"parent":0,"menu_order":0,"comment_status":"closed","ping_status":"closed","template":"page-q.php","meta":{"_acf_changed":false,"footnotes":""},"class_list":["post-1830","page","type-page","status-publish","hentry"],"acf":[],"yoast_head":"<!-- This site is optimized with the Yoast SEO plugin v26.9 - https:\/\/yoast.com\/product\/yoast-seo-wordpress\/ -->\n<title>Sp\u00f8rsm\u00e5l og Svar - H\u00f8yt Under Taket Klatresenter Letohallen<\/title>\n<meta name=\"description\" content=\"Har du sp\u00f8rsm\u00e5l til bes\u00f8ket ditt hos oss p\u00e5 H\u00f8yt Under Taket Letohallen? Her kan du finne svar p\u00e5 det du lurer p\u00e5.\" \/>\n<meta name=\"robots\" content=\"index, follow, max-snippet:-1, max-image-preview:large, max-video-preview:-1\" \/>\n<link rel=\"canonical\" href=\"https:\/\/hoytundertaket.no\/letohallen\/sporsmal-svar\/\" \/>\n<meta property=\"og:locale\" content=\"nb_NO\" \/>\n<meta property=\"og:type\" content=\"article\" \/>\n<meta property=\"og:title\" content=\"Sp\u00f8rsm\u00e5l og Svar - H\u00f8yt Under Taket Klatresenter T\u00f8nsberg\" \/>\n<meta property=\"og:description\" content=\"Har du sp\u00f8rsm\u00e5l til bes\u00f8ket ditt hos oss p\u00e5 H\u00f8yt Under Taket T\u00f8nsberg? Her kan du finne svar p\u00e5 det du lurer p\u00e5.\" \/>\n<meta property=\"og:url\" content=\"https:\/\/hoytundertaket.no\/letohallen\/sporsmal-svar\/\" \/>\n<meta property=\"og:site_name\" content=\"H\u00f8yt Under Taket Letohallen\" \/>\n<meta property=\"article:modified_time\" content=\"2026-02-12T07:08:08+00:00\" \/>\n<meta property=\"og:image\" content=\"https:\/\/hoytundertaket.no\/letohallen\/wp-content\/uploads\/sites\/8\/2025\/03\/Letohallen_apningsdag_HTL_03947_Foto_Bjorn_Helge_Ronning-1.jpg\" \/>\n\t<meta property=\"og:image:width\" content=\"1080\" \/>\n\t<meta property=\"og:image:height\" content=\"720\" \/>\n\t<meta property=\"og:image:type\" content=\"image\/jpeg\" \/>\n<meta name=\"twitter:card\" content=\"summary_large_image\" \/>\n<meta name=\"twitter:label1\" content=\"Ansl. lesetid\" \/>\n\t<meta name=\"twitter:data1\" content=\"6 minutter\" \/>\n<script type=\"application\/ld+json\" class=\"yoast-schema-graph\">{\"@context\":\"https:\/\/schema.org\",\"@graph\":[{\"@type\":\"WebPage\",\"@id\":\"https:\/\/hoytundertaket.no\/letohallen\/sporsmal-svar\/\",\"url\":\"https:\/\/hoytundertaket.no\/letohallen\/sporsmal-svar\/\",\"name\":\"Sp\u00f8rsm\u00e5l og Svar - H\u00f8yt Under Taket Klatresenter Letohallen\",\"isPartOf\":{\"@id\":\"https:\/\/hoytundertaket.no\/letohallen\/#website\"},\"datePublished\":\"2026-02-11T13:02:33+00:00\",\"dateModified\":\"2026-02-12T07:08:08+00:00\",\"description\":\"Har du sp\u00f8rsm\u00e5l til bes\u00f8ket ditt hos oss p\u00e5 H\u00f8yt Under Taket Letohallen? Her kan du finne svar p\u00e5 det du lurer p\u00e5.\",\"breadcrumb\":{\"@id\":\"https:\/\/hoytundertaket.no\/letohallen\/sporsmal-svar\/#breadcrumb\"},\"inLanguage\":\"nb-NO\",\"potentialAction\":[{\"@type\":\"ReadAction\",\"target\":[\"https:\/\/hoytundertaket.no\/letohallen\/sporsmal-svar\/\"]}]},{\"@type\":\"BreadcrumbList\",\"@id\":\"https:\/\/hoytundertaket.no\/letohallen\/sporsmal-svar\/#breadcrumb\",\"itemListElement\":[{\"@type\":\"ListItem\",\"position\":1,\"name\":\"Hjem\",\"item\":\"https:\/\/hoytundertaket.no\/letohallen\/\"},{\"@type\":\"ListItem\",\"position\":2,\"name\":\"Sp\u00f8rsm\u00e5l &amp; Svar\"}]},{\"@type\":\"WebSite\",\"@id\":\"https:\/\/hoytundertaket.no\/letohallen\/#website\",\"url\":\"https:\/\/hoytundertaket.no\/letohallen\/\",\"name\":\"H\u00f8yt Under Taket Letohallen\",\"description\":\"Bare enda et H\u00f8yt Under Taket-nettsted\",\"publisher\":{\"@id\":\"https:\/\/hoytundertaket.no\/letohallen\/#organization\"},\"potentialAction\":[{\"@type\":\"SearchAction\",\"target\":{\"@type\":\"EntryPoint\",\"urlTemplate\":\"https:\/\/hoytundertaket.no\/letohallen\/?s={search_term_string}\"},\"query-input\":{\"@type\":\"PropertyValueSpecification\",\"valueRequired\":true,\"valueName\":\"search_term_string\"}}],\"inLanguage\":\"nb-NO\"},{\"@type\":[\"Organization\",\"Place\"],\"@id\":\"https:\/\/hoytundertaket.no\/letohallen\/#organization\",\"name\":\"H\u00f8yt Under Taket Letohallen\",\"url\":\"https:\/\/hoytundertaket.no\/letohallen\/\",\"logo\":{\"@id\":\"https:\/\/hoytundertaket.no\/letohallen\/sporsmal-svar\/#local-main-organization-logo\"},\"image\":{\"@id\":\"https:\/\/hoytundertaket.no\/letohallen\/sporsmal-svar\/#local-main-organization-logo\"},\"telephone\":[],\"openingHoursSpecification\":[{\"@type\":\"OpeningHoursSpecification\",\"dayOfWeek\":[\"Monday\",\"Tuesday\",\"Wednesday\",\"Thursday\",\"Friday\",\"Saturday\",\"Sunday\"],\"opens\":\"09:00\",\"closes\":\"17:00\"}]},{\"@type\":\"ImageObject\",\"inLanguage\":\"nb-NO\",\"@id\":\"https:\/\/hoytundertaket.no\/letohallen\/sporsmal-svar\/#local-main-organization-logo\",\"url\":\"https:\/\/hoytundertaket.no\/letohallen\/wp-content\/uploads\/sites\/8\/2023\/02\/hut-logo-letohallen-horisontal-pos.svg\",\"contentUrl\":\"https:\/\/hoytundertaket.no\/letohallen\/wp-content\/uploads\/sites\/8\/2023\/02\/hut-logo-letohallen-horisontal-pos.svg\",\"width\":340,\"height\":110,\"caption\":\"H\u00f8yt Under Taket Letohallen\"}]}<\/script>\n<!-- \/ Yoast SEO plugin. -->","yoast_head_json":{"title":"Sp\u00f8rsm\u00e5l og Svar - H\u00f8yt Under Taket Klatresenter Letohallen","description":"Har du sp\u00f8rsm\u00e5l til bes\u00f8ket ditt hos oss p\u00e5 H\u00f8yt Under Taket Letohallen? Her kan du finne svar p\u00e5 det du lurer p\u00e5.","robots":{"index":"index","follow":"follow","max-snippet":"max-snippet:-1","max-image-preview":"max-image-preview:large","max-video-preview":"max-video-preview:-1"},"canonical":"https:\/\/hoytundertaket.no\/letohallen\/sporsmal-svar\/","og_locale":"nb_NO","og_type":"article","og_title":"Sp\u00f8rsm\u00e5l og Svar - H\u00f8yt Under Taket Klatresenter T\u00f8nsberg","og_description":"Har du sp\u00f8rsm\u00e5l til bes\u00f8ket ditt hos oss p\u00e5 H\u00f8yt Under Taket T\u00f8nsberg? Her kan du finne svar p\u00e5 det du lurer p\u00e5.","og_url":"https:\/\/hoytundertaket.no\/letohallen\/sporsmal-svar\/","og_site_name":"H\u00f8yt Under Taket Letohallen","article_modified_time":"2026-02-12T07:08:08+00:00","og_image":[{"width":1080,"height":720,"url":"https:\/\/hoytundertaket.no\/letohallen\/wp-content\/uploads\/sites\/8\/2025\/03\/Letohallen_apningsdag_HTL_03947_Foto_Bjorn_Helge_Ronning-1.jpg","type":"image\/jpeg"}],"twitter_card":"summary_large_image","twitter_misc":{"Ansl. lesetid":"6 minutter"},"schema":{"@context":"https:\/\/schema.org","@graph":[{"@type":"WebPage","@id":"https:\/\/hoytundertaket.no\/letohallen\/sporsmal-svar\/","url":"https:\/\/hoytundertaket.no\/letohallen\/sporsmal-svar\/","name":"Sp\u00f8rsm\u00e5l og Svar - H\u00f8yt Under Taket Klatresenter Letohallen","isPartOf":{"@id":"https:\/\/hoytundertaket.no\/letohallen\/#website"},"datePublished":"2026-02-11T13:02:33+00:00","dateModified":"2026-02-12T07:08:08+00:00","description":"Har du sp\u00f8rsm\u00e5l til bes\u00f8ket ditt hos oss p\u00e5 H\u00f8yt Under Taket Letohallen? Her kan du finne svar p\u00e5 det du lurer p\u00e5.","breadcrumb":{"@id":"https:\/\/hoytundertaket.no\/letohallen\/sporsmal-svar\/#breadcrumb"},"inLanguage":"nb-NO","potentialAction":[{"@type":"ReadAction","target":["https:\/\/hoytundertaket.no\/letohallen\/sporsmal-svar\/"]}]},{"@type":"BreadcrumbList","@id":"https:\/\/hoytundertaket.no\/letohallen\/sporsmal-svar\/#breadcrumb","itemListElement":[{"@type":"ListItem","position":1,"name":"Hjem","item":"https:\/\/hoytundertaket.no\/letohallen\/"},{"@type":"ListItem","position":2,"name":"Sp\u00f8rsm\u00e5l &amp; Svar"}]},{"@type":"WebSite","@id":"https:\/\/hoytundertaket.no\/letohallen\/#website","url":"https:\/\/hoytundertaket.no\/letohallen\/","name":"H\u00f8yt Under Taket Letohallen","description":"Bare enda et H\u00f8yt Under Taket-nettsted","publisher":{"@id":"https:\/\/hoytundertaket.no\/letohallen\/#organization"},"potentialAction":[{"@type":"SearchAction","target":{"@type":"EntryPoint","urlTemplate":"https:\/\/hoytundertaket.no\/letohallen\/?s={search_term_string}"},"query-input":{"@type":"PropertyValueSpecification","valueRequired":true,"valueName":"search_term_string"}}],"inLanguage":"nb-NO"},{"@type":["Organization","Place"],"@id":"https:\/\/hoytundertaket.no\/letohallen\/#organization","name":"H\u00f8yt Under Taket Letohallen","url":"https:\/\/hoytundertaket.no\/letohallen\/","logo":{"@id":"https:\/\/hoytundertaket.no\/letohallen\/sporsmal-svar\/#local-main-organization-logo"},"image":{"@id":"https:\/\/hoytundertaket.no\/letohallen\/sporsmal-svar\/#local-main-organization-logo"},"telephone":[],"openingHoursSpecification":[{"@type":"OpeningHoursSpecification","dayOfWeek":["Monday","Tuesday","Wednesday","Thursday","Friday","Saturday","Sunday"],"opens":"09:00","closes":"17:00"}]},{"@type":"ImageObject","inLanguage":"nb-NO","@id":"https:\/\/hoytundertaket.no\/letohallen\/sporsmal-svar\/#local-main-organization-logo","url":"https:\/\/hoytundertaket.no\/letohallen\/wp-content\/uploads\/sites\/8\/2023\/02\/hut-logo-letohallen-horisontal-pos.svg","contentUrl":"https:\/\/hoytundertaket.no\/letohallen\/wp-content\/uploads\/sites\/8\/2023\/02\/hut-logo-letohallen-horisontal-pos.svg","width":340,"height":110,"caption":"H\u00f8yt Under Taket Letohallen"}]}},"_links":{"self":[{"href":"https:\/\/hoytundertaket.no\/letohallen\/wp-json\/wp\/v2\/pages\/1830","targetHints":{"allow":["GET"]}}],"collection":[{"href":"https:\/\/hoytundertaket.no\/letohallen\/wp-json\/wp\/v2\/pages"}],"about":[{"href":"https:\/\/hoytundertaket.no\/letohallen\/wp-json\/wp\/v2\/types\/page"}],"author":[{"embeddable":true,"href":"https:\/\/hoytundertaket.no\/letohallen\/wp-json\/wp\/v2\/users\/18"}],"replies":[{"embeddable":true,"href":"https:\/\/hoytundertaket.no\/letohallen\/wp-json\/wp\/v2\/comments?post=1830"}],"version-history":[{"count":2,"href":"https:\/\/hoytundertaket.no\/letohallen\/wp-json\/wp\/v2\/pages\/1830\/revisions"}],"predecessor-version":[{"id":1852,"href":"https:\/\/hoytundertaket.no\/letohallen\/wp-json\/wp\/v2\/pages\/1830\/revisions\/1852"}],"wp:attachment":[{"href":"https:\/\/hoytundertaket.no\/letohallen\/wp-json\/wp\/v2\/media?parent=1830"}],"curies":[{"name":"wp","href":"https:\/\/api.w.org\/{rel}","templated":true}]}}