{"id":244,"date":"2023-04-13T13:40:22","date_gmt":"2023-04-13T11:40:22","guid":{"rendered":"https:\/\/hoytundertaket.no\/letohallen\/?page_id=244"},"modified":"2025-02-10T11:59:52","modified_gmt":"2025-02-10T10:59:52","slug":"sikkerhetregler-hos-hoyt-under-taket-letohallen","status":"publish","type":"page","link":"https:\/\/hoytundertaket.no\/letohallen\/informasjon\/sikkerhetregler-hos-hoyt-under-taket-letohallen\/","title":{"rendered":"Sikkerhetsregler"},"content":{"rendered":"\n<p>Klatring er en potensielt farlig aktivitet. Det er viktig at du er klar over risikoen, og f\u00f8lger sikkerhetsreglene til H\u00f8yt Under Taket Letohallen.\u00a0<\/p>\n","protected":false},"excerpt":{"rendered":"<p>Klatring er en potensielt farlig aktivitet. Det er viktig at du er klar over risikoen, og f\u00f8lger sikkerhetsreglene til H\u00f8yt Under Taket Letohallen.\u00a0<\/p>\n","protected":false},"author":1,"featured_media":0,"parent":242,"menu_order":0,"comment_status":"closed","ping_status":"closed","template":"page-info.php","meta":{"_acf_changed":false,"footnotes":""},"class_list":["post-244","page","type-page","status-publish","hentry"],"acf":[],"yoast_head":"<!-- This site is optimized with the Yoast SEO plugin v26.9 - https:\/\/yoast.com\/product\/yoast-seo-wordpress\/ -->\n<title>Sikkerhetsregler hos H\u00f8yt Under Taket Letohallen<\/title>\n<meta name=\"description\" content=\"For at du skal f\u00e5 en trygg og god klatreopplevelse m\u00e5 du sette deg inn i sikkerhetsregler hos H\u00f8yt Under Taket Letohallen. Les dem her \ud83d\udd0e\" \/>\n<meta name=\"robots\" content=\"index, follow, max-snippet:-1, max-image-preview:large, max-video-preview:-1\" \/>\n<link rel=\"canonical\" href=\"https:\/\/hoytundertaket.no\/letohallen\/informasjon\/sikkerhetregler-hos-hoyt-under-taket-letohallen\/\" \/>\n<meta property=\"og:locale\" content=\"nb_NO\" \/>\n<meta property=\"og:type\" content=\"article\" \/>\n<meta property=\"og:title\" content=\"Sikkerhetsregler hos H\u00f8yt Under Taket Letohallen\" \/>\n<meta property=\"og:description\" content=\"For at du skal f\u00e5 en trygg og god klatreopplevelse m\u00e5 du sette deg inn i sikkerhetsregler hos H\u00f8yt Under Taket Letohallen. Les dem her \ud83d\udd0e\" \/>\n<meta property=\"og:url\" content=\"https:\/\/hoytundertaket.no\/letohallen\/informasjon\/sikkerhetregler-hos-hoyt-under-taket-letohallen\/\" \/>\n<meta property=\"og:site_name\" content=\"H\u00f8yt Under Taket Letohallen\" \/>\n<meta property=\"article:modified_time\" content=\"2025-02-10T10:59:52+00:00\" \/>\n<meta name=\"twitter:card\" content=\"summary_large_image\" \/>\n<meta name=\"twitter:label1\" content=\"Ansl. lesetid\" \/>\n\t<meta name=\"twitter:data1\" content=\"10 minutter\" \/>\n<script type=\"application\/ld+json\" class=\"yoast-schema-graph\">{\"@context\":\"https:\/\/schema.org\",\"@graph\":[{\"@type\":\"WebPage\",\"@id\":\"https:\/\/hoytundertaket.no\/letohallen\/informasjon\/sikkerhetregler-hos-hoyt-under-taket-letohallen\/\",\"url\":\"https:\/\/hoytundertaket.no\/letohallen\/informasjon\/sikkerhetregler-hos-hoyt-under-taket-letohallen\/\",\"name\":\"Sikkerhetsregler hos H\u00f8yt Under Taket Letohallen\",\"isPartOf\":{\"@id\":\"https:\/\/hoytundertaket.no\/letohallen\/#website\"},\"datePublished\":\"2023-04-13T11:40:22+00:00\",\"dateModified\":\"2025-02-10T10:59:52+00:00\",\"description\":\"For at du skal f\u00e5 en trygg og god klatreopplevelse m\u00e5 du sette deg inn i sikkerhetsregler hos H\u00f8yt Under Taket Letohallen. Les dem her \ud83d\udd0e\",\"breadcrumb\":{\"@id\":\"https:\/\/hoytundertaket.no\/letohallen\/informasjon\/sikkerhetregler-hos-hoyt-under-taket-letohallen\/#breadcrumb\"},\"inLanguage\":\"nb-NO\",\"potentialAction\":[{\"@type\":\"ReadAction\",\"target\":[\"https:\/\/hoytundertaket.no\/letohallen\/informasjon\/sikkerhetregler-hos-hoyt-under-taket-letohallen\/\"]}]},{\"@type\":\"BreadcrumbList\",\"@id\":\"https:\/\/hoytundertaket.no\/letohallen\/informasjon\/sikkerhetregler-hos-hoyt-under-taket-letohallen\/#breadcrumb\",\"itemListElement\":[{\"@type\":\"ListItem\",\"position\":1,\"name\":\"Hjem\",\"item\":\"https:\/\/hoytundertaket.no\/letohallen\/\"},{\"@type\":\"ListItem\",\"position\":2,\"name\":\"Informasjon\",\"item\":\"https:\/\/hoytundertaket.no\/letohallen\/informasjon\/\"},{\"@type\":\"ListItem\",\"position\":3,\"name\":\"Sikkerhetsregler\"}]},{\"@type\":\"WebSite\",\"@id\":\"https:\/\/hoytundertaket.no\/letohallen\/#website\",\"url\":\"https:\/\/hoytundertaket.no\/letohallen\/\",\"name\":\"H\u00f8yt Under Taket Letohallen\",\"description\":\"Bare enda et H\u00f8yt Under Taket-nettsted\",\"publisher\":{\"@id\":\"https:\/\/hoytundertaket.no\/letohallen\/#organization\"},\"potentialAction\":[{\"@type\":\"SearchAction\",\"target\":{\"@type\":\"EntryPoint\",\"urlTemplate\":\"https:\/\/hoytundertaket.no\/letohallen\/?s={search_term_string}\"},\"query-input\":{\"@type\":\"PropertyValueSpecification\",\"valueRequired\":true,\"valueName\":\"search_term_string\"}}],\"inLanguage\":\"nb-NO\"},{\"@type\":[\"Organization\",\"Place\"],\"@id\":\"https:\/\/hoytundertaket.no\/letohallen\/#organization\",\"name\":\"H\u00f8yt Under Taket Letohallen\",\"url\":\"https:\/\/hoytundertaket.no\/letohallen\/\",\"logo\":{\"@id\":\"https:\/\/hoytundertaket.no\/letohallen\/informasjon\/sikkerhetregler-hos-hoyt-under-taket-letohallen\/#local-main-organization-logo\"},\"image\":{\"@id\":\"https:\/\/hoytundertaket.no\/letohallen\/informasjon\/sikkerhetregler-hos-hoyt-under-taket-letohallen\/#local-main-organization-logo\"},\"telephone\":[],\"openingHoursSpecification\":[{\"@type\":\"OpeningHoursSpecification\",\"dayOfWeek\":[\"Monday\",\"Tuesday\",\"Wednesday\",\"Thursday\",\"Friday\",\"Saturday\",\"Sunday\"],\"opens\":\"09:00\",\"closes\":\"17:00\"}]},{\"@type\":\"ImageObject\",\"inLanguage\":\"nb-NO\",\"@id\":\"https:\/\/hoytundertaket.no\/letohallen\/informasjon\/sikkerhetregler-hos-hoyt-under-taket-letohallen\/#local-main-organization-logo\",\"url\":\"https:\/\/hoytundertaket.no\/letohallen\/wp-content\/uploads\/sites\/8\/2023\/02\/hut-logo-letohallen-horisontal-pos.svg\",\"contentUrl\":\"https:\/\/hoytundertaket.no\/letohallen\/wp-content\/uploads\/sites\/8\/2023\/02\/hut-logo-letohallen-horisontal-pos.svg\",\"width\":340,\"height\":110,\"caption\":\"H\u00f8yt Under Taket Letohallen\"}]}<\/script>\n<!-- \/ Yoast SEO plugin. -->","yoast_head_json":{"title":"Sikkerhetsregler hos H\u00f8yt Under Taket Letohallen","description":"For at du skal f\u00e5 en trygg og god klatreopplevelse m\u00e5 du sette deg inn i sikkerhetsregler hos H\u00f8yt Under Taket Letohallen. Les dem her \ud83d\udd0e","robots":{"index":"index","follow":"follow","max-snippet":"max-snippet:-1","max-image-preview":"max-image-preview:large","max-video-preview":"max-video-preview:-1"},"canonical":"https:\/\/hoytundertaket.no\/letohallen\/informasjon\/sikkerhetregler-hos-hoyt-under-taket-letohallen\/","og_locale":"nb_NO","og_type":"article","og_title":"Sikkerhetsregler hos H\u00f8yt Under Taket Letohallen","og_description":"For at du skal f\u00e5 en trygg og god klatreopplevelse m\u00e5 du sette deg inn i sikkerhetsregler hos H\u00f8yt Under Taket Letohallen. Les dem her \ud83d\udd0e","og_url":"https:\/\/hoytundertaket.no\/letohallen\/informasjon\/sikkerhetregler-hos-hoyt-under-taket-letohallen\/","og_site_name":"H\u00f8yt Under Taket Letohallen","article_modified_time":"2025-02-10T10:59:52+00:00","twitter_card":"summary_large_image","twitter_misc":{"Ansl. lesetid":"10 minutter"},"schema":{"@context":"https:\/\/schema.org","@graph":[{"@type":"WebPage","@id":"https:\/\/hoytundertaket.no\/letohallen\/informasjon\/sikkerhetregler-hos-hoyt-under-taket-letohallen\/","url":"https:\/\/hoytundertaket.no\/letohallen\/informasjon\/sikkerhetregler-hos-hoyt-under-taket-letohallen\/","name":"Sikkerhetsregler hos H\u00f8yt Under Taket Letohallen","isPartOf":{"@id":"https:\/\/hoytundertaket.no\/letohallen\/#website"},"datePublished":"2023-04-13T11:40:22+00:00","dateModified":"2025-02-10T10:59:52+00:00","description":"For at du skal f\u00e5 en trygg og god klatreopplevelse m\u00e5 du sette deg inn i sikkerhetsregler hos H\u00f8yt Under Taket Letohallen. Les dem her \ud83d\udd0e","breadcrumb":{"@id":"https:\/\/hoytundertaket.no\/letohallen\/informasjon\/sikkerhetregler-hos-hoyt-under-taket-letohallen\/#breadcrumb"},"inLanguage":"nb-NO","potentialAction":[{"@type":"ReadAction","target":["https:\/\/hoytundertaket.no\/letohallen\/informasjon\/sikkerhetregler-hos-hoyt-under-taket-letohallen\/"]}]},{"@type":"BreadcrumbList","@id":"https:\/\/hoytundertaket.no\/letohallen\/informasjon\/sikkerhetregler-hos-hoyt-under-taket-letohallen\/#breadcrumb","itemListElement":[{"@type":"ListItem","position":1,"name":"Hjem","item":"https:\/\/hoytundertaket.no\/letohallen\/"},{"@type":"ListItem","position":2,"name":"Informasjon","item":"https:\/\/hoytundertaket.no\/letohallen\/informasjon\/"},{"@type":"ListItem","position":3,"name":"Sikkerhetsregler"}]},{"@type":"WebSite","@id":"https:\/\/hoytundertaket.no\/letohallen\/#website","url":"https:\/\/hoytundertaket.no\/letohallen\/","name":"H\u00f8yt Under Taket Letohallen","description":"Bare enda et H\u00f8yt Under Taket-nettsted","publisher":{"@id":"https:\/\/hoytundertaket.no\/letohallen\/#organization"},"potentialAction":[{"@type":"SearchAction","target":{"@type":"EntryPoint","urlTemplate":"https:\/\/hoytundertaket.no\/letohallen\/?s={search_term_string}"},"query-input":{"@type":"PropertyValueSpecification","valueRequired":true,"valueName":"search_term_string"}}],"inLanguage":"nb-NO"},{"@type":["Organization","Place"],"@id":"https:\/\/hoytundertaket.no\/letohallen\/#organization","name":"H\u00f8yt Under Taket Letohallen","url":"https:\/\/hoytundertaket.no\/letohallen\/","logo":{"@id":"https:\/\/hoytundertaket.no\/letohallen\/informasjon\/sikkerhetregler-hos-hoyt-under-taket-letohallen\/#local-main-organization-logo"},"image":{"@id":"https:\/\/hoytundertaket.no\/letohallen\/informasjon\/sikkerhetregler-hos-hoyt-under-taket-letohallen\/#local-main-organization-logo"},"telephone":[],"openingHoursSpecification":[{"@type":"OpeningHoursSpecification","dayOfWeek":["Monday","Tuesday","Wednesday","Thursday","Friday","Saturday","Sunday"],"opens":"09:00","closes":"17:00"}]},{"@type":"ImageObject","inLanguage":"nb-NO","@id":"https:\/\/hoytundertaket.no\/letohallen\/informasjon\/sikkerhetregler-hos-hoyt-under-taket-letohallen\/#local-main-organization-logo","url":"https:\/\/hoytundertaket.no\/letohallen\/wp-content\/uploads\/sites\/8\/2023\/02\/hut-logo-letohallen-horisontal-pos.svg","contentUrl":"https:\/\/hoytundertaket.no\/letohallen\/wp-content\/uploads\/sites\/8\/2023\/02\/hut-logo-letohallen-horisontal-pos.svg","width":340,"height":110,"caption":"H\u00f8yt Under Taket Letohallen"}]}},"_links":{"self":[{"href":"https:\/\/hoytundertaket.no\/letohallen\/wp-json\/wp\/v2\/pages\/244","targetHints":{"allow":["GET"]}}],"collection":[{"href":"https:\/\/hoytundertaket.no\/letohallen\/wp-json\/wp\/v2\/pages"}],"about":[{"href":"https:\/\/hoytundertaket.no\/letohallen\/wp-json\/wp\/v2\/types\/page"}],"author":[{"embeddable":true,"href":"https:\/\/hoytundertaket.no\/letohallen\/wp-json\/wp\/v2\/users\/1"}],"replies":[{"embeddable":true,"href":"https:\/\/hoytundertaket.no\/letohallen\/wp-json\/wp\/v2\/comments?post=244"}],"version-history":[{"count":14,"href":"https:\/\/hoytundertaket.no\/letohallen\/wp-json\/wp\/v2\/pages\/244\/revisions"}],"predecessor-version":[{"id":1355,"href":"https:\/\/hoytundertaket.no\/letohallen\/wp-json\/wp\/v2\/pages\/244\/revisions\/1355"}],"up":[{"embeddable":true,"href":"https:\/\/hoytundertaket.no\/letohallen\/wp-json\/wp\/v2\/pages\/242"}],"wp:attachment":[{"href":"https:\/\/hoytundertaket.no\/letohallen\/wp-json\/wp\/v2\/media?parent=244"}],"curies":[{"name":"wp","href":"https:\/\/api.w.org\/{rel}","templated":true}]}}