{"id":523,"date":"2023-05-16T13:59:24","date_gmt":"2023-05-16T11:59:24","guid":{"rendered":"https:\/\/hoytundertaket.no\/letohallen\/?page_id=523"},"modified":"2026-02-27T11:56:01","modified_gmt":"2026-02-27T10:56:01","slug":"klatreskole","status":"publish","type":"page","link":"https:\/\/hoytundertaket.no\/letohallen\/kurs\/klatreskole\/","title":{"rendered":"Klatreskole"},"content":{"rendered":"","protected":false},"excerpt":{"rendered":"","protected":false},"author":7,"featured_media":1600,"parent":1580,"menu_order":0,"comment_status":"closed","ping_status":"closed","template":"page-kids.php","meta":{"_acf_changed":false,"footnotes":""},"class_list":["post-523","page","type-page","status-publish","has-post-thumbnail","hentry"],"acf":[],"yoast_head":"<!-- This site is optimized with the Yoast SEO plugin v26.9 - https:\/\/yoast.com\/product\/yoast-seo-wordpress\/ -->\n<title>Klatreskole - H\u00f8yt Under Taket Letohallen<\/title>\n<meta name=\"description\" content=\"Klatreskole p\u00e5 Letohallen er for ungdom som \u00f8nsker \u00e5 utvikle seg innen klatring. Her jobber vi med klatreteknikk p\u00e5 ulike niv\u00e5er!\" \/>\n<meta name=\"robots\" content=\"index, follow, max-snippet:-1, max-image-preview:large, max-video-preview:-1\" \/>\n<link rel=\"canonical\" href=\"https:\/\/hoytundertaket.no\/letohallen\/kurs\/klatreskole\/\" \/>\n<meta property=\"og:locale\" content=\"nb_NO\" \/>\n<meta property=\"og:type\" content=\"article\" \/>\n<meta property=\"og:title\" content=\"Klatreskole - H\u00f8yt Under Taket Letohallen\" \/>\n<meta property=\"og:description\" content=\"Klatreskole p\u00e5 Letohallen er for ungdom som \u00f8nsker \u00e5 utvikle seg innen klatring. Her jobber vi med klatreteknikk p\u00e5 ulike niv\u00e5er!\" \/>\n<meta property=\"og:url\" content=\"https:\/\/hoytundertaket.no\/letohallen\/kurs\/klatreskole\/\" \/>\n<meta property=\"og:site_name\" content=\"H\u00f8yt Under Taket Letohallen\" \/>\n<meta property=\"article:modified_time\" content=\"2026-02-27T10:56:01+00:00\" \/>\n<meta property=\"og:image\" content=\"https:\/\/hoytundertaket.no\/letohallen\/wp-content\/uploads\/sites\/8\/2025\/10\/Moss-klatrekole-.jpg\" \/>\n\t<meta property=\"og:image:width\" content=\"1920\" \/>\n\t<meta property=\"og:image:height\" content=\"1080\" \/>\n\t<meta property=\"og:image:type\" content=\"image\/jpeg\" \/>\n<meta name=\"twitter:card\" content=\"summary_large_image\" \/>\n<meta name=\"twitter:label1\" content=\"Ansl. lesetid\" \/>\n\t<meta name=\"twitter:data1\" content=\"3 minutter\" \/>\n<script type=\"application\/ld+json\" class=\"yoast-schema-graph\">{\"@context\":\"https:\/\/schema.org\",\"@graph\":[{\"@type\":\"WebPage\",\"@id\":\"https:\/\/hoytundertaket.no\/letohallen\/kurs\/klatreskole\/\",\"url\":\"https:\/\/hoytundertaket.no\/letohallen\/kurs\/klatreskole\/\",\"name\":\"Klatreskole - H\u00f8yt Under Taket Letohallen\",\"isPartOf\":{\"@id\":\"https:\/\/hoytundertaket.no\/letohallen\/#website\"},\"primaryImageOfPage\":{\"@id\":\"https:\/\/hoytundertaket.no\/letohallen\/kurs\/klatreskole\/#primaryimage\"},\"image\":{\"@id\":\"https:\/\/hoytundertaket.no\/letohallen\/kurs\/klatreskole\/#primaryimage\"},\"thumbnailUrl\":\"https:\/\/hoytundertaket.no\/letohallen\/wp-content\/uploads\/sites\/8\/2025\/10\/Moss-klatrekole-.jpg\",\"datePublished\":\"2023-05-16T11:59:24+00:00\",\"dateModified\":\"2026-02-27T10:56:01+00:00\",\"description\":\"Klatreskole p\u00e5 Letohallen er for ungdom som \u00f8nsker \u00e5 utvikle seg innen klatring. Her jobber vi med klatreteknikk p\u00e5 ulike niv\u00e5er!\",\"breadcrumb\":{\"@id\":\"https:\/\/hoytundertaket.no\/letohallen\/kurs\/klatreskole\/#breadcrumb\"},\"inLanguage\":\"nb-NO\",\"potentialAction\":[{\"@type\":\"ReadAction\",\"target\":[\"https:\/\/hoytundertaket.no\/letohallen\/kurs\/klatreskole\/\"]}]},{\"@type\":\"ImageObject\",\"inLanguage\":\"nb-NO\",\"@id\":\"https:\/\/hoytundertaket.no\/letohallen\/kurs\/klatreskole\/#primaryimage\",\"url\":\"https:\/\/hoytundertaket.no\/letohallen\/wp-content\/uploads\/sites\/8\/2025\/10\/Moss-klatrekole-.jpg\",\"contentUrl\":\"https:\/\/hoytundertaket.no\/letohallen\/wp-content\/uploads\/sites\/8\/2025\/10\/Moss-klatrekole-.jpg\",\"width\":1920,\"height\":1080,\"caption\":\"Klatreglede og fokus n\u00e5r barn utfordrer seg p\u00e5 veggen.\"},{\"@type\":\"BreadcrumbList\",\"@id\":\"https:\/\/hoytundertaket.no\/letohallen\/kurs\/klatreskole\/#breadcrumb\",\"itemListElement\":[{\"@type\":\"ListItem\",\"position\":1,\"name\":\"Hjem\",\"item\":\"https:\/\/hoytundertaket.no\/letohallen\/\"},{\"@type\":\"ListItem\",\"position\":2,\"name\":\"Kurs\",\"item\":\"https:\/\/hoytundertaket.no\/letohallen\/kurs\/\"},{\"@type\":\"ListItem\",\"position\":3,\"name\":\"Klatreskole\"}]},{\"@type\":\"WebSite\",\"@id\":\"https:\/\/hoytundertaket.no\/letohallen\/#website\",\"url\":\"https:\/\/hoytundertaket.no\/letohallen\/\",\"name\":\"H\u00f8yt Under Taket Letohallen\",\"description\":\"Bare enda et H\u00f8yt Under Taket-nettsted\",\"publisher\":{\"@id\":\"https:\/\/hoytundertaket.no\/letohallen\/#organization\"},\"potentialAction\":[{\"@type\":\"SearchAction\",\"target\":{\"@type\":\"EntryPoint\",\"urlTemplate\":\"https:\/\/hoytundertaket.no\/letohallen\/?s={search_term_string}\"},\"query-input\":{\"@type\":\"PropertyValueSpecification\",\"valueRequired\":true,\"valueName\":\"search_term_string\"}}],\"inLanguage\":\"nb-NO\"},{\"@type\":[\"Organization\",\"Place\"],\"@id\":\"https:\/\/hoytundertaket.no\/letohallen\/#organization\",\"name\":\"H\u00f8yt Under Taket Letohallen\",\"url\":\"https:\/\/hoytundertaket.no\/letohallen\/\",\"logo\":{\"@id\":\"https:\/\/hoytundertaket.no\/letohallen\/kurs\/klatreskole\/#local-main-organization-logo\"},\"image\":{\"@id\":\"https:\/\/hoytundertaket.no\/letohallen\/kurs\/klatreskole\/#local-main-organization-logo\"},\"telephone\":[],\"openingHoursSpecification\":[{\"@type\":\"OpeningHoursSpecification\",\"dayOfWeek\":[\"Monday\",\"Tuesday\",\"Wednesday\",\"Thursday\",\"Friday\",\"Saturday\",\"Sunday\"],\"opens\":\"09:00\",\"closes\":\"17:00\"}]},{\"@type\":\"ImageObject\",\"inLanguage\":\"nb-NO\",\"@id\":\"https:\/\/hoytundertaket.no\/letohallen\/kurs\/klatreskole\/#local-main-organization-logo\",\"url\":\"https:\/\/hoytundertaket.no\/letohallen\/wp-content\/uploads\/sites\/8\/2023\/02\/hut-logo-letohallen-horisontal-pos.svg\",\"contentUrl\":\"https:\/\/hoytundertaket.no\/letohallen\/wp-content\/uploads\/sites\/8\/2023\/02\/hut-logo-letohallen-horisontal-pos.svg\",\"width\":340,\"height\":110,\"caption\":\"H\u00f8yt Under Taket Letohallen\"}]}<\/script>\n<!-- \/ Yoast SEO plugin. -->","yoast_head_json":{"title":"Klatreskole - H\u00f8yt Under Taket Letohallen","description":"Klatreskole p\u00e5 Letohallen er for ungdom som \u00f8nsker \u00e5 utvikle seg innen klatring. Her jobber vi med klatreteknikk p\u00e5 ulike niv\u00e5er!","robots":{"index":"index","follow":"follow","max-snippet":"max-snippet:-1","max-image-preview":"max-image-preview:large","max-video-preview":"max-video-preview:-1"},"canonical":"https:\/\/hoytundertaket.no\/letohallen\/kurs\/klatreskole\/","og_locale":"nb_NO","og_type":"article","og_title":"Klatreskole - H\u00f8yt Under Taket Letohallen","og_description":"Klatreskole p\u00e5 Letohallen er for ungdom som \u00f8nsker \u00e5 utvikle seg innen klatring. Her jobber vi med klatreteknikk p\u00e5 ulike niv\u00e5er!","og_url":"https:\/\/hoytundertaket.no\/letohallen\/kurs\/klatreskole\/","og_site_name":"H\u00f8yt Under Taket Letohallen","article_modified_time":"2026-02-27T10:56:01+00:00","og_image":[{"width":1920,"height":1080,"url":"https:\/\/hoytundertaket.no\/letohallen\/wp-content\/uploads\/sites\/8\/2025\/10\/Moss-klatrekole-.jpg","type":"image\/jpeg"}],"twitter_card":"summary_large_image","twitter_misc":{"Ansl. lesetid":"3 minutter"},"schema":{"@context":"https:\/\/schema.org","@graph":[{"@type":"WebPage","@id":"https:\/\/hoytundertaket.no\/letohallen\/kurs\/klatreskole\/","url":"https:\/\/hoytundertaket.no\/letohallen\/kurs\/klatreskole\/","name":"Klatreskole - H\u00f8yt Under Taket Letohallen","isPartOf":{"@id":"https:\/\/hoytundertaket.no\/letohallen\/#website"},"primaryImageOfPage":{"@id":"https:\/\/hoytundertaket.no\/letohallen\/kurs\/klatreskole\/#primaryimage"},"image":{"@id":"https:\/\/hoytundertaket.no\/letohallen\/kurs\/klatreskole\/#primaryimage"},"thumbnailUrl":"https:\/\/hoytundertaket.no\/letohallen\/wp-content\/uploads\/sites\/8\/2025\/10\/Moss-klatrekole-.jpg","datePublished":"2023-05-16T11:59:24+00:00","dateModified":"2026-02-27T10:56:01+00:00","description":"Klatreskole p\u00e5 Letohallen er for ungdom som \u00f8nsker \u00e5 utvikle seg innen klatring. Her jobber vi med klatreteknikk p\u00e5 ulike niv\u00e5er!","breadcrumb":{"@id":"https:\/\/hoytundertaket.no\/letohallen\/kurs\/klatreskole\/#breadcrumb"},"inLanguage":"nb-NO","potentialAction":[{"@type":"ReadAction","target":["https:\/\/hoytundertaket.no\/letohallen\/kurs\/klatreskole\/"]}]},{"@type":"ImageObject","inLanguage":"nb-NO","@id":"https:\/\/hoytundertaket.no\/letohallen\/kurs\/klatreskole\/#primaryimage","url":"https:\/\/hoytundertaket.no\/letohallen\/wp-content\/uploads\/sites\/8\/2025\/10\/Moss-klatrekole-.jpg","contentUrl":"https:\/\/hoytundertaket.no\/letohallen\/wp-content\/uploads\/sites\/8\/2025\/10\/Moss-klatrekole-.jpg","width":1920,"height":1080,"caption":"Klatreglede og fokus n\u00e5r barn utfordrer seg p\u00e5 veggen."},{"@type":"BreadcrumbList","@id":"https:\/\/hoytundertaket.no\/letohallen\/kurs\/klatreskole\/#breadcrumb","itemListElement":[{"@type":"ListItem","position":1,"name":"Hjem","item":"https:\/\/hoytundertaket.no\/letohallen\/"},{"@type":"ListItem","position":2,"name":"Kurs","item":"https:\/\/hoytundertaket.no\/letohallen\/kurs\/"},{"@type":"ListItem","position":3,"name":"Klatreskole"}]},{"@type":"WebSite","@id":"https:\/\/hoytundertaket.no\/letohallen\/#website","url":"https:\/\/hoytundertaket.no\/letohallen\/","name":"H\u00f8yt Under Taket Letohallen","description":"Bare enda et H\u00f8yt Under Taket-nettsted","publisher":{"@id":"https:\/\/hoytundertaket.no\/letohallen\/#organization"},"potentialAction":[{"@type":"SearchAction","target":{"@type":"EntryPoint","urlTemplate":"https:\/\/hoytundertaket.no\/letohallen\/?s={search_term_string}"},"query-input":{"@type":"PropertyValueSpecification","valueRequired":true,"valueName":"search_term_string"}}],"inLanguage":"nb-NO"},{"@type":["Organization","Place"],"@id":"https:\/\/hoytundertaket.no\/letohallen\/#organization","name":"H\u00f8yt Under Taket Letohallen","url":"https:\/\/hoytundertaket.no\/letohallen\/","logo":{"@id":"https:\/\/hoytundertaket.no\/letohallen\/kurs\/klatreskole\/#local-main-organization-logo"},"image":{"@id":"https:\/\/hoytundertaket.no\/letohallen\/kurs\/klatreskole\/#local-main-organization-logo"},"telephone":[],"openingHoursSpecification":[{"@type":"OpeningHoursSpecification","dayOfWeek":["Monday","Tuesday","Wednesday","Thursday","Friday","Saturday","Sunday"],"opens":"09:00","closes":"17:00"}]},{"@type":"ImageObject","inLanguage":"nb-NO","@id":"https:\/\/hoytundertaket.no\/letohallen\/kurs\/klatreskole\/#local-main-organization-logo","url":"https:\/\/hoytundertaket.no\/letohallen\/wp-content\/uploads\/sites\/8\/2023\/02\/hut-logo-letohallen-horisontal-pos.svg","contentUrl":"https:\/\/hoytundertaket.no\/letohallen\/wp-content\/uploads\/sites\/8\/2023\/02\/hut-logo-letohallen-horisontal-pos.svg","width":340,"height":110,"caption":"H\u00f8yt Under Taket Letohallen"}]}},"_links":{"self":[{"href":"https:\/\/hoytundertaket.no\/letohallen\/wp-json\/wp\/v2\/pages\/523","targetHints":{"allow":["GET"]}}],"collection":[{"href":"https:\/\/hoytundertaket.no\/letohallen\/wp-json\/wp\/v2\/pages"}],"about":[{"href":"https:\/\/hoytundertaket.no\/letohallen\/wp-json\/wp\/v2\/types\/page"}],"author":[{"embeddable":true,"href":"https:\/\/hoytundertaket.no\/letohallen\/wp-json\/wp\/v2\/users\/7"}],"replies":[{"embeddable":true,"href":"https:\/\/hoytundertaket.no\/letohallen\/wp-json\/wp\/v2\/comments?post=523"}],"version-history":[{"count":53,"href":"https:\/\/hoytundertaket.no\/letohallen\/wp-json\/wp\/v2\/pages\/523\/revisions"}],"predecessor-version":[{"id":1907,"href":"https:\/\/hoytundertaket.no\/letohallen\/wp-json\/wp\/v2\/pages\/523\/revisions\/1907"}],"up":[{"embeddable":true,"href":"https:\/\/hoytundertaket.no\/letohallen\/wp-json\/wp\/v2\/pages\/1580"}],"wp:featuredmedia":[{"embeddable":true,"href":"https:\/\/hoytundertaket.no\/letohallen\/wp-json\/wp\/v2\/media\/1600"}],"wp:attachment":[{"href":"https:\/\/hoytundertaket.no\/letohallen\/wp-json\/wp\/v2\/media?parent=523"}],"curies":[{"name":"wp","href":"https:\/\/api.w.org\/{rel}","templated":true}]}}