{"id":594,"date":"2023-06-05T13:57:19","date_gmt":"2023-06-05T11:57:19","guid":{"rendered":"https:\/\/hoytundertaket.no\/letohallen\/?page_id=594"},"modified":"2023-06-05T13:57:19","modified_gmt":"2023-06-05T11:57:19","slug":"personvernerklaering","status":"publish","type":"page","link":"https:\/\/hoytundertaket.no\/letohallen\/personvernerklaering\/","title":{"rendered":"Personvernerkl\u00e6ring"},"content":{"rendered":"\n<p><strong>Innledning<\/strong><\/p>\n\n\n\n<p>Nettstedet hoytundertaket.no eies og drives av H\u00f8yt Under Taket T\u00f8nsberg AS med org.nr. 921 394 535, Andebuveien 78, 3170 Sem<\/p>\n\n\n\n<p>Nettstedet hoytundertaket.no gir deg mulighet til \u00e5 se og kj\u00f8pe billetter over internett. N\u00e5r du g\u00e5r inn p\u00e5 og tar i bruk v\u00e5rt nettsted, samtykker du til vilk\u00e5rene og denne personvernerkl\u00e6ringen.<\/p>\n\n\n\n<p><strong>Om v\u00e5r personvernerkl\u00e6ring<\/strong><\/p>\n\n\n\n<p>H\u00f8yt Under Taket T\u00f8nsberg AS tar ditt personvern alvorlig. Vi er opptatt av at du skal ha tillit til oss og hvordan vi behandler dine personopplysninger. I denne personvernerkl\u00e6ringen forklarer vi hvorfor vi samler inn informasjon om deg, hvordan vi bruker denne informasjonen og hvordan vi tar hensyn til ditt personvern. Personopplysninger er opplysninger og vurderinger som kan knyttes til en identifiserbar enkeltperson. Dette kan v\u00e6re navn, adresse, telefonnummer, e-postadresse, IP-adresse og handlehistorikk.<\/p>\n\n\n\n<p>All behandling av personopplysninger, slik som innsamling, registrering, lagring og utlevering er underlagt s\u00e6rskilte regler, blant annet i personopplysningsloven. H\u00f8yt Under Taket T\u00f8nsberg AS er ansvarlig for at behandlingen skjer i samsvar med norsk lov. Datatilsynet f\u00f8rer tilsyn med at loven overholdes.<\/p>\n\n\n\n<p>Ved \u00e5 ta i bruk v\u00e5re tjenester som tilbys via hoytundertaket.no, godkjenner du til at vi samler inn og bruker dine personopplysninger slik det fremg\u00e5r av avtalen mellom deg og oss. V\u00e5rt grunnlag for \u00e5 behandle dine opplysninger er godkjent fra deg.<\/p>\n\n\n\n<p>Dine data er trygge og brukes kun av oss til det vi oppgir i denne erkl\u00e6ringen. Dersom du har sp\u00f8rsm\u00e5l om dine personopplysninger kan du n\u00e5r som helst ta kontakt med oss p\u00e5 tonsberg@hoytundertaket.no<\/p>\n\n\n\n<p><strong>Nettsidene til H\u00f8yt Under Taket T\u00f8nsberg AS<\/strong><\/p>\n\n\n\n<p>Nettstedet v\u00e5rt hoytundertaket.no gir deg informasjon om oss, v\u00e5rt klatresenter og v\u00e5re tjenester. Videre gir den deg oversikt over v\u00e5re billetter, tilbud og kurs, og mulighet til \u00e5 bestille disse over nett.<\/p>\n\n\n\n<p>N\u00e5r du g\u00e5r inn p\u00e5 og tar i bruk nettsiden, kan vi innhente opplysninger om deg i henhold til denne erkl\u00e6ringen. Du trenger ikke opprette noen konto hos oss, men du m\u00e5 oppgi ditt navn, gyldig e-postadresse og ditt mobilnummer (+47).<\/p>\n\n\n\n<p><strong>Hvilke opplysninger samler vi inn?<\/strong><\/p>\n\n\n\n<p>For \u00e5 kunne levere s\u00e5 gode tjenester som mulig til deg, samler vi inn ulike typer informasjon, inkludert personopplysninger om deg. Under f\u00f8lger en oversikt over hvordan vi typisk samler inn personopplysningene og hvilke opplysninger dette er. Vi samler ikke inn sensitive personopplysninger.<\/p>\n\n\n\n<p>Informasjonskapsler og annet innhold som lagres lokalt; Informasjonskapsler (cookies) er sm\u00e5 tekstfiler som plasseres p\u00e5 din datamaskin n\u00e5r du laster ned en nettside, slik som hoytundertaket.no. N\u00e5r du bruker v\u00e5re tjenester, lagres informasjonskapsler og annen data som senere kan leses av oss.<\/p>\n\n\n\n<p>P\u00e5 nettstedet hoytundertaket.no bruker vi informasjonskapsler. Bruk av informasjonskapsler kan du lese mere om i et avsnitt lengre ned p\u00e5 siden.<\/p>\n\n\n\n<p>Opplysninger vi f\u00e5r gjennom bruk av tjenestene v\u00e5re; N\u00e5r du bruker v\u00e5re tjenester, registrerer vi informasjon om hvilke tjenester du bruker og hvordan du bruker dem. Vi samler blant annet informasjon om:<\/p>\n\n\n\n<p>Bruk av tjenestene\/ kj\u00f8p: Vi registrerer informasjon om din bruk av tjenestene eller kj\u00f8p du gj\u00f8r, som hvilke sider du er inne p\u00e5, n\u00e5r du er inne p\u00e5 sidene, hvilke funksjoner du har brukt p\u00e5 sidene og hva du har handlet.<\/p>\n\n\n\n<p>Informasjon om posisjon: Hvis du i din nettleser godtar at vi f\u00e5r vite din geografiske posisjon bruker vi dette til \u00e5 gi deg informasjon som er tilpasset ditt geografiske omr\u00e5de. Vi registrerer hvor du handler i v\u00e5re butikker gjennom data fra kj\u00f8p du gj\u00f8r.<\/p>\n\n\n\n<p><strong>Hvordan bruker H\u00f8yt under taket T\u00f8nsberg AS informasjonen:<\/strong><\/p>\n\n\n\n<p>H\u00f8yt under taket T\u00f8nsberg AS bruker opplysningene du selv har registrert, og opplysninger som oppst\u00e5r gjennom kj\u00f8p, for at vi skal kunne levere de varer og tjenester du har kj\u00f8pt av oss. Dette inneb\u00e6rer ogs\u00e5 kontroll av gyldighet p\u00e5 kj\u00f8pte billettprodukt. Det gj\u00f8res ved \u00e5 registrere bruk av produktene for \u00e5 sikre at de ikke blir brukt mer enn tillatt og ved at eierskap av \u00e5rskort kontrolleres ved hjelp av bilde og f\u00f8dselsdato.<\/p>\n\n\n\n<p>H\u00f8yt under taket T\u00f8nsberg AS bruker opplysningene for \u00e5 gi deg tilbud, kommunikasjon, sp\u00f8rreunders\u00f8kelser og viktige beskjeder i tr\u00e5d med det du har kj\u00f8pt og de samtykker du har gitt eller ihht den berettigede interessen vi har. Vi analyserer kj\u00f8pshistorikk for \u00e5 gi deg relevante tilbud og forslag til handlelister med ofte kj\u00f8pte produkter.<\/p>\n\n\n\n<p>H\u00f8yt under taket T\u00f8nsberg AS bruker kj\u00f8pshistorikk og bevegelseshistorikk for \u00e5 analysere trender og respons p\u00e5 kampanjer, og for \u00e5 optimalisere sortimentet og drift av v\u00e5rt klatresenter, v\u00e5re nettsider, nettbutikk og booking. Da brukes ikke personidentifiserbare opplysninger.<\/p>\n\n\n\n<p>3. part<\/p>\n\n\n\n<p>I noen tilfeller brukes det databehandlere (underleverand\u00f8rer) som behandler data p\u00e5 vegne av oss. I slike tilfeller er det inng\u00e5tt databehandleravtaler som setter rammer for hvordan databehandleren skal behandle personopplysningene p\u00e5 v\u00e5re vegne. Vi har databehandlere innenfor hosting, drift, systemleverand\u00f8rer (eks kundehenvendelsessystem, sms- og e-postutsendelsessystem).<\/p>\n\n\n\n<p>I all hovedsak skjer behandlingen av personopplysninger om deg innenfor EU\/E\u00d8S-omr\u00e5det. I de tilfeller det brukes en databehandler som er etablert utenfor dette omr\u00e5det, har databehandleren stilt tilstrekkelige garantier for behandlingen av personopplysningene.<\/p>\n\n\n\n<p>H\u00f8yt under taket T\u00f8nsberg AS, kan i visse tilfeller, regulert av lovverk, ogs\u00e5 utlevere opplysninger til myndighetene<\/p>\n\n\n\n<p><strong>Kontaktopplysninger du selv gir oss<\/strong><\/p>\n\n\n\n<p>N\u00e5r du registrerer deg hos oss, m\u00e5 du oppgi navn, norsk mobilnummer og gyldig e-post adresse. Opplysningene lagres av oss.<\/p>\n\n\n\n<p><strong>Bruk av opplysninger<\/strong><\/p>\n\n\n\n<p>Vi bruker personopplysninger om deg til f\u00f8lgende form\u00e5l:<\/p>\n\n\n\n<p><strong>For \u00e5 levere tjenestene v\u00e5re<\/strong><\/p>\n\n\n\n<p>Vi bruker personopplysninger for \u00e5 levere tjenestene v\u00e5re til deg. For eksempel trenger vi personopplysninger for at du skal kunne betale for tjenester og f\u00e5 kvittering\/bekreftelse. Vi bruker ogs\u00e5 personopplysninger for \u00e5 sikre en best mulig brukeropplevelse for deg, blant annet ved \u00e5 tilpasse visningen av innholdet til din skjerm\/enhet og \u00e5 s\u00f8rge for raskest mulig lasting av sidene.<\/p>\n\n\n\n<p><strong>For \u00e5 tilpasse tjenestene og \u00e5 gi deg anbefalinger og relevant markedsf\u00f8ring<\/strong><\/p>\n\n\n\n<p>Vi \u00f8nsker \u00e5 gi deg anbefalinger, produktinformasjon og tjenestetilpasninger som er mest mulig relevant for deg. Dette vil b\u00e5de bli gitt p\u00e5 bakgrunn av din egen atferd, f.eks. p\u00e5 bakgrunn av hvilke produkter du har kj\u00f8pt, annonser du har klikket p\u00e5, eller artikler du har lest, og p\u00e5 bakgrunn av atferden til andre brukere med liknende bruksm\u00f8nster som deg.<\/p>\n\n\n\n<p><strong>For \u00e5 forbedre digital kommunikasjon og annonsering<\/strong><\/p>\n\n\n\n<p>Vi bruker dine personopplysninger for \u00e5 forbedre v\u00e5r annonsering. Ved \u00e5 opprette en profil hos oss godtar du m\u00e5lrettet annonsering gjennom digitale annonser p\u00e5 eksterne nettsider og m\u00e5lrettet annonsering gjennom sosiale medier der dine persondata vil benyttes i kj\u00f8p av slik annonsering.<\/p>\n\n\n\n<p><strong>For \u00e5 utarbeide statistikk og forst\u00e5 markedstrender<\/strong><\/p>\n\n\n\n<p>Vi utarbeider statistikk og kartlegger markedstrender. Dette gj\u00f8r vi for \u00e5 kunne forbedre og videreutvikle produkttilbudene og tjenestene v\u00e5re. Vi gj\u00f8r dette med anonyme opplysninger, uten at vi vet at informasjonen er knyttet spesifikt til deg.<\/p>\n\n\n\n<p>For \u00e5 forhindre misbruk av tjenestene v\u00e5re<\/p>\n\n\n\n<p>Vi bruker personopplysninger og analyser for \u00e5 forhindre misbruk av tjenestene v\u00e5re. Misbruk kan v\u00e6re fors\u00f8k p\u00e5 \u00e5 logge p\u00e5 andres kontoer, fors\u00f8k p\u00e5 svindel, \u201cspamming\u201d, hets, sjikane og andre handlinger som er forbudt etter norsk lov.<\/p>\n\n\n\n<p><strong>Automatiske vurderinger<\/strong><\/p>\n\n\n\n<p>Gjennom analyse av dine kj\u00f8p kan det utledes automatisk kategorisering av deg som kunde.<\/p>\n\n\n\n<p><strong>Om deling av personopplysninger<\/strong><\/p>\n\n\n\n<p>Vi deler i utgangspunktet ikke personopplysninger med tredjeparter. Unntaket gjelder samarbeidspartnere tilknyttet tjenestene, blant annet betalingsl\u00f8sning og hvis vi benytter oss av Posten og Bring. Disse trenger enkelte opplysninger for \u00e5 kunne levere tjenester til oss eller til deg, f.eks. for frakt og betaling. Vi vil ogs\u00e5 kunne utlevere opplysninger i enkelttilfeller p\u00e5lagt ved lov eller av offentlig myndighet.<\/p>\n\n\n\n<p>Dersom du velger \u00e5 gj\u00f8re et kj\u00f8p p\u00e5 hoytundertaket.no betaler du med kort eller Vipps.<\/p>\n\n\n\n<p>Ditt kortnummer oppbevares ikke av oss. Alle korttransaksjoner skjer gjennom Adyen som er leverand\u00f8rer av betalingstjenester. Ved \u00e5 benytte deres tjenester, samtykker du til deres vilk\u00e5r.<\/p>\n\n\n\n<p><strong>Samarbeidspartnere:<\/strong><\/p>\n\n\n\n<p><strong>Campaign monitor og Mail chimp<\/strong><\/p>\n\n\n\n<p>Brukes til \u00e5 registrere, sende ut og analysere nyhetsbrev.<\/p>\n\n\n\n<p><strong>Adyen + Roller Digital<\/strong><\/p>\n\n\n\n<p>Betalingsl\u00f8sning (Adyen) som blir brukt om du gj\u00f8r kj\u00f8p via v\u00e5r bookingl\u00f8sning (Roller Digital)<\/p>\n\n\n\n<p><strong>Google<\/strong><\/p>\n\n\n\n<p>Brukes for \u00e5 analysere atferd og handelsprosess.<\/p>\n\n\n\n<p><strong>Dine rettigheter<\/strong><\/p>\n\n\n\n<p>Du kan selv p\u00e5virke hvilke personopplysninger vi skal ha om deg og hvordan vi skal bruke disse ved kontakte oss p\u00e5 tonsberg@hoytundertaket.no<\/p>\n\n\n\n<p>Du kan ogs\u00e5 kontakte oss dersom du \u00f8nsker innsyn i hvilke av dine personopplysninger vi har lagret.<\/p>\n\n\n\n<p>Hvis du oppdager feil i opplysningene vi har om deg kan disse endres ved \u00e5 ta kontakt med oss slik at vi kan rette opp i dette.<\/p>\n\n\n\n<p>Du kan n\u00e5r som helst kontakte oss dersom du \u00f8nsker \u00e5 slette dine lagrede opplysninger.<\/p>\n\n\n\n<p>Dersom vi oppdaterer eller endrer denne personvernerkl\u00e6ringen, vil vi gj\u00f8re deg oppmerksom p\u00e5 endringene.<\/p>\n\n\n\n<p><strong>Kontaktinformasjon<\/strong><\/p>\n\n\n\n<p>Hvis du har sp\u00f8rsm\u00e5l om denne personvernerkl\u00e6ringen eller om v\u00e5r bruk av personopplysninger, ta gjerne kontakt med oss. V\u00e5r kontaktinformasjon er:<\/p>\n\n\n\n<p>Post:<\/p>\n\n\n\n<p>H\u00f8yt Under Taket T\u00f8nsberg AS<\/p>\n\n\n\n<p>Andebuveien 78, 3170 Sem<\/p>\n\n\n\n<p>E-post: tonsberg@hoytundertaket.no<\/p>\n\n\n\n<p><strong>Oversikt over informasjonskapsler\/cookies p\u00e5 hoytundertaket.no<\/strong><\/p>\n\n\n\n<p><strong>Google Analytics<\/strong><\/p>\n\n\n\n<p><em>Behandles av: H\u00f8yt Under taket, og H\u00f8yt Under taket T\u00f8nsberg AS sine samarbeidspartnere og eksterne leverand\u00f8rer<\/em><\/p>\n\n\n\n<p>Brukes i&nbsp;<a href=\"http:\/\/www.google.com\/analytics\/\">Google Analytics<\/a>&nbsp;for \u00e5 registrere og analysere bes\u00f8ksstatistikk p\u00e5 nettstedene v\u00e5re. Informasjonen som lagres i Google Analytics inneholder ikke identifiserbare personopplysninger, men aggregert statistikk om brukernes bevegelser og oppf\u00f8rsler p\u00e5 nettsidene. Vi bruker denne informasjonen til \u00e5 forst\u00e5 hvordan bes\u00f8kende opplever nettstedet og forbedre og videreutvikle informasjons- og produkttilbudet v\u00e5rt.<\/p>\n\n\n\n<p><strong>Facebook Pixel (se&nbsp;<\/strong><a href=\"https:\/\/www.facebook.com\/policies\/cookies\/\"><strong>Facebooks cookie policy<\/strong><\/a><strong>)<\/strong><\/p>\n\n\n\n<p><em>Behandles av: H\u00f8yt under Taket T\u00f8nsberg AS og H\u00f8yt Under taket T\u00f8nsberg AS sine samarbeidspartnere<\/em><\/p>\n\n\n\n<p>Vi bruker Facebook Conversion Tracking Pixel til \u00e5 spore og forbedre v\u00e5re markedsf\u00f8ringskampanjer p\u00e5 Facebook. Les mer om<\/p>\n\n\n\n<p><strong>Samarbeidspartnere<\/strong><\/p>\n\n\n\n<p><strong>Campaign monitor &amp;&nbsp;<\/strong><strong>Mailchimp<\/strong><\/p>\n\n\n\n<p>Brukes til \u00e5 registrere, sende ut og analysere nyhetsbrev.&nbsp;<a href=\"https:\/\/mailchimp.com\/legal\/privacy\/\" target=\"_blank\" rel=\"noreferrer noopener\">Se egen erkl\u00e6ring her:<\/a><\/p>\n\n\n\n<p><strong>Adyen &amp; Roller Digital&nbsp;<\/strong>Betalingsl\u00f8sning som blir brukt om du gj\u00f8r kj\u00f8p via bookingl\u00f8sning<\/p>\n\n\n\n<p><strong>Google<\/strong><\/p>\n\n\n\n<p>Brukes for \u00e5 analysere atferd og handelsprosess, samt for annonsering. Google Tag Manager benyttes til \u00e5 organisere og styre script som kj\u00f8rer p\u00e5 v\u00e5re nettsteder.<\/p>\n\n\n\n<p><strong>Du kan skru av informasjonskapsler<\/strong><\/p>\n\n\n\n<p>Om du ikke \u00f8nsker \u00e5 akseptere bruk av informasjonskapsler kan du gj\u00f8re tilpasninger i innstillinger i din nettleser, slik at den automatisk avviser informasjonskapsler eller til \u00e5 informere deg hver gang et nettsted vil lagre en cookie. Vi gj\u00f8r oppmerksom p\u00e5 at hoytundertaket ikke vil fungere optimalt om du velger \u00e5 skru av cookies.<\/p>\n\n\n\n<p><strong>Du kan slette informasjonskapsler<\/strong><\/p>\n\n\n\n<p>I menyen i nettleseren din kan du slette informasjonskapsler som har blitt lagret p\u00e5 din datamaskin. Selv om du sletter informasjonskapsler kan de bli opprettet igjen n\u00e5r du bes\u00f8ker hoytundertaket.no igjen ved en senere anledning. V\u00e6r ogs\u00e5 oppmerksom p\u00e5 at fremgangsm\u00e5ten ved sletting av informasjonskapsler er ulik avhengig av hvilken nettleser du bruker.<\/p>\n\n\n\n<p>Dersom du \u00f8nsker mer opplysninger om, og sletting av nettkapsler, kan du lese mer hos&nbsp;<a href=\"https:\/\/nettvett.no\/slik-administrer-du-informasjonskapsler\/\" target=\"_blank\" rel=\"noreferrer noopener\">nettvett.no<\/a><\/p>\n\n\n\n<p><strong>Samtykke til bruk av informasjonskapsler<\/strong><\/p>\n\n\n\n<p>Ved \u00e5 bruke hoytundertaket.no godtar du at vi benytter informasjonskapsler.<\/p>\n","protected":false},"excerpt":{"rendered":"<p>Innledning Nettstedet hoytundertaket.no eies og drives av H\u00f8yt Under Taket T\u00f8nsberg AS med org.nr. 921 394 535, Andebuveien 78, 3170 Sem Nettstedet hoytundertaket.no gir deg mulighet til \u00e5 se og kj\u00f8pe billetter over internett. N\u00e5r du g\u00e5r inn p\u00e5 og tar i bruk v\u00e5rt nettsted, samtykker du til vilk\u00e5rene og denne personvernerkl\u00e6ringen. Om v\u00e5r personvernerkl\u00e6ring [&hellip;]<\/p>\n","protected":false},"author":1,"featured_media":0,"parent":0,"menu_order":0,"comment_status":"closed","ping_status":"closed","template":"page-privacy.php","meta":{"_acf_changed":false,"footnotes":""},"class_list":["post-594","page","type-page","status-publish","hentry"],"acf":[],"yoast_head":"<!-- This site is optimized with the Yoast SEO plugin v26.9 - https:\/\/yoast.com\/product\/yoast-seo-wordpress\/ -->\n<title>Personvernerkl\u00e6ring - H\u00f8yt Under Taket Letohallen<\/title>\n<meta name=\"robots\" content=\"index, follow, max-snippet:-1, max-image-preview:large, max-video-preview:-1\" \/>\n<link rel=\"canonical\" href=\"https:\/\/hoytundertaket.no\/letohallen\/personvernerklaering\/\" \/>\n<meta property=\"og:locale\" content=\"nb_NO\" \/>\n<meta property=\"og:type\" content=\"article\" \/>\n<meta property=\"og:title\" content=\"Personvernerkl\u00e6ring - H\u00f8yt Under Taket Letohallen\" \/>\n<meta property=\"og:description\" content=\"Innledning Nettstedet hoytundertaket.no eies og drives av H\u00f8yt Under Taket T\u00f8nsberg AS med org.nr. 921 394 535, Andebuveien 78, 3170 Sem Nettstedet hoytundertaket.no gir deg mulighet til \u00e5 se og kj\u00f8pe billetter over internett. N\u00e5r du g\u00e5r inn p\u00e5 og tar i bruk v\u00e5rt nettsted, samtykker du til vilk\u00e5rene og denne personvernerkl\u00e6ringen. Om v\u00e5r personvernerkl\u00e6ring [&hellip;]\" \/>\n<meta property=\"og:url\" content=\"https:\/\/hoytundertaket.no\/letohallen\/personvernerklaering\/\" \/>\n<meta property=\"og:site_name\" content=\"H\u00f8yt Under Taket Letohallen\" \/>\n<meta name=\"twitter:card\" content=\"summary_large_image\" \/>\n<meta name=\"twitter:label1\" content=\"Ansl. lesetid\" \/>\n\t<meta name=\"twitter:data1\" content=\"9 minutter\" \/>\n<script type=\"application\/ld+json\" class=\"yoast-schema-graph\">{\"@context\":\"https:\/\/schema.org\",\"@graph\":[{\"@type\":\"WebPage\",\"@id\":\"https:\/\/hoytundertaket.no\/letohallen\/personvernerklaering\/\",\"url\":\"https:\/\/hoytundertaket.no\/letohallen\/personvernerklaering\/\",\"name\":\"Personvernerkl\u00e6ring - H\u00f8yt Under Taket Letohallen\",\"isPartOf\":{\"@id\":\"https:\/\/hoytundertaket.no\/letohallen\/#website\"},\"datePublished\":\"2023-06-05T11:57:19+00:00\",\"breadcrumb\":{\"@id\":\"https:\/\/hoytundertaket.no\/letohallen\/personvernerklaering\/#breadcrumb\"},\"inLanguage\":\"nb-NO\",\"potentialAction\":[{\"@type\":\"ReadAction\",\"target\":[\"https:\/\/hoytundertaket.no\/letohallen\/personvernerklaering\/\"]}]},{\"@type\":\"BreadcrumbList\",\"@id\":\"https:\/\/hoytundertaket.no\/letohallen\/personvernerklaering\/#breadcrumb\",\"itemListElement\":[{\"@type\":\"ListItem\",\"position\":1,\"name\":\"Hjem\",\"item\":\"https:\/\/hoytundertaket.no\/letohallen\/\"},{\"@type\":\"ListItem\",\"position\":2,\"name\":\"Personvernerkl\u00e6ring\"}]},{\"@type\":\"WebSite\",\"@id\":\"https:\/\/hoytundertaket.no\/letohallen\/#website\",\"url\":\"https:\/\/hoytundertaket.no\/letohallen\/\",\"name\":\"H\u00f8yt Under Taket Letohallen\",\"description\":\"Bare enda et H\u00f8yt Under Taket-nettsted\",\"publisher\":{\"@id\":\"https:\/\/hoytundertaket.no\/letohallen\/#organization\"},\"potentialAction\":[{\"@type\":\"SearchAction\",\"target\":{\"@type\":\"EntryPoint\",\"urlTemplate\":\"https:\/\/hoytundertaket.no\/letohallen\/?s={search_term_string}\"},\"query-input\":{\"@type\":\"PropertyValueSpecification\",\"valueRequired\":true,\"valueName\":\"search_term_string\"}}],\"inLanguage\":\"nb-NO\"},{\"@type\":[\"Organization\",\"Place\"],\"@id\":\"https:\/\/hoytundertaket.no\/letohallen\/#organization\",\"name\":\"H\u00f8yt Under Taket Letohallen\",\"url\":\"https:\/\/hoytundertaket.no\/letohallen\/\",\"logo\":{\"@id\":\"https:\/\/hoytundertaket.no\/letohallen\/personvernerklaering\/#local-main-organization-logo\"},\"image\":{\"@id\":\"https:\/\/hoytundertaket.no\/letohallen\/personvernerklaering\/#local-main-organization-logo\"},\"telephone\":[],\"openingHoursSpecification\":[{\"@type\":\"OpeningHoursSpecification\",\"dayOfWeek\":[\"Monday\",\"Tuesday\",\"Wednesday\",\"Thursday\",\"Friday\",\"Saturday\",\"Sunday\"],\"opens\":\"09:00\",\"closes\":\"17:00\"}]},{\"@type\":\"ImageObject\",\"inLanguage\":\"nb-NO\",\"@id\":\"https:\/\/hoytundertaket.no\/letohallen\/personvernerklaering\/#local-main-organization-logo\",\"url\":\"https:\/\/hoytundertaket.no\/letohallen\/wp-content\/uploads\/sites\/8\/2023\/02\/hut-logo-letohallen-horisontal-pos.svg\",\"contentUrl\":\"https:\/\/hoytundertaket.no\/letohallen\/wp-content\/uploads\/sites\/8\/2023\/02\/hut-logo-letohallen-horisontal-pos.svg\",\"width\":340,\"height\":110,\"caption\":\"H\u00f8yt Under Taket Letohallen\"}]}<\/script>\n<!-- \/ Yoast SEO plugin. -->","yoast_head_json":{"title":"Personvernerkl\u00e6ring - H\u00f8yt Under Taket Letohallen","robots":{"index":"index","follow":"follow","max-snippet":"max-snippet:-1","max-image-preview":"max-image-preview:large","max-video-preview":"max-video-preview:-1"},"canonical":"https:\/\/hoytundertaket.no\/letohallen\/personvernerklaering\/","og_locale":"nb_NO","og_type":"article","og_title":"Personvernerkl\u00e6ring - H\u00f8yt Under Taket Letohallen","og_description":"Innledning Nettstedet hoytundertaket.no eies og drives av H\u00f8yt Under Taket T\u00f8nsberg AS med org.nr. 921 394 535, Andebuveien 78, 3170 Sem Nettstedet hoytundertaket.no gir deg mulighet til \u00e5 se og kj\u00f8pe billetter over internett. N\u00e5r du g\u00e5r inn p\u00e5 og tar i bruk v\u00e5rt nettsted, samtykker du til vilk\u00e5rene og denne personvernerkl\u00e6ringen. Om v\u00e5r personvernerkl\u00e6ring [&hellip;]","og_url":"https:\/\/hoytundertaket.no\/letohallen\/personvernerklaering\/","og_site_name":"H\u00f8yt Under Taket Letohallen","twitter_card":"summary_large_image","twitter_misc":{"Ansl. lesetid":"9 minutter"},"schema":{"@context":"https:\/\/schema.org","@graph":[{"@type":"WebPage","@id":"https:\/\/hoytundertaket.no\/letohallen\/personvernerklaering\/","url":"https:\/\/hoytundertaket.no\/letohallen\/personvernerklaering\/","name":"Personvernerkl\u00e6ring - H\u00f8yt Under Taket Letohallen","isPartOf":{"@id":"https:\/\/hoytundertaket.no\/letohallen\/#website"},"datePublished":"2023-06-05T11:57:19+00:00","breadcrumb":{"@id":"https:\/\/hoytundertaket.no\/letohallen\/personvernerklaering\/#breadcrumb"},"inLanguage":"nb-NO","potentialAction":[{"@type":"ReadAction","target":["https:\/\/hoytundertaket.no\/letohallen\/personvernerklaering\/"]}]},{"@type":"BreadcrumbList","@id":"https:\/\/hoytundertaket.no\/letohallen\/personvernerklaering\/#breadcrumb","itemListElement":[{"@type":"ListItem","position":1,"name":"Hjem","item":"https:\/\/hoytundertaket.no\/letohallen\/"},{"@type":"ListItem","position":2,"name":"Personvernerkl\u00e6ring"}]},{"@type":"WebSite","@id":"https:\/\/hoytundertaket.no\/letohallen\/#website","url":"https:\/\/hoytundertaket.no\/letohallen\/","name":"H\u00f8yt Under Taket Letohallen","description":"Bare enda et H\u00f8yt Under Taket-nettsted","publisher":{"@id":"https:\/\/hoytundertaket.no\/letohallen\/#organization"},"potentialAction":[{"@type":"SearchAction","target":{"@type":"EntryPoint","urlTemplate":"https:\/\/hoytundertaket.no\/letohallen\/?s={search_term_string}"},"query-input":{"@type":"PropertyValueSpecification","valueRequired":true,"valueName":"search_term_string"}}],"inLanguage":"nb-NO"},{"@type":["Organization","Place"],"@id":"https:\/\/hoytundertaket.no\/letohallen\/#organization","name":"H\u00f8yt Under Taket Letohallen","url":"https:\/\/hoytundertaket.no\/letohallen\/","logo":{"@id":"https:\/\/hoytundertaket.no\/letohallen\/personvernerklaering\/#local-main-organization-logo"},"image":{"@id":"https:\/\/hoytundertaket.no\/letohallen\/personvernerklaering\/#local-main-organization-logo"},"telephone":[],"openingHoursSpecification":[{"@type":"OpeningHoursSpecification","dayOfWeek":["Monday","Tuesday","Wednesday","Thursday","Friday","Saturday","Sunday"],"opens":"09:00","closes":"17:00"}]},{"@type":"ImageObject","inLanguage":"nb-NO","@id":"https:\/\/hoytundertaket.no\/letohallen\/personvernerklaering\/#local-main-organization-logo","url":"https:\/\/hoytundertaket.no\/letohallen\/wp-content\/uploads\/sites\/8\/2023\/02\/hut-logo-letohallen-horisontal-pos.svg","contentUrl":"https:\/\/hoytundertaket.no\/letohallen\/wp-content\/uploads\/sites\/8\/2023\/02\/hut-logo-letohallen-horisontal-pos.svg","width":340,"height":110,"caption":"H\u00f8yt Under Taket Letohallen"}]}},"_links":{"self":[{"href":"https:\/\/hoytundertaket.no\/letohallen\/wp-json\/wp\/v2\/pages\/594","targetHints":{"allow":["GET"]}}],"collection":[{"href":"https:\/\/hoytundertaket.no\/letohallen\/wp-json\/wp\/v2\/pages"}],"about":[{"href":"https:\/\/hoytundertaket.no\/letohallen\/wp-json\/wp\/v2\/types\/page"}],"author":[{"embeddable":true,"href":"https:\/\/hoytundertaket.no\/letohallen\/wp-json\/wp\/v2\/users\/1"}],"replies":[{"embeddable":true,"href":"https:\/\/hoytundertaket.no\/letohallen\/wp-json\/wp\/v2\/comments?post=594"}],"version-history":[{"count":2,"href":"https:\/\/hoytundertaket.no\/letohallen\/wp-json\/wp\/v2\/pages\/594\/revisions"}],"predecessor-version":[{"id":617,"href":"https:\/\/hoytundertaket.no\/letohallen\/wp-json\/wp\/v2\/pages\/594\/revisions\/617"}],"wp:attachment":[{"href":"https:\/\/hoytundertaket.no\/letohallen\/wp-json\/wp\/v2\/media?parent=594"}],"curies":[{"name":"wp","href":"https:\/\/api.w.org\/{rel}","templated":true}]}}