{"id":812,"date":"2023-10-06T10:57:03","date_gmt":"2023-10-06T08:57:03","guid":{"rendered":"https:\/\/hoytundertaket.no\/letohallen\/?page_id=812"},"modified":"2026-03-02T15:41:19","modified_gmt":"2026-03-02T14:41:19","slug":"buldrejam","status":"publish","type":"page","link":"https:\/\/hoytundertaket.no\/letohallen\/buldrejam\/","title":{"rendered":"BuldreJam"},"content":{"rendered":"\n<p class=\"has-text-align-center\"><strong>Vi inviterer til v\u00e5rJam!<\/strong><\/p>\n\n\n\n<p class=\"has-text-align-center\">Dato: Fredag 13. mars 2026<\/p>\n\n\n\n<p class=\"has-text-align-center\"><strong>Program<\/strong>:<\/p>\n\n\n\n<p class=\"has-text-align-center\">kl.17.30-18.00: Oppm\u00f8te og utdeling av scorecard<br>kl.18.00: Felles velkomst ved resepsjonen<br>kl.18.00-20.30: BULDREJAM<br>kl.20.30-21.00: Felles avslutning med uttrekkspremier.<\/p>\n\n\n\n<p class=\"has-text-align-center\"><strong>Hvem kan bli med?<\/strong><\/p>\n\n\n\n<p class=\"has-text-align-center\">BuldreJam er for alle! Merk at det IKKE er skrudd spesielle barnebuldre p\u00e5 dette arrangement.<\/p>\n\n\n\n<p class=\"has-text-align-center\"><strong>Format:<\/strong><\/p>\n\n\n\n<p class=\"has-text-align-center\">Formatet er&nbsp;en lavterskel og moro buldrejam for alle aldre og niv\u00e5er hvor man selv fyller ut sitt eget scorecard! Deltagerne har 2,5 timer p\u00e5 seg til \u00e5 g\u00e5 flest mulige buldre!&nbsp;Det blir gitt poenger for TOPP og SONE, resultatlistene vil kun skille p\u00e5 damer og herrer.<\/p>\n\n\n\n<p class=\"has-text-align-center\">Velg kun \u00abscorecard\u00bb hvis du har klippekort eller medlemskap.<br>Velg \u00abScorecard + inngangsbillett\u00bb hvis du m\u00e5 kj\u00f8pe inngangsbillett.<\/p>\n","protected":false},"excerpt":{"rendered":"<p>Vi inviterer til v\u00e5rJam! Dato: Fredag 13. mars 2026 Program: kl.17.30-18.00: Oppm\u00f8te og utdeling av scorecardkl.18.00: Felles velkomst ved resepsjonenkl.18.00-20.30: BULDREJAMkl.20.30-21.00: Felles avslutning med uttrekkspremier. Hvem kan bli med? BuldreJam er for alle! Merk at det IKKE er skrudd spesielle barnebuldre p\u00e5 dette arrangement. Format: Formatet er&nbsp;en lavterskel og moro buldrejam for alle aldre og [&hellip;]<\/p>\n","protected":false},"author":13,"featured_media":476,"parent":0,"menu_order":0,"comment_status":"closed","ping_status":"closed","template":"page-courses.php","meta":{"_acf_changed":false,"footnotes":""},"class_list":["post-812","page","type-page","status-publish","has-post-thumbnail","hentry"],"acf":[],"yoast_head":"<!-- This site is optimized with the Yoast SEO plugin v26.9 - https:\/\/yoast.com\/product\/yoast-seo-wordpress\/ -->\n<title>BuldreJam - H\u00f8yt Under Taket Letohallen<\/title>\n<meta name=\"description\" content=\"Vi inviterer til JuleJam. Det er ett uh\u00f8ytidelig arrangement der man kan utfordre seg p\u00e5 ulike bulder.\" \/>\n<meta name=\"robots\" content=\"index, follow, max-snippet:-1, max-image-preview:large, max-video-preview:-1\" \/>\n<link rel=\"canonical\" href=\"https:\/\/hoytundertaket.no\/letohallen\/buldrejam\/\" \/>\n<meta property=\"og:locale\" content=\"nb_NO\" \/>\n<meta property=\"og:type\" content=\"article\" \/>\n<meta property=\"og:title\" content=\"BuldreJam - H\u00f8yt Under Taket Letohallen\" \/>\n<meta property=\"og:description\" content=\"Vi inviterer til JuleJam. Det er ett uh\u00f8ytidelig arrangement der man kan utfordre seg p\u00e5 ulike bulder.\" \/>\n<meta property=\"og:url\" content=\"https:\/\/hoytundertaket.no\/letohallen\/buldrejam\/\" \/>\n<meta property=\"og:site_name\" content=\"H\u00f8yt Under Taket Letohallen\" \/>\n<meta property=\"article:modified_time\" content=\"2026-03-02T14:41:19+00:00\" \/>\n<meta property=\"og:image\" content=\"https:\/\/hoytundertaket.no\/letohallen\/wp-content\/uploads\/sites\/8\/2023\/04\/Buldring__HTL_03030_Foto_Johan_Loken_Fevang-1.jpg\" \/>\n\t<meta property=\"og:image:width\" content=\"1080\" \/>\n\t<meta property=\"og:image:height\" content=\"720\" \/>\n\t<meta property=\"og:image:type\" content=\"image\/jpeg\" \/>\n<meta name=\"twitter:card\" content=\"summary_large_image\" \/>\n<meta name=\"twitter:label1\" content=\"Ansl. lesetid\" \/>\n\t<meta name=\"twitter:data1\" content=\"1 minutt\" \/>\n<script type=\"application\/ld+json\" class=\"yoast-schema-graph\">{\"@context\":\"https:\/\/schema.org\",\"@graph\":[{\"@type\":\"WebPage\",\"@id\":\"https:\/\/hoytundertaket.no\/letohallen\/buldrejam\/\",\"url\":\"https:\/\/hoytundertaket.no\/letohallen\/buldrejam\/\",\"name\":\"BuldreJam - H\u00f8yt Under Taket Letohallen\",\"isPartOf\":{\"@id\":\"https:\/\/hoytundertaket.no\/letohallen\/#website\"},\"primaryImageOfPage\":{\"@id\":\"https:\/\/hoytundertaket.no\/letohallen\/buldrejam\/#primaryimage\"},\"image\":{\"@id\":\"https:\/\/hoytundertaket.no\/letohallen\/buldrejam\/#primaryimage\"},\"thumbnailUrl\":\"https:\/\/hoytundertaket.no\/letohallen\/wp-content\/uploads\/sites\/8\/2023\/04\/Buldring__HTL_03030_Foto_Johan_Loken_Fevang-1.jpg\",\"datePublished\":\"2023-10-06T08:57:03+00:00\",\"dateModified\":\"2026-03-02T14:41:19+00:00\",\"description\":\"Vi inviterer til JuleJam. Det er ett uh\u00f8ytidelig arrangement der man kan utfordre seg p\u00e5 ulike bulder.\",\"breadcrumb\":{\"@id\":\"https:\/\/hoytundertaket.no\/letohallen\/buldrejam\/#breadcrumb\"},\"inLanguage\":\"nb-NO\",\"potentialAction\":[{\"@type\":\"ReadAction\",\"target\":[\"https:\/\/hoytundertaket.no\/letohallen\/buldrejam\/\"]}]},{\"@type\":\"ImageObject\",\"inLanguage\":\"nb-NO\",\"@id\":\"https:\/\/hoytundertaket.no\/letohallen\/buldrejam\/#primaryimage\",\"url\":\"https:\/\/hoytundertaket.no\/letohallen\/wp-content\/uploads\/sites\/8\/2023\/04\/Buldring__HTL_03030_Foto_Johan_Loken_Fevang-1.jpg\",\"contentUrl\":\"https:\/\/hoytundertaket.no\/letohallen\/wp-content\/uploads\/sites\/8\/2023\/04\/Buldring__HTL_03030_Foto_Johan_Loken_Fevang-1.jpg\",\"width\":1080,\"height\":720,\"caption\":\"buldring klatretak klatresenter\"},{\"@type\":\"BreadcrumbList\",\"@id\":\"https:\/\/hoytundertaket.no\/letohallen\/buldrejam\/#breadcrumb\",\"itemListElement\":[{\"@type\":\"ListItem\",\"position\":1,\"name\":\"Hjem\",\"item\":\"https:\/\/hoytundertaket.no\/letohallen\/\"},{\"@type\":\"ListItem\",\"position\":2,\"name\":\"BuldreJam\"}]},{\"@type\":\"WebSite\",\"@id\":\"https:\/\/hoytundertaket.no\/letohallen\/#website\",\"url\":\"https:\/\/hoytundertaket.no\/letohallen\/\",\"name\":\"H\u00f8yt Under Taket Letohallen\",\"description\":\"Bare enda et H\u00f8yt Under Taket-nettsted\",\"publisher\":{\"@id\":\"https:\/\/hoytundertaket.no\/letohallen\/#organization\"},\"potentialAction\":[{\"@type\":\"SearchAction\",\"target\":{\"@type\":\"EntryPoint\",\"urlTemplate\":\"https:\/\/hoytundertaket.no\/letohallen\/?s={search_term_string}\"},\"query-input\":{\"@type\":\"PropertyValueSpecification\",\"valueRequired\":true,\"valueName\":\"search_term_string\"}}],\"inLanguage\":\"nb-NO\"},{\"@type\":[\"Organization\",\"Place\"],\"@id\":\"https:\/\/hoytundertaket.no\/letohallen\/#organization\",\"name\":\"H\u00f8yt Under Taket Letohallen\",\"url\":\"https:\/\/hoytundertaket.no\/letohallen\/\",\"logo\":{\"@id\":\"https:\/\/hoytundertaket.no\/letohallen\/buldrejam\/#local-main-organization-logo\"},\"image\":{\"@id\":\"https:\/\/hoytundertaket.no\/letohallen\/buldrejam\/#local-main-organization-logo\"},\"telephone\":[],\"openingHoursSpecification\":[{\"@type\":\"OpeningHoursSpecification\",\"dayOfWeek\":[\"Monday\",\"Tuesday\",\"Wednesday\",\"Thursday\",\"Friday\",\"Saturday\",\"Sunday\"],\"opens\":\"09:00\",\"closes\":\"17:00\"}]},{\"@type\":\"ImageObject\",\"inLanguage\":\"nb-NO\",\"@id\":\"https:\/\/hoytundertaket.no\/letohallen\/buldrejam\/#local-main-organization-logo\",\"url\":\"https:\/\/hoytundertaket.no\/letohallen\/wp-content\/uploads\/sites\/8\/2023\/02\/hut-logo-letohallen-horisontal-pos.svg\",\"contentUrl\":\"https:\/\/hoytundertaket.no\/letohallen\/wp-content\/uploads\/sites\/8\/2023\/02\/hut-logo-letohallen-horisontal-pos.svg\",\"width\":340,\"height\":110,\"caption\":\"H\u00f8yt Under Taket Letohallen\"}]}<\/script>\n<!-- \/ Yoast SEO plugin. -->","yoast_head_json":{"title":"BuldreJam - H\u00f8yt Under Taket Letohallen","description":"Vi inviterer til JuleJam. Det er ett uh\u00f8ytidelig arrangement der man kan utfordre seg p\u00e5 ulike bulder.","robots":{"index":"index","follow":"follow","max-snippet":"max-snippet:-1","max-image-preview":"max-image-preview:large","max-video-preview":"max-video-preview:-1"},"canonical":"https:\/\/hoytundertaket.no\/letohallen\/buldrejam\/","og_locale":"nb_NO","og_type":"article","og_title":"BuldreJam - H\u00f8yt Under Taket Letohallen","og_description":"Vi inviterer til JuleJam. Det er ett uh\u00f8ytidelig arrangement der man kan utfordre seg p\u00e5 ulike bulder.","og_url":"https:\/\/hoytundertaket.no\/letohallen\/buldrejam\/","og_site_name":"H\u00f8yt Under Taket Letohallen","article_modified_time":"2026-03-02T14:41:19+00:00","og_image":[{"width":1080,"height":720,"url":"https:\/\/hoytundertaket.no\/letohallen\/wp-content\/uploads\/sites\/8\/2023\/04\/Buldring__HTL_03030_Foto_Johan_Loken_Fevang-1.jpg","type":"image\/jpeg"}],"twitter_card":"summary_large_image","twitter_misc":{"Ansl. lesetid":"1 minutt"},"schema":{"@context":"https:\/\/schema.org","@graph":[{"@type":"WebPage","@id":"https:\/\/hoytundertaket.no\/letohallen\/buldrejam\/","url":"https:\/\/hoytundertaket.no\/letohallen\/buldrejam\/","name":"BuldreJam - H\u00f8yt Under Taket Letohallen","isPartOf":{"@id":"https:\/\/hoytundertaket.no\/letohallen\/#website"},"primaryImageOfPage":{"@id":"https:\/\/hoytundertaket.no\/letohallen\/buldrejam\/#primaryimage"},"image":{"@id":"https:\/\/hoytundertaket.no\/letohallen\/buldrejam\/#primaryimage"},"thumbnailUrl":"https:\/\/hoytundertaket.no\/letohallen\/wp-content\/uploads\/sites\/8\/2023\/04\/Buldring__HTL_03030_Foto_Johan_Loken_Fevang-1.jpg","datePublished":"2023-10-06T08:57:03+00:00","dateModified":"2026-03-02T14:41:19+00:00","description":"Vi inviterer til JuleJam. Det er ett uh\u00f8ytidelig arrangement der man kan utfordre seg p\u00e5 ulike bulder.","breadcrumb":{"@id":"https:\/\/hoytundertaket.no\/letohallen\/buldrejam\/#breadcrumb"},"inLanguage":"nb-NO","potentialAction":[{"@type":"ReadAction","target":["https:\/\/hoytundertaket.no\/letohallen\/buldrejam\/"]}]},{"@type":"ImageObject","inLanguage":"nb-NO","@id":"https:\/\/hoytundertaket.no\/letohallen\/buldrejam\/#primaryimage","url":"https:\/\/hoytundertaket.no\/letohallen\/wp-content\/uploads\/sites\/8\/2023\/04\/Buldring__HTL_03030_Foto_Johan_Loken_Fevang-1.jpg","contentUrl":"https:\/\/hoytundertaket.no\/letohallen\/wp-content\/uploads\/sites\/8\/2023\/04\/Buldring__HTL_03030_Foto_Johan_Loken_Fevang-1.jpg","width":1080,"height":720,"caption":"buldring klatretak klatresenter"},{"@type":"BreadcrumbList","@id":"https:\/\/hoytundertaket.no\/letohallen\/buldrejam\/#breadcrumb","itemListElement":[{"@type":"ListItem","position":1,"name":"Hjem","item":"https:\/\/hoytundertaket.no\/letohallen\/"},{"@type":"ListItem","position":2,"name":"BuldreJam"}]},{"@type":"WebSite","@id":"https:\/\/hoytundertaket.no\/letohallen\/#website","url":"https:\/\/hoytundertaket.no\/letohallen\/","name":"H\u00f8yt Under Taket Letohallen","description":"Bare enda et H\u00f8yt Under Taket-nettsted","publisher":{"@id":"https:\/\/hoytundertaket.no\/letohallen\/#organization"},"potentialAction":[{"@type":"SearchAction","target":{"@type":"EntryPoint","urlTemplate":"https:\/\/hoytundertaket.no\/letohallen\/?s={search_term_string}"},"query-input":{"@type":"PropertyValueSpecification","valueRequired":true,"valueName":"search_term_string"}}],"inLanguage":"nb-NO"},{"@type":["Organization","Place"],"@id":"https:\/\/hoytundertaket.no\/letohallen\/#organization","name":"H\u00f8yt Under Taket Letohallen","url":"https:\/\/hoytundertaket.no\/letohallen\/","logo":{"@id":"https:\/\/hoytundertaket.no\/letohallen\/buldrejam\/#local-main-organization-logo"},"image":{"@id":"https:\/\/hoytundertaket.no\/letohallen\/buldrejam\/#local-main-organization-logo"},"telephone":[],"openingHoursSpecification":[{"@type":"OpeningHoursSpecification","dayOfWeek":["Monday","Tuesday","Wednesday","Thursday","Friday","Saturday","Sunday"],"opens":"09:00","closes":"17:00"}]},{"@type":"ImageObject","inLanguage":"nb-NO","@id":"https:\/\/hoytundertaket.no\/letohallen\/buldrejam\/#local-main-organization-logo","url":"https:\/\/hoytundertaket.no\/letohallen\/wp-content\/uploads\/sites\/8\/2023\/02\/hut-logo-letohallen-horisontal-pos.svg","contentUrl":"https:\/\/hoytundertaket.no\/letohallen\/wp-content\/uploads\/sites\/8\/2023\/02\/hut-logo-letohallen-horisontal-pos.svg","width":340,"height":110,"caption":"H\u00f8yt Under Taket Letohallen"}]}},"_links":{"self":[{"href":"https:\/\/hoytundertaket.no\/letohallen\/wp-json\/wp\/v2\/pages\/812","targetHints":{"allow":["GET"]}}],"collection":[{"href":"https:\/\/hoytundertaket.no\/letohallen\/wp-json\/wp\/v2\/pages"}],"about":[{"href":"https:\/\/hoytundertaket.no\/letohallen\/wp-json\/wp\/v2\/types\/page"}],"author":[{"embeddable":true,"href":"https:\/\/hoytundertaket.no\/letohallen\/wp-json\/wp\/v2\/users\/13"}],"replies":[{"embeddable":true,"href":"https:\/\/hoytundertaket.no\/letohallen\/wp-json\/wp\/v2\/comments?post=812"}],"version-history":[{"count":51,"href":"https:\/\/hoytundertaket.no\/letohallen\/wp-json\/wp\/v2\/pages\/812\/revisions"}],"predecessor-version":[{"id":1911,"href":"https:\/\/hoytundertaket.no\/letohallen\/wp-json\/wp\/v2\/pages\/812\/revisions\/1911"}],"wp:featuredmedia":[{"embeddable":true,"href":"https:\/\/hoytundertaket.no\/letohallen\/wp-json\/wp\/v2\/media\/476"}],"wp:attachment":[{"href":"https:\/\/hoytundertaket.no\/letohallen\/wp-json\/wp\/v2\/media?parent=812"}],"curies":[{"name":"wp","href":"https:\/\/api.w.org\/{rel}","templated":true}]}}