{"id":1079,"date":"2024-10-28T18:04:40","date_gmt":"2024-10-28T17:04:40","guid":{"rendered":"https:\/\/hoytundertaket.no\/moss\/?page_id=1079"},"modified":"2026-03-24T17:48:23","modified_gmt":"2026-03-24T16:48:23","slug":"buldrejam","status":"publish","type":"page","link":"https:\/\/hoytundertaket.no\/moss\/buldrejam\/","title":{"rendered":"BuldreJam"},"content":{"rendered":"\n<p class=\"has-text-align-center\"><strong>Vi inviterer til V\u00e5rJam <\/strong>med showfinaler\ud83d\udca5<\/p>\n\n\n\n<p class=\"has-text-align-center\"><strong>L\u00f8rdag 18. april<\/strong><br>Fra klokken 15:00<\/p>\n\n\n\n<p class=\"has-text-align-center\">Program:<br><strong>14.30-15.00<\/strong>&nbsp;\u2013 oppm\u00f8te og utdeling av scorecard<br><strong>15.00:&nbsp;<\/strong>Felles velkomst i buldern (ved senere ankomst f\u00e5r du scorecard i resepsjonen)<br><strong>15.00-17.30<\/strong>&nbsp;\u2013 BULDREJAM<br><strong>17.30-18.30<\/strong>&nbsp;\u2013 Resultater og uttrekkspremier<br><strong>19.00-20.00 \u2013&nbsp;<\/strong>Showfinaler og sosialt!<\/p>\n\n\n\n<p class=\"has-text-align-center\"><strong>Hvem kan bli med?<\/strong><\/p>\n\n\n\n<p class=\"has-text-align-center\">BuldreJam er \u00e5pent for alle som har lyst til \u00e5 buldre og ha det g\u00f8y sammen! Arrangementet passer for b\u00e5de nye og erfarne klatrere. Merk at det ikke er skrudd egne barnebuldre til arrangementet.<\/p>\n\n\n\n<p class=\"has-text-align-center\"><strong>Format:<\/strong><\/p>\n\n\n\n<p class=\"has-text-align-center\">Formatet er&nbsp;en lavterskel og moro buldrejam for alle aldre og niv\u00e5er hvor man selv fyller ut sitt eget scorecard! Deltagerne har 2,5 timer p\u00e5 seg til \u00e5 g\u00e5 flest mulige buldre!&nbsp;Det blir gitt poenger for TOPP og SONE, resultatlistene vil kun skille p\u00e5 damer og herrer.<\/p>\n\n\n\n<p class=\"has-text-align-center\"><em>Velg kun \u00abscorecard\u00bb hvis du har klippekort eller medlemskap.<br>Velg \u00abScorecard + inngangsbillett\u00bb hvis du m\u00e5 kj\u00f8pe inngangsbillett.<\/em><\/p>\n\n\n\n<p class=\"has-text-align-center\">\u00d8nsker du pizzameny etter buldrejammen? Velg ditt alternativ i kj\u00f8psprosessen.<br><strong>(PIZZA M\u00c5 BESTILLES INNEN kl 12:00 F\u00d8R JAM!)<\/strong><\/p>\n\n\n\n<p class=\"has-text-align-center\">Det vil v\u00e6re flotte uttrekkspremier, helt uavhengig av poengsum!<\/p>\n\n\n\n<p class=\"has-text-align-center\">Vi h\u00e5per \u00e5 se deg!&nbsp;<img loading=\"lazy\" decoding=\"async\" height=\"16\" width=\"16\" src=\"https:\/\/static.xx.fbcdn.net\/images\/emoji.php\/v9\/t58\/1\/16\/1f929.png\" alt=\"\ud83e\udd29\"><\/p>\n","protected":false},"excerpt":{"rendered":"<p>Vi inviterer til V\u00e5rJam med showfinaler\ud83d\udca5 L\u00f8rdag 18. aprilFra klokken 15:00 Program:14.30-15.00&nbsp;\u2013 oppm\u00f8te og utdeling av scorecard15.00:&nbsp;Felles velkomst i buldern (ved senere ankomst f\u00e5r du scorecard i resepsjonen)15.00-17.30&nbsp;\u2013 BULDREJAM17.30-18.30&nbsp;\u2013 Resultater og uttrekkspremier19.00-20.00 \u2013&nbsp;Showfinaler og sosialt! Hvem kan bli med? BuldreJam er \u00e5pent for alle som har lyst til \u00e5 buldre og ha det g\u00f8y sammen! [&hellip;]<\/p>\n","protected":false},"author":7,"featured_media":827,"parent":0,"menu_order":0,"comment_status":"closed","ping_status":"closed","template":"page-courses.php","meta":{"_acf_changed":false,"footnotes":""},"class_list":["post-1079","page","type-page","status-publish","has-post-thumbnail","hentry"],"acf":[],"yoast_head":"<!-- This site is optimized with the Yoast SEO plugin v27.4 - https:\/\/yoast.com\/product\/yoast-seo-wordpress\/ -->\n<title>Buldrejam - H\u00f8yt Under Taket Moss<\/title>\n<meta name=\"description\" content=\"Bli med p\u00e5 buldrejam p\u00e5 H\u00f8yt Under Taket Moss. Et sosialt klatrearrangement for b\u00e5de nybegynnere og erfarne.\" \/>\n<meta name=\"robots\" content=\"index, follow, max-snippet:-1, max-image-preview:large, max-video-preview:-1\" \/>\n<link rel=\"canonical\" href=\"https:\/\/hoytundertaket.no\/moss\/buldrejam\/\" \/>\n<meta property=\"og:locale\" content=\"nb_NO\" \/>\n<meta property=\"og:type\" content=\"article\" \/>\n<meta property=\"og:title\" content=\"Buldrejam\" \/>\n<meta property=\"og:description\" content=\"Bli med p\u00e5 buldrejam p\u00e5 H\u00f8yt Under Taket Moss. Et sosialt klatrearrangement for b\u00e5de nybegynnere og erfarne.\" \/>\n<meta property=\"og:url\" content=\"https:\/\/hoytundertaket.no\/moss\/buldrejam\/\" \/>\n<meta property=\"og:site_name\" content=\"H\u00f8yt Under Taket Moss\" \/>\n<meta property=\"article:modified_time\" content=\"2026-03-24T16:48:23+00:00\" \/>\n<meta property=\"og:image\" content=\"https:\/\/hoytundertaket.no\/moss\/wp-content\/uploads\/sites\/6\/2025\/10\/IMG_6635-scaled-e1764597242136.jpg\" \/>\n\t<meta property=\"og:image:width\" content=\"1920\" \/>\n\t<meta property=\"og:image:height\" content=\"2000\" \/>\n\t<meta property=\"og:image:type\" content=\"image\/jpeg\" \/>\n<meta name=\"twitter:card\" content=\"summary_large_image\" \/>\n<meta name=\"twitter:label1\" content=\"Ansl. lesetid\" \/>\n\t<meta name=\"twitter:data1\" content=\"1 minutt\" \/>\n<script type=\"application\/ld+json\" class=\"yoast-schema-graph\">{\"@context\":\"https:\\\/\\\/schema.org\",\"@graph\":[{\"@type\":\"WebPage\",\"@id\":\"https:\\\/\\\/hoytundertaket.no\\\/moss\\\/buldrejam\\\/\",\"url\":\"https:\\\/\\\/hoytundertaket.no\\\/moss\\\/buldrejam\\\/\",\"name\":\"Buldrejam - H\u00f8yt Under Taket Moss\",\"isPartOf\":{\"@id\":\"https:\\\/\\\/hoytundertaket.no\\\/moss\\\/#website\"},\"primaryImageOfPage\":{\"@id\":\"https:\\\/\\\/hoytundertaket.no\\\/moss\\\/buldrejam\\\/#primaryimage\"},\"image\":{\"@id\":\"https:\\\/\\\/hoytundertaket.no\\\/moss\\\/buldrejam\\\/#primaryimage\"},\"thumbnailUrl\":\"https:\\\/\\\/hoytundertaket.no\\\/moss\\\/wp-content\\\/uploads\\\/sites\\\/6\\\/2024\\\/05\\\/Buldring__HTL_03030_Foto_Johan_Loken_Fevang.jpg\",\"datePublished\":\"2024-10-28T17:04:40+00:00\",\"dateModified\":\"2026-03-24T16:48:23+00:00\",\"description\":\"Bli med p\u00e5 buldrejam p\u00e5 H\u00f8yt Under Taket Moss. Et sosialt klatrearrangement for b\u00e5de nybegynnere og erfarne.\",\"breadcrumb\":{\"@id\":\"https:\\\/\\\/hoytundertaket.no\\\/moss\\\/buldrejam\\\/#breadcrumb\"},\"inLanguage\":\"nb-NO\",\"potentialAction\":[{\"@type\":\"ReadAction\",\"target\":[\"https:\\\/\\\/hoytundertaket.no\\\/moss\\\/buldrejam\\\/\"]}]},{\"@type\":\"ImageObject\",\"inLanguage\":\"nb-NO\",\"@id\":\"https:\\\/\\\/hoytundertaket.no\\\/moss\\\/buldrejam\\\/#primaryimage\",\"url\":\"https:\\\/\\\/hoytundertaket.no\\\/moss\\\/wp-content\\\/uploads\\\/sites\\\/6\\\/2024\\\/05\\\/Buldring__HTL_03030_Foto_Johan_Loken_Fevang.jpg\",\"contentUrl\":\"https:\\\/\\\/hoytundertaket.no\\\/moss\\\/wp-content\\\/uploads\\\/sites\\\/6\\\/2024\\\/05\\\/Buldring__HTL_03030_Foto_Johan_Loken_Fevang.jpg\",\"width\":1080,\"height\":720},{\"@type\":\"BreadcrumbList\",\"@id\":\"https:\\\/\\\/hoytundertaket.no\\\/moss\\\/buldrejam\\\/#breadcrumb\",\"itemListElement\":[{\"@type\":\"ListItem\",\"position\":1,\"name\":\"Hjem\",\"item\":\"https:\\\/\\\/hoytundertaket.no\\\/moss\\\/\"},{\"@type\":\"ListItem\",\"position\":2,\"name\":\"BuldreJam\"}]},{\"@type\":\"WebSite\",\"@id\":\"https:\\\/\\\/hoytundertaket.no\\\/moss\\\/#website\",\"url\":\"https:\\\/\\\/hoytundertaket.no\\\/moss\\\/\",\"name\":\"H\u00f8yt Under Taket Moss\",\"description\":\"Klatring for alle\",\"publisher\":{\"@id\":\"https:\\\/\\\/hoytundertaket.no\\\/moss\\\/#organization\"},\"potentialAction\":[{\"@type\":\"SearchAction\",\"target\":{\"@type\":\"EntryPoint\",\"urlTemplate\":\"https:\\\/\\\/hoytundertaket.no\\\/moss\\\/?s={search_term_string}\"},\"query-input\":{\"@type\":\"PropertyValueSpecification\",\"valueRequired\":true,\"valueName\":\"search_term_string\"}}],\"inLanguage\":\"nb-NO\"},{\"@type\":[\"Organization\",\"Place\"],\"@id\":\"https:\\\/\\\/hoytundertaket.no\\\/moss\\\/#organization\",\"name\":\"H\u00f8yt Under Taket Moss\",\"url\":\"https:\\\/\\\/hoytundertaket.no\\\/moss\\\/\",\"logo\":{\"@id\":\"https:\\\/\\\/hoytundertaket.no\\\/moss\\\/buldrejam\\\/#local-main-organization-logo\"},\"image\":{\"@id\":\"https:\\\/\\\/hoytundertaket.no\\\/moss\\\/buldrejam\\\/#local-main-organization-logo\"},\"telephone\":[],\"openingHoursSpecification\":[{\"@type\":\"OpeningHoursSpecification\",\"dayOfWeek\":[\"Monday\",\"Tuesday\",\"Wednesday\",\"Thursday\",\"Friday\",\"Saturday\",\"Sunday\"],\"opens\":\"09:00\",\"closes\":\"17:00\"}]},{\"@type\":\"ImageObject\",\"inLanguage\":\"nb-NO\",\"@id\":\"https:\\\/\\\/hoytundertaket.no\\\/moss\\\/buldrejam\\\/#local-main-organization-logo\",\"url\":\"https:\\\/\\\/hoytundertaket.no\\\/moss\\\/wp-content\\\/uploads\\\/sites\\\/6\\\/2024\\\/05\\\/hut-logo-moss-horisontal-pos.svg\",\"contentUrl\":\"https:\\\/\\\/hoytundertaket.no\\\/moss\\\/wp-content\\\/uploads\\\/sites\\\/6\\\/2024\\\/05\\\/hut-logo-moss-horisontal-pos.svg\",\"width\":340,\"height\":110,\"caption\":\"H\u00f8yt Under Taket Moss\"}]}<\/script>\n<!-- \/ Yoast SEO plugin. -->","yoast_head_json":{"title":"Buldrejam - H\u00f8yt Under Taket Moss","description":"Bli med p\u00e5 buldrejam p\u00e5 H\u00f8yt Under Taket Moss. Et sosialt klatrearrangement for b\u00e5de nybegynnere og erfarne.","robots":{"index":"index","follow":"follow","max-snippet":"max-snippet:-1","max-image-preview":"max-image-preview:large","max-video-preview":"max-video-preview:-1"},"canonical":"https:\/\/hoytundertaket.no\/moss\/buldrejam\/","og_locale":"nb_NO","og_type":"article","og_title":"Buldrejam","og_description":"Bli med p\u00e5 buldrejam p\u00e5 H\u00f8yt Under Taket Moss. Et sosialt klatrearrangement for b\u00e5de nybegynnere og erfarne.","og_url":"https:\/\/hoytundertaket.no\/moss\/buldrejam\/","og_site_name":"H\u00f8yt Under Taket Moss","article_modified_time":"2026-03-24T16:48:23+00:00","og_image":[{"width":1920,"height":2000,"url":"https:\/\/hoytundertaket.no\/moss\/wp-content\/uploads\/sites\/6\/2025\/10\/IMG_6635-scaled-e1764597242136.jpg","type":"image\/jpeg"}],"twitter_card":"summary_large_image","twitter_misc":{"Ansl. lesetid":"1 minutt"},"schema":{"@context":"https:\/\/schema.org","@graph":[{"@type":"WebPage","@id":"https:\/\/hoytundertaket.no\/moss\/buldrejam\/","url":"https:\/\/hoytundertaket.no\/moss\/buldrejam\/","name":"Buldrejam - H\u00f8yt Under Taket Moss","isPartOf":{"@id":"https:\/\/hoytundertaket.no\/moss\/#website"},"primaryImageOfPage":{"@id":"https:\/\/hoytundertaket.no\/moss\/buldrejam\/#primaryimage"},"image":{"@id":"https:\/\/hoytundertaket.no\/moss\/buldrejam\/#primaryimage"},"thumbnailUrl":"https:\/\/hoytundertaket.no\/moss\/wp-content\/uploads\/sites\/6\/2024\/05\/Buldring__HTL_03030_Foto_Johan_Loken_Fevang.jpg","datePublished":"2024-10-28T17:04:40+00:00","dateModified":"2026-03-24T16:48:23+00:00","description":"Bli med p\u00e5 buldrejam p\u00e5 H\u00f8yt Under Taket Moss. Et sosialt klatrearrangement for b\u00e5de nybegynnere og erfarne.","breadcrumb":{"@id":"https:\/\/hoytundertaket.no\/moss\/buldrejam\/#breadcrumb"},"inLanguage":"nb-NO","potentialAction":[{"@type":"ReadAction","target":["https:\/\/hoytundertaket.no\/moss\/buldrejam\/"]}]},{"@type":"ImageObject","inLanguage":"nb-NO","@id":"https:\/\/hoytundertaket.no\/moss\/buldrejam\/#primaryimage","url":"https:\/\/hoytundertaket.no\/moss\/wp-content\/uploads\/sites\/6\/2024\/05\/Buldring__HTL_03030_Foto_Johan_Loken_Fevang.jpg","contentUrl":"https:\/\/hoytundertaket.no\/moss\/wp-content\/uploads\/sites\/6\/2024\/05\/Buldring__HTL_03030_Foto_Johan_Loken_Fevang.jpg","width":1080,"height":720},{"@type":"BreadcrumbList","@id":"https:\/\/hoytundertaket.no\/moss\/buldrejam\/#breadcrumb","itemListElement":[{"@type":"ListItem","position":1,"name":"Hjem","item":"https:\/\/hoytundertaket.no\/moss\/"},{"@type":"ListItem","position":2,"name":"BuldreJam"}]},{"@type":"WebSite","@id":"https:\/\/hoytundertaket.no\/moss\/#website","url":"https:\/\/hoytundertaket.no\/moss\/","name":"H\u00f8yt Under Taket Moss","description":"Klatring for alle","publisher":{"@id":"https:\/\/hoytundertaket.no\/moss\/#organization"},"potentialAction":[{"@type":"SearchAction","target":{"@type":"EntryPoint","urlTemplate":"https:\/\/hoytundertaket.no\/moss\/?s={search_term_string}"},"query-input":{"@type":"PropertyValueSpecification","valueRequired":true,"valueName":"search_term_string"}}],"inLanguage":"nb-NO"},{"@type":["Organization","Place"],"@id":"https:\/\/hoytundertaket.no\/moss\/#organization","name":"H\u00f8yt Under Taket Moss","url":"https:\/\/hoytundertaket.no\/moss\/","logo":{"@id":"https:\/\/hoytundertaket.no\/moss\/buldrejam\/#local-main-organization-logo"},"image":{"@id":"https:\/\/hoytundertaket.no\/moss\/buldrejam\/#local-main-organization-logo"},"telephone":[],"openingHoursSpecification":[{"@type":"OpeningHoursSpecification","dayOfWeek":["Monday","Tuesday","Wednesday","Thursday","Friday","Saturday","Sunday"],"opens":"09:00","closes":"17:00"}]},{"@type":"ImageObject","inLanguage":"nb-NO","@id":"https:\/\/hoytundertaket.no\/moss\/buldrejam\/#local-main-organization-logo","url":"https:\/\/hoytundertaket.no\/moss\/wp-content\/uploads\/sites\/6\/2024\/05\/hut-logo-moss-horisontal-pos.svg","contentUrl":"https:\/\/hoytundertaket.no\/moss\/wp-content\/uploads\/sites\/6\/2024\/05\/hut-logo-moss-horisontal-pos.svg","width":340,"height":110,"caption":"H\u00f8yt Under Taket Moss"}]}},"_links":{"self":[{"href":"https:\/\/hoytundertaket.no\/moss\/wp-json\/wp\/v2\/pages\/1079","targetHints":{"allow":["GET"]}}],"collection":[{"href":"https:\/\/hoytundertaket.no\/moss\/wp-json\/wp\/v2\/pages"}],"about":[{"href":"https:\/\/hoytundertaket.no\/moss\/wp-json\/wp\/v2\/types\/page"}],"author":[{"embeddable":true,"href":"https:\/\/hoytundertaket.no\/moss\/wp-json\/wp\/v2\/users\/7"}],"replies":[{"embeddable":true,"href":"https:\/\/hoytundertaket.no\/moss\/wp-json\/wp\/v2\/comments?post=1079"}],"version-history":[{"count":14,"href":"https:\/\/hoytundertaket.no\/moss\/wp-json\/wp\/v2\/pages\/1079\/revisions"}],"predecessor-version":[{"id":1809,"href":"https:\/\/hoytundertaket.no\/moss\/wp-json\/wp\/v2\/pages\/1079\/revisions\/1809"}],"wp:featuredmedia":[{"embeddable":true,"href":"https:\/\/hoytundertaket.no\/moss\/wp-json\/wp\/v2\/media\/827"}],"wp:attachment":[{"href":"https:\/\/hoytundertaket.no\/moss\/wp-json\/wp\/v2\/media?parent=1079"}],"curies":[{"name":"wp","href":"https:\/\/api.w.org\/{rel}","templated":true}]}}