{"id":1450,"date":"2025-10-08T15:37:59","date_gmt":"2025-10-08T13:37:59","guid":{"rendered":"https:\/\/hoytundertaket.no\/moss\/?page_id=1450"},"modified":"2026-02-11T16:13:32","modified_gmt":"2026-02-11T15:13:32","slug":"for-familien","status":"publish","type":"page","link":"https:\/\/hoytundertaket.no\/moss\/aktiviteter\/for-familien\/","title":{"rendered":"For familien"},"content":{"rendered":"","protected":false},"excerpt":{"rendered":"","protected":false},"author":18,"featured_media":1270,"parent":1457,"menu_order":0,"comment_status":"closed","ping_status":"closed","template":"page-visit.php","meta":{"_acf_changed":false,"footnotes":""},"class_list":["post-1450","page","type-page","status-publish","has-post-thumbnail","hentry"],"acf":[],"yoast_head":"<!-- This site is optimized with the Yoast SEO plugin v26.9 - https:\/\/yoast.com\/product\/yoast-seo-wordpress\/ -->\n<title>Familieaktiviteter i Moss \u2013 latter, mestring og gode minner<\/title>\n<meta name=\"description\" content=\"Opplev familieaktiviteter i Moss \u2013 latter, energi og kvalitetstid. Hele familien f\u00e5r en aktiv opplevelse sammen og kan nyte mat etterp\u00e5.\" \/>\n<meta name=\"robots\" content=\"index, follow, max-snippet:-1, max-image-preview:large, max-video-preview:-1\" \/>\n<link rel=\"canonical\" href=\"https:\/\/hoytundertaket.no\/moss\/aktiviteter\/for-familien\/\" \/>\n<meta property=\"og:locale\" content=\"nb_NO\" \/>\n<meta property=\"og:type\" content=\"article\" \/>\n<meta property=\"og:title\" content=\"Familieaktiviteter i Moss \u2013 latter, mestring og gode minner\" \/>\n<meta property=\"og:description\" content=\"Opplev familieaktiviteter i Moss \u2013 latter, energi og kvalitetstid. Hele familien f\u00e5r en aktiv opplevelse sammen og kan nyte mat etterp\u00e5.\" \/>\n<meta property=\"og:url\" content=\"https:\/\/hoytundertaket.no\/moss\/aktiviteter\/for-familien\/\" \/>\n<meta property=\"og:site_name\" content=\"H\u00f8yt Under Taket Moss\" \/>\n<meta property=\"article:modified_time\" content=\"2026-02-11T15:13:32+00:00\" \/>\n<meta property=\"og:image\" content=\"https:\/\/hoytundertaket.no\/moss\/wp-content\/uploads\/sites\/6\/2025\/03\/Letohallen_apningsdag_HTL_04019_Foto_Bjorn_Helge_Ronning.jpg\" \/>\n\t<meta property=\"og:image:width\" content=\"1080\" \/>\n\t<meta property=\"og:image:height\" content=\"720\" \/>\n\t<meta property=\"og:image:type\" content=\"image\/jpeg\" \/>\n<meta name=\"twitter:card\" content=\"summary_large_image\" \/>\n<meta name=\"twitter:label1\" content=\"Ansl. lesetid\" \/>\n\t<meta name=\"twitter:data1\" content=\"2 minutter\" \/>\n<script type=\"application\/ld+json\" class=\"yoast-schema-graph\">{\"@context\":\"https:\/\/schema.org\",\"@graph\":[{\"@type\":\"WebPage\",\"@id\":\"https:\/\/hoytundertaket.no\/moss\/aktiviteter\/for-familien\/\",\"url\":\"https:\/\/hoytundertaket.no\/moss\/aktiviteter\/for-familien\/\",\"name\":\"Familieaktiviteter i Moss \u2013 latter, mestring og gode minner\",\"isPartOf\":{\"@id\":\"https:\/\/hoytundertaket.no\/moss\/#website\"},\"primaryImageOfPage\":{\"@id\":\"https:\/\/hoytundertaket.no\/moss\/aktiviteter\/for-familien\/#primaryimage\"},\"image\":{\"@id\":\"https:\/\/hoytundertaket.no\/moss\/aktiviteter\/for-familien\/#primaryimage\"},\"thumbnailUrl\":\"https:\/\/hoytundertaket.no\/moss\/wp-content\/uploads\/sites\/6\/2025\/03\/Letohallen_apningsdag_HTL_04019_Foto_Bjorn_Helge_Ronning-1.jpg\",\"datePublished\":\"2025-10-08T13:37:59+00:00\",\"dateModified\":\"2026-02-11T15:13:32+00:00\",\"description\":\"Opplev familieaktiviteter i Moss \u2013 latter, energi og kvalitetstid. Hele familien f\u00e5r en aktiv opplevelse sammen og kan nyte mat etterp\u00e5.\",\"breadcrumb\":{\"@id\":\"https:\/\/hoytundertaket.no\/moss\/aktiviteter\/for-familien\/#breadcrumb\"},\"inLanguage\":\"nb-NO\",\"potentialAction\":[{\"@type\":\"ReadAction\",\"target\":[\"https:\/\/hoytundertaket.no\/moss\/aktiviteter\/for-familien\/\"]}]},{\"@type\":\"ImageObject\",\"inLanguage\":\"nb-NO\",\"@id\":\"https:\/\/hoytundertaket.no\/moss\/aktiviteter\/for-familien\/#primaryimage\",\"url\":\"https:\/\/hoytundertaket.no\/moss\/wp-content\/uploads\/sites\/6\/2025\/03\/Letohallen_apningsdag_HTL_04019_Foto_Bjorn_Helge_Ronning-1.jpg\",\"contentUrl\":\"https:\/\/hoytundertaket.no\/moss\/wp-content\/uploads\/sites\/6\/2025\/03\/Letohallen_apningsdag_HTL_04019_Foto_Bjorn_Helge_Ronning-1.jpg\",\"width\":1080,\"height\":720,\"caption\":\"En ung gutt klatrer p\u00e5 en innend\u00f8rs klatrebane mens andre f\u00f8lger med nedenfra i klatresenteret.\"},{\"@type\":\"BreadcrumbList\",\"@id\":\"https:\/\/hoytundertaket.no\/moss\/aktiviteter\/for-familien\/#breadcrumb\",\"itemListElement\":[{\"@type\":\"ListItem\",\"position\":1,\"name\":\"Hjem\",\"item\":\"https:\/\/hoytundertaket.no\/moss\/\"},{\"@type\":\"ListItem\",\"position\":2,\"name\":\"Aktiviteter\",\"item\":\"https:\/\/hoytundertaket.no\/moss\/aktiviteter\/\"},{\"@type\":\"ListItem\",\"position\":3,\"name\":\"For familien\"}]},{\"@type\":\"WebSite\",\"@id\":\"https:\/\/hoytundertaket.no\/moss\/#website\",\"url\":\"https:\/\/hoytundertaket.no\/moss\/\",\"name\":\"H\u00f8yt Under Taket Moss\",\"description\":\"Klatring for alle\",\"publisher\":{\"@id\":\"https:\/\/hoytundertaket.no\/moss\/#organization\"},\"potentialAction\":[{\"@type\":\"SearchAction\",\"target\":{\"@type\":\"EntryPoint\",\"urlTemplate\":\"https:\/\/hoytundertaket.no\/moss\/?s={search_term_string}\"},\"query-input\":{\"@type\":\"PropertyValueSpecification\",\"valueRequired\":true,\"valueName\":\"search_term_string\"}}],\"inLanguage\":\"nb-NO\"},{\"@type\":[\"Organization\",\"Place\"],\"@id\":\"https:\/\/hoytundertaket.no\/moss\/#organization\",\"name\":\"H\u00f8yt Under Taket Moss\",\"url\":\"https:\/\/hoytundertaket.no\/moss\/\",\"logo\":{\"@id\":\"https:\/\/hoytundertaket.no\/moss\/aktiviteter\/for-familien\/#local-main-organization-logo\"},\"image\":{\"@id\":\"https:\/\/hoytundertaket.no\/moss\/aktiviteter\/for-familien\/#local-main-organization-logo\"},\"telephone\":[],\"openingHoursSpecification\":[{\"@type\":\"OpeningHoursSpecification\",\"dayOfWeek\":[\"Monday\",\"Tuesday\",\"Wednesday\",\"Thursday\",\"Friday\",\"Saturday\",\"Sunday\"],\"opens\":\"09:00\",\"closes\":\"17:00\"}]},{\"@type\":\"ImageObject\",\"inLanguage\":\"nb-NO\",\"@id\":\"https:\/\/hoytundertaket.no\/moss\/aktiviteter\/for-familien\/#local-main-organization-logo\",\"url\":\"https:\/\/hoytundertaket.no\/moss\/wp-content\/uploads\/sites\/6\/2024\/05\/hut-logo-moss-horisontal-pos.svg\",\"contentUrl\":\"https:\/\/hoytundertaket.no\/moss\/wp-content\/uploads\/sites\/6\/2024\/05\/hut-logo-moss-horisontal-pos.svg\",\"width\":340,\"height\":110,\"caption\":\"H\u00f8yt Under Taket Moss\"}]}<\/script>\n<!-- \/ Yoast SEO plugin. -->","yoast_head_json":{"title":"Familieaktiviteter i Moss \u2013 latter, mestring og gode minner","description":"Opplev familieaktiviteter i Moss \u2013 latter, energi og kvalitetstid. Hele familien f\u00e5r en aktiv opplevelse sammen og kan nyte mat etterp\u00e5.","robots":{"index":"index","follow":"follow","max-snippet":"max-snippet:-1","max-image-preview":"max-image-preview:large","max-video-preview":"max-video-preview:-1"},"canonical":"https:\/\/hoytundertaket.no\/moss\/aktiviteter\/for-familien\/","og_locale":"nb_NO","og_type":"article","og_title":"Familieaktiviteter i Moss \u2013 latter, mestring og gode minner","og_description":"Opplev familieaktiviteter i Moss \u2013 latter, energi og kvalitetstid. Hele familien f\u00e5r en aktiv opplevelse sammen og kan nyte mat etterp\u00e5.","og_url":"https:\/\/hoytundertaket.no\/moss\/aktiviteter\/for-familien\/","og_site_name":"H\u00f8yt Under Taket Moss","article_modified_time":"2026-02-11T15:13:32+00:00","og_image":[{"width":1080,"height":720,"url":"https:\/\/hoytundertaket.no\/moss\/wp-content\/uploads\/sites\/6\/2025\/03\/Letohallen_apningsdag_HTL_04019_Foto_Bjorn_Helge_Ronning.jpg","type":"image\/jpeg"}],"twitter_card":"summary_large_image","twitter_misc":{"Ansl. lesetid":"2 minutter"},"schema":{"@context":"https:\/\/schema.org","@graph":[{"@type":"WebPage","@id":"https:\/\/hoytundertaket.no\/moss\/aktiviteter\/for-familien\/","url":"https:\/\/hoytundertaket.no\/moss\/aktiviteter\/for-familien\/","name":"Familieaktiviteter i Moss \u2013 latter, mestring og gode minner","isPartOf":{"@id":"https:\/\/hoytundertaket.no\/moss\/#website"},"primaryImageOfPage":{"@id":"https:\/\/hoytundertaket.no\/moss\/aktiviteter\/for-familien\/#primaryimage"},"image":{"@id":"https:\/\/hoytundertaket.no\/moss\/aktiviteter\/for-familien\/#primaryimage"},"thumbnailUrl":"https:\/\/hoytundertaket.no\/moss\/wp-content\/uploads\/sites\/6\/2025\/03\/Letohallen_apningsdag_HTL_04019_Foto_Bjorn_Helge_Ronning-1.jpg","datePublished":"2025-10-08T13:37:59+00:00","dateModified":"2026-02-11T15:13:32+00:00","description":"Opplev familieaktiviteter i Moss \u2013 latter, energi og kvalitetstid. Hele familien f\u00e5r en aktiv opplevelse sammen og kan nyte mat etterp\u00e5.","breadcrumb":{"@id":"https:\/\/hoytundertaket.no\/moss\/aktiviteter\/for-familien\/#breadcrumb"},"inLanguage":"nb-NO","potentialAction":[{"@type":"ReadAction","target":["https:\/\/hoytundertaket.no\/moss\/aktiviteter\/for-familien\/"]}]},{"@type":"ImageObject","inLanguage":"nb-NO","@id":"https:\/\/hoytundertaket.no\/moss\/aktiviteter\/for-familien\/#primaryimage","url":"https:\/\/hoytundertaket.no\/moss\/wp-content\/uploads\/sites\/6\/2025\/03\/Letohallen_apningsdag_HTL_04019_Foto_Bjorn_Helge_Ronning-1.jpg","contentUrl":"https:\/\/hoytundertaket.no\/moss\/wp-content\/uploads\/sites\/6\/2025\/03\/Letohallen_apningsdag_HTL_04019_Foto_Bjorn_Helge_Ronning-1.jpg","width":1080,"height":720,"caption":"En ung gutt klatrer p\u00e5 en innend\u00f8rs klatrebane mens andre f\u00f8lger med nedenfra i klatresenteret."},{"@type":"BreadcrumbList","@id":"https:\/\/hoytundertaket.no\/moss\/aktiviteter\/for-familien\/#breadcrumb","itemListElement":[{"@type":"ListItem","position":1,"name":"Hjem","item":"https:\/\/hoytundertaket.no\/moss\/"},{"@type":"ListItem","position":2,"name":"Aktiviteter","item":"https:\/\/hoytundertaket.no\/moss\/aktiviteter\/"},{"@type":"ListItem","position":3,"name":"For familien"}]},{"@type":"WebSite","@id":"https:\/\/hoytundertaket.no\/moss\/#website","url":"https:\/\/hoytundertaket.no\/moss\/","name":"H\u00f8yt Under Taket Moss","description":"Klatring for alle","publisher":{"@id":"https:\/\/hoytundertaket.no\/moss\/#organization"},"potentialAction":[{"@type":"SearchAction","target":{"@type":"EntryPoint","urlTemplate":"https:\/\/hoytundertaket.no\/moss\/?s={search_term_string}"},"query-input":{"@type":"PropertyValueSpecification","valueRequired":true,"valueName":"search_term_string"}}],"inLanguage":"nb-NO"},{"@type":["Organization","Place"],"@id":"https:\/\/hoytundertaket.no\/moss\/#organization","name":"H\u00f8yt Under Taket Moss","url":"https:\/\/hoytundertaket.no\/moss\/","logo":{"@id":"https:\/\/hoytundertaket.no\/moss\/aktiviteter\/for-familien\/#local-main-organization-logo"},"image":{"@id":"https:\/\/hoytundertaket.no\/moss\/aktiviteter\/for-familien\/#local-main-organization-logo"},"telephone":[],"openingHoursSpecification":[{"@type":"OpeningHoursSpecification","dayOfWeek":["Monday","Tuesday","Wednesday","Thursday","Friday","Saturday","Sunday"],"opens":"09:00","closes":"17:00"}]},{"@type":"ImageObject","inLanguage":"nb-NO","@id":"https:\/\/hoytundertaket.no\/moss\/aktiviteter\/for-familien\/#local-main-organization-logo","url":"https:\/\/hoytundertaket.no\/moss\/wp-content\/uploads\/sites\/6\/2024\/05\/hut-logo-moss-horisontal-pos.svg","contentUrl":"https:\/\/hoytundertaket.no\/moss\/wp-content\/uploads\/sites\/6\/2024\/05\/hut-logo-moss-horisontal-pos.svg","width":340,"height":110,"caption":"H\u00f8yt Under Taket Moss"}]}},"_links":{"self":[{"href":"https:\/\/hoytundertaket.no\/moss\/wp-json\/wp\/v2\/pages\/1450","targetHints":{"allow":["GET"]}}],"collection":[{"href":"https:\/\/hoytundertaket.no\/moss\/wp-json\/wp\/v2\/pages"}],"about":[{"href":"https:\/\/hoytundertaket.no\/moss\/wp-json\/wp\/v2\/types\/page"}],"author":[{"embeddable":true,"href":"https:\/\/hoytundertaket.no\/moss\/wp-json\/wp\/v2\/users\/18"}],"replies":[{"embeddable":true,"href":"https:\/\/hoytundertaket.no\/moss\/wp-json\/wp\/v2\/comments?post=1450"}],"version-history":[{"count":2,"href":"https:\/\/hoytundertaket.no\/moss\/wp-json\/wp\/v2\/pages\/1450\/revisions"}],"predecessor-version":[{"id":1569,"href":"https:\/\/hoytundertaket.no\/moss\/wp-json\/wp\/v2\/pages\/1450\/revisions\/1569"}],"up":[{"embeddable":true,"href":"https:\/\/hoytundertaket.no\/moss\/wp-json\/wp\/v2\/pages\/1457"}],"wp:featuredmedia":[{"embeddable":true,"href":"https:\/\/hoytundertaket.no\/moss\/wp-json\/wp\/v2\/media\/1270"}],"wp:attachment":[{"href":"https:\/\/hoytundertaket.no\/moss\/wp-json\/wp\/v2\/media?parent=1450"}],"curies":[{"name":"wp","href":"https:\/\/api.w.org\/{rel}","templated":true}]}}