{"id":1477,"date":"2025-10-08T15:50:47","date_gmt":"2025-10-08T13:50:47","guid":{"rendered":"https:\/\/hoytundertaket.no\/moss\/?page_id=1477"},"modified":"2026-02-11T16:17:12","modified_gmt":"2026-02-11T15:17:12","slug":"for-nybegynneren","status":"publish","type":"page","link":"https:\/\/hoytundertaket.no\/moss\/aktiviteter\/for-nybegynneren\/","title":{"rendered":"For nybegynneren"},"content":{"rendered":"","protected":false},"excerpt":{"rendered":"","protected":false},"author":18,"featured_media":1479,"parent":1457,"menu_order":0,"comment_status":"closed","ping_status":"closed","template":"page-visit.php","meta":{"_acf_changed":false,"footnotes":""},"class_list":["post-1477","page","type-page","status-publish","has-post-thumbnail","hentry"],"acf":[],"yoast_head":"<!-- This site is optimized with the Yoast SEO plugin v26.9 - https:\/\/yoast.com\/product\/yoast-seo-wordpress\/ -->\n<title>Pr\u00f8v klatring i Moss - H\u00f8yt Under Taket<\/title>\n<meta name=\"description\" content=\"Pr\u00f8v klatring i Moss p\u00e5 en trygg og morsom m\u00e5te! En lavterskel aktivitet som gir energi og sosialt samv\u00e6r \u2013 perfekt for nybegynnere.\" \/>\n<meta name=\"robots\" content=\"index, follow, max-snippet:-1, max-image-preview:large, max-video-preview:-1\" \/>\n<link rel=\"canonical\" href=\"https:\/\/hoytundertaket.no\/moss\/aktiviteter\/for-nybegynneren\/\" \/>\n<meta property=\"og:locale\" content=\"nb_NO\" \/>\n<meta property=\"og:type\" content=\"article\" \/>\n<meta property=\"og:title\" content=\"Pr\u00f8v klatring i Moss - H\u00f8yt Under Taket\" \/>\n<meta property=\"og:description\" content=\"Pr\u00f8v klatring i Moss p\u00e5 en trygg og morsom m\u00e5te! En lavterskel aktivitet som gir energi og sosialt samv\u00e6r \u2013 perfekt for nybegynnere.\" \/>\n<meta property=\"og:url\" content=\"https:\/\/hoytundertaket.no\/moss\/aktiviteter\/for-nybegynneren\/\" \/>\n<meta property=\"og:site_name\" content=\"H\u00f8yt Under Taket Moss\" \/>\n<meta property=\"article:modified_time\" content=\"2026-02-11T15:17:12+00:00\" \/>\n<meta property=\"og:image\" content=\"https:\/\/hoytundertaket.no\/moss\/wp-content\/uploads\/sites\/6\/2025\/10\/IMG_9456-scaled.jpg\" \/>\n\t<meta property=\"og:image:width\" content=\"1920\" \/>\n\t<meta property=\"og:image:height\" content=\"2560\" \/>\n\t<meta property=\"og:image:type\" content=\"image\/jpeg\" \/>\n<meta name=\"twitter:card\" content=\"summary_large_image\" \/>\n<meta name=\"twitter:label1\" content=\"Ansl. lesetid\" \/>\n\t<meta name=\"twitter:data1\" content=\"3 minutter\" \/>\n<script type=\"application\/ld+json\" class=\"yoast-schema-graph\">{\"@context\":\"https:\/\/schema.org\",\"@graph\":[{\"@type\":\"WebPage\",\"@id\":\"https:\/\/hoytundertaket.no\/moss\/aktiviteter\/for-nybegynneren\/\",\"url\":\"https:\/\/hoytundertaket.no\/moss\/aktiviteter\/for-nybegynneren\/\",\"name\":\"Pr\u00f8v klatring i Moss - H\u00f8yt Under Taket\",\"isPartOf\":{\"@id\":\"https:\/\/hoytundertaket.no\/moss\/#website\"},\"primaryImageOfPage\":{\"@id\":\"https:\/\/hoytundertaket.no\/moss\/aktiviteter\/for-nybegynneren\/#primaryimage\"},\"image\":{\"@id\":\"https:\/\/hoytundertaket.no\/moss\/aktiviteter\/for-nybegynneren\/#primaryimage\"},\"thumbnailUrl\":\"https:\/\/hoytundertaket.no\/moss\/wp-content\/uploads\/sites\/6\/2025\/10\/IMG_9456-scaled.jpg\",\"datePublished\":\"2025-10-08T13:50:47+00:00\",\"dateModified\":\"2026-02-11T15:17:12+00:00\",\"description\":\"Pr\u00f8v klatring i Moss p\u00e5 en trygg og morsom m\u00e5te! En lavterskel aktivitet som gir energi og sosialt samv\u00e6r \u2013 perfekt for nybegynnere.\",\"breadcrumb\":{\"@id\":\"https:\/\/hoytundertaket.no\/moss\/aktiviteter\/for-nybegynneren\/#breadcrumb\"},\"inLanguage\":\"nb-NO\",\"potentialAction\":[{\"@type\":\"ReadAction\",\"target\":[\"https:\/\/hoytundertaket.no\/moss\/aktiviteter\/for-nybegynneren\/\"]}]},{\"@type\":\"ImageObject\",\"inLanguage\":\"nb-NO\",\"@id\":\"https:\/\/hoytundertaket.no\/moss\/aktiviteter\/for-nybegynneren\/#primaryimage\",\"url\":\"https:\/\/hoytundertaket.no\/moss\/wp-content\/uploads\/sites\/6\/2025\/10\/IMG_9456-scaled.jpg\",\"contentUrl\":\"https:\/\/hoytundertaket.no\/moss\/wp-content\/uploads\/sites\/6\/2025\/10\/IMG_9456-scaled.jpg\",\"width\":1920,\"height\":2560,\"caption\":\"En eldre mann utfordrer seg selv p\u00e5 en innend\u00f8rs klatrevegg.\"},{\"@type\":\"BreadcrumbList\",\"@id\":\"https:\/\/hoytundertaket.no\/moss\/aktiviteter\/for-nybegynneren\/#breadcrumb\",\"itemListElement\":[{\"@type\":\"ListItem\",\"position\":1,\"name\":\"Hjem\",\"item\":\"https:\/\/hoytundertaket.no\/moss\/\"},{\"@type\":\"ListItem\",\"position\":2,\"name\":\"Aktiviteter\",\"item\":\"https:\/\/hoytundertaket.no\/moss\/aktiviteter\/\"},{\"@type\":\"ListItem\",\"position\":3,\"name\":\"For nybegynneren\"}]},{\"@type\":\"WebSite\",\"@id\":\"https:\/\/hoytundertaket.no\/moss\/#website\",\"url\":\"https:\/\/hoytundertaket.no\/moss\/\",\"name\":\"H\u00f8yt Under Taket Moss\",\"description\":\"Klatring for alle\",\"publisher\":{\"@id\":\"https:\/\/hoytundertaket.no\/moss\/#organization\"},\"potentialAction\":[{\"@type\":\"SearchAction\",\"target\":{\"@type\":\"EntryPoint\",\"urlTemplate\":\"https:\/\/hoytundertaket.no\/moss\/?s={search_term_string}\"},\"query-input\":{\"@type\":\"PropertyValueSpecification\",\"valueRequired\":true,\"valueName\":\"search_term_string\"}}],\"inLanguage\":\"nb-NO\"},{\"@type\":[\"Organization\",\"Place\"],\"@id\":\"https:\/\/hoytundertaket.no\/moss\/#organization\",\"name\":\"H\u00f8yt Under Taket Moss\",\"url\":\"https:\/\/hoytundertaket.no\/moss\/\",\"logo\":{\"@id\":\"https:\/\/hoytundertaket.no\/moss\/aktiviteter\/for-nybegynneren\/#local-main-organization-logo\"},\"image\":{\"@id\":\"https:\/\/hoytundertaket.no\/moss\/aktiviteter\/for-nybegynneren\/#local-main-organization-logo\"},\"telephone\":[],\"openingHoursSpecification\":[{\"@type\":\"OpeningHoursSpecification\",\"dayOfWeek\":[\"Monday\",\"Tuesday\",\"Wednesday\",\"Thursday\",\"Friday\",\"Saturday\",\"Sunday\"],\"opens\":\"09:00\",\"closes\":\"17:00\"}]},{\"@type\":\"ImageObject\",\"inLanguage\":\"nb-NO\",\"@id\":\"https:\/\/hoytundertaket.no\/moss\/aktiviteter\/for-nybegynneren\/#local-main-organization-logo\",\"url\":\"https:\/\/hoytundertaket.no\/moss\/wp-content\/uploads\/sites\/6\/2024\/05\/hut-logo-moss-horisontal-pos.svg\",\"contentUrl\":\"https:\/\/hoytundertaket.no\/moss\/wp-content\/uploads\/sites\/6\/2024\/05\/hut-logo-moss-horisontal-pos.svg\",\"width\":340,\"height\":110,\"caption\":\"H\u00f8yt Under Taket Moss\"}]}<\/script>\n<!-- \/ Yoast SEO plugin. -->","yoast_head_json":{"title":"Pr\u00f8v klatring i Moss - H\u00f8yt Under Taket","description":"Pr\u00f8v klatring i Moss p\u00e5 en trygg og morsom m\u00e5te! En lavterskel aktivitet som gir energi og sosialt samv\u00e6r \u2013 perfekt for nybegynnere.","robots":{"index":"index","follow":"follow","max-snippet":"max-snippet:-1","max-image-preview":"max-image-preview:large","max-video-preview":"max-video-preview:-1"},"canonical":"https:\/\/hoytundertaket.no\/moss\/aktiviteter\/for-nybegynneren\/","og_locale":"nb_NO","og_type":"article","og_title":"Pr\u00f8v klatring i Moss - H\u00f8yt Under Taket","og_description":"Pr\u00f8v klatring i Moss p\u00e5 en trygg og morsom m\u00e5te! En lavterskel aktivitet som gir energi og sosialt samv\u00e6r \u2013 perfekt for nybegynnere.","og_url":"https:\/\/hoytundertaket.no\/moss\/aktiviteter\/for-nybegynneren\/","og_site_name":"H\u00f8yt Under Taket Moss","article_modified_time":"2026-02-11T15:17:12+00:00","og_image":[{"width":1920,"height":2560,"url":"https:\/\/hoytundertaket.no\/moss\/wp-content\/uploads\/sites\/6\/2025\/10\/IMG_9456-scaled.jpg","type":"image\/jpeg"}],"twitter_card":"summary_large_image","twitter_misc":{"Ansl. lesetid":"3 minutter"},"schema":{"@context":"https:\/\/schema.org","@graph":[{"@type":"WebPage","@id":"https:\/\/hoytundertaket.no\/moss\/aktiviteter\/for-nybegynneren\/","url":"https:\/\/hoytundertaket.no\/moss\/aktiviteter\/for-nybegynneren\/","name":"Pr\u00f8v klatring i Moss - H\u00f8yt Under Taket","isPartOf":{"@id":"https:\/\/hoytundertaket.no\/moss\/#website"},"primaryImageOfPage":{"@id":"https:\/\/hoytundertaket.no\/moss\/aktiviteter\/for-nybegynneren\/#primaryimage"},"image":{"@id":"https:\/\/hoytundertaket.no\/moss\/aktiviteter\/for-nybegynneren\/#primaryimage"},"thumbnailUrl":"https:\/\/hoytundertaket.no\/moss\/wp-content\/uploads\/sites\/6\/2025\/10\/IMG_9456-scaled.jpg","datePublished":"2025-10-08T13:50:47+00:00","dateModified":"2026-02-11T15:17:12+00:00","description":"Pr\u00f8v klatring i Moss p\u00e5 en trygg og morsom m\u00e5te! En lavterskel aktivitet som gir energi og sosialt samv\u00e6r \u2013 perfekt for nybegynnere.","breadcrumb":{"@id":"https:\/\/hoytundertaket.no\/moss\/aktiviteter\/for-nybegynneren\/#breadcrumb"},"inLanguage":"nb-NO","potentialAction":[{"@type":"ReadAction","target":["https:\/\/hoytundertaket.no\/moss\/aktiviteter\/for-nybegynneren\/"]}]},{"@type":"ImageObject","inLanguage":"nb-NO","@id":"https:\/\/hoytundertaket.no\/moss\/aktiviteter\/for-nybegynneren\/#primaryimage","url":"https:\/\/hoytundertaket.no\/moss\/wp-content\/uploads\/sites\/6\/2025\/10\/IMG_9456-scaled.jpg","contentUrl":"https:\/\/hoytundertaket.no\/moss\/wp-content\/uploads\/sites\/6\/2025\/10\/IMG_9456-scaled.jpg","width":1920,"height":2560,"caption":"En eldre mann utfordrer seg selv p\u00e5 en innend\u00f8rs klatrevegg."},{"@type":"BreadcrumbList","@id":"https:\/\/hoytundertaket.no\/moss\/aktiviteter\/for-nybegynneren\/#breadcrumb","itemListElement":[{"@type":"ListItem","position":1,"name":"Hjem","item":"https:\/\/hoytundertaket.no\/moss\/"},{"@type":"ListItem","position":2,"name":"Aktiviteter","item":"https:\/\/hoytundertaket.no\/moss\/aktiviteter\/"},{"@type":"ListItem","position":3,"name":"For nybegynneren"}]},{"@type":"WebSite","@id":"https:\/\/hoytundertaket.no\/moss\/#website","url":"https:\/\/hoytundertaket.no\/moss\/","name":"H\u00f8yt Under Taket Moss","description":"Klatring for alle","publisher":{"@id":"https:\/\/hoytundertaket.no\/moss\/#organization"},"potentialAction":[{"@type":"SearchAction","target":{"@type":"EntryPoint","urlTemplate":"https:\/\/hoytundertaket.no\/moss\/?s={search_term_string}"},"query-input":{"@type":"PropertyValueSpecification","valueRequired":true,"valueName":"search_term_string"}}],"inLanguage":"nb-NO"},{"@type":["Organization","Place"],"@id":"https:\/\/hoytundertaket.no\/moss\/#organization","name":"H\u00f8yt Under Taket Moss","url":"https:\/\/hoytundertaket.no\/moss\/","logo":{"@id":"https:\/\/hoytundertaket.no\/moss\/aktiviteter\/for-nybegynneren\/#local-main-organization-logo"},"image":{"@id":"https:\/\/hoytundertaket.no\/moss\/aktiviteter\/for-nybegynneren\/#local-main-organization-logo"},"telephone":[],"openingHoursSpecification":[{"@type":"OpeningHoursSpecification","dayOfWeek":["Monday","Tuesday","Wednesday","Thursday","Friday","Saturday","Sunday"],"opens":"09:00","closes":"17:00"}]},{"@type":"ImageObject","inLanguage":"nb-NO","@id":"https:\/\/hoytundertaket.no\/moss\/aktiviteter\/for-nybegynneren\/#local-main-organization-logo","url":"https:\/\/hoytundertaket.no\/moss\/wp-content\/uploads\/sites\/6\/2024\/05\/hut-logo-moss-horisontal-pos.svg","contentUrl":"https:\/\/hoytundertaket.no\/moss\/wp-content\/uploads\/sites\/6\/2024\/05\/hut-logo-moss-horisontal-pos.svg","width":340,"height":110,"caption":"H\u00f8yt Under Taket Moss"}]}},"_links":{"self":[{"href":"https:\/\/hoytundertaket.no\/moss\/wp-json\/wp\/v2\/pages\/1477","targetHints":{"allow":["GET"]}}],"collection":[{"href":"https:\/\/hoytundertaket.no\/moss\/wp-json\/wp\/v2\/pages"}],"about":[{"href":"https:\/\/hoytundertaket.no\/moss\/wp-json\/wp\/v2\/types\/page"}],"author":[{"embeddable":true,"href":"https:\/\/hoytundertaket.no\/moss\/wp-json\/wp\/v2\/users\/18"}],"replies":[{"embeddable":true,"href":"https:\/\/hoytundertaket.no\/moss\/wp-json\/wp\/v2\/comments?post=1477"}],"version-history":[{"count":2,"href":"https:\/\/hoytundertaket.no\/moss\/wp-json\/wp\/v2\/pages\/1477\/revisions"}],"predecessor-version":[{"id":1573,"href":"https:\/\/hoytundertaket.no\/moss\/wp-json\/wp\/v2\/pages\/1477\/revisions\/1573"}],"up":[{"embeddable":true,"href":"https:\/\/hoytundertaket.no\/moss\/wp-json\/wp\/v2\/pages\/1457"}],"wp:featuredmedia":[{"embeddable":true,"href":"https:\/\/hoytundertaket.no\/moss\/wp-json\/wp\/v2\/media\/1479"}],"wp:attachment":[{"href":"https:\/\/hoytundertaket.no\/moss\/wp-json\/wp\/v2\/media?parent=1477"}],"curies":[{"name":"wp","href":"https:\/\/api.w.org\/{rel}","templated":true}]}}