{"id":2,"date":"2023-02-02T15:26:51","date_gmt":"2023-02-02T14:26:51","guid":{"rendered":"http:\/\/hoytundertaket.no\/moss\/?page_id=2"},"modified":"2026-04-17T14:50:54","modified_gmt":"2026-04-17T12:50:54","slug":"moss","status":"publish","type":"page","link":"https:\/\/hoytundertaket.no\/moss\/","title":{"rendered":"Forside"},"content":{"rendered":"","protected":false},"excerpt":{"rendered":"","protected":false},"author":1,"featured_media":0,"parent":0,"menu_order":0,"comment_status":"closed","ping_status":"open","template":"page-homepage.php","meta":{"_acf_changed":false,"footnotes":""},"class_list":["post-2","page","type-page","status-publish","hentry"],"acf":[],"yoast_head":"<!-- This site is optimized with the Yoast SEO plugin v27.4 - https:\/\/yoast.com\/product\/yoast-seo-wordpress\/ -->\n<title>H\u00f8yt Under Taket Moss<\/title>\n<meta name=\"description\" content=\"Bes\u00f8k H\u00f8yt Under Taket Moss i dag! Du kan pr\u00f8ve opplevelsesklatring, klatrel\u00f8yper, buldring og tauklatring. Perfekt for b\u00e5de barn og voksne!\" \/>\n<meta name=\"robots\" content=\"index, follow, max-snippet:-1, max-image-preview:large, max-video-preview:-1\" \/>\n<link rel=\"canonical\" href=\"https:\/\/hoytundertaket.no\/moss\/\" \/>\n<meta property=\"og:locale\" content=\"nb_NO\" \/>\n<meta property=\"og:type\" content=\"article\" \/>\n<meta property=\"og:title\" content=\"H\u00f8yt Under Taket Moss\" \/>\n<meta property=\"og:description\" content=\"Bes\u00f8k H\u00f8yt Under Taket Moss i dag! Du kan pr\u00f8ve opplevelsesklatring, klatrel\u00f8yper, buldring og tauklatring. Perfekt for b\u00e5de barn og voksne!\" \/>\n<meta property=\"og:url\" content=\"https:\/\/hoytundertaket.no\/moss\/\" \/>\n<meta property=\"og:site_name\" content=\"H\u00f8yt Under Taket Moss\" \/>\n<meta property=\"article:modified_time\" content=\"2026-04-17T12:50:54+00:00\" \/>\n<meta property=\"og:image\" content=\"https:\/\/hoytundertaket.no\/moss\/wp-content\/uploads\/sites\/6\/2025\/02\/apning_Moss_buldring_HTL_04804_Foto_Henrik__Kihlstrand-1.jpg\" \/>\n\t<meta property=\"og:image:width\" content=\"1080\" \/>\n\t<meta property=\"og:image:height\" content=\"720\" \/>\n\t<meta property=\"og:image:type\" content=\"image\/jpeg\" \/>\n<meta name=\"twitter:card\" content=\"summary_large_image\" \/>\n<meta name=\"twitter:label1\" content=\"Ansl. lesetid\" \/>\n\t<meta name=\"twitter:data1\" content=\"3 minutter\" \/>\n<script type=\"application\/ld+json\" class=\"yoast-schema-graph\">{\"@context\":\"https:\\\/\\\/schema.org\",\"@graph\":[{\"@type\":\"WebPage\",\"@id\":\"https:\\\/\\\/hoytundertaket.no\\\/moss\\\/\",\"url\":\"https:\\\/\\\/hoytundertaket.no\\\/moss\\\/\",\"name\":\"H\u00f8yt Under Taket Moss\",\"isPartOf\":{\"@id\":\"https:\\\/\\\/hoytundertaket.no\\\/moss\\\/#website\"},\"datePublished\":\"2023-02-02T14:26:51+00:00\",\"dateModified\":\"2026-04-17T12:50:54+00:00\",\"description\":\"Bes\u00f8k H\u00f8yt Under Taket Moss i dag! Du kan pr\u00f8ve opplevelsesklatring, klatrel\u00f8yper, buldring og tauklatring. Perfekt for b\u00e5de barn og voksne!\",\"breadcrumb\":{\"@id\":\"https:\\\/\\\/hoytundertaket.no\\\/moss\\\/#breadcrumb\"},\"inLanguage\":\"nb-NO\",\"potentialAction\":[{\"@type\":\"ReadAction\",\"target\":[\"https:\\\/\\\/hoytundertaket.no\\\/moss\\\/\"]}]},{\"@type\":\"BreadcrumbList\",\"@id\":\"https:\\\/\\\/hoytundertaket.no\\\/moss\\\/#breadcrumb\",\"itemListElement\":[{\"@type\":\"ListItem\",\"position\":1,\"name\":\"Hjem\",\"item\":\"https:\\\/\\\/hoytundertaket.no\\\/moss\\\/\"},{\"@type\":\"ListItem\",\"position\":2,\"name\":\"Forside\"}]},{\"@type\":\"WebSite\",\"@id\":\"https:\\\/\\\/hoytundertaket.no\\\/moss\\\/#website\",\"url\":\"https:\\\/\\\/hoytundertaket.no\\\/moss\\\/\",\"name\":\"H\u00f8yt Under Taket Moss\",\"description\":\"Klatring for alle\",\"publisher\":{\"@id\":\"https:\\\/\\\/hoytundertaket.no\\\/moss\\\/#organization\"},\"potentialAction\":[{\"@type\":\"SearchAction\",\"target\":{\"@type\":\"EntryPoint\",\"urlTemplate\":\"https:\\\/\\\/hoytundertaket.no\\\/moss\\\/?s={search_term_string}\"},\"query-input\":{\"@type\":\"PropertyValueSpecification\",\"valueRequired\":true,\"valueName\":\"search_term_string\"}}],\"inLanguage\":\"nb-NO\"},{\"@type\":[\"Organization\",\"Place\"],\"@id\":\"https:\\\/\\\/hoytundertaket.no\\\/moss\\\/#organization\",\"name\":\"H\u00f8yt Under Taket Moss\",\"url\":\"https:\\\/\\\/hoytundertaket.no\\\/moss\\\/\",\"logo\":{\"@id\":\"https:\\\/\\\/hoytundertaket.no\\\/moss\\\/#local-main-organization-logo\"},\"image\":{\"@id\":\"https:\\\/\\\/hoytundertaket.no\\\/moss\\\/#local-main-organization-logo\"},\"telephone\":[],\"openingHoursSpecification\":[{\"@type\":\"OpeningHoursSpecification\",\"dayOfWeek\":[\"Monday\",\"Tuesday\",\"Wednesday\",\"Thursday\",\"Friday\",\"Saturday\",\"Sunday\"],\"opens\":\"09:00\",\"closes\":\"17:00\"}]},{\"@type\":\"ImageObject\",\"inLanguage\":\"nb-NO\",\"@id\":\"https:\\\/\\\/hoytundertaket.no\\\/moss\\\/#local-main-organization-logo\",\"url\":\"https:\\\/\\\/hoytundertaket.no\\\/moss\\\/wp-content\\\/uploads\\\/sites\\\/6\\\/2024\\\/05\\\/hut-logo-moss-horisontal-pos.svg\",\"contentUrl\":\"https:\\\/\\\/hoytundertaket.no\\\/moss\\\/wp-content\\\/uploads\\\/sites\\\/6\\\/2024\\\/05\\\/hut-logo-moss-horisontal-pos.svg\",\"width\":340,\"height\":110,\"caption\":\"H\u00f8yt Under Taket Moss\"}]}<\/script>\n<!-- \/ Yoast SEO plugin. -->","yoast_head_json":{"title":"H\u00f8yt Under Taket Moss","description":"Bes\u00f8k H\u00f8yt Under Taket Moss i dag! Du kan pr\u00f8ve opplevelsesklatring, klatrel\u00f8yper, buldring og tauklatring. Perfekt for b\u00e5de barn og voksne!","robots":{"index":"index","follow":"follow","max-snippet":"max-snippet:-1","max-image-preview":"max-image-preview:large","max-video-preview":"max-video-preview:-1"},"canonical":"https:\/\/hoytundertaket.no\/moss\/","og_locale":"nb_NO","og_type":"article","og_title":"H\u00f8yt Under Taket Moss","og_description":"Bes\u00f8k H\u00f8yt Under Taket Moss i dag! Du kan pr\u00f8ve opplevelsesklatring, klatrel\u00f8yper, buldring og tauklatring. Perfekt for b\u00e5de barn og voksne!","og_url":"https:\/\/hoytundertaket.no\/moss\/","og_site_name":"H\u00f8yt Under Taket Moss","article_modified_time":"2026-04-17T12:50:54+00:00","og_image":[{"width":1080,"height":720,"url":"https:\/\/hoytundertaket.no\/moss\/wp-content\/uploads\/sites\/6\/2025\/02\/apning_Moss_buldring_HTL_04804_Foto_Henrik__Kihlstrand-1.jpg","type":"image\/jpeg"}],"twitter_card":"summary_large_image","twitter_misc":{"Ansl. lesetid":"3 minutter"},"schema":{"@context":"https:\/\/schema.org","@graph":[{"@type":"WebPage","@id":"https:\/\/hoytundertaket.no\/moss\/","url":"https:\/\/hoytundertaket.no\/moss\/","name":"H\u00f8yt Under Taket Moss","isPartOf":{"@id":"https:\/\/hoytundertaket.no\/moss\/#website"},"datePublished":"2023-02-02T14:26:51+00:00","dateModified":"2026-04-17T12:50:54+00:00","description":"Bes\u00f8k H\u00f8yt Under Taket Moss i dag! Du kan pr\u00f8ve opplevelsesklatring, klatrel\u00f8yper, buldring og tauklatring. Perfekt for b\u00e5de barn og voksne!","breadcrumb":{"@id":"https:\/\/hoytundertaket.no\/moss\/#breadcrumb"},"inLanguage":"nb-NO","potentialAction":[{"@type":"ReadAction","target":["https:\/\/hoytundertaket.no\/moss\/"]}]},{"@type":"BreadcrumbList","@id":"https:\/\/hoytundertaket.no\/moss\/#breadcrumb","itemListElement":[{"@type":"ListItem","position":1,"name":"Hjem","item":"https:\/\/hoytundertaket.no\/moss\/"},{"@type":"ListItem","position":2,"name":"Forside"}]},{"@type":"WebSite","@id":"https:\/\/hoytundertaket.no\/moss\/#website","url":"https:\/\/hoytundertaket.no\/moss\/","name":"H\u00f8yt Under Taket Moss","description":"Klatring for alle","publisher":{"@id":"https:\/\/hoytundertaket.no\/moss\/#organization"},"potentialAction":[{"@type":"SearchAction","target":{"@type":"EntryPoint","urlTemplate":"https:\/\/hoytundertaket.no\/moss\/?s={search_term_string}"},"query-input":{"@type":"PropertyValueSpecification","valueRequired":true,"valueName":"search_term_string"}}],"inLanguage":"nb-NO"},{"@type":["Organization","Place"],"@id":"https:\/\/hoytundertaket.no\/moss\/#organization","name":"H\u00f8yt Under Taket Moss","url":"https:\/\/hoytundertaket.no\/moss\/","logo":{"@id":"https:\/\/hoytundertaket.no\/moss\/#local-main-organization-logo"},"image":{"@id":"https:\/\/hoytundertaket.no\/moss\/#local-main-organization-logo"},"telephone":[],"openingHoursSpecification":[{"@type":"OpeningHoursSpecification","dayOfWeek":["Monday","Tuesday","Wednesday","Thursday","Friday","Saturday","Sunday"],"opens":"09:00","closes":"17:00"}]},{"@type":"ImageObject","inLanguage":"nb-NO","@id":"https:\/\/hoytundertaket.no\/moss\/#local-main-organization-logo","url":"https:\/\/hoytundertaket.no\/moss\/wp-content\/uploads\/sites\/6\/2024\/05\/hut-logo-moss-horisontal-pos.svg","contentUrl":"https:\/\/hoytundertaket.no\/moss\/wp-content\/uploads\/sites\/6\/2024\/05\/hut-logo-moss-horisontal-pos.svg","width":340,"height":110,"caption":"H\u00f8yt Under Taket Moss"}]}},"_links":{"self":[{"href":"https:\/\/hoytundertaket.no\/moss\/wp-json\/wp\/v2\/pages\/2","targetHints":{"allow":["GET"]}}],"collection":[{"href":"https:\/\/hoytundertaket.no\/moss\/wp-json\/wp\/v2\/pages"}],"about":[{"href":"https:\/\/hoytundertaket.no\/moss\/wp-json\/wp\/v2\/types\/page"}],"author":[{"embeddable":true,"href":"https:\/\/hoytundertaket.no\/moss\/wp-json\/wp\/v2\/users\/1"}],"replies":[{"embeddable":true,"href":"https:\/\/hoytundertaket.no\/moss\/wp-json\/wp\/v2\/comments?post=2"}],"version-history":[{"count":154,"href":"https:\/\/hoytundertaket.no\/moss\/wp-json\/wp\/v2\/pages\/2\/revisions"}],"predecessor-version":[{"id":1830,"href":"https:\/\/hoytundertaket.no\/moss\/wp-json\/wp\/v2\/pages\/2\/revisions\/1830"}],"wp:attachment":[{"href":"https:\/\/hoytundertaket.no\/moss\/wp-json\/wp\/v2\/media?parent=2"}],"curies":[{"name":"wp","href":"https:\/\/api.w.org\/{rel}","templated":true}]}}