{"id":283,"date":"2023-02-02T15:43:31","date_gmt":"2023-02-02T14:43:31","guid":{"rendered":"https:\/\/hoytundertaket.no\/moss\/?page_id=283"},"modified":"2026-03-26T16:02:37","modified_gmt":"2026-03-26T15:02:37","slug":"bursdag","status":"publish","type":"page","link":"https:\/\/hoytundertaket.no\/moss\/grupper\/bursdag\/","title":{"rendered":"Bursdag"},"content":{"rendered":"","protected":false},"excerpt":{"rendered":"","protected":false},"author":1,"featured_media":1504,"parent":1432,"menu_order":0,"comment_status":"closed","ping_status":"closed","template":"page-birthday.php","meta":{"_acf_changed":false,"footnotes":""},"class_list":["post-283","page","type-page","status-publish","has-post-thumbnail","hentry"],"acf":[],"yoast_head":"<!-- This site is optimized with the Yoast SEO plugin v26.9 - https:\/\/yoast.com\/product\/yoast-seo-wordpress\/ -->\n<title>Bursdag - H\u00f8yt Under Taket Moss<\/title>\n<meta name=\"description\" content=\"Aktiv bursdag i Moss hos H\u00f8yt Under Taket! Klatring, sommerfugler i magen og eget bursdagst\u00e5rn hvor kake og mat kan nytes.\" \/>\n<meta name=\"robots\" content=\"index, follow, max-snippet:-1, max-image-preview:large, max-video-preview:-1\" \/>\n<link rel=\"canonical\" href=\"https:\/\/hoytundertaket.no\/moss\/grupper\/bursdag\/\" \/>\n<meta property=\"og:locale\" content=\"nb_NO\" \/>\n<meta property=\"og:type\" content=\"article\" \/>\n<meta property=\"og:title\" content=\"Bursdag - H\u00f8yt Under Taket Moss\" \/>\n<meta property=\"og:description\" content=\"Aktiv bursdag i Moss hos H\u00f8yt Under Taket! Klatring, sommerfugler i magen og eget bursdagst\u00e5rn hvor kake og mat kan nytes.\" \/>\n<meta property=\"og:url\" content=\"https:\/\/hoytundertaket.no\/moss\/grupper\/bursdag\/\" \/>\n<meta property=\"og:site_name\" content=\"H\u00f8yt Under Taket Moss\" \/>\n<meta property=\"article:modified_time\" content=\"2026-03-26T15:02:37+00:00\" \/>\n<meta property=\"og:image\" content=\"https:\/\/hoytundertaket.no\/moss\/wp-content\/uploads\/sites\/6\/2025\/10\/Bursdag-.jpg\" \/>\n\t<meta property=\"og:image:width\" content=\"1920\" \/>\n\t<meta property=\"og:image:height\" content=\"1080\" \/>\n\t<meta property=\"og:image:type\" content=\"image\/jpeg\" \/>\n<meta name=\"twitter:card\" content=\"summary_large_image\" \/>\n<meta name=\"twitter:label1\" content=\"Ansl. lesetid\" \/>\n\t<meta name=\"twitter:data1\" content=\"3 minutter\" \/>\n<script type=\"application\/ld+json\" class=\"yoast-schema-graph\">{\"@context\":\"https:\/\/schema.org\",\"@graph\":[{\"@type\":\"WebPage\",\"@id\":\"https:\/\/hoytundertaket.no\/moss\/grupper\/bursdag\/\",\"url\":\"https:\/\/hoytundertaket.no\/moss\/grupper\/bursdag\/\",\"name\":\"Bursdag - H\u00f8yt Under Taket Moss\",\"isPartOf\":{\"@id\":\"https:\/\/hoytundertaket.no\/moss\/#website\"},\"primaryImageOfPage\":{\"@id\":\"https:\/\/hoytundertaket.no\/moss\/grupper\/bursdag\/#primaryimage\"},\"image\":{\"@id\":\"https:\/\/hoytundertaket.no\/moss\/grupper\/bursdag\/#primaryimage\"},\"thumbnailUrl\":\"https:\/\/hoytundertaket.no\/moss\/wp-content\/uploads\/sites\/6\/2025\/10\/Bursdag-.jpg\",\"datePublished\":\"2023-02-02T14:43:31+00:00\",\"dateModified\":\"2026-03-26T15:02:37+00:00\",\"description\":\"Aktiv bursdag i Moss hos H\u00f8yt Under Taket! Klatring, sommerfugler i magen og eget bursdagst\u00e5rn hvor kake og mat kan nytes.\",\"breadcrumb\":{\"@id\":\"https:\/\/hoytundertaket.no\/moss\/grupper\/bursdag\/#breadcrumb\"},\"inLanguage\":\"nb-NO\",\"potentialAction\":[{\"@type\":\"ReadAction\",\"target\":[\"https:\/\/hoytundertaket.no\/moss\/grupper\/bursdag\/\"]}]},{\"@type\":\"ImageObject\",\"inLanguage\":\"nb-NO\",\"@id\":\"https:\/\/hoytundertaket.no\/moss\/grupper\/bursdag\/#primaryimage\",\"url\":\"https:\/\/hoytundertaket.no\/moss\/wp-content\/uploads\/sites\/6\/2025\/10\/Bursdag-.jpg\",\"contentUrl\":\"https:\/\/hoytundertaket.no\/moss\/wp-content\/uploads\/sites\/6\/2025\/10\/Bursdag-.jpg\",\"width\":1920,\"height\":1080,\"caption\":\"Pause med mat og bursdagskos etter klatring i Moss.\"},{\"@type\":\"BreadcrumbList\",\"@id\":\"https:\/\/hoytundertaket.no\/moss\/grupper\/bursdag\/#breadcrumb\",\"itemListElement\":[{\"@type\":\"ListItem\",\"position\":1,\"name\":\"Hjem\",\"item\":\"https:\/\/hoytundertaket.no\/moss\/\"},{\"@type\":\"ListItem\",\"position\":2,\"name\":\"Grupper\",\"item\":\"https:\/\/hoytundertaket.no\/moss\/grupper\/\"},{\"@type\":\"ListItem\",\"position\":3,\"name\":\"Bursdag\"}]},{\"@type\":\"WebSite\",\"@id\":\"https:\/\/hoytundertaket.no\/moss\/#website\",\"url\":\"https:\/\/hoytundertaket.no\/moss\/\",\"name\":\"H\u00f8yt Under Taket Moss\",\"description\":\"Klatring for alle\",\"publisher\":{\"@id\":\"https:\/\/hoytundertaket.no\/moss\/#organization\"},\"potentialAction\":[{\"@type\":\"SearchAction\",\"target\":{\"@type\":\"EntryPoint\",\"urlTemplate\":\"https:\/\/hoytundertaket.no\/moss\/?s={search_term_string}\"},\"query-input\":{\"@type\":\"PropertyValueSpecification\",\"valueRequired\":true,\"valueName\":\"search_term_string\"}}],\"inLanguage\":\"nb-NO\"},{\"@type\":[\"Organization\",\"Place\"],\"@id\":\"https:\/\/hoytundertaket.no\/moss\/#organization\",\"name\":\"H\u00f8yt Under Taket Moss\",\"url\":\"https:\/\/hoytundertaket.no\/moss\/\",\"logo\":{\"@id\":\"https:\/\/hoytundertaket.no\/moss\/grupper\/bursdag\/#local-main-organization-logo\"},\"image\":{\"@id\":\"https:\/\/hoytundertaket.no\/moss\/grupper\/bursdag\/#local-main-organization-logo\"},\"telephone\":[],\"openingHoursSpecification\":[{\"@type\":\"OpeningHoursSpecification\",\"dayOfWeek\":[\"Monday\",\"Tuesday\",\"Wednesday\",\"Thursday\",\"Friday\",\"Saturday\",\"Sunday\"],\"opens\":\"09:00\",\"closes\":\"17:00\"}]},{\"@type\":\"ImageObject\",\"inLanguage\":\"nb-NO\",\"@id\":\"https:\/\/hoytundertaket.no\/moss\/grupper\/bursdag\/#local-main-organization-logo\",\"url\":\"https:\/\/hoytundertaket.no\/moss\/wp-content\/uploads\/sites\/6\/2024\/05\/hut-logo-moss-horisontal-pos.svg\",\"contentUrl\":\"https:\/\/hoytundertaket.no\/moss\/wp-content\/uploads\/sites\/6\/2024\/05\/hut-logo-moss-horisontal-pos.svg\",\"width\":340,\"height\":110,\"caption\":\"H\u00f8yt Under Taket Moss\"}]}<\/script>\n<!-- \/ Yoast SEO plugin. -->","yoast_head_json":{"title":"Bursdag - H\u00f8yt Under Taket Moss","description":"Aktiv bursdag i Moss hos H\u00f8yt Under Taket! Klatring, sommerfugler i magen og eget bursdagst\u00e5rn hvor kake og mat kan nytes.","robots":{"index":"index","follow":"follow","max-snippet":"max-snippet:-1","max-image-preview":"max-image-preview:large","max-video-preview":"max-video-preview:-1"},"canonical":"https:\/\/hoytundertaket.no\/moss\/grupper\/bursdag\/","og_locale":"nb_NO","og_type":"article","og_title":"Bursdag - H\u00f8yt Under Taket Moss","og_description":"Aktiv bursdag i Moss hos H\u00f8yt Under Taket! Klatring, sommerfugler i magen og eget bursdagst\u00e5rn hvor kake og mat kan nytes.","og_url":"https:\/\/hoytundertaket.no\/moss\/grupper\/bursdag\/","og_site_name":"H\u00f8yt Under Taket Moss","article_modified_time":"2026-03-26T15:02:37+00:00","og_image":[{"width":1920,"height":1080,"url":"https:\/\/hoytundertaket.no\/moss\/wp-content\/uploads\/sites\/6\/2025\/10\/Bursdag-.jpg","type":"image\/jpeg"}],"twitter_card":"summary_large_image","twitter_misc":{"Ansl. lesetid":"3 minutter"},"schema":{"@context":"https:\/\/schema.org","@graph":[{"@type":"WebPage","@id":"https:\/\/hoytundertaket.no\/moss\/grupper\/bursdag\/","url":"https:\/\/hoytundertaket.no\/moss\/grupper\/bursdag\/","name":"Bursdag - H\u00f8yt Under Taket Moss","isPartOf":{"@id":"https:\/\/hoytundertaket.no\/moss\/#website"},"primaryImageOfPage":{"@id":"https:\/\/hoytundertaket.no\/moss\/grupper\/bursdag\/#primaryimage"},"image":{"@id":"https:\/\/hoytundertaket.no\/moss\/grupper\/bursdag\/#primaryimage"},"thumbnailUrl":"https:\/\/hoytundertaket.no\/moss\/wp-content\/uploads\/sites\/6\/2025\/10\/Bursdag-.jpg","datePublished":"2023-02-02T14:43:31+00:00","dateModified":"2026-03-26T15:02:37+00:00","description":"Aktiv bursdag i Moss hos H\u00f8yt Under Taket! Klatring, sommerfugler i magen og eget bursdagst\u00e5rn hvor kake og mat kan nytes.","breadcrumb":{"@id":"https:\/\/hoytundertaket.no\/moss\/grupper\/bursdag\/#breadcrumb"},"inLanguage":"nb-NO","potentialAction":[{"@type":"ReadAction","target":["https:\/\/hoytundertaket.no\/moss\/grupper\/bursdag\/"]}]},{"@type":"ImageObject","inLanguage":"nb-NO","@id":"https:\/\/hoytundertaket.no\/moss\/grupper\/bursdag\/#primaryimage","url":"https:\/\/hoytundertaket.no\/moss\/wp-content\/uploads\/sites\/6\/2025\/10\/Bursdag-.jpg","contentUrl":"https:\/\/hoytundertaket.no\/moss\/wp-content\/uploads\/sites\/6\/2025\/10\/Bursdag-.jpg","width":1920,"height":1080,"caption":"Pause med mat og bursdagskos etter klatring i Moss."},{"@type":"BreadcrumbList","@id":"https:\/\/hoytundertaket.no\/moss\/grupper\/bursdag\/#breadcrumb","itemListElement":[{"@type":"ListItem","position":1,"name":"Hjem","item":"https:\/\/hoytundertaket.no\/moss\/"},{"@type":"ListItem","position":2,"name":"Grupper","item":"https:\/\/hoytundertaket.no\/moss\/grupper\/"},{"@type":"ListItem","position":3,"name":"Bursdag"}]},{"@type":"WebSite","@id":"https:\/\/hoytundertaket.no\/moss\/#website","url":"https:\/\/hoytundertaket.no\/moss\/","name":"H\u00f8yt Under Taket Moss","description":"Klatring for alle","publisher":{"@id":"https:\/\/hoytundertaket.no\/moss\/#organization"},"potentialAction":[{"@type":"SearchAction","target":{"@type":"EntryPoint","urlTemplate":"https:\/\/hoytundertaket.no\/moss\/?s={search_term_string}"},"query-input":{"@type":"PropertyValueSpecification","valueRequired":true,"valueName":"search_term_string"}}],"inLanguage":"nb-NO"},{"@type":["Organization","Place"],"@id":"https:\/\/hoytundertaket.no\/moss\/#organization","name":"H\u00f8yt Under Taket Moss","url":"https:\/\/hoytundertaket.no\/moss\/","logo":{"@id":"https:\/\/hoytundertaket.no\/moss\/grupper\/bursdag\/#local-main-organization-logo"},"image":{"@id":"https:\/\/hoytundertaket.no\/moss\/grupper\/bursdag\/#local-main-organization-logo"},"telephone":[],"openingHoursSpecification":[{"@type":"OpeningHoursSpecification","dayOfWeek":["Monday","Tuesday","Wednesday","Thursday","Friday","Saturday","Sunday"],"opens":"09:00","closes":"17:00"}]},{"@type":"ImageObject","inLanguage":"nb-NO","@id":"https:\/\/hoytundertaket.no\/moss\/grupper\/bursdag\/#local-main-organization-logo","url":"https:\/\/hoytundertaket.no\/moss\/wp-content\/uploads\/sites\/6\/2024\/05\/hut-logo-moss-horisontal-pos.svg","contentUrl":"https:\/\/hoytundertaket.no\/moss\/wp-content\/uploads\/sites\/6\/2024\/05\/hut-logo-moss-horisontal-pos.svg","width":340,"height":110,"caption":"H\u00f8yt Under Taket Moss"}]}},"_links":{"self":[{"href":"https:\/\/hoytundertaket.no\/moss\/wp-json\/wp\/v2\/pages\/283","targetHints":{"allow":["GET"]}}],"collection":[{"href":"https:\/\/hoytundertaket.no\/moss\/wp-json\/wp\/v2\/pages"}],"about":[{"href":"https:\/\/hoytundertaket.no\/moss\/wp-json\/wp\/v2\/types\/page"}],"author":[{"embeddable":true,"href":"https:\/\/hoytundertaket.no\/moss\/wp-json\/wp\/v2\/users\/1"}],"replies":[{"embeddable":true,"href":"https:\/\/hoytundertaket.no\/moss\/wp-json\/wp\/v2\/comments?post=283"}],"version-history":[{"count":17,"href":"https:\/\/hoytundertaket.no\/moss\/wp-json\/wp\/v2\/pages\/283\/revisions"}],"predecessor-version":[{"id":1810,"href":"https:\/\/hoytundertaket.no\/moss\/wp-json\/wp\/v2\/pages\/283\/revisions\/1810"}],"up":[{"embeddable":true,"href":"https:\/\/hoytundertaket.no\/moss\/wp-json\/wp\/v2\/pages\/1432"}],"wp:featuredmedia":[{"embeddable":true,"href":"https:\/\/hoytundertaket.no\/moss\/wp-json\/wp\/v2\/media\/1504"}],"wp:attachment":[{"href":"https:\/\/hoytundertaket.no\/moss\/wp-json\/wp\/v2\/media?parent=283"}],"curies":[{"name":"wp","href":"https:\/\/api.w.org\/{rel}","templated":true}]}}