{"id":301,"date":"2023-02-02T15:48:24","date_gmt":"2023-02-02T14:48:24","guid":{"rendered":"https:\/\/hoytundertaket.no\/moss\/?page_id=301"},"modified":"2025-02-19T16:45:37","modified_gmt":"2025-02-19T15:45:37","slug":"galleri","status":"publish","type":"page","link":"https:\/\/hoytundertaket.no\/moss\/informasjon\/galleri\/","title":{"rendered":"Galleri"},"content":{"rendered":"\n<figure class=\"wp-block-embed is-type-video is-provider-youtube wp-block-embed-youtube wp-embed-aspect-16-9 wp-has-aspect-ratio\"><div class=\"wp-block-embed__wrapper\">\n<iframe loading=\"lazy\" title=\"Spektakul\u00e6r FPV dronefilm fra H\u00f8yt Under Taket Moss \ud83d\ude80\ud83e\uddd7\u200d\u2642\ufe0f\" width=\"640\" height=\"360\" src=\"https:\/\/www.youtube.com\/embed\/NxROpCMdsLQ?feature=oembed\" frameborder=\"0\" allow=\"accelerometer; autoplay; clipboard-write; encrypted-media; gyroscope; picture-in-picture; web-share\" referrerpolicy=\"strict-origin-when-cross-origin\" allowfullscreen><\/iframe>\n<\/div><\/figure>\n\n\n\n<figure class=\"wp-block-gallery has-nested-images columns-default is-cropped wp-block-gallery-1 is-layout-flex wp-block-gallery-is-layout-flex\">\n<figure class=\"wp-block-image size-large\"><img loading=\"lazy\" decoding=\"async\" width=\"576\" height=\"1024\" data-id=\"1096\" src=\"https:\/\/hoytundertaket.no\/moss\/wp-content\/uploads\/sites\/6\/2024\/11\/hut-galleri.png\" alt=\"\" class=\"wp-image-1096\" srcset=\"https:\/\/hoytundertaket.no\/moss\/wp-content\/uploads\/sites\/6\/2024\/11\/hut-galleri.png 576w, https:\/\/hoytundertaket.no\/moss\/wp-content\/uploads\/sites\/6\/2024\/11\/hut-galleri-169x300.png 169w, https:\/\/hoytundertaket.no\/moss\/wp-content\/uploads\/sites\/6\/2024\/11\/hut-galleri-14x24.png 14w, https:\/\/hoytundertaket.no\/moss\/wp-content\/uploads\/sites\/6\/2024\/11\/hut-galleri-20x36.png 20w, https:\/\/hoytundertaket.no\/moss\/wp-content\/uploads\/sites\/6\/2024\/11\/hut-galleri-27x48.png 27w\" sizes=\"auto, (max-width: 576px) 100vw, 576px\" \/><\/figure>\n\n\n\n<figure class=\"wp-block-image size-large\"><img loading=\"lazy\" decoding=\"async\" width=\"683\" height=\"1024\" data-id=\"1057\" src=\"https:\/\/hoytundertaket.no\/moss\/wp-content\/uploads\/sites\/6\/2024\/09\/apning_Moss_buldring_HTL_04806_Foto_Henrik__Kihlstrand-683x1024.jpg\" alt=\"\" class=\"wp-image-1057\" srcset=\"https:\/\/hoytundertaket.no\/moss\/wp-content\/uploads\/sites\/6\/2024\/09\/apning_Moss_buldring_HTL_04806_Foto_Henrik__Kihlstrand-683x1024.jpg 683w, https:\/\/hoytundertaket.no\/moss\/wp-content\/uploads\/sites\/6\/2024\/09\/apning_Moss_buldring_HTL_04806_Foto_Henrik__Kihlstrand-200x300.jpg 200w, https:\/\/hoytundertaket.no\/moss\/wp-content\/uploads\/sites\/6\/2024\/09\/apning_Moss_buldring_HTL_04806_Foto_Henrik__Kihlstrand-16x24.jpg 16w, https:\/\/hoytundertaket.no\/moss\/wp-content\/uploads\/sites\/6\/2024\/09\/apning_Moss_buldring_HTL_04806_Foto_Henrik__Kihlstrand-24x36.jpg 24w, https:\/\/hoytundertaket.no\/moss\/wp-content\/uploads\/sites\/6\/2024\/09\/apning_Moss_buldring_HTL_04806_Foto_Henrik__Kihlstrand-32x48.jpg 32w, https:\/\/hoytundertaket.no\/moss\/wp-content\/uploads\/sites\/6\/2024\/09\/apning_Moss_buldring_HTL_04806_Foto_Henrik__Kihlstrand.jpg 720w\" sizes=\"auto, (max-width: 683px) 100vw, 683px\" \/><\/figure>\n\n\n\n<figure class=\"wp-block-image size-large\"><img loading=\"lazy\" decoding=\"async\" width=\"683\" height=\"1024\" data-id=\"1059\" src=\"https:\/\/hoytundertaket.no\/moss\/wp-content\/uploads\/sites\/6\/2024\/09\/apning_Moss_buldring_HTL_04805_Foto_Henrik__Kihlstrand-683x1024.jpg\" alt=\"\" class=\"wp-image-1059\" srcset=\"https:\/\/hoytundertaket.no\/moss\/wp-content\/uploads\/sites\/6\/2024\/09\/apning_Moss_buldring_HTL_04805_Foto_Henrik__Kihlstrand-683x1024.jpg 683w, https:\/\/hoytundertaket.no\/moss\/wp-content\/uploads\/sites\/6\/2024\/09\/apning_Moss_buldring_HTL_04805_Foto_Henrik__Kihlstrand-200x300.jpg 200w, https:\/\/hoytundertaket.no\/moss\/wp-content\/uploads\/sites\/6\/2024\/09\/apning_Moss_buldring_HTL_04805_Foto_Henrik__Kihlstrand-16x24.jpg 16w, https:\/\/hoytundertaket.no\/moss\/wp-content\/uploads\/sites\/6\/2024\/09\/apning_Moss_buldring_HTL_04805_Foto_Henrik__Kihlstrand-24x36.jpg 24w, https:\/\/hoytundertaket.no\/moss\/wp-content\/uploads\/sites\/6\/2024\/09\/apning_Moss_buldring_HTL_04805_Foto_Henrik__Kihlstrand-32x48.jpg 32w, https:\/\/hoytundertaket.no\/moss\/wp-content\/uploads\/sites\/6\/2024\/09\/apning_Moss_buldring_HTL_04805_Foto_Henrik__Kihlstrand.jpg 720w\" sizes=\"auto, (max-width: 683px) 100vw, 683px\" \/><\/figure>\n\n\n\n<figure class=\"wp-block-image size-large\"><img loading=\"lazy\" decoding=\"async\" width=\"1024\" height=\"683\" data-id=\"1060\" src=\"https:\/\/hoytundertaket.no\/moss\/wp-content\/uploads\/sites\/6\/2024\/09\/apning_Moss_buldring_HTL_04803_Foto_Henrik__Kihlstrand-1024x683.jpg\" alt=\"\" class=\"wp-image-1060\" srcset=\"https:\/\/hoytundertaket.no\/moss\/wp-content\/uploads\/sites\/6\/2024\/09\/apning_Moss_buldring_HTL_04803_Foto_Henrik__Kihlstrand-1024x683.jpg 1024w, https:\/\/hoytundertaket.no\/moss\/wp-content\/uploads\/sites\/6\/2024\/09\/apning_Moss_buldring_HTL_04803_Foto_Henrik__Kihlstrand-300x200.jpg 300w, https:\/\/hoytundertaket.no\/moss\/wp-content\/uploads\/sites\/6\/2024\/09\/apning_Moss_buldring_HTL_04803_Foto_Henrik__Kihlstrand-768x512.jpg 768w, https:\/\/hoytundertaket.no\/moss\/wp-content\/uploads\/sites\/6\/2024\/09\/apning_Moss_buldring_HTL_04803_Foto_Henrik__Kihlstrand-24x16.jpg 24w, https:\/\/hoytundertaket.no\/moss\/wp-content\/uploads\/sites\/6\/2024\/09\/apning_Moss_buldring_HTL_04803_Foto_Henrik__Kihlstrand-36x24.jpg 36w, https:\/\/hoytundertaket.no\/moss\/wp-content\/uploads\/sites\/6\/2024\/09\/apning_Moss_buldring_HTL_04803_Foto_Henrik__Kihlstrand-48x32.jpg 48w, https:\/\/hoytundertaket.no\/moss\/wp-content\/uploads\/sites\/6\/2024\/09\/apning_Moss_buldring_HTL_04803_Foto_Henrik__Kihlstrand.jpg 1080w\" sizes=\"auto, (max-width: 1024px) 100vw, 1024px\" \/><\/figure>\n\n\n\n<figure class=\"wp-block-image size-large\"><img loading=\"lazy\" decoding=\"async\" width=\"1024\" height=\"683\" data-id=\"1058\" src=\"https:\/\/hoytundertaket.no\/moss\/wp-content\/uploads\/sites\/6\/2024\/09\/apning_Moss_buldring_HTL_04801_Foto_Henrik__Kihlstrand-1024x683.jpg\" alt=\"\" class=\"wp-image-1058\" srcset=\"https:\/\/hoytundertaket.no\/moss\/wp-content\/uploads\/sites\/6\/2024\/09\/apning_Moss_buldring_HTL_04801_Foto_Henrik__Kihlstrand-1024x683.jpg 1024w, https:\/\/hoytundertaket.no\/moss\/wp-content\/uploads\/sites\/6\/2024\/09\/apning_Moss_buldring_HTL_04801_Foto_Henrik__Kihlstrand-300x200.jpg 300w, https:\/\/hoytundertaket.no\/moss\/wp-content\/uploads\/sites\/6\/2024\/09\/apning_Moss_buldring_HTL_04801_Foto_Henrik__Kihlstrand-768x512.jpg 768w, https:\/\/hoytundertaket.no\/moss\/wp-content\/uploads\/sites\/6\/2024\/09\/apning_Moss_buldring_HTL_04801_Foto_Henrik__Kihlstrand-24x16.jpg 24w, https:\/\/hoytundertaket.no\/moss\/wp-content\/uploads\/sites\/6\/2024\/09\/apning_Moss_buldring_HTL_04801_Foto_Henrik__Kihlstrand-36x24.jpg 36w, https:\/\/hoytundertaket.no\/moss\/wp-content\/uploads\/sites\/6\/2024\/09\/apning_Moss_buldring_HTL_04801_Foto_Henrik__Kihlstrand-48x32.jpg 48w, https:\/\/hoytundertaket.no\/moss\/wp-content\/uploads\/sites\/6\/2024\/09\/apning_Moss_buldring_HTL_04801_Foto_Henrik__Kihlstrand.jpg 1080w\" sizes=\"auto, (max-width: 1024px) 100vw, 1024px\" \/><\/figure>\n\n\n\n<figure class=\"wp-block-image size-large\"><img loading=\"lazy\" decoding=\"async\" width=\"683\" height=\"1024\" data-id=\"1061\" src=\"https:\/\/hoytundertaket.no\/moss\/wp-content\/uploads\/sites\/6\/2024\/09\/apning_Moss_buldring_HTL_04807_Foto_Henrik__Kihlstrand-683x1024.jpg\" alt=\"\" class=\"wp-image-1061\" srcset=\"https:\/\/hoytundertaket.no\/moss\/wp-content\/uploads\/sites\/6\/2024\/09\/apning_Moss_buldring_HTL_04807_Foto_Henrik__Kihlstrand-683x1024.jpg 683w, https:\/\/hoytundertaket.no\/moss\/wp-content\/uploads\/sites\/6\/2024\/09\/apning_Moss_buldring_HTL_04807_Foto_Henrik__Kihlstrand-200x300.jpg 200w, https:\/\/hoytundertaket.no\/moss\/wp-content\/uploads\/sites\/6\/2024\/09\/apning_Moss_buldring_HTL_04807_Foto_Henrik__Kihlstrand-16x24.jpg 16w, https:\/\/hoytundertaket.no\/moss\/wp-content\/uploads\/sites\/6\/2024\/09\/apning_Moss_buldring_HTL_04807_Foto_Henrik__Kihlstrand-24x36.jpg 24w, https:\/\/hoytundertaket.no\/moss\/wp-content\/uploads\/sites\/6\/2024\/09\/apning_Moss_buldring_HTL_04807_Foto_Henrik__Kihlstrand-32x48.jpg 32w, https:\/\/hoytundertaket.no\/moss\/wp-content\/uploads\/sites\/6\/2024\/09\/apning_Moss_buldring_HTL_04807_Foto_Henrik__Kihlstrand.jpg 720w\" sizes=\"auto, (max-width: 683px) 100vw, 683px\" \/><\/figure>\n<\/figure>\n","protected":false},"excerpt":{"rendered":"","protected":false},"author":1,"featured_media":1059,"parent":289,"menu_order":0,"comment_status":"closed","ping_status":"closed","template":"page-gallery-2.php","meta":{"_acf_changed":false,"footnotes":""},"class_list":["post-301","page","type-page","status-publish","has-post-thumbnail","hentry"],"acf":[],"yoast_head":"<!-- This site is optimized with the Yoast SEO plugin v26.9 - https:\/\/yoast.com\/product\/yoast-seo-wordpress\/ -->\n<title>Galleri - H\u00f8yt Under Taket Moss<\/title>\n<meta name=\"description\" content=\"I galleri kan du se bilder og video fra aktivitetene v\u00e5re og bli inspirert! Se hva du kan oppleve hos oss p\u00e5 H\u00f8yt Under Taket Moss.\" \/>\n<meta name=\"robots\" content=\"index, follow, max-snippet:-1, max-image-preview:large, max-video-preview:-1\" \/>\n<link rel=\"canonical\" href=\"https:\/\/hoytundertaket.no\/moss\/informasjon\/galleri\/\" \/>\n<meta property=\"og:locale\" content=\"nb_NO\" \/>\n<meta property=\"og:type\" content=\"article\" \/>\n<meta property=\"og:title\" content=\"Galleri - H\u00f8yt Under Taket Moss\" \/>\n<meta property=\"og:description\" content=\"I galleri kan du se bilder og video fra aktivitetene v\u00e5re og bli inspirert! Se hva du kan oppleve hos oss p\u00e5 H\u00f8yt Under Taket Moss.\" \/>\n<meta property=\"og:url\" content=\"https:\/\/hoytundertaket.no\/moss\/informasjon\/galleri\/\" \/>\n<meta property=\"og:site_name\" content=\"H\u00f8yt Under Taket Moss\" \/>\n<meta property=\"article:modified_time\" content=\"2025-02-19T15:45:37+00:00\" \/>\n<meta property=\"og:image\" content=\"https:\/\/hoytundertaket.no\/moss\/wp-content\/uploads\/sites\/6\/2024\/09\/apning_Moss_buldring_HTL_04805_Foto_Henrik__Kihlstrand.jpg\" \/>\n\t<meta property=\"og:image:width\" content=\"720\" \/>\n\t<meta property=\"og:image:height\" content=\"1080\" \/>\n\t<meta property=\"og:image:type\" content=\"image\/jpeg\" \/>\n<meta name=\"twitter:card\" content=\"summary_large_image\" \/>\n<meta name=\"twitter:label1\" content=\"Ansl. lesetid\" \/>\n\t<meta name=\"twitter:data1\" content=\"2 minutter\" \/>\n<script type=\"application\/ld+json\" class=\"yoast-schema-graph\">{\"@context\":\"https:\/\/schema.org\",\"@graph\":[{\"@type\":\"WebPage\",\"@id\":\"https:\/\/hoytundertaket.no\/moss\/informasjon\/galleri\/\",\"url\":\"https:\/\/hoytundertaket.no\/moss\/informasjon\/galleri\/\",\"name\":\"Galleri - H\u00f8yt Under Taket Moss\",\"isPartOf\":{\"@id\":\"https:\/\/hoytundertaket.no\/moss\/#website\"},\"primaryImageOfPage\":{\"@id\":\"https:\/\/hoytundertaket.no\/moss\/informasjon\/galleri\/#primaryimage\"},\"image\":{\"@id\":\"https:\/\/hoytundertaket.no\/moss\/informasjon\/galleri\/#primaryimage\"},\"thumbnailUrl\":\"https:\/\/hoytundertaket.no\/moss\/wp-content\/uploads\/sites\/6\/2024\/09\/apning_Moss_buldring_HTL_04805_Foto_Henrik__Kihlstrand.jpg\",\"datePublished\":\"2023-02-02T14:48:24+00:00\",\"dateModified\":\"2025-02-19T15:45:37+00:00\",\"description\":\"I galleri kan du se bilder og video fra aktivitetene v\u00e5re og bli inspirert! Se hva du kan oppleve hos oss p\u00e5 H\u00f8yt Under Taket Moss.\",\"breadcrumb\":{\"@id\":\"https:\/\/hoytundertaket.no\/moss\/informasjon\/galleri\/#breadcrumb\"},\"inLanguage\":\"nb-NO\",\"potentialAction\":[{\"@type\":\"ReadAction\",\"target\":[\"https:\/\/hoytundertaket.no\/moss\/informasjon\/galleri\/\"]}]},{\"@type\":\"ImageObject\",\"inLanguage\":\"nb-NO\",\"@id\":\"https:\/\/hoytundertaket.no\/moss\/informasjon\/galleri\/#primaryimage\",\"url\":\"https:\/\/hoytundertaket.no\/moss\/wp-content\/uploads\/sites\/6\/2024\/09\/apning_Moss_buldring_HTL_04805_Foto_Henrik__Kihlstrand.jpg\",\"contentUrl\":\"https:\/\/hoytundertaket.no\/moss\/wp-content\/uploads\/sites\/6\/2024\/09\/apning_Moss_buldring_HTL_04805_Foto_Henrik__Kihlstrand.jpg\",\"width\":720,\"height\":1080,\"caption\":\"Innend\u00f8rs klatring med tau og sikring i klatreanlegget i Moss.\"},{\"@type\":\"BreadcrumbList\",\"@id\":\"https:\/\/hoytundertaket.no\/moss\/informasjon\/galleri\/#breadcrumb\",\"itemListElement\":[{\"@type\":\"ListItem\",\"position\":1,\"name\":\"Hjem\",\"item\":\"https:\/\/hoytundertaket.no\/moss\/\"},{\"@type\":\"ListItem\",\"position\":2,\"name\":\"Informasjon\",\"item\":\"https:\/\/hoytundertaket.no\/moss\/informasjon\/\"},{\"@type\":\"ListItem\",\"position\":3,\"name\":\"Galleri\"}]},{\"@type\":\"WebSite\",\"@id\":\"https:\/\/hoytundertaket.no\/moss\/#website\",\"url\":\"https:\/\/hoytundertaket.no\/moss\/\",\"name\":\"H\u00f8yt Under Taket Moss\",\"description\":\"Klatring for alle\",\"publisher\":{\"@id\":\"https:\/\/hoytundertaket.no\/moss\/#organization\"},\"potentialAction\":[{\"@type\":\"SearchAction\",\"target\":{\"@type\":\"EntryPoint\",\"urlTemplate\":\"https:\/\/hoytundertaket.no\/moss\/?s={search_term_string}\"},\"query-input\":{\"@type\":\"PropertyValueSpecification\",\"valueRequired\":true,\"valueName\":\"search_term_string\"}}],\"inLanguage\":\"nb-NO\"},{\"@type\":[\"Organization\",\"Place\"],\"@id\":\"https:\/\/hoytundertaket.no\/moss\/#organization\",\"name\":\"H\u00f8yt Under Taket Moss\",\"url\":\"https:\/\/hoytundertaket.no\/moss\/\",\"logo\":{\"@id\":\"https:\/\/hoytundertaket.no\/moss\/informasjon\/galleri\/#local-main-organization-logo\"},\"image\":{\"@id\":\"https:\/\/hoytundertaket.no\/moss\/informasjon\/galleri\/#local-main-organization-logo\"},\"telephone\":[],\"openingHoursSpecification\":[{\"@type\":\"OpeningHoursSpecification\",\"dayOfWeek\":[\"Monday\",\"Tuesday\",\"Wednesday\",\"Thursday\",\"Friday\",\"Saturday\",\"Sunday\"],\"opens\":\"09:00\",\"closes\":\"17:00\"}]},{\"@type\":\"ImageObject\",\"inLanguage\":\"nb-NO\",\"@id\":\"https:\/\/hoytundertaket.no\/moss\/informasjon\/galleri\/#local-main-organization-logo\",\"url\":\"https:\/\/hoytundertaket.no\/moss\/wp-content\/uploads\/sites\/6\/2024\/05\/hut-logo-moss-horisontal-pos.svg\",\"contentUrl\":\"https:\/\/hoytundertaket.no\/moss\/wp-content\/uploads\/sites\/6\/2024\/05\/hut-logo-moss-horisontal-pos.svg\",\"width\":340,\"height\":110,\"caption\":\"H\u00f8yt Under Taket Moss\"}]}<\/script>\n<!-- \/ Yoast SEO plugin. -->","yoast_head_json":{"title":"Galleri - H\u00f8yt Under Taket Moss","description":"I galleri kan du se bilder og video fra aktivitetene v\u00e5re og bli inspirert! Se hva du kan oppleve hos oss p\u00e5 H\u00f8yt Under Taket Moss.","robots":{"index":"index","follow":"follow","max-snippet":"max-snippet:-1","max-image-preview":"max-image-preview:large","max-video-preview":"max-video-preview:-1"},"canonical":"https:\/\/hoytundertaket.no\/moss\/informasjon\/galleri\/","og_locale":"nb_NO","og_type":"article","og_title":"Galleri - H\u00f8yt Under Taket Moss","og_description":"I galleri kan du se bilder og video fra aktivitetene v\u00e5re og bli inspirert! Se hva du kan oppleve hos oss p\u00e5 H\u00f8yt Under Taket Moss.","og_url":"https:\/\/hoytundertaket.no\/moss\/informasjon\/galleri\/","og_site_name":"H\u00f8yt Under Taket Moss","article_modified_time":"2025-02-19T15:45:37+00:00","og_image":[{"width":720,"height":1080,"url":"https:\/\/hoytundertaket.no\/moss\/wp-content\/uploads\/sites\/6\/2024\/09\/apning_Moss_buldring_HTL_04805_Foto_Henrik__Kihlstrand.jpg","type":"image\/jpeg"}],"twitter_card":"summary_large_image","twitter_misc":{"Ansl. lesetid":"2 minutter"},"schema":{"@context":"https:\/\/schema.org","@graph":[{"@type":"WebPage","@id":"https:\/\/hoytundertaket.no\/moss\/informasjon\/galleri\/","url":"https:\/\/hoytundertaket.no\/moss\/informasjon\/galleri\/","name":"Galleri - H\u00f8yt Under Taket Moss","isPartOf":{"@id":"https:\/\/hoytundertaket.no\/moss\/#website"},"primaryImageOfPage":{"@id":"https:\/\/hoytundertaket.no\/moss\/informasjon\/galleri\/#primaryimage"},"image":{"@id":"https:\/\/hoytundertaket.no\/moss\/informasjon\/galleri\/#primaryimage"},"thumbnailUrl":"https:\/\/hoytundertaket.no\/moss\/wp-content\/uploads\/sites\/6\/2024\/09\/apning_Moss_buldring_HTL_04805_Foto_Henrik__Kihlstrand.jpg","datePublished":"2023-02-02T14:48:24+00:00","dateModified":"2025-02-19T15:45:37+00:00","description":"I galleri kan du se bilder og video fra aktivitetene v\u00e5re og bli inspirert! Se hva du kan oppleve hos oss p\u00e5 H\u00f8yt Under Taket Moss.","breadcrumb":{"@id":"https:\/\/hoytundertaket.no\/moss\/informasjon\/galleri\/#breadcrumb"},"inLanguage":"nb-NO","potentialAction":[{"@type":"ReadAction","target":["https:\/\/hoytundertaket.no\/moss\/informasjon\/galleri\/"]}]},{"@type":"ImageObject","inLanguage":"nb-NO","@id":"https:\/\/hoytundertaket.no\/moss\/informasjon\/galleri\/#primaryimage","url":"https:\/\/hoytundertaket.no\/moss\/wp-content\/uploads\/sites\/6\/2024\/09\/apning_Moss_buldring_HTL_04805_Foto_Henrik__Kihlstrand.jpg","contentUrl":"https:\/\/hoytundertaket.no\/moss\/wp-content\/uploads\/sites\/6\/2024\/09\/apning_Moss_buldring_HTL_04805_Foto_Henrik__Kihlstrand.jpg","width":720,"height":1080,"caption":"Innend\u00f8rs klatring med tau og sikring i klatreanlegget i Moss."},{"@type":"BreadcrumbList","@id":"https:\/\/hoytundertaket.no\/moss\/informasjon\/galleri\/#breadcrumb","itemListElement":[{"@type":"ListItem","position":1,"name":"Hjem","item":"https:\/\/hoytundertaket.no\/moss\/"},{"@type":"ListItem","position":2,"name":"Informasjon","item":"https:\/\/hoytundertaket.no\/moss\/informasjon\/"},{"@type":"ListItem","position":3,"name":"Galleri"}]},{"@type":"WebSite","@id":"https:\/\/hoytundertaket.no\/moss\/#website","url":"https:\/\/hoytundertaket.no\/moss\/","name":"H\u00f8yt Under Taket Moss","description":"Klatring for alle","publisher":{"@id":"https:\/\/hoytundertaket.no\/moss\/#organization"},"potentialAction":[{"@type":"SearchAction","target":{"@type":"EntryPoint","urlTemplate":"https:\/\/hoytundertaket.no\/moss\/?s={search_term_string}"},"query-input":{"@type":"PropertyValueSpecification","valueRequired":true,"valueName":"search_term_string"}}],"inLanguage":"nb-NO"},{"@type":["Organization","Place"],"@id":"https:\/\/hoytundertaket.no\/moss\/#organization","name":"H\u00f8yt Under Taket Moss","url":"https:\/\/hoytundertaket.no\/moss\/","logo":{"@id":"https:\/\/hoytundertaket.no\/moss\/informasjon\/galleri\/#local-main-organization-logo"},"image":{"@id":"https:\/\/hoytundertaket.no\/moss\/informasjon\/galleri\/#local-main-organization-logo"},"telephone":[],"openingHoursSpecification":[{"@type":"OpeningHoursSpecification","dayOfWeek":["Monday","Tuesday","Wednesday","Thursday","Friday","Saturday","Sunday"],"opens":"09:00","closes":"17:00"}]},{"@type":"ImageObject","inLanguage":"nb-NO","@id":"https:\/\/hoytundertaket.no\/moss\/informasjon\/galleri\/#local-main-organization-logo","url":"https:\/\/hoytundertaket.no\/moss\/wp-content\/uploads\/sites\/6\/2024\/05\/hut-logo-moss-horisontal-pos.svg","contentUrl":"https:\/\/hoytundertaket.no\/moss\/wp-content\/uploads\/sites\/6\/2024\/05\/hut-logo-moss-horisontal-pos.svg","width":340,"height":110,"caption":"H\u00f8yt Under Taket Moss"}]}},"_links":{"self":[{"href":"https:\/\/hoytundertaket.no\/moss\/wp-json\/wp\/v2\/pages\/301","targetHints":{"allow":["GET"]}}],"collection":[{"href":"https:\/\/hoytundertaket.no\/moss\/wp-json\/wp\/v2\/pages"}],"about":[{"href":"https:\/\/hoytundertaket.no\/moss\/wp-json\/wp\/v2\/types\/page"}],"author":[{"embeddable":true,"href":"https:\/\/hoytundertaket.no\/moss\/wp-json\/wp\/v2\/users\/1"}],"replies":[{"embeddable":true,"href":"https:\/\/hoytundertaket.no\/moss\/wp-json\/wp\/v2\/comments?post=301"}],"version-history":[{"count":10,"href":"https:\/\/hoytundertaket.no\/moss\/wp-json\/wp\/v2\/pages\/301\/revisions"}],"predecessor-version":[{"id":1236,"href":"https:\/\/hoytundertaket.no\/moss\/wp-json\/wp\/v2\/pages\/301\/revisions\/1236"}],"up":[{"embeddable":true,"href":"https:\/\/hoytundertaket.no\/moss\/wp-json\/wp\/v2\/pages\/289"}],"wp:featuredmedia":[{"embeddable":true,"href":"https:\/\/hoytundertaket.no\/moss\/wp-json\/wp\/v2\/media\/1059"}],"wp:attachment":[{"href":"https:\/\/hoytundertaket.no\/moss\/wp-json\/wp\/v2\/media?parent=301"}],"curies":[{"name":"wp","href":"https:\/\/api.w.org\/{rel}","templated":true}]}}