{"id":423,"date":"2023-02-16T13:21:41","date_gmt":"2023-02-16T12:21:41","guid":{"rendered":"https:\/\/hoytundertaket.no\/moss\/?page_id=423"},"modified":"2023-02-17T13:24:45","modified_gmt":"2023-02-17T12:24:45","slug":"hoyt-under-taket-moss","status":"publish","type":"page","link":"https:\/\/hoytundertaket.no\/moss\/hoyt-under-taket-moss\/","title":{"rendered":"H\u00f8yt Under Taket Moss"},"content":{"rendered":"\n<p>P\u00e5 h\u00f8yda i Moss vil H\u00f8yt Under Taket Moss derimot \u00e5pnes i et helt nytt bygg. P\u00e5 tomta der i dag \u00abMoss\u2019 styggeste bygg\u00bb st\u00e5r vil et Sn\u00f8hetta-tegnet massivtrebygg reise seg som fugl F\u00f8nix opp av asken. Bygget blir det andre bygget av dette slaget i Norge, der det f\u00f8rste er H\u00f8yt Under Taket Skien som \u00e5pnet i september 2022 og i dag er et klatresenter i full drift. Bygget er av unikt utseende b\u00e5de innvendig og utvendig, og kunne ved ferdigstilling skilte med tittelen Norges tetteste trebygg.<\/p>\n\n\n\n<h3 class=\"wp-block-heading\" id=\"h-konseptet-hoyt-under-taket\">Konseptet H\u00f8yt Under Taket<\/h3>\n\n\n\n<p>Interessen for klatring er stor, b\u00e5de som sport for de profesjonelle og som breddeidrett for de som \u00f8nsker seg et annet tilbud enn ordin\u00e6r lagidrett og tilsvarende.<\/p>\n\n\n\n<blockquote class=\"wp-block-quote is-layout-flow wp-block-quote-is-layout-flow\"><p>Vi opplever stor rekruttering til klatring som aktivitet i v\u00e5re sentre. Klatresporten har for lengst blitt allemannseie, og vi f\u00e5r utallige gjester som overraskende uttaler at de aldri trodde klatring skulle v\u00e6re noe for de, men blir desto mer bitt av basillen. Klatring i et H\u00f8yt Under Taket senter er milj\u00f8skapende, inkluderende og passer for alle uansett ferdigheter.<\/p><cite>Gr\u00fcnder av H\u00f8yt &amp; Lavt Gruppen, Hans Chr Wilson.<\/cite><\/blockquote>\n\n\n\n<p>Etableringene av de nye sentrene p\u00e5 L\u00f8renskog, Moss og Eidsvoll vil \u00f8ke antallet H\u00f8yt Under Taket klatresenter i Norge til seks. De eksisterende finner man i T\u00f8nsberg, Skien og Bergen (Fana), alle i full drift.<\/p>\n\n\n\n<blockquote class=\"wp-block-quote is-layout-flow wp-block-quote-is-layout-flow\"><p>Med de nye klatresentrene vil vi v\u00e6re godt representert i S\u00f8r-Norge, og dette vil komme v\u00e5re medlemmer tilgode.<\/p><p>V\u00e5re medlemmer kan benytte seg av alle H\u00f8yt Under Taket senter i sitt medlemskap og dette tilbudet vil bare bli bedre og bedre i takt med v\u00e5r utvikling av konseptet og H\u00f8yt Under Taket nettverket. H\u00f8yt Under Taket er et breddetilbud innen klatring med tilbud for nybegynnere, viderekomne og de erfarne, og vi er veldig bevisste p\u00e5 \u00e5 senke den opplevde terskelen det er \u00e5 bes\u00f8ke et klatresenter for de som ikke har gjort det f\u00f8r. Mestringsf\u00f8lelse og klatreglede er to essensielle element hos oss, og viser at det er akkurat det v\u00e5re gjester vil ha.<\/p><p>Vi gleder oss stort til ny\u00e5pningene i tiden framover og i tr\u00e5d med visjonen v\u00e5r \u201dKlatring for Alle\u201d vil vi invitere inn gammel og ung, erfaren eller nybegynner til \u00e5 komme og klatre hos oss. Vi garanterer en spennende klatreopplevelse som passer akkurat deg.<\/p><cite>Daglig leder i H\u00f8yt Under Taket, Rune Osvold.<\/cite><\/blockquote>\n\n\n\n<h2 class=\"wp-block-heading\">Fakta<\/h2>\n\n\n\n<p><strong>H\u00f8yt Under Taket Moss:<\/strong><\/p>\n\n\n\n<ul class=\"wp-block-list\"><li>950 m2 gulvareal + 500 m2 mesanin<\/li><li>Klatrevegger 794 m2<\/li><li>Buldrevegger 350 m2<\/li><li>25 m2 barnerom<\/li><li>H\u00f8yeste klatrevegg: 14 m<\/li><li>Antall linjer klatreruter: 45<\/li><li>Antall topptau som henger klare: 6<\/li><li>Antall Autobelay: 30<\/li><li>Antall innend\u00f8rs via ferrata klatrel\u00f8yper: 4<\/li><\/ul>\n\n\n\n<p><strong>For sp\u00f8rsm\u00e5l eller utfyllende informasjon:<br><\/strong>Rune Osvold, Daglig leder H\u00f8yt Under Taket AS<br>Mail:\u00a0<a href=\"mailto:letohallen@hoytundertaket.no\">moss@hoytundertaket.no<\/a><br>Telefon: +47 95 05 79 09<\/p>\n","protected":false},"excerpt":{"rendered":"<p>P\u00e5 h\u00f8yda i Moss vil H\u00f8yt Under Taket Moss derimot \u00e5pnes i et helt nytt bygg. P\u00e5 tomta der i dag \u00abMoss\u2019 styggeste bygg\u00bb st\u00e5r vil et Sn\u00f8hetta-tegnet massivtrebygg reise seg som fugl F\u00f8nix opp av asken. Bygget blir det andre bygget av dette slaget i Norge, der det f\u00f8rste er H\u00f8yt Under Taket Skien [&hellip;]<\/p>\n","protected":false},"author":1,"featured_media":0,"parent":0,"menu_order":0,"comment_status":"closed","ping_status":"closed","template":"page-home-construction.php","meta":{"_acf_changed":false,"footnotes":""},"class_list":["post-423","page","type-page","status-publish","hentry"],"acf":[],"yoast_head":"<!-- This site is optimized with the Yoast SEO plugin v26.9 - https:\/\/yoast.com\/product\/yoast-seo-wordpress\/ -->\n<title>H\u00f8yt Under Taket Moss - H\u00f8yt Under Taket Moss<\/title>\n<meta name=\"robots\" content=\"index, follow, max-snippet:-1, max-image-preview:large, max-video-preview:-1\" \/>\n<link rel=\"canonical\" href=\"https:\/\/hoytundertaket.no\/moss\/hoyt-under-taket-moss\/\" \/>\n<meta property=\"og:locale\" content=\"nb_NO\" \/>\n<meta property=\"og:type\" content=\"article\" \/>\n<meta property=\"og:title\" content=\"H\u00f8yt Under Taket Moss - H\u00f8yt Under Taket Moss\" \/>\n<meta property=\"og:description\" content=\"P\u00e5 h\u00f8yda i Moss vil H\u00f8yt Under Taket Moss derimot \u00e5pnes i et helt nytt bygg. P\u00e5 tomta der i dag \u00abMoss\u2019 styggeste bygg\u00bb st\u00e5r vil et Sn\u00f8hetta-tegnet massivtrebygg reise seg som fugl F\u00f8nix opp av asken. Bygget blir det andre bygget av dette slaget i Norge, der det f\u00f8rste er H\u00f8yt Under Taket Skien [&hellip;]\" \/>\n<meta property=\"og:url\" content=\"https:\/\/hoytundertaket.no\/moss\/hoyt-under-taket-moss\/\" \/>\n<meta property=\"og:site_name\" content=\"H\u00f8yt Under Taket Moss\" \/>\n<meta property=\"article:modified_time\" content=\"2023-02-17T12:24:45+00:00\" \/>\n<meta name=\"twitter:card\" content=\"summary_large_image\" \/>\n<meta name=\"twitter:label1\" content=\"Ansl. lesetid\" \/>\n\t<meta name=\"twitter:data1\" content=\"3 minutter\" \/>\n<script type=\"application\/ld+json\" class=\"yoast-schema-graph\">{\"@context\":\"https:\/\/schema.org\",\"@graph\":[{\"@type\":\"WebPage\",\"@id\":\"https:\/\/hoytundertaket.no\/moss\/hoyt-under-taket-moss\/\",\"url\":\"https:\/\/hoytundertaket.no\/moss\/hoyt-under-taket-moss\/\",\"name\":\"H\u00f8yt Under Taket Moss - H\u00f8yt Under Taket Moss\",\"isPartOf\":{\"@id\":\"https:\/\/hoytundertaket.no\/moss\/#website\"},\"datePublished\":\"2023-02-16T12:21:41+00:00\",\"dateModified\":\"2023-02-17T12:24:45+00:00\",\"breadcrumb\":{\"@id\":\"https:\/\/hoytundertaket.no\/moss\/hoyt-under-taket-moss\/#breadcrumb\"},\"inLanguage\":\"nb-NO\",\"potentialAction\":[{\"@type\":\"ReadAction\",\"target\":[\"https:\/\/hoytundertaket.no\/moss\/hoyt-under-taket-moss\/\"]}]},{\"@type\":\"BreadcrumbList\",\"@id\":\"https:\/\/hoytundertaket.no\/moss\/hoyt-under-taket-moss\/#breadcrumb\",\"itemListElement\":[{\"@type\":\"ListItem\",\"position\":1,\"name\":\"Hjem\",\"item\":\"https:\/\/hoytundertaket.no\/moss\/\"},{\"@type\":\"ListItem\",\"position\":2,\"name\":\"H\u00f8yt Under Taket Moss\"}]},{\"@type\":\"WebSite\",\"@id\":\"https:\/\/hoytundertaket.no\/moss\/#website\",\"url\":\"https:\/\/hoytundertaket.no\/moss\/\",\"name\":\"H\u00f8yt Under Taket Moss\",\"description\":\"Klatring for alle\",\"publisher\":{\"@id\":\"https:\/\/hoytundertaket.no\/moss\/#organization\"},\"potentialAction\":[{\"@type\":\"SearchAction\",\"target\":{\"@type\":\"EntryPoint\",\"urlTemplate\":\"https:\/\/hoytundertaket.no\/moss\/?s={search_term_string}\"},\"query-input\":{\"@type\":\"PropertyValueSpecification\",\"valueRequired\":true,\"valueName\":\"search_term_string\"}}],\"inLanguage\":\"nb-NO\"},{\"@type\":[\"Organization\",\"Place\"],\"@id\":\"https:\/\/hoytundertaket.no\/moss\/#organization\",\"name\":\"H\u00f8yt Under Taket Moss\",\"url\":\"https:\/\/hoytundertaket.no\/moss\/\",\"logo\":{\"@id\":\"https:\/\/hoytundertaket.no\/moss\/hoyt-under-taket-moss\/#local-main-organization-logo\"},\"image\":{\"@id\":\"https:\/\/hoytundertaket.no\/moss\/hoyt-under-taket-moss\/#local-main-organization-logo\"},\"telephone\":[],\"openingHoursSpecification\":[{\"@type\":\"OpeningHoursSpecification\",\"dayOfWeek\":[\"Monday\",\"Tuesday\",\"Wednesday\",\"Thursday\",\"Friday\",\"Saturday\",\"Sunday\"],\"opens\":\"09:00\",\"closes\":\"17:00\"}]},{\"@type\":\"ImageObject\",\"inLanguage\":\"nb-NO\",\"@id\":\"https:\/\/hoytundertaket.no\/moss\/hoyt-under-taket-moss\/#local-main-organization-logo\",\"url\":\"https:\/\/hoytundertaket.no\/moss\/wp-content\/uploads\/sites\/6\/2024\/05\/hut-logo-moss-horisontal-pos.svg\",\"contentUrl\":\"https:\/\/hoytundertaket.no\/moss\/wp-content\/uploads\/sites\/6\/2024\/05\/hut-logo-moss-horisontal-pos.svg\",\"width\":340,\"height\":110,\"caption\":\"H\u00f8yt Under Taket Moss\"}]}<\/script>\n<!-- \/ Yoast SEO plugin. -->","yoast_head_json":{"title":"H\u00f8yt Under Taket Moss - H\u00f8yt Under Taket Moss","robots":{"index":"index","follow":"follow","max-snippet":"max-snippet:-1","max-image-preview":"max-image-preview:large","max-video-preview":"max-video-preview:-1"},"canonical":"https:\/\/hoytundertaket.no\/moss\/hoyt-under-taket-moss\/","og_locale":"nb_NO","og_type":"article","og_title":"H\u00f8yt Under Taket Moss - H\u00f8yt Under Taket Moss","og_description":"P\u00e5 h\u00f8yda i Moss vil H\u00f8yt Under Taket Moss derimot \u00e5pnes i et helt nytt bygg. P\u00e5 tomta der i dag \u00abMoss\u2019 styggeste bygg\u00bb st\u00e5r vil et Sn\u00f8hetta-tegnet massivtrebygg reise seg som fugl F\u00f8nix opp av asken. Bygget blir det andre bygget av dette slaget i Norge, der det f\u00f8rste er H\u00f8yt Under Taket Skien [&hellip;]","og_url":"https:\/\/hoytundertaket.no\/moss\/hoyt-under-taket-moss\/","og_site_name":"H\u00f8yt Under Taket Moss","article_modified_time":"2023-02-17T12:24:45+00:00","twitter_card":"summary_large_image","twitter_misc":{"Ansl. lesetid":"3 minutter"},"schema":{"@context":"https:\/\/schema.org","@graph":[{"@type":"WebPage","@id":"https:\/\/hoytundertaket.no\/moss\/hoyt-under-taket-moss\/","url":"https:\/\/hoytundertaket.no\/moss\/hoyt-under-taket-moss\/","name":"H\u00f8yt Under Taket Moss - H\u00f8yt Under Taket Moss","isPartOf":{"@id":"https:\/\/hoytundertaket.no\/moss\/#website"},"datePublished":"2023-02-16T12:21:41+00:00","dateModified":"2023-02-17T12:24:45+00:00","breadcrumb":{"@id":"https:\/\/hoytundertaket.no\/moss\/hoyt-under-taket-moss\/#breadcrumb"},"inLanguage":"nb-NO","potentialAction":[{"@type":"ReadAction","target":["https:\/\/hoytundertaket.no\/moss\/hoyt-under-taket-moss\/"]}]},{"@type":"BreadcrumbList","@id":"https:\/\/hoytundertaket.no\/moss\/hoyt-under-taket-moss\/#breadcrumb","itemListElement":[{"@type":"ListItem","position":1,"name":"Hjem","item":"https:\/\/hoytundertaket.no\/moss\/"},{"@type":"ListItem","position":2,"name":"H\u00f8yt Under Taket Moss"}]},{"@type":"WebSite","@id":"https:\/\/hoytundertaket.no\/moss\/#website","url":"https:\/\/hoytundertaket.no\/moss\/","name":"H\u00f8yt Under Taket Moss","description":"Klatring for alle","publisher":{"@id":"https:\/\/hoytundertaket.no\/moss\/#organization"},"potentialAction":[{"@type":"SearchAction","target":{"@type":"EntryPoint","urlTemplate":"https:\/\/hoytundertaket.no\/moss\/?s={search_term_string}"},"query-input":{"@type":"PropertyValueSpecification","valueRequired":true,"valueName":"search_term_string"}}],"inLanguage":"nb-NO"},{"@type":["Organization","Place"],"@id":"https:\/\/hoytundertaket.no\/moss\/#organization","name":"H\u00f8yt Under Taket Moss","url":"https:\/\/hoytundertaket.no\/moss\/","logo":{"@id":"https:\/\/hoytundertaket.no\/moss\/hoyt-under-taket-moss\/#local-main-organization-logo"},"image":{"@id":"https:\/\/hoytundertaket.no\/moss\/hoyt-under-taket-moss\/#local-main-organization-logo"},"telephone":[],"openingHoursSpecification":[{"@type":"OpeningHoursSpecification","dayOfWeek":["Monday","Tuesday","Wednesday","Thursday","Friday","Saturday","Sunday"],"opens":"09:00","closes":"17:00"}]},{"@type":"ImageObject","inLanguage":"nb-NO","@id":"https:\/\/hoytundertaket.no\/moss\/hoyt-under-taket-moss\/#local-main-organization-logo","url":"https:\/\/hoytundertaket.no\/moss\/wp-content\/uploads\/sites\/6\/2024\/05\/hut-logo-moss-horisontal-pos.svg","contentUrl":"https:\/\/hoytundertaket.no\/moss\/wp-content\/uploads\/sites\/6\/2024\/05\/hut-logo-moss-horisontal-pos.svg","width":340,"height":110,"caption":"H\u00f8yt Under Taket Moss"}]}},"_links":{"self":[{"href":"https:\/\/hoytundertaket.no\/moss\/wp-json\/wp\/v2\/pages\/423","targetHints":{"allow":["GET"]}}],"collection":[{"href":"https:\/\/hoytundertaket.no\/moss\/wp-json\/wp\/v2\/pages"}],"about":[{"href":"https:\/\/hoytundertaket.no\/moss\/wp-json\/wp\/v2\/types\/page"}],"author":[{"embeddable":true,"href":"https:\/\/hoytundertaket.no\/moss\/wp-json\/wp\/v2\/users\/1"}],"replies":[{"embeddable":true,"href":"https:\/\/hoytundertaket.no\/moss\/wp-json\/wp\/v2\/comments?post=423"}],"version-history":[{"count":13,"href":"https:\/\/hoytundertaket.no\/moss\/wp-json\/wp\/v2\/pages\/423\/revisions"}],"predecessor-version":[{"id":452,"href":"https:\/\/hoytundertaket.no\/moss\/wp-json\/wp\/v2\/pages\/423\/revisions\/452"}],"wp:attachment":[{"href":"https:\/\/hoytundertaket.no\/moss\/wp-json\/wp\/v2\/media?parent=423"}],"curies":[{"name":"wp","href":"https:\/\/api.w.org\/{rel}","templated":true}]}}