{"id":558,"date":"2024-05-28T17:17:46","date_gmt":"2024-05-28T15:17:46","guid":{"rendered":"https:\/\/hoytundertaket.no\/moss\/?page_id=558"},"modified":"2026-02-19T16:36:03","modified_gmt":"2026-02-19T15:36:03","slug":"topptaukurs","status":"publish","type":"page","link":"https:\/\/hoytundertaket.no\/moss\/kurs\/topptaukurs\/","title":{"rendered":"Topptaukurs"},"content":{"rendered":"","protected":false},"excerpt":{"rendered":"","protected":false},"author":7,"featured_media":1775,"parent":1434,"menu_order":0,"comment_status":"closed","ping_status":"closed","template":"page-courses.php","meta":{"_acf_changed":false,"footnotes":""},"class_list":["post-558","page","type-page","status-publish","has-post-thumbnail","hentry"],"acf":[],"yoast_head":"<!-- This site is optimized with the Yoast SEO plugin v26.9 - https:\/\/yoast.com\/product\/yoast-seo-wordpress\/ -->\n<title>Topptaukurs - H\u00f8yt Under Taket Moss<\/title>\n<meta name=\"description\" content=\"Topptaukurs p\u00e5 H\u00f8yt Undre Taket Moss gir deg en grundig innf\u00f8ring i sikringsteknikk, bruk av utstyr og trygg oppf\u00f8rsel i klatresenteret.\" \/>\n<meta name=\"robots\" content=\"index, follow, max-snippet:-1, max-image-preview:large, max-video-preview:-1\" \/>\n<link rel=\"canonical\" href=\"https:\/\/hoytundertaket.no\/moss\/kurs\/topptaukurs\/\" \/>\n<meta property=\"og:locale\" content=\"nb_NO\" \/>\n<meta property=\"og:type\" content=\"article\" \/>\n<meta property=\"og:title\" content=\"Topptaukurs - H\u00f8yt Under Taket Moss\" \/>\n<meta property=\"og:description\" content=\"Topptaukurs p\u00e5 H\u00f8yt Undre Taket Moss gir deg en grundig innf\u00f8ring i sikringsteknikk, bruk av utstyr og trygg oppf\u00f8rsel i klatresenteret.\" \/>\n<meta property=\"og:url\" content=\"https:\/\/hoytundertaket.no\/moss\/kurs\/topptaukurs\/\" \/>\n<meta property=\"og:site_name\" content=\"H\u00f8yt Under Taket Moss\" \/>\n<meta property=\"article:modified_time\" content=\"2026-02-19T15:36:03+00:00\" \/>\n<meta property=\"og:image\" content=\"https:\/\/hoytundertaket.no\/moss\/wp-content\/uploads\/sites\/6\/2026\/02\/Hoyt_Under_Taket_Skien_HTL_02651_Foto_Kristoffer_Engen-2.jpg\" \/>\n\t<meta property=\"og:image:width\" content=\"1920\" \/>\n\t<meta property=\"og:image:height\" content=\"1280\" \/>\n\t<meta property=\"og:image:type\" content=\"image\/jpeg\" \/>\n<meta name=\"twitter:card\" content=\"summary_large_image\" \/>\n<meta name=\"twitter:label1\" content=\"Ansl. lesetid\" \/>\n\t<meta name=\"twitter:data1\" content=\"3 minutter\" \/>\n<script type=\"application\/ld+json\" class=\"yoast-schema-graph\">{\"@context\":\"https:\/\/schema.org\",\"@graph\":[{\"@type\":\"WebPage\",\"@id\":\"https:\/\/hoytundertaket.no\/moss\/kurs\/topptaukurs\/\",\"url\":\"https:\/\/hoytundertaket.no\/moss\/kurs\/topptaukurs\/\",\"name\":\"Topptaukurs - H\u00f8yt Under Taket Moss\",\"isPartOf\":{\"@id\":\"https:\/\/hoytundertaket.no\/moss\/#website\"},\"primaryImageOfPage\":{\"@id\":\"https:\/\/hoytundertaket.no\/moss\/kurs\/topptaukurs\/#primaryimage\"},\"image\":{\"@id\":\"https:\/\/hoytundertaket.no\/moss\/kurs\/topptaukurs\/#primaryimage\"},\"thumbnailUrl\":\"https:\/\/hoytundertaket.no\/moss\/wp-content\/uploads\/sites\/6\/2026\/02\/Hoyt_Under_Taket_Skien_HTL_02651_Foto_Kristoffer_Engen-2.jpg\",\"datePublished\":\"2024-05-28T15:17:46+00:00\",\"dateModified\":\"2026-02-19T15:36:03+00:00\",\"description\":\"Topptaukurs p\u00e5 H\u00f8yt Undre Taket Moss gir deg en grundig innf\u00f8ring i sikringsteknikk, bruk av utstyr og trygg oppf\u00f8rsel i klatresenteret.\",\"breadcrumb\":{\"@id\":\"https:\/\/hoytundertaket.no\/moss\/kurs\/topptaukurs\/#breadcrumb\"},\"inLanguage\":\"nb-NO\",\"potentialAction\":[{\"@type\":\"ReadAction\",\"target\":[\"https:\/\/hoytundertaket.no\/moss\/kurs\/topptaukurs\/\"]}]},{\"@type\":\"ImageObject\",\"inLanguage\":\"nb-NO\",\"@id\":\"https:\/\/hoytundertaket.no\/moss\/kurs\/topptaukurs\/#primaryimage\",\"url\":\"https:\/\/hoytundertaket.no\/moss\/wp-content\/uploads\/sites\/6\/2026\/02\/Hoyt_Under_Taket_Skien_HTL_02651_Foto_Kristoffer_Engen-2.jpg\",\"contentUrl\":\"https:\/\/hoytundertaket.no\/moss\/wp-content\/uploads\/sites\/6\/2026\/02\/Hoyt_Under_Taket_Skien_HTL_02651_Foto_Kristoffer_Engen-2.jpg\",\"width\":1920,\"height\":1280,\"caption\":\"Trygg sikring og fokus under tauklatring.\"},{\"@type\":\"BreadcrumbList\",\"@id\":\"https:\/\/hoytundertaket.no\/moss\/kurs\/topptaukurs\/#breadcrumb\",\"itemListElement\":[{\"@type\":\"ListItem\",\"position\":1,\"name\":\"Hjem\",\"item\":\"https:\/\/hoytundertaket.no\/moss\/\"},{\"@type\":\"ListItem\",\"position\":2,\"name\":\"Kurs\",\"item\":\"https:\/\/hoytundertaket.no\/moss\/kurs\/\"},{\"@type\":\"ListItem\",\"position\":3,\"name\":\"Topptaukurs\"}]},{\"@type\":\"WebSite\",\"@id\":\"https:\/\/hoytundertaket.no\/moss\/#website\",\"url\":\"https:\/\/hoytundertaket.no\/moss\/\",\"name\":\"H\u00f8yt Under Taket Moss\",\"description\":\"Klatring for alle\",\"publisher\":{\"@id\":\"https:\/\/hoytundertaket.no\/moss\/#organization\"},\"potentialAction\":[{\"@type\":\"SearchAction\",\"target\":{\"@type\":\"EntryPoint\",\"urlTemplate\":\"https:\/\/hoytundertaket.no\/moss\/?s={search_term_string}\"},\"query-input\":{\"@type\":\"PropertyValueSpecification\",\"valueRequired\":true,\"valueName\":\"search_term_string\"}}],\"inLanguage\":\"nb-NO\"},{\"@type\":[\"Organization\",\"Place\"],\"@id\":\"https:\/\/hoytundertaket.no\/moss\/#organization\",\"name\":\"H\u00f8yt Under Taket Moss\",\"url\":\"https:\/\/hoytundertaket.no\/moss\/\",\"logo\":{\"@id\":\"https:\/\/hoytundertaket.no\/moss\/kurs\/topptaukurs\/#local-main-organization-logo\"},\"image\":{\"@id\":\"https:\/\/hoytundertaket.no\/moss\/kurs\/topptaukurs\/#local-main-organization-logo\"},\"telephone\":[],\"openingHoursSpecification\":[{\"@type\":\"OpeningHoursSpecification\",\"dayOfWeek\":[\"Monday\",\"Tuesday\",\"Wednesday\",\"Thursday\",\"Friday\",\"Saturday\",\"Sunday\"],\"opens\":\"09:00\",\"closes\":\"17:00\"}]},{\"@type\":\"ImageObject\",\"inLanguage\":\"nb-NO\",\"@id\":\"https:\/\/hoytundertaket.no\/moss\/kurs\/topptaukurs\/#local-main-organization-logo\",\"url\":\"https:\/\/hoytundertaket.no\/moss\/wp-content\/uploads\/sites\/6\/2024\/05\/hut-logo-moss-horisontal-pos.svg\",\"contentUrl\":\"https:\/\/hoytundertaket.no\/moss\/wp-content\/uploads\/sites\/6\/2024\/05\/hut-logo-moss-horisontal-pos.svg\",\"width\":340,\"height\":110,\"caption\":\"H\u00f8yt Under Taket Moss\"}]}<\/script>\n<!-- \/ Yoast SEO plugin. -->","yoast_head_json":{"title":"Topptaukurs - H\u00f8yt Under Taket Moss","description":"Topptaukurs p\u00e5 H\u00f8yt Undre Taket Moss gir deg en grundig innf\u00f8ring i sikringsteknikk, bruk av utstyr og trygg oppf\u00f8rsel i klatresenteret.","robots":{"index":"index","follow":"follow","max-snippet":"max-snippet:-1","max-image-preview":"max-image-preview:large","max-video-preview":"max-video-preview:-1"},"canonical":"https:\/\/hoytundertaket.no\/moss\/kurs\/topptaukurs\/","og_locale":"nb_NO","og_type":"article","og_title":"Topptaukurs - H\u00f8yt Under Taket Moss","og_description":"Topptaukurs p\u00e5 H\u00f8yt Undre Taket Moss gir deg en grundig innf\u00f8ring i sikringsteknikk, bruk av utstyr og trygg oppf\u00f8rsel i klatresenteret.","og_url":"https:\/\/hoytundertaket.no\/moss\/kurs\/topptaukurs\/","og_site_name":"H\u00f8yt Under Taket Moss","article_modified_time":"2026-02-19T15:36:03+00:00","og_image":[{"width":1920,"height":1280,"url":"https:\/\/hoytundertaket.no\/moss\/wp-content\/uploads\/sites\/6\/2026\/02\/Hoyt_Under_Taket_Skien_HTL_02651_Foto_Kristoffer_Engen-2.jpg","type":"image\/jpeg"}],"twitter_card":"summary_large_image","twitter_misc":{"Ansl. lesetid":"3 minutter"},"schema":{"@context":"https:\/\/schema.org","@graph":[{"@type":"WebPage","@id":"https:\/\/hoytundertaket.no\/moss\/kurs\/topptaukurs\/","url":"https:\/\/hoytundertaket.no\/moss\/kurs\/topptaukurs\/","name":"Topptaukurs - H\u00f8yt Under Taket Moss","isPartOf":{"@id":"https:\/\/hoytundertaket.no\/moss\/#website"},"primaryImageOfPage":{"@id":"https:\/\/hoytundertaket.no\/moss\/kurs\/topptaukurs\/#primaryimage"},"image":{"@id":"https:\/\/hoytundertaket.no\/moss\/kurs\/topptaukurs\/#primaryimage"},"thumbnailUrl":"https:\/\/hoytundertaket.no\/moss\/wp-content\/uploads\/sites\/6\/2026\/02\/Hoyt_Under_Taket_Skien_HTL_02651_Foto_Kristoffer_Engen-2.jpg","datePublished":"2024-05-28T15:17:46+00:00","dateModified":"2026-02-19T15:36:03+00:00","description":"Topptaukurs p\u00e5 H\u00f8yt Undre Taket Moss gir deg en grundig innf\u00f8ring i sikringsteknikk, bruk av utstyr og trygg oppf\u00f8rsel i klatresenteret.","breadcrumb":{"@id":"https:\/\/hoytundertaket.no\/moss\/kurs\/topptaukurs\/#breadcrumb"},"inLanguage":"nb-NO","potentialAction":[{"@type":"ReadAction","target":["https:\/\/hoytundertaket.no\/moss\/kurs\/topptaukurs\/"]}]},{"@type":"ImageObject","inLanguage":"nb-NO","@id":"https:\/\/hoytundertaket.no\/moss\/kurs\/topptaukurs\/#primaryimage","url":"https:\/\/hoytundertaket.no\/moss\/wp-content\/uploads\/sites\/6\/2026\/02\/Hoyt_Under_Taket_Skien_HTL_02651_Foto_Kristoffer_Engen-2.jpg","contentUrl":"https:\/\/hoytundertaket.no\/moss\/wp-content\/uploads\/sites\/6\/2026\/02\/Hoyt_Under_Taket_Skien_HTL_02651_Foto_Kristoffer_Engen-2.jpg","width":1920,"height":1280,"caption":"Trygg sikring og fokus under tauklatring."},{"@type":"BreadcrumbList","@id":"https:\/\/hoytundertaket.no\/moss\/kurs\/topptaukurs\/#breadcrumb","itemListElement":[{"@type":"ListItem","position":1,"name":"Hjem","item":"https:\/\/hoytundertaket.no\/moss\/"},{"@type":"ListItem","position":2,"name":"Kurs","item":"https:\/\/hoytundertaket.no\/moss\/kurs\/"},{"@type":"ListItem","position":3,"name":"Topptaukurs"}]},{"@type":"WebSite","@id":"https:\/\/hoytundertaket.no\/moss\/#website","url":"https:\/\/hoytundertaket.no\/moss\/","name":"H\u00f8yt Under Taket Moss","description":"Klatring for alle","publisher":{"@id":"https:\/\/hoytundertaket.no\/moss\/#organization"},"potentialAction":[{"@type":"SearchAction","target":{"@type":"EntryPoint","urlTemplate":"https:\/\/hoytundertaket.no\/moss\/?s={search_term_string}"},"query-input":{"@type":"PropertyValueSpecification","valueRequired":true,"valueName":"search_term_string"}}],"inLanguage":"nb-NO"},{"@type":["Organization","Place"],"@id":"https:\/\/hoytundertaket.no\/moss\/#organization","name":"H\u00f8yt Under Taket Moss","url":"https:\/\/hoytundertaket.no\/moss\/","logo":{"@id":"https:\/\/hoytundertaket.no\/moss\/kurs\/topptaukurs\/#local-main-organization-logo"},"image":{"@id":"https:\/\/hoytundertaket.no\/moss\/kurs\/topptaukurs\/#local-main-organization-logo"},"telephone":[],"openingHoursSpecification":[{"@type":"OpeningHoursSpecification","dayOfWeek":["Monday","Tuesday","Wednesday","Thursday","Friday","Saturday","Sunday"],"opens":"09:00","closes":"17:00"}]},{"@type":"ImageObject","inLanguage":"nb-NO","@id":"https:\/\/hoytundertaket.no\/moss\/kurs\/topptaukurs\/#local-main-organization-logo","url":"https:\/\/hoytundertaket.no\/moss\/wp-content\/uploads\/sites\/6\/2024\/05\/hut-logo-moss-horisontal-pos.svg","contentUrl":"https:\/\/hoytundertaket.no\/moss\/wp-content\/uploads\/sites\/6\/2024\/05\/hut-logo-moss-horisontal-pos.svg","width":340,"height":110,"caption":"H\u00f8yt Under Taket Moss"}]}},"_links":{"self":[{"href":"https:\/\/hoytundertaket.no\/moss\/wp-json\/wp\/v2\/pages\/558","targetHints":{"allow":["GET"]}}],"collection":[{"href":"https:\/\/hoytundertaket.no\/moss\/wp-json\/wp\/v2\/pages"}],"about":[{"href":"https:\/\/hoytundertaket.no\/moss\/wp-json\/wp\/v2\/types\/page"}],"author":[{"embeddable":true,"href":"https:\/\/hoytundertaket.no\/moss\/wp-json\/wp\/v2\/users\/7"}],"replies":[{"embeddable":true,"href":"https:\/\/hoytundertaket.no\/moss\/wp-json\/wp\/v2\/comments?post=558"}],"version-history":[{"count":8,"href":"https:\/\/hoytundertaket.no\/moss\/wp-json\/wp\/v2\/pages\/558\/revisions"}],"predecessor-version":[{"id":1777,"href":"https:\/\/hoytundertaket.no\/moss\/wp-json\/wp\/v2\/pages\/558\/revisions\/1777"}],"up":[{"embeddable":true,"href":"https:\/\/hoytundertaket.no\/moss\/wp-json\/wp\/v2\/pages\/1434"}],"wp:featuredmedia":[{"embeddable":true,"href":"https:\/\/hoytundertaket.no\/moss\/wp-json\/wp\/v2\/media\/1775"}],"wp:attachment":[{"href":"https:\/\/hoytundertaket.no\/moss\/wp-json\/wp\/v2\/media?parent=558"}],"curies":[{"name":"wp","href":"https:\/\/api.w.org\/{rel}","templated":true}]}}