{"id":1038,"date":"2022-10-03T23:21:30","date_gmt":"2022-10-03T21:21:30","guid":{"rendered":"https:\/\/hoytundertaket.no\/skien\/?page_id=1038"},"modified":"2026-02-19T11:17:39","modified_gmt":"2026-02-19T10:17:39","slug":"bedrifter","status":"publish","type":"page","link":"https:\/\/hoytundertaket.no\/skien\/grupper\/bedrifter\/","title":{"rendered":"Bedrifter"},"content":{"rendered":"","protected":false},"excerpt":{"rendered":"","protected":false},"author":7,"featured_media":0,"parent":1194,"menu_order":0,"comment_status":"closed","ping_status":"closed","template":"page-climbing.php","meta":{"_acf_changed":false,"footnotes":""},"class_list":["post-1038","page","type-page","status-publish","hentry"],"acf":[],"yoast_head":"<!-- This site is optimized with the Yoast SEO plugin v27.4 - https:\/\/yoast.com\/product\/yoast-seo-wordpress\/ -->\n<title>Bedrifter - H\u00f8yt Under Taket Skien<\/title>\n<meta name=\"description\" content=\"Vi \u00f8nsker alle bedrifter i Skien velkommen til oss p\u00e5 Kloster\u00f8ya. Finn hva som passer din arbeidsplass best!\" \/>\n<meta name=\"robots\" content=\"index, follow, max-snippet:-1, max-image-preview:large, max-video-preview:-1\" \/>\n<link rel=\"canonical\" href=\"https:\/\/hoytundertaket.no\/skien\/grupper\/bedrifter\/\" \/>\n<meta property=\"og:locale\" content=\"nb_NO\" \/>\n<meta property=\"og:type\" content=\"article\" \/>\n<meta property=\"og:title\" content=\"Bedrifter - H\u00f8yt Under Taket Skien\" \/>\n<meta property=\"og:description\" content=\"Vi \u00f8nsker alle bedrifter i Skien velkommen til oss p\u00e5 Kloster\u00f8ya. Finn hva som passer din arbeidsplass best!\" \/>\n<meta property=\"og:url\" content=\"https:\/\/hoytundertaket.no\/skien\/grupper\/bedrifter\/\" \/>\n<meta property=\"og:site_name\" content=\"H\u00f8yt Under Taket Skien\" \/>\n<meta property=\"article:modified_time\" content=\"2026-02-19T10:17:39+00:00\" \/>\n<meta property=\"og:image\" content=\"https:\/\/hoytundertaket.no\/skien\/wp-content\/uploads\/sites\/4\/2022\/10\/Bedriftsklatring-i-Skien-hos-Hoyt-Under-Taket.png\" \/>\n\t<meta property=\"og:image:width\" content=\"1920\" \/>\n\t<meta property=\"og:image:height\" content=\"1281\" \/>\n\t<meta property=\"og:image:type\" content=\"image\/png\" \/>\n<meta name=\"twitter:card\" content=\"summary_large_image\" \/>\n<meta name=\"twitter:label1\" content=\"Ansl. lesetid\" \/>\n\t<meta name=\"twitter:data1\" content=\"2 minutter\" \/>\n<script type=\"application\/ld+json\" class=\"yoast-schema-graph\">{\"@context\":\"https:\\\/\\\/schema.org\",\"@graph\":[{\"@type\":\"WebPage\",\"@id\":\"https:\\\/\\\/hoytundertaket.no\\\/skien\\\/grupper\\\/bedrifter\\\/\",\"url\":\"https:\\\/\\\/hoytundertaket.no\\\/skien\\\/grupper\\\/bedrifter\\\/\",\"name\":\"Bedrifter - H\u00f8yt Under Taket Skien\",\"isPartOf\":{\"@id\":\"https:\\\/\\\/hoytundertaket.no\\\/skien\\\/#website\"},\"datePublished\":\"2022-10-03T21:21:30+00:00\",\"dateModified\":\"2026-02-19T10:17:39+00:00\",\"description\":\"Vi \u00f8nsker alle bedrifter i Skien velkommen til oss p\u00e5 Kloster\u00f8ya. Finn hva som passer din arbeidsplass best!\",\"breadcrumb\":{\"@id\":\"https:\\\/\\\/hoytundertaket.no\\\/skien\\\/grupper\\\/bedrifter\\\/#breadcrumb\"},\"inLanguage\":\"nb-NO\",\"potentialAction\":[{\"@type\":\"ReadAction\",\"target\":[\"https:\\\/\\\/hoytundertaket.no\\\/skien\\\/grupper\\\/bedrifter\\\/\"]}]},{\"@type\":\"BreadcrumbList\",\"@id\":\"https:\\\/\\\/hoytundertaket.no\\\/skien\\\/grupper\\\/bedrifter\\\/#breadcrumb\",\"itemListElement\":[{\"@type\":\"ListItem\",\"position\":1,\"name\":\"Hjem\",\"item\":\"https:\\\/\\\/hoytundertaket.no\\\/skien\\\/\"},{\"@type\":\"ListItem\",\"position\":2,\"name\":\"Grupper\",\"item\":\"https:\\\/\\\/hoytundertaket.no\\\/skien\\\/billetter__trashed\\\/grupper\\\/\"},{\"@type\":\"ListItem\",\"position\":3,\"name\":\"Bedrifter\"}]},{\"@type\":\"WebSite\",\"@id\":\"https:\\\/\\\/hoytundertaket.no\\\/skien\\\/#website\",\"url\":\"https:\\\/\\\/hoytundertaket.no\\\/skien\\\/\",\"name\":\"H\u00f8yt Under Taket Skien\",\"description\":\"Bare enda et H\u00f8yt Under Taket-nettsted\",\"publisher\":{\"@id\":\"https:\\\/\\\/hoytundertaket.no\\\/skien\\\/#organization\"},\"potentialAction\":[{\"@type\":\"SearchAction\",\"target\":{\"@type\":\"EntryPoint\",\"urlTemplate\":\"https:\\\/\\\/hoytundertaket.no\\\/skien\\\/?s={search_term_string}\"},\"query-input\":{\"@type\":\"PropertyValueSpecification\",\"valueRequired\":true,\"valueName\":\"search_term_string\"}}],\"inLanguage\":\"nb-NO\"},{\"@type\":[\"Organization\",\"Place\"],\"@id\":\"https:\\\/\\\/hoytundertaket.no\\\/skien\\\/#organization\",\"name\":\"H\u00f8yt Under Taket Skien\",\"url\":\"https:\\\/\\\/hoytundertaket.no\\\/skien\\\/\",\"logo\":{\"@id\":\"https:\\\/\\\/hoytundertaket.no\\\/skien\\\/grupper\\\/bedrifter\\\/#local-main-organization-logo\"},\"image\":{\"@id\":\"https:\\\/\\\/hoytundertaket.no\\\/skien\\\/grupper\\\/bedrifter\\\/#local-main-organization-logo\"},\"telephone\":[],\"openingHoursSpecification\":[{\"@type\":\"OpeningHoursSpecification\",\"dayOfWeek\":[\"Monday\",\"Tuesday\",\"Wednesday\",\"Thursday\",\"Friday\",\"Saturday\",\"Sunday\"],\"opens\":\"09:00\",\"closes\":\"17:00\"}]},{\"@type\":\"ImageObject\",\"inLanguage\":\"nb-NO\",\"@id\":\"https:\\\/\\\/hoytundertaket.no\\\/skien\\\/grupper\\\/bedrifter\\\/#local-main-organization-logo\",\"url\":\"https:\\\/\\\/hoytundertaket.no\\\/skien\\\/wp-content\\\/uploads\\\/sites\\\/4\\\/2021\\\/10\\\/hut-logo-skien-horisontal-pos.svg\",\"contentUrl\":\"https:\\\/\\\/hoytundertaket.no\\\/skien\\\/wp-content\\\/uploads\\\/sites\\\/4\\\/2021\\\/10\\\/hut-logo-skien-horisontal-pos.svg\",\"width\":340,\"height\":110,\"caption\":\"H\u00f8yt Under Taket Skien\"}]}<\/script>\n<!-- \/ Yoast SEO plugin. -->","yoast_head_json":{"title":"Bedrifter - H\u00f8yt Under Taket Skien","description":"Vi \u00f8nsker alle bedrifter i Skien velkommen til oss p\u00e5 Kloster\u00f8ya. Finn hva som passer din arbeidsplass best!","robots":{"index":"index","follow":"follow","max-snippet":"max-snippet:-1","max-image-preview":"max-image-preview:large","max-video-preview":"max-video-preview:-1"},"canonical":"https:\/\/hoytundertaket.no\/skien\/grupper\/bedrifter\/","og_locale":"nb_NO","og_type":"article","og_title":"Bedrifter - H\u00f8yt Under Taket Skien","og_description":"Vi \u00f8nsker alle bedrifter i Skien velkommen til oss p\u00e5 Kloster\u00f8ya. Finn hva som passer din arbeidsplass best!","og_url":"https:\/\/hoytundertaket.no\/skien\/grupper\/bedrifter\/","og_site_name":"H\u00f8yt Under Taket Skien","article_modified_time":"2026-02-19T10:17:39+00:00","og_image":[{"width":1920,"height":1281,"url":"https:\/\/hoytundertaket.no\/skien\/wp-content\/uploads\/sites\/4\/2022\/10\/Bedriftsklatring-i-Skien-hos-Hoyt-Under-Taket.png","type":"image\/png"}],"twitter_card":"summary_large_image","twitter_misc":{"Ansl. lesetid":"2 minutter"},"schema":{"@context":"https:\/\/schema.org","@graph":[{"@type":"WebPage","@id":"https:\/\/hoytundertaket.no\/skien\/grupper\/bedrifter\/","url":"https:\/\/hoytundertaket.no\/skien\/grupper\/bedrifter\/","name":"Bedrifter - H\u00f8yt Under Taket Skien","isPartOf":{"@id":"https:\/\/hoytundertaket.no\/skien\/#website"},"datePublished":"2022-10-03T21:21:30+00:00","dateModified":"2026-02-19T10:17:39+00:00","description":"Vi \u00f8nsker alle bedrifter i Skien velkommen til oss p\u00e5 Kloster\u00f8ya. Finn hva som passer din arbeidsplass best!","breadcrumb":{"@id":"https:\/\/hoytundertaket.no\/skien\/grupper\/bedrifter\/#breadcrumb"},"inLanguage":"nb-NO","potentialAction":[{"@type":"ReadAction","target":["https:\/\/hoytundertaket.no\/skien\/grupper\/bedrifter\/"]}]},{"@type":"BreadcrumbList","@id":"https:\/\/hoytundertaket.no\/skien\/grupper\/bedrifter\/#breadcrumb","itemListElement":[{"@type":"ListItem","position":1,"name":"Hjem","item":"https:\/\/hoytundertaket.no\/skien\/"},{"@type":"ListItem","position":2,"name":"Grupper","item":"https:\/\/hoytundertaket.no\/skien\/billetter__trashed\/grupper\/"},{"@type":"ListItem","position":3,"name":"Bedrifter"}]},{"@type":"WebSite","@id":"https:\/\/hoytundertaket.no\/skien\/#website","url":"https:\/\/hoytundertaket.no\/skien\/","name":"H\u00f8yt Under Taket Skien","description":"Bare enda et H\u00f8yt Under Taket-nettsted","publisher":{"@id":"https:\/\/hoytundertaket.no\/skien\/#organization"},"potentialAction":[{"@type":"SearchAction","target":{"@type":"EntryPoint","urlTemplate":"https:\/\/hoytundertaket.no\/skien\/?s={search_term_string}"},"query-input":{"@type":"PropertyValueSpecification","valueRequired":true,"valueName":"search_term_string"}}],"inLanguage":"nb-NO"},{"@type":["Organization","Place"],"@id":"https:\/\/hoytundertaket.no\/skien\/#organization","name":"H\u00f8yt Under Taket Skien","url":"https:\/\/hoytundertaket.no\/skien\/","logo":{"@id":"https:\/\/hoytundertaket.no\/skien\/grupper\/bedrifter\/#local-main-organization-logo"},"image":{"@id":"https:\/\/hoytundertaket.no\/skien\/grupper\/bedrifter\/#local-main-organization-logo"},"telephone":[],"openingHoursSpecification":[{"@type":"OpeningHoursSpecification","dayOfWeek":["Monday","Tuesday","Wednesday","Thursday","Friday","Saturday","Sunday"],"opens":"09:00","closes":"17:00"}]},{"@type":"ImageObject","inLanguage":"nb-NO","@id":"https:\/\/hoytundertaket.no\/skien\/grupper\/bedrifter\/#local-main-organization-logo","url":"https:\/\/hoytundertaket.no\/skien\/wp-content\/uploads\/sites\/4\/2021\/10\/hut-logo-skien-horisontal-pos.svg","contentUrl":"https:\/\/hoytundertaket.no\/skien\/wp-content\/uploads\/sites\/4\/2021\/10\/hut-logo-skien-horisontal-pos.svg","width":340,"height":110,"caption":"H\u00f8yt Under Taket Skien"}]}},"_links":{"self":[{"href":"https:\/\/hoytundertaket.no\/skien\/wp-json\/wp\/v2\/pages\/1038","targetHints":{"allow":["GET"]}}],"collection":[{"href":"https:\/\/hoytundertaket.no\/skien\/wp-json\/wp\/v2\/pages"}],"about":[{"href":"https:\/\/hoytundertaket.no\/skien\/wp-json\/wp\/v2\/types\/page"}],"author":[{"embeddable":true,"href":"https:\/\/hoytundertaket.no\/skien\/wp-json\/wp\/v2\/users\/7"}],"replies":[{"embeddable":true,"href":"https:\/\/hoytundertaket.no\/skien\/wp-json\/wp\/v2\/comments?post=1038"}],"version-history":[{"count":16,"href":"https:\/\/hoytundertaket.no\/skien\/wp-json\/wp\/v2\/pages\/1038\/revisions"}],"predecessor-version":[{"id":3100,"href":"https:\/\/hoytundertaket.no\/skien\/wp-json\/wp\/v2\/pages\/1038\/revisions\/3100"}],"up":[{"embeddable":true,"href":"https:\/\/hoytundertaket.no\/skien\/wp-json\/wp\/v2\/pages\/1194"}],"wp:attachment":[{"href":"https:\/\/hoytundertaket.no\/skien\/wp-json\/wp\/v2\/media?parent=1038"}],"curies":[{"name":"wp","href":"https:\/\/api.w.org\/{rel}","templated":true}]}}