{"id":1425,"date":"2023-04-13T17:34:14","date_gmt":"2023-04-13T15:34:14","guid":{"rendered":"https:\/\/hoytundertaket.no\/skien\/?page_id=1425"},"modified":"2026-02-19T10:53:17","modified_gmt":"2026-02-19T09:53:17","slug":"sommercamper","status":"publish","type":"page","link":"https:\/\/hoytundertaket.no\/skien\/sommercamper\/","title":{"rendered":"Sommercamper"},"content":{"rendered":"","protected":false},"excerpt":{"rendered":"","protected":false},"author":7,"featured_media":0,"parent":0,"menu_order":0,"comment_status":"closed","ping_status":"closed","template":"page-climbing.php","meta":{"_acf_changed":false,"footnotes":""},"class_list":["post-1425","page","type-page","status-publish","hentry"],"acf":[],"yoast_head":"<!-- This site is optimized with the Yoast SEO plugin v26.9 - https:\/\/yoast.com\/product\/yoast-seo-wordpress\/ -->\n<title>Sommercamper - H\u00f8yt Under Taket Skien<\/title>\n<meta name=\"description\" content=\"Vi \u00f8nsker barn og ungdom velkommen til sommercamper hos H\u00f8yt Under Taket Skien! Fem dager fylt med aktivitet, l\u00e6ring og morsomme aktiviteter.\" \/>\n<meta name=\"robots\" content=\"index, follow, max-snippet:-1, max-image-preview:large, max-video-preview:-1\" \/>\n<link rel=\"canonical\" href=\"https:\/\/hoytundertaket.no\/skien\/sommercamper\/\" \/>\n<meta property=\"og:locale\" content=\"nb_NO\" \/>\n<meta property=\"og:type\" content=\"article\" \/>\n<meta property=\"og:title\" content=\"Sommercamper - H\u00f8yt Under Taket Skien\" \/>\n<meta property=\"og:description\" content=\"Vi \u00f8nsker barn og ungdom velkommen til sommercamper hos H\u00f8yt Under Taket Skien! Fem dager fylt med aktivitet, l\u00e6ring og morsomme aktiviteter.\" \/>\n<meta property=\"og:url\" content=\"https:\/\/hoytundertaket.no\/skien\/sommercamper\/\" \/>\n<meta property=\"og:site_name\" content=\"H\u00f8yt Under Taket Skien\" \/>\n<meta property=\"article:modified_time\" content=\"2026-02-19T09:53:17+00:00\" \/>\n<meta property=\"og:image\" content=\"https:\/\/hoytundertaket.no\/skien\/wp-content\/uploads\/sites\/4\/2026\/01\/KOM7955-scaled-1.jpg\" \/>\n\t<meta property=\"og:image:width\" content=\"2560\" \/>\n\t<meta property=\"og:image:height\" content=\"1703\" \/>\n\t<meta property=\"og:image:type\" content=\"image\/jpeg\" \/>\n<meta name=\"twitter:card\" content=\"summary_large_image\" \/>\n<meta name=\"twitter:label1\" content=\"Ansl. lesetid\" \/>\n\t<meta name=\"twitter:data1\" content=\"1 minutt\" \/>\n<script type=\"application\/ld+json\" class=\"yoast-schema-graph\">{\"@context\":\"https:\/\/schema.org\",\"@graph\":[{\"@type\":\"WebPage\",\"@id\":\"https:\/\/hoytundertaket.no\/skien\/sommercamper\/\",\"url\":\"https:\/\/hoytundertaket.no\/skien\/sommercamper\/\",\"name\":\"Sommercamper - H\u00f8yt Under Taket Skien\",\"isPartOf\":{\"@id\":\"https:\/\/hoytundertaket.no\/skien\/#website\"},\"datePublished\":\"2023-04-13T15:34:14+00:00\",\"dateModified\":\"2026-02-19T09:53:17+00:00\",\"description\":\"Vi \u00f8nsker barn og ungdom velkommen til sommercamper hos H\u00f8yt Under Taket Skien! Fem dager fylt med aktivitet, l\u00e6ring og morsomme aktiviteter.\",\"breadcrumb\":{\"@id\":\"https:\/\/hoytundertaket.no\/skien\/sommercamper\/#breadcrumb\"},\"inLanguage\":\"nb-NO\",\"potentialAction\":[{\"@type\":\"ReadAction\",\"target\":[\"https:\/\/hoytundertaket.no\/skien\/sommercamper\/\"]}]},{\"@type\":\"BreadcrumbList\",\"@id\":\"https:\/\/hoytundertaket.no\/skien\/sommercamper\/#breadcrumb\",\"itemListElement\":[{\"@type\":\"ListItem\",\"position\":1,\"name\":\"Hjem\",\"item\":\"https:\/\/hoytundertaket.no\/skien\/\"},{\"@type\":\"ListItem\",\"position\":2,\"name\":\"Sommercamper\"}]},{\"@type\":\"WebSite\",\"@id\":\"https:\/\/hoytundertaket.no\/skien\/#website\",\"url\":\"https:\/\/hoytundertaket.no\/skien\/\",\"name\":\"H\u00f8yt Under Taket Skien\",\"description\":\"Bare enda et H\u00f8yt Under Taket-nettsted\",\"publisher\":{\"@id\":\"https:\/\/hoytundertaket.no\/skien\/#organization\"},\"potentialAction\":[{\"@type\":\"SearchAction\",\"target\":{\"@type\":\"EntryPoint\",\"urlTemplate\":\"https:\/\/hoytundertaket.no\/skien\/?s={search_term_string}\"},\"query-input\":{\"@type\":\"PropertyValueSpecification\",\"valueRequired\":true,\"valueName\":\"search_term_string\"}}],\"inLanguage\":\"nb-NO\"},{\"@type\":[\"Organization\",\"Place\"],\"@id\":\"https:\/\/hoytundertaket.no\/skien\/#organization\",\"name\":\"H\u00f8yt Under Taket Skien\",\"url\":\"https:\/\/hoytundertaket.no\/skien\/\",\"logo\":{\"@id\":\"https:\/\/hoytundertaket.no\/skien\/sommercamper\/#local-main-organization-logo\"},\"image\":{\"@id\":\"https:\/\/hoytundertaket.no\/skien\/sommercamper\/#local-main-organization-logo\"},\"telephone\":[],\"openingHoursSpecification\":[{\"@type\":\"OpeningHoursSpecification\",\"dayOfWeek\":[\"Monday\",\"Tuesday\",\"Wednesday\",\"Thursday\",\"Friday\",\"Saturday\",\"Sunday\"],\"opens\":\"09:00\",\"closes\":\"17:00\"}]},{\"@type\":\"ImageObject\",\"inLanguage\":\"nb-NO\",\"@id\":\"https:\/\/hoytundertaket.no\/skien\/sommercamper\/#local-main-organization-logo\",\"url\":\"https:\/\/hoytundertaket.no\/skien\/wp-content\/uploads\/sites\/4\/2021\/10\/hut-logo-skien-horisontal-pos.svg\",\"contentUrl\":\"https:\/\/hoytundertaket.no\/skien\/wp-content\/uploads\/sites\/4\/2021\/10\/hut-logo-skien-horisontal-pos.svg\",\"width\":340,\"height\":110,\"caption\":\"H\u00f8yt Under Taket Skien\"}]}<\/script>\n<!-- \/ Yoast SEO plugin. -->","yoast_head_json":{"title":"Sommercamper - H\u00f8yt Under Taket Skien","description":"Vi \u00f8nsker barn og ungdom velkommen til sommercamper hos H\u00f8yt Under Taket Skien! Fem dager fylt med aktivitet, l\u00e6ring og morsomme aktiviteter.","robots":{"index":"index","follow":"follow","max-snippet":"max-snippet:-1","max-image-preview":"max-image-preview:large","max-video-preview":"max-video-preview:-1"},"canonical":"https:\/\/hoytundertaket.no\/skien\/sommercamper\/","og_locale":"nb_NO","og_type":"article","og_title":"Sommercamper - H\u00f8yt Under Taket Skien","og_description":"Vi \u00f8nsker barn og ungdom velkommen til sommercamper hos H\u00f8yt Under Taket Skien! Fem dager fylt med aktivitet, l\u00e6ring og morsomme aktiviteter.","og_url":"https:\/\/hoytundertaket.no\/skien\/sommercamper\/","og_site_name":"H\u00f8yt Under Taket Skien","article_modified_time":"2026-02-19T09:53:17+00:00","og_image":[{"width":2560,"height":1703,"url":"https:\/\/hoytundertaket.no\/skien\/wp-content\/uploads\/sites\/4\/2026\/01\/KOM7955-scaled-1.jpg","type":"image\/jpeg"}],"twitter_card":"summary_large_image","twitter_misc":{"Ansl. lesetid":"1 minutt"},"schema":{"@context":"https:\/\/schema.org","@graph":[{"@type":"WebPage","@id":"https:\/\/hoytundertaket.no\/skien\/sommercamper\/","url":"https:\/\/hoytundertaket.no\/skien\/sommercamper\/","name":"Sommercamper - H\u00f8yt Under Taket Skien","isPartOf":{"@id":"https:\/\/hoytundertaket.no\/skien\/#website"},"datePublished":"2023-04-13T15:34:14+00:00","dateModified":"2026-02-19T09:53:17+00:00","description":"Vi \u00f8nsker barn og ungdom velkommen til sommercamper hos H\u00f8yt Under Taket Skien! Fem dager fylt med aktivitet, l\u00e6ring og morsomme aktiviteter.","breadcrumb":{"@id":"https:\/\/hoytundertaket.no\/skien\/sommercamper\/#breadcrumb"},"inLanguage":"nb-NO","potentialAction":[{"@type":"ReadAction","target":["https:\/\/hoytundertaket.no\/skien\/sommercamper\/"]}]},{"@type":"BreadcrumbList","@id":"https:\/\/hoytundertaket.no\/skien\/sommercamper\/#breadcrumb","itemListElement":[{"@type":"ListItem","position":1,"name":"Hjem","item":"https:\/\/hoytundertaket.no\/skien\/"},{"@type":"ListItem","position":2,"name":"Sommercamper"}]},{"@type":"WebSite","@id":"https:\/\/hoytundertaket.no\/skien\/#website","url":"https:\/\/hoytundertaket.no\/skien\/","name":"H\u00f8yt Under Taket Skien","description":"Bare enda et H\u00f8yt Under Taket-nettsted","publisher":{"@id":"https:\/\/hoytundertaket.no\/skien\/#organization"},"potentialAction":[{"@type":"SearchAction","target":{"@type":"EntryPoint","urlTemplate":"https:\/\/hoytundertaket.no\/skien\/?s={search_term_string}"},"query-input":{"@type":"PropertyValueSpecification","valueRequired":true,"valueName":"search_term_string"}}],"inLanguage":"nb-NO"},{"@type":["Organization","Place"],"@id":"https:\/\/hoytundertaket.no\/skien\/#organization","name":"H\u00f8yt Under Taket Skien","url":"https:\/\/hoytundertaket.no\/skien\/","logo":{"@id":"https:\/\/hoytundertaket.no\/skien\/sommercamper\/#local-main-organization-logo"},"image":{"@id":"https:\/\/hoytundertaket.no\/skien\/sommercamper\/#local-main-organization-logo"},"telephone":[],"openingHoursSpecification":[{"@type":"OpeningHoursSpecification","dayOfWeek":["Monday","Tuesday","Wednesday","Thursday","Friday","Saturday","Sunday"],"opens":"09:00","closes":"17:00"}]},{"@type":"ImageObject","inLanguage":"nb-NO","@id":"https:\/\/hoytundertaket.no\/skien\/sommercamper\/#local-main-organization-logo","url":"https:\/\/hoytundertaket.no\/skien\/wp-content\/uploads\/sites\/4\/2021\/10\/hut-logo-skien-horisontal-pos.svg","contentUrl":"https:\/\/hoytundertaket.no\/skien\/wp-content\/uploads\/sites\/4\/2021\/10\/hut-logo-skien-horisontal-pos.svg","width":340,"height":110,"caption":"H\u00f8yt Under Taket Skien"}]}},"_links":{"self":[{"href":"https:\/\/hoytundertaket.no\/skien\/wp-json\/wp\/v2\/pages\/1425","targetHints":{"allow":["GET"]}}],"collection":[{"href":"https:\/\/hoytundertaket.no\/skien\/wp-json\/wp\/v2\/pages"}],"about":[{"href":"https:\/\/hoytundertaket.no\/skien\/wp-json\/wp\/v2\/types\/page"}],"author":[{"embeddable":true,"href":"https:\/\/hoytundertaket.no\/skien\/wp-json\/wp\/v2\/users\/7"}],"replies":[{"embeddable":true,"href":"https:\/\/hoytundertaket.no\/skien\/wp-json\/wp\/v2\/comments?post=1425"}],"version-history":[{"count":9,"href":"https:\/\/hoytundertaket.no\/skien\/wp-json\/wp\/v2\/pages\/1425\/revisions"}],"predecessor-version":[{"id":3091,"href":"https:\/\/hoytundertaket.no\/skien\/wp-json\/wp\/v2\/pages\/1425\/revisions\/3091"}],"wp:attachment":[{"href":"https:\/\/hoytundertaket.no\/skien\/wp-json\/wp\/v2\/media?parent=1425"}],"curies":[{"name":"wp","href":"https:\/\/api.w.org\/{rel}","templated":true}]}}