{"id":1528,"date":"2023-06-09T11:09:45","date_gmt":"2023-06-09T09:09:45","guid":{"rendered":"https:\/\/hoytundertaket.no\/skien\/?page_id=1528"},"modified":"2026-02-19T10:57:16","modified_gmt":"2026-02-19T09:57:16","slug":"ledkurs","status":"publish","type":"page","link":"https:\/\/hoytundertaket.no\/skien\/kurs\/ledkurs\/","title":{"rendered":"Ledkurs"},"content":{"rendered":"","protected":false},"excerpt":{"rendered":"","protected":false},"author":7,"featured_media":694,"parent":2723,"menu_order":0,"comment_status":"closed","ping_status":"closed","template":"page-courses.php","meta":{"_acf_changed":false,"footnotes":""},"class_list":["post-1528","page","type-page","status-publish","has-post-thumbnail","hentry"],"acf":[],"yoast_head":"<!-- This site is optimized with the Yoast SEO plugin v26.9 - https:\/\/yoast.com\/product\/yoast-seo-wordpress\/ -->\n<title>Ledkurs \u2013 H\u00f8yt Under Taket Skien<\/title>\n<meta name=\"description\" content=\"Vil du ta brattkort? Meld deg p\u00e5 ledkurs i Skien! L\u00e6r trygg sikring, teknikk og klatring med erfarne instrukt\u00f8rer hos H\u00f8yt Under Taket.\" \/>\n<meta name=\"robots\" content=\"index, follow, max-snippet:-1, max-image-preview:large, max-video-preview:-1\" \/>\n<link rel=\"canonical\" href=\"https:\/\/hoytundertaket.no\/skien\/kurs\/ledkurs\/\" \/>\n<meta property=\"og:locale\" content=\"nb_NO\" \/>\n<meta property=\"og:type\" content=\"article\" \/>\n<meta property=\"og:title\" content=\"Ledkurs \u2013 H\u00f8yt Under Taket Skien\" \/>\n<meta property=\"og:description\" content=\"Vil du ta brattkort? Meld deg p\u00e5 ledkurs i Skien! L\u00e6r trygg sikring, teknikk og klatring med erfarne instrukt\u00f8rer hos H\u00f8yt Under Taket.\" \/>\n<meta property=\"og:url\" content=\"https:\/\/hoytundertaket.no\/skien\/kurs\/ledkurs\/\" \/>\n<meta property=\"og:site_name\" content=\"H\u00f8yt Under Taket Skien\" \/>\n<meta property=\"article:modified_time\" content=\"2026-02-19T09:57:16+00:00\" \/>\n<meta property=\"og:image\" content=\"https:\/\/hoytundertaket.no\/skien\/wp-content\/uploads\/sites\/4\/2022\/08\/DSC00950-15441964.jpg\" \/>\n\t<meta property=\"og:image:width\" content=\"1080\" \/>\n\t<meta property=\"og:image:height\" content=\"720\" \/>\n\t<meta property=\"og:image:type\" content=\"image\/jpeg\" \/>\n<meta name=\"twitter:card\" content=\"summary_large_image\" \/>\n<meta name=\"twitter:label1\" content=\"Ansl. lesetid\" \/>\n\t<meta name=\"twitter:data1\" content=\"2 minutter\" \/>\n<script type=\"application\/ld+json\" class=\"yoast-schema-graph\">{\"@context\":\"https:\/\/schema.org\",\"@graph\":[{\"@type\":\"WebPage\",\"@id\":\"https:\/\/hoytundertaket.no\/skien\/kurs\/ledkurs\/\",\"url\":\"https:\/\/hoytundertaket.no\/skien\/kurs\/ledkurs\/\",\"name\":\"Ledkurs \u2013 H\u00f8yt Under Taket Skien\",\"isPartOf\":{\"@id\":\"https:\/\/hoytundertaket.no\/skien\/#website\"},\"primaryImageOfPage\":{\"@id\":\"https:\/\/hoytundertaket.no\/skien\/kurs\/ledkurs\/#primaryimage\"},\"image\":{\"@id\":\"https:\/\/hoytundertaket.no\/skien\/kurs\/ledkurs\/#primaryimage\"},\"thumbnailUrl\":\"https:\/\/hoytundertaket.no\/skien\/wp-content\/uploads\/sites\/4\/2022\/08\/DSC00950-15441964.jpg\",\"datePublished\":\"2023-06-09T09:09:45+00:00\",\"dateModified\":\"2026-02-19T09:57:16+00:00\",\"description\":\"Vil du ta brattkort? Meld deg p\u00e5 ledkurs i Skien! L\u00e6r trygg sikring, teknikk og klatring med erfarne instrukt\u00f8rer hos H\u00f8yt Under Taket.\",\"breadcrumb\":{\"@id\":\"https:\/\/hoytundertaket.no\/skien\/kurs\/ledkurs\/#breadcrumb\"},\"inLanguage\":\"nb-NO\",\"potentialAction\":[{\"@type\":\"ReadAction\",\"target\":[\"https:\/\/hoytundertaket.no\/skien\/kurs\/ledkurs\/\"]}]},{\"@type\":\"ImageObject\",\"inLanguage\":\"nb-NO\",\"@id\":\"https:\/\/hoytundertaket.no\/skien\/kurs\/ledkurs\/#primaryimage\",\"url\":\"https:\/\/hoytundertaket.no\/skien\/wp-content\/uploads\/sites\/4\/2022\/08\/DSC00950-15441964.jpg\",\"contentUrl\":\"https:\/\/hoytundertaket.no\/skien\/wp-content\/uploads\/sites\/4\/2022\/08\/DSC00950-15441964.jpg\",\"width\":1080,\"height\":720,\"caption\":\"Ledklatring p\u00e5 r\u00f8d klatrevegg hos H\u00f8yt Under Taket i Skien.\"},{\"@type\":\"BreadcrumbList\",\"@id\":\"https:\/\/hoytundertaket.no\/skien\/kurs\/ledkurs\/#breadcrumb\",\"itemListElement\":[{\"@type\":\"ListItem\",\"position\":1,\"name\":\"Hjem\",\"item\":\"https:\/\/hoytundertaket.no\/skien\/\"},{\"@type\":\"ListItem\",\"position\":2,\"name\":\"Kurs\",\"item\":\"https:\/\/hoytundertaket.no\/skien\/kurs\/\"},{\"@type\":\"ListItem\",\"position\":3,\"name\":\"Ledkurs\"}]},{\"@type\":\"WebSite\",\"@id\":\"https:\/\/hoytundertaket.no\/skien\/#website\",\"url\":\"https:\/\/hoytundertaket.no\/skien\/\",\"name\":\"H\u00f8yt Under Taket Skien\",\"description\":\"Bare enda et H\u00f8yt Under Taket-nettsted\",\"publisher\":{\"@id\":\"https:\/\/hoytundertaket.no\/skien\/#organization\"},\"potentialAction\":[{\"@type\":\"SearchAction\",\"target\":{\"@type\":\"EntryPoint\",\"urlTemplate\":\"https:\/\/hoytundertaket.no\/skien\/?s={search_term_string}\"},\"query-input\":{\"@type\":\"PropertyValueSpecification\",\"valueRequired\":true,\"valueName\":\"search_term_string\"}}],\"inLanguage\":\"nb-NO\"},{\"@type\":[\"Organization\",\"Place\"],\"@id\":\"https:\/\/hoytundertaket.no\/skien\/#organization\",\"name\":\"H\u00f8yt Under Taket Skien\",\"url\":\"https:\/\/hoytundertaket.no\/skien\/\",\"logo\":{\"@id\":\"https:\/\/hoytundertaket.no\/skien\/kurs\/ledkurs\/#local-main-organization-logo\"},\"image\":{\"@id\":\"https:\/\/hoytundertaket.no\/skien\/kurs\/ledkurs\/#local-main-organization-logo\"},\"telephone\":[],\"openingHoursSpecification\":[{\"@type\":\"OpeningHoursSpecification\",\"dayOfWeek\":[\"Monday\",\"Tuesday\",\"Wednesday\",\"Thursday\",\"Friday\",\"Saturday\",\"Sunday\"],\"opens\":\"09:00\",\"closes\":\"17:00\"}]},{\"@type\":\"ImageObject\",\"inLanguage\":\"nb-NO\",\"@id\":\"https:\/\/hoytundertaket.no\/skien\/kurs\/ledkurs\/#local-main-organization-logo\",\"url\":\"https:\/\/hoytundertaket.no\/skien\/wp-content\/uploads\/sites\/4\/2021\/10\/hut-logo-skien-horisontal-pos.svg\",\"contentUrl\":\"https:\/\/hoytundertaket.no\/skien\/wp-content\/uploads\/sites\/4\/2021\/10\/hut-logo-skien-horisontal-pos.svg\",\"width\":340,\"height\":110,\"caption\":\"H\u00f8yt Under Taket Skien\"}]}<\/script>\n<!-- \/ Yoast SEO plugin. -->","yoast_head_json":{"title":"Ledkurs \u2013 H\u00f8yt Under Taket Skien","description":"Vil du ta brattkort? Meld deg p\u00e5 ledkurs i Skien! L\u00e6r trygg sikring, teknikk og klatring med erfarne instrukt\u00f8rer hos H\u00f8yt Under Taket.","robots":{"index":"index","follow":"follow","max-snippet":"max-snippet:-1","max-image-preview":"max-image-preview:large","max-video-preview":"max-video-preview:-1"},"canonical":"https:\/\/hoytundertaket.no\/skien\/kurs\/ledkurs\/","og_locale":"nb_NO","og_type":"article","og_title":"Ledkurs \u2013 H\u00f8yt Under Taket Skien","og_description":"Vil du ta brattkort? Meld deg p\u00e5 ledkurs i Skien! L\u00e6r trygg sikring, teknikk og klatring med erfarne instrukt\u00f8rer hos H\u00f8yt Under Taket.","og_url":"https:\/\/hoytundertaket.no\/skien\/kurs\/ledkurs\/","og_site_name":"H\u00f8yt Under Taket Skien","article_modified_time":"2026-02-19T09:57:16+00:00","og_image":[{"width":1080,"height":720,"url":"https:\/\/hoytundertaket.no\/skien\/wp-content\/uploads\/sites\/4\/2022\/08\/DSC00950-15441964.jpg","type":"image\/jpeg"}],"twitter_card":"summary_large_image","twitter_misc":{"Ansl. lesetid":"2 minutter"},"schema":{"@context":"https:\/\/schema.org","@graph":[{"@type":"WebPage","@id":"https:\/\/hoytundertaket.no\/skien\/kurs\/ledkurs\/","url":"https:\/\/hoytundertaket.no\/skien\/kurs\/ledkurs\/","name":"Ledkurs \u2013 H\u00f8yt Under Taket Skien","isPartOf":{"@id":"https:\/\/hoytundertaket.no\/skien\/#website"},"primaryImageOfPage":{"@id":"https:\/\/hoytundertaket.no\/skien\/kurs\/ledkurs\/#primaryimage"},"image":{"@id":"https:\/\/hoytundertaket.no\/skien\/kurs\/ledkurs\/#primaryimage"},"thumbnailUrl":"https:\/\/hoytundertaket.no\/skien\/wp-content\/uploads\/sites\/4\/2022\/08\/DSC00950-15441964.jpg","datePublished":"2023-06-09T09:09:45+00:00","dateModified":"2026-02-19T09:57:16+00:00","description":"Vil du ta brattkort? Meld deg p\u00e5 ledkurs i Skien! L\u00e6r trygg sikring, teknikk og klatring med erfarne instrukt\u00f8rer hos H\u00f8yt Under Taket.","breadcrumb":{"@id":"https:\/\/hoytundertaket.no\/skien\/kurs\/ledkurs\/#breadcrumb"},"inLanguage":"nb-NO","potentialAction":[{"@type":"ReadAction","target":["https:\/\/hoytundertaket.no\/skien\/kurs\/ledkurs\/"]}]},{"@type":"ImageObject","inLanguage":"nb-NO","@id":"https:\/\/hoytundertaket.no\/skien\/kurs\/ledkurs\/#primaryimage","url":"https:\/\/hoytundertaket.no\/skien\/wp-content\/uploads\/sites\/4\/2022\/08\/DSC00950-15441964.jpg","contentUrl":"https:\/\/hoytundertaket.no\/skien\/wp-content\/uploads\/sites\/4\/2022\/08\/DSC00950-15441964.jpg","width":1080,"height":720,"caption":"Ledklatring p\u00e5 r\u00f8d klatrevegg hos H\u00f8yt Under Taket i Skien."},{"@type":"BreadcrumbList","@id":"https:\/\/hoytundertaket.no\/skien\/kurs\/ledkurs\/#breadcrumb","itemListElement":[{"@type":"ListItem","position":1,"name":"Hjem","item":"https:\/\/hoytundertaket.no\/skien\/"},{"@type":"ListItem","position":2,"name":"Kurs","item":"https:\/\/hoytundertaket.no\/skien\/kurs\/"},{"@type":"ListItem","position":3,"name":"Ledkurs"}]},{"@type":"WebSite","@id":"https:\/\/hoytundertaket.no\/skien\/#website","url":"https:\/\/hoytundertaket.no\/skien\/","name":"H\u00f8yt Under Taket Skien","description":"Bare enda et H\u00f8yt Under Taket-nettsted","publisher":{"@id":"https:\/\/hoytundertaket.no\/skien\/#organization"},"potentialAction":[{"@type":"SearchAction","target":{"@type":"EntryPoint","urlTemplate":"https:\/\/hoytundertaket.no\/skien\/?s={search_term_string}"},"query-input":{"@type":"PropertyValueSpecification","valueRequired":true,"valueName":"search_term_string"}}],"inLanguage":"nb-NO"},{"@type":["Organization","Place"],"@id":"https:\/\/hoytundertaket.no\/skien\/#organization","name":"H\u00f8yt Under Taket Skien","url":"https:\/\/hoytundertaket.no\/skien\/","logo":{"@id":"https:\/\/hoytundertaket.no\/skien\/kurs\/ledkurs\/#local-main-organization-logo"},"image":{"@id":"https:\/\/hoytundertaket.no\/skien\/kurs\/ledkurs\/#local-main-organization-logo"},"telephone":[],"openingHoursSpecification":[{"@type":"OpeningHoursSpecification","dayOfWeek":["Monday","Tuesday","Wednesday","Thursday","Friday","Saturday","Sunday"],"opens":"09:00","closes":"17:00"}]},{"@type":"ImageObject","inLanguage":"nb-NO","@id":"https:\/\/hoytundertaket.no\/skien\/kurs\/ledkurs\/#local-main-organization-logo","url":"https:\/\/hoytundertaket.no\/skien\/wp-content\/uploads\/sites\/4\/2021\/10\/hut-logo-skien-horisontal-pos.svg","contentUrl":"https:\/\/hoytundertaket.no\/skien\/wp-content\/uploads\/sites\/4\/2021\/10\/hut-logo-skien-horisontal-pos.svg","width":340,"height":110,"caption":"H\u00f8yt Under Taket Skien"}]}},"_links":{"self":[{"href":"https:\/\/hoytundertaket.no\/skien\/wp-json\/wp\/v2\/pages\/1528","targetHints":{"allow":["GET"]}}],"collection":[{"href":"https:\/\/hoytundertaket.no\/skien\/wp-json\/wp\/v2\/pages"}],"about":[{"href":"https:\/\/hoytundertaket.no\/skien\/wp-json\/wp\/v2\/types\/page"}],"author":[{"embeddable":true,"href":"https:\/\/hoytundertaket.no\/skien\/wp-json\/wp\/v2\/users\/7"}],"replies":[{"embeddable":true,"href":"https:\/\/hoytundertaket.no\/skien\/wp-json\/wp\/v2\/comments?post=1528"}],"version-history":[{"count":26,"href":"https:\/\/hoytundertaket.no\/skien\/wp-json\/wp\/v2\/pages\/1528\/revisions"}],"predecessor-version":[{"id":3093,"href":"https:\/\/hoytundertaket.no\/skien\/wp-json\/wp\/v2\/pages\/1528\/revisions\/3093"}],"up":[{"embeddable":true,"href":"https:\/\/hoytundertaket.no\/skien\/wp-json\/wp\/v2\/pages\/2723"}],"wp:featuredmedia":[{"embeddable":true,"href":"https:\/\/hoytundertaket.no\/skien\/wp-json\/wp\/v2\/media\/694"}],"wp:attachment":[{"href":"https:\/\/hoytundertaket.no\/skien\/wp-json\/wp\/v2\/media?parent=1528"}],"curies":[{"name":"wp","href":"https:\/\/api.w.org\/{rel}","templated":true}]}}