{"id":1935,"date":"2024-06-18T10:18:20","date_gmt":"2024-06-18T08:18:20","guid":{"rendered":"https:\/\/hoytundertaket.no\/skien\/?page_id=1935"},"modified":"2025-02-10T18:23:15","modified_gmt":"2025-02-10T17:23:15","slug":"artikler-om-klatring","status":"publish","type":"page","link":"https:\/\/hoytundertaket.no\/skien\/artikler-om-klatring\/","title":{"rendered":"Artikler"},"content":{"rendered":"","protected":false},"excerpt":{"rendered":"","protected":false},"author":1,"featured_media":0,"parent":0,"menu_order":0,"comment_status":"closed","ping_status":"closed","template":"page-articles.php","meta":{"_acf_changed":false,"footnotes":""},"class_list":["post-1935","page","type-page","status-publish","hentry"],"acf":[],"yoast_head":"<!-- This site is optimized with the Yoast SEO plugin v27.4 - https:\/\/yoast.com\/product\/yoast-seo-wordpress\/ -->\n<title>Artikler - H\u00f8yt Under Taket Skien<\/title>\n<meta name=\"description\" content=\"I denne oversikten finner du alt du trenger \u00e5 vite om H\u00f8yt Under Taket Skien. Les artikler om klatring, tilbudene v\u00e5re og annet snacks!\" \/>\n<meta name=\"robots\" content=\"index, follow, max-snippet:-1, max-image-preview:large, max-video-preview:-1\" \/>\n<link rel=\"canonical\" href=\"https:\/\/hoytundertaket.no\/skien\/artikler-om-klatring\/\" \/>\n<meta property=\"og:locale\" content=\"nb_NO\" \/>\n<meta property=\"og:type\" content=\"article\" \/>\n<meta property=\"og:title\" content=\"Artikler - H\u00f8yt Under Taket Skien\" \/>\n<meta property=\"og:description\" content=\"I denne oversikten finner du alt du trenger \u00e5 vite om H\u00f8yt Under Taket Skien. Les artikler om klatring, tilbudene v\u00e5re og annet snacks!\" \/>\n<meta property=\"og:url\" content=\"https:\/\/hoytundertaket.no\/skien\/artikler-om-klatring\/\" \/>\n<meta property=\"og:site_name\" content=\"H\u00f8yt Under Taket Skien\" \/>\n<meta property=\"article:modified_time\" content=\"2025-02-10T17:23:15+00:00\" \/>\n<meta name=\"twitter:card\" content=\"summary_large_image\" \/>\n<script type=\"application\/ld+json\" class=\"yoast-schema-graph\">{\"@context\":\"https:\\\/\\\/schema.org\",\"@graph\":[{\"@type\":\"WebPage\",\"@id\":\"https:\\\/\\\/hoytundertaket.no\\\/skien\\\/artikler-om-klatring\\\/\",\"url\":\"https:\\\/\\\/hoytundertaket.no\\\/skien\\\/artikler-om-klatring\\\/\",\"name\":\"Artikler - H\u00f8yt Under Taket Skien\",\"isPartOf\":{\"@id\":\"https:\\\/\\\/hoytundertaket.no\\\/skien\\\/#website\"},\"datePublished\":\"2024-06-18T08:18:20+00:00\",\"dateModified\":\"2025-02-10T17:23:15+00:00\",\"description\":\"I denne oversikten finner du alt du trenger \u00e5 vite om H\u00f8yt Under Taket Skien. Les artikler om klatring, tilbudene v\u00e5re og annet snacks!\",\"breadcrumb\":{\"@id\":\"https:\\\/\\\/hoytundertaket.no\\\/skien\\\/artikler-om-klatring\\\/#breadcrumb\"},\"inLanguage\":\"nb-NO\",\"potentialAction\":[{\"@type\":\"ReadAction\",\"target\":[\"https:\\\/\\\/hoytundertaket.no\\\/skien\\\/artikler-om-klatring\\\/\"]}]},{\"@type\":\"BreadcrumbList\",\"@id\":\"https:\\\/\\\/hoytundertaket.no\\\/skien\\\/artikler-om-klatring\\\/#breadcrumb\",\"itemListElement\":[{\"@type\":\"ListItem\",\"position\":1,\"name\":\"Hjem\",\"item\":\"https:\\\/\\\/hoytundertaket.no\\\/skien\\\/\"},{\"@type\":\"ListItem\",\"position\":2,\"name\":\"Artikler\"}]},{\"@type\":\"WebSite\",\"@id\":\"https:\\\/\\\/hoytundertaket.no\\\/skien\\\/#website\",\"url\":\"https:\\\/\\\/hoytundertaket.no\\\/skien\\\/\",\"name\":\"H\u00f8yt Under Taket Skien\",\"description\":\"Bare enda et H\u00f8yt Under Taket-nettsted\",\"publisher\":{\"@id\":\"https:\\\/\\\/hoytundertaket.no\\\/skien\\\/#organization\"},\"potentialAction\":[{\"@type\":\"SearchAction\",\"target\":{\"@type\":\"EntryPoint\",\"urlTemplate\":\"https:\\\/\\\/hoytundertaket.no\\\/skien\\\/?s={search_term_string}\"},\"query-input\":{\"@type\":\"PropertyValueSpecification\",\"valueRequired\":true,\"valueName\":\"search_term_string\"}}],\"inLanguage\":\"nb-NO\"},{\"@type\":[\"Organization\",\"Place\"],\"@id\":\"https:\\\/\\\/hoytundertaket.no\\\/skien\\\/#organization\",\"name\":\"H\u00f8yt Under Taket Skien\",\"url\":\"https:\\\/\\\/hoytundertaket.no\\\/skien\\\/\",\"logo\":{\"@id\":\"https:\\\/\\\/hoytundertaket.no\\\/skien\\\/artikler-om-klatring\\\/#local-main-organization-logo\"},\"image\":{\"@id\":\"https:\\\/\\\/hoytundertaket.no\\\/skien\\\/artikler-om-klatring\\\/#local-main-organization-logo\"},\"telephone\":[],\"openingHoursSpecification\":[{\"@type\":\"OpeningHoursSpecification\",\"dayOfWeek\":[\"Monday\",\"Tuesday\",\"Wednesday\",\"Thursday\",\"Friday\",\"Saturday\",\"Sunday\"],\"opens\":\"09:00\",\"closes\":\"17:00\"}]},{\"@type\":\"ImageObject\",\"inLanguage\":\"nb-NO\",\"@id\":\"https:\\\/\\\/hoytundertaket.no\\\/skien\\\/artikler-om-klatring\\\/#local-main-organization-logo\",\"url\":\"https:\\\/\\\/hoytundertaket.no\\\/skien\\\/wp-content\\\/uploads\\\/sites\\\/4\\\/2021\\\/10\\\/hut-logo-skien-horisontal-pos.svg\",\"contentUrl\":\"https:\\\/\\\/hoytundertaket.no\\\/skien\\\/wp-content\\\/uploads\\\/sites\\\/4\\\/2021\\\/10\\\/hut-logo-skien-horisontal-pos.svg\",\"width\":340,\"height\":110,\"caption\":\"H\u00f8yt Under Taket Skien\"}]}<\/script>\n<!-- \/ Yoast SEO plugin. -->","yoast_head_json":{"title":"Artikler - H\u00f8yt Under Taket Skien","description":"I denne oversikten finner du alt du trenger \u00e5 vite om H\u00f8yt Under Taket Skien. Les artikler om klatring, tilbudene v\u00e5re og annet snacks!","robots":{"index":"index","follow":"follow","max-snippet":"max-snippet:-1","max-image-preview":"max-image-preview:large","max-video-preview":"max-video-preview:-1"},"canonical":"https:\/\/hoytundertaket.no\/skien\/artikler-om-klatring\/","og_locale":"nb_NO","og_type":"article","og_title":"Artikler - H\u00f8yt Under Taket Skien","og_description":"I denne oversikten finner du alt du trenger \u00e5 vite om H\u00f8yt Under Taket Skien. Les artikler om klatring, tilbudene v\u00e5re og annet snacks!","og_url":"https:\/\/hoytundertaket.no\/skien\/artikler-om-klatring\/","og_site_name":"H\u00f8yt Under Taket Skien","article_modified_time":"2025-02-10T17:23:15+00:00","twitter_card":"summary_large_image","schema":{"@context":"https:\/\/schema.org","@graph":[{"@type":"WebPage","@id":"https:\/\/hoytundertaket.no\/skien\/artikler-om-klatring\/","url":"https:\/\/hoytundertaket.no\/skien\/artikler-om-klatring\/","name":"Artikler - H\u00f8yt Under Taket Skien","isPartOf":{"@id":"https:\/\/hoytundertaket.no\/skien\/#website"},"datePublished":"2024-06-18T08:18:20+00:00","dateModified":"2025-02-10T17:23:15+00:00","description":"I denne oversikten finner du alt du trenger \u00e5 vite om H\u00f8yt Under Taket Skien. Les artikler om klatring, tilbudene v\u00e5re og annet snacks!","breadcrumb":{"@id":"https:\/\/hoytundertaket.no\/skien\/artikler-om-klatring\/#breadcrumb"},"inLanguage":"nb-NO","potentialAction":[{"@type":"ReadAction","target":["https:\/\/hoytundertaket.no\/skien\/artikler-om-klatring\/"]}]},{"@type":"BreadcrumbList","@id":"https:\/\/hoytundertaket.no\/skien\/artikler-om-klatring\/#breadcrumb","itemListElement":[{"@type":"ListItem","position":1,"name":"Hjem","item":"https:\/\/hoytundertaket.no\/skien\/"},{"@type":"ListItem","position":2,"name":"Artikler"}]},{"@type":"WebSite","@id":"https:\/\/hoytundertaket.no\/skien\/#website","url":"https:\/\/hoytundertaket.no\/skien\/","name":"H\u00f8yt Under Taket Skien","description":"Bare enda et H\u00f8yt Under Taket-nettsted","publisher":{"@id":"https:\/\/hoytundertaket.no\/skien\/#organization"},"potentialAction":[{"@type":"SearchAction","target":{"@type":"EntryPoint","urlTemplate":"https:\/\/hoytundertaket.no\/skien\/?s={search_term_string}"},"query-input":{"@type":"PropertyValueSpecification","valueRequired":true,"valueName":"search_term_string"}}],"inLanguage":"nb-NO"},{"@type":["Organization","Place"],"@id":"https:\/\/hoytundertaket.no\/skien\/#organization","name":"H\u00f8yt Under Taket Skien","url":"https:\/\/hoytundertaket.no\/skien\/","logo":{"@id":"https:\/\/hoytundertaket.no\/skien\/artikler-om-klatring\/#local-main-organization-logo"},"image":{"@id":"https:\/\/hoytundertaket.no\/skien\/artikler-om-klatring\/#local-main-organization-logo"},"telephone":[],"openingHoursSpecification":[{"@type":"OpeningHoursSpecification","dayOfWeek":["Monday","Tuesday","Wednesday","Thursday","Friday","Saturday","Sunday"],"opens":"09:00","closes":"17:00"}]},{"@type":"ImageObject","inLanguage":"nb-NO","@id":"https:\/\/hoytundertaket.no\/skien\/artikler-om-klatring\/#local-main-organization-logo","url":"https:\/\/hoytundertaket.no\/skien\/wp-content\/uploads\/sites\/4\/2021\/10\/hut-logo-skien-horisontal-pos.svg","contentUrl":"https:\/\/hoytundertaket.no\/skien\/wp-content\/uploads\/sites\/4\/2021\/10\/hut-logo-skien-horisontal-pos.svg","width":340,"height":110,"caption":"H\u00f8yt Under Taket Skien"}]}},"_links":{"self":[{"href":"https:\/\/hoytundertaket.no\/skien\/wp-json\/wp\/v2\/pages\/1935","targetHints":{"allow":["GET"]}}],"collection":[{"href":"https:\/\/hoytundertaket.no\/skien\/wp-json\/wp\/v2\/pages"}],"about":[{"href":"https:\/\/hoytundertaket.no\/skien\/wp-json\/wp\/v2\/types\/page"}],"author":[{"embeddable":true,"href":"https:\/\/hoytundertaket.no\/skien\/wp-json\/wp\/v2\/users\/1"}],"replies":[{"embeddable":true,"href":"https:\/\/hoytundertaket.no\/skien\/wp-json\/wp\/v2\/comments?post=1935"}],"version-history":[{"count":3,"href":"https:\/\/hoytundertaket.no\/skien\/wp-json\/wp\/v2\/pages\/1935\/revisions"}],"predecessor-version":[{"id":2236,"href":"https:\/\/hoytundertaket.no\/skien\/wp-json\/wp\/v2\/pages\/1935\/revisions\/2236"}],"wp:attachment":[{"href":"https:\/\/hoytundertaket.no\/skien\/wp-json\/wp\/v2\/media?parent=1935"}],"curies":[{"name":"wp","href":"https:\/\/api.w.org\/{rel}","templated":true}]}}