{"id":253,"date":"2022-05-02T20:57:06","date_gmt":"2022-05-02T18:57:06","guid":{"rendered":"https:\/\/hoytundertaket.no\/skien\/?page_id=253"},"modified":"2026-02-12T09:17:27","modified_gmt":"2026-02-12T08:17:27","slug":"familieaktiviteter","status":"publish","type":"page","link":"https:\/\/hoytundertaket.no\/skien\/aktiviteter\/familieaktiviteter\/","title":{"rendered":"Familieaktiviteter"},"content":{"rendered":"","protected":false},"excerpt":{"rendered":"","protected":false},"author":1,"featured_media":2014,"parent":2569,"menu_order":0,"comment_status":"closed","ping_status":"closed","template":"page-visit.php","meta":{"_acf_changed":false,"footnotes":""},"class_list":["post-253","page","type-page","status-publish","has-post-thumbnail","hentry"],"acf":[],"yoast_head":"<!-- This site is optimized with the Yoast SEO plugin v26.9 - https:\/\/yoast.com\/product\/yoast-seo-wordpress\/ -->\n<title>Familieaktiviteter p\u00e5 Kloster\u00f8ya | H\u00f8yt Under Taket Skien<\/title>\n<meta name=\"description\" content=\"Hva med en morsom dag med familieaktiviteter p\u00e5 Kloster\u00f8ya i Skien? H\u00f8yt Under Taket har nok av utfordringer og moro for b\u00e5de store og sm\u00e5!\" \/>\n<meta name=\"robots\" content=\"index, follow, max-snippet:-1, max-image-preview:large, max-video-preview:-1\" \/>\n<link rel=\"canonical\" href=\"https:\/\/hoytundertaket.no\/skien\/aktiviteter\/familieaktiviteter\/\" \/>\n<meta property=\"og:locale\" content=\"nb_NO\" \/>\n<meta property=\"og:type\" content=\"article\" \/>\n<meta property=\"og:title\" content=\"Familieaktiviteter p\u00e5 Kloster\u00f8ya | H\u00f8yt Under Taket Skien\" \/>\n<meta property=\"og:description\" content=\"Hva med en morsom dag med familieaktiviteter i Skien? H\u00f8yt Under Taket har nok av utfordringer og moro for b\u00e5de store og sm\u00e5!\" \/>\n<meta property=\"og:url\" content=\"https:\/\/hoytundertaket.no\/skien\/aktiviteter\/familieaktiviteter\/\" \/>\n<meta property=\"og:site_name\" content=\"H\u00f8yt Under Taket Skien\" \/>\n<meta property=\"article:modified_time\" content=\"2026-02-12T08:17:27+00:00\" \/>\n<meta property=\"og:image\" content=\"https:\/\/hoytundertaket.no\/skien\/wp-content\/uploads\/sites\/4\/2025\/03\/Buldrejam_skien_HTL_04582_Foto_Hoyt_Under_Taket.jpg\" \/>\n\t<meta property=\"og:image:width\" content=\"1080\" \/>\n\t<meta property=\"og:image:height\" content=\"720\" \/>\n\t<meta property=\"og:image:type\" content=\"image\/jpeg\" \/>\n<meta name=\"twitter:card\" content=\"summary_large_image\" \/>\n<meta name=\"twitter:label1\" content=\"Ansl. lesetid\" \/>\n\t<meta name=\"twitter:data1\" content=\"4 minutter\" \/>\n<script type=\"application\/ld+json\" class=\"yoast-schema-graph\">{\"@context\":\"https:\/\/schema.org\",\"@graph\":[{\"@type\":\"WebPage\",\"@id\":\"https:\/\/hoytundertaket.no\/skien\/aktiviteter\/familieaktiviteter\/\",\"url\":\"https:\/\/hoytundertaket.no\/skien\/aktiviteter\/familieaktiviteter\/\",\"name\":\"Familieaktiviteter p\u00e5 Kloster\u00f8ya | H\u00f8yt Under Taket Skien\",\"isPartOf\":{\"@id\":\"https:\/\/hoytundertaket.no\/skien\/#website\"},\"primaryImageOfPage\":{\"@id\":\"https:\/\/hoytundertaket.no\/skien\/aktiviteter\/familieaktiviteter\/#primaryimage\"},\"image\":{\"@id\":\"https:\/\/hoytundertaket.no\/skien\/aktiviteter\/familieaktiviteter\/#primaryimage\"},\"thumbnailUrl\":\"https:\/\/hoytundertaket.no\/skien\/wp-content\/uploads\/sites\/4\/2024\/11\/Buldrejam_skien_HTL_04470_Foto_Hoyt_Under_Taket-1.jpg\",\"datePublished\":\"2022-05-02T18:57:06+00:00\",\"dateModified\":\"2026-02-12T08:17:27+00:00\",\"description\":\"Hva med en morsom dag med familieaktiviteter p\u00e5 Kloster\u00f8ya i Skien? H\u00f8yt Under Taket har nok av utfordringer og moro for b\u00e5de store og sm\u00e5!\",\"breadcrumb\":{\"@id\":\"https:\/\/hoytundertaket.no\/skien\/aktiviteter\/familieaktiviteter\/#breadcrumb\"},\"inLanguage\":\"nb-NO\",\"potentialAction\":[{\"@type\":\"ReadAction\",\"target\":[\"https:\/\/hoytundertaket.no\/skien\/aktiviteter\/familieaktiviteter\/\"]}]},{\"@type\":\"ImageObject\",\"inLanguage\":\"nb-NO\",\"@id\":\"https:\/\/hoytundertaket.no\/skien\/aktiviteter\/familieaktiviteter\/#primaryimage\",\"url\":\"https:\/\/hoytundertaket.no\/skien\/wp-content\/uploads\/sites\/4\/2024\/11\/Buldrejam_skien_HTL_04470_Foto_Hoyt_Under_Taket-1.jpg\",\"contentUrl\":\"https:\/\/hoytundertaket.no\/skien\/wp-content\/uploads\/sites\/4\/2024\/11\/Buldrejam_skien_HTL_04470_Foto_Hoyt_Under_Taket-1.jpg\",\"width\":1080,\"height\":720,\"caption\":\"Moro for hele familien \u2013 her kan b\u00e5de barn og voksne utfordre seg selv i trygge omgivelser.\"},{\"@type\":\"BreadcrumbList\",\"@id\":\"https:\/\/hoytundertaket.no\/skien\/aktiviteter\/familieaktiviteter\/#breadcrumb\",\"itemListElement\":[{\"@type\":\"ListItem\",\"position\":1,\"name\":\"Hjem\",\"item\":\"https:\/\/hoytundertaket.no\/skien\/\"},{\"@type\":\"ListItem\",\"position\":2,\"name\":\"Aktiviteter\",\"item\":\"https:\/\/hoytundertaket.no\/skien\/aktiviteter\/\"},{\"@type\":\"ListItem\",\"position\":3,\"name\":\"Familieaktiviteter\"}]},{\"@type\":\"WebSite\",\"@id\":\"https:\/\/hoytundertaket.no\/skien\/#website\",\"url\":\"https:\/\/hoytundertaket.no\/skien\/\",\"name\":\"H\u00f8yt Under Taket Skien\",\"description\":\"Bare enda et H\u00f8yt Under Taket-nettsted\",\"publisher\":{\"@id\":\"https:\/\/hoytundertaket.no\/skien\/#organization\"},\"potentialAction\":[{\"@type\":\"SearchAction\",\"target\":{\"@type\":\"EntryPoint\",\"urlTemplate\":\"https:\/\/hoytundertaket.no\/skien\/?s={search_term_string}\"},\"query-input\":{\"@type\":\"PropertyValueSpecification\",\"valueRequired\":true,\"valueName\":\"search_term_string\"}}],\"inLanguage\":\"nb-NO\"},{\"@type\":[\"Organization\",\"Place\"],\"@id\":\"https:\/\/hoytundertaket.no\/skien\/#organization\",\"name\":\"H\u00f8yt Under Taket Skien\",\"url\":\"https:\/\/hoytundertaket.no\/skien\/\",\"logo\":{\"@id\":\"https:\/\/hoytundertaket.no\/skien\/aktiviteter\/familieaktiviteter\/#local-main-organization-logo\"},\"image\":{\"@id\":\"https:\/\/hoytundertaket.no\/skien\/aktiviteter\/familieaktiviteter\/#local-main-organization-logo\"},\"telephone\":[],\"openingHoursSpecification\":[{\"@type\":\"OpeningHoursSpecification\",\"dayOfWeek\":[\"Monday\",\"Tuesday\",\"Wednesday\",\"Thursday\",\"Friday\",\"Saturday\",\"Sunday\"],\"opens\":\"09:00\",\"closes\":\"17:00\"}]},{\"@type\":\"ImageObject\",\"inLanguage\":\"nb-NO\",\"@id\":\"https:\/\/hoytundertaket.no\/skien\/aktiviteter\/familieaktiviteter\/#local-main-organization-logo\",\"url\":\"https:\/\/hoytundertaket.no\/skien\/wp-content\/uploads\/sites\/4\/2021\/10\/hut-logo-skien-horisontal-pos.svg\",\"contentUrl\":\"https:\/\/hoytundertaket.no\/skien\/wp-content\/uploads\/sites\/4\/2021\/10\/hut-logo-skien-horisontal-pos.svg\",\"width\":340,\"height\":110,\"caption\":\"H\u00f8yt Under Taket Skien\"}]}<\/script>\n<!-- \/ Yoast SEO plugin. -->","yoast_head_json":{"title":"Familieaktiviteter p\u00e5 Kloster\u00f8ya | H\u00f8yt Under Taket Skien","description":"Hva med en morsom dag med familieaktiviteter p\u00e5 Kloster\u00f8ya i Skien? H\u00f8yt Under Taket har nok av utfordringer og moro for b\u00e5de store og sm\u00e5!","robots":{"index":"index","follow":"follow","max-snippet":"max-snippet:-1","max-image-preview":"max-image-preview:large","max-video-preview":"max-video-preview:-1"},"canonical":"https:\/\/hoytundertaket.no\/skien\/aktiviteter\/familieaktiviteter\/","og_locale":"nb_NO","og_type":"article","og_title":"Familieaktiviteter p\u00e5 Kloster\u00f8ya | H\u00f8yt Under Taket Skien","og_description":"Hva med en morsom dag med familieaktiviteter i Skien? H\u00f8yt Under Taket har nok av utfordringer og moro for b\u00e5de store og sm\u00e5!","og_url":"https:\/\/hoytundertaket.no\/skien\/aktiviteter\/familieaktiviteter\/","og_site_name":"H\u00f8yt Under Taket Skien","article_modified_time":"2026-02-12T08:17:27+00:00","og_image":[{"width":1080,"height":720,"url":"https:\/\/hoytundertaket.no\/skien\/wp-content\/uploads\/sites\/4\/2025\/03\/Buldrejam_skien_HTL_04582_Foto_Hoyt_Under_Taket.jpg","type":"image\/jpeg"}],"twitter_card":"summary_large_image","twitter_misc":{"Ansl. lesetid":"4 minutter"},"schema":{"@context":"https:\/\/schema.org","@graph":[{"@type":"WebPage","@id":"https:\/\/hoytundertaket.no\/skien\/aktiviteter\/familieaktiviteter\/","url":"https:\/\/hoytundertaket.no\/skien\/aktiviteter\/familieaktiviteter\/","name":"Familieaktiviteter p\u00e5 Kloster\u00f8ya | H\u00f8yt Under Taket Skien","isPartOf":{"@id":"https:\/\/hoytundertaket.no\/skien\/#website"},"primaryImageOfPage":{"@id":"https:\/\/hoytundertaket.no\/skien\/aktiviteter\/familieaktiviteter\/#primaryimage"},"image":{"@id":"https:\/\/hoytundertaket.no\/skien\/aktiviteter\/familieaktiviteter\/#primaryimage"},"thumbnailUrl":"https:\/\/hoytundertaket.no\/skien\/wp-content\/uploads\/sites\/4\/2024\/11\/Buldrejam_skien_HTL_04470_Foto_Hoyt_Under_Taket-1.jpg","datePublished":"2022-05-02T18:57:06+00:00","dateModified":"2026-02-12T08:17:27+00:00","description":"Hva med en morsom dag med familieaktiviteter p\u00e5 Kloster\u00f8ya i Skien? H\u00f8yt Under Taket har nok av utfordringer og moro for b\u00e5de store og sm\u00e5!","breadcrumb":{"@id":"https:\/\/hoytundertaket.no\/skien\/aktiviteter\/familieaktiviteter\/#breadcrumb"},"inLanguage":"nb-NO","potentialAction":[{"@type":"ReadAction","target":["https:\/\/hoytundertaket.no\/skien\/aktiviteter\/familieaktiviteter\/"]}]},{"@type":"ImageObject","inLanguage":"nb-NO","@id":"https:\/\/hoytundertaket.no\/skien\/aktiviteter\/familieaktiviteter\/#primaryimage","url":"https:\/\/hoytundertaket.no\/skien\/wp-content\/uploads\/sites\/4\/2024\/11\/Buldrejam_skien_HTL_04470_Foto_Hoyt_Under_Taket-1.jpg","contentUrl":"https:\/\/hoytundertaket.no\/skien\/wp-content\/uploads\/sites\/4\/2024\/11\/Buldrejam_skien_HTL_04470_Foto_Hoyt_Under_Taket-1.jpg","width":1080,"height":720,"caption":"Moro for hele familien \u2013 her kan b\u00e5de barn og voksne utfordre seg selv i trygge omgivelser."},{"@type":"BreadcrumbList","@id":"https:\/\/hoytundertaket.no\/skien\/aktiviteter\/familieaktiviteter\/#breadcrumb","itemListElement":[{"@type":"ListItem","position":1,"name":"Hjem","item":"https:\/\/hoytundertaket.no\/skien\/"},{"@type":"ListItem","position":2,"name":"Aktiviteter","item":"https:\/\/hoytundertaket.no\/skien\/aktiviteter\/"},{"@type":"ListItem","position":3,"name":"Familieaktiviteter"}]},{"@type":"WebSite","@id":"https:\/\/hoytundertaket.no\/skien\/#website","url":"https:\/\/hoytundertaket.no\/skien\/","name":"H\u00f8yt Under Taket Skien","description":"Bare enda et H\u00f8yt Under Taket-nettsted","publisher":{"@id":"https:\/\/hoytundertaket.no\/skien\/#organization"},"potentialAction":[{"@type":"SearchAction","target":{"@type":"EntryPoint","urlTemplate":"https:\/\/hoytundertaket.no\/skien\/?s={search_term_string}"},"query-input":{"@type":"PropertyValueSpecification","valueRequired":true,"valueName":"search_term_string"}}],"inLanguage":"nb-NO"},{"@type":["Organization","Place"],"@id":"https:\/\/hoytundertaket.no\/skien\/#organization","name":"H\u00f8yt Under Taket Skien","url":"https:\/\/hoytundertaket.no\/skien\/","logo":{"@id":"https:\/\/hoytundertaket.no\/skien\/aktiviteter\/familieaktiviteter\/#local-main-organization-logo"},"image":{"@id":"https:\/\/hoytundertaket.no\/skien\/aktiviteter\/familieaktiviteter\/#local-main-organization-logo"},"telephone":[],"openingHoursSpecification":[{"@type":"OpeningHoursSpecification","dayOfWeek":["Monday","Tuesday","Wednesday","Thursday","Friday","Saturday","Sunday"],"opens":"09:00","closes":"17:00"}]},{"@type":"ImageObject","inLanguage":"nb-NO","@id":"https:\/\/hoytundertaket.no\/skien\/aktiviteter\/familieaktiviteter\/#local-main-organization-logo","url":"https:\/\/hoytundertaket.no\/skien\/wp-content\/uploads\/sites\/4\/2021\/10\/hut-logo-skien-horisontal-pos.svg","contentUrl":"https:\/\/hoytundertaket.no\/skien\/wp-content\/uploads\/sites\/4\/2021\/10\/hut-logo-skien-horisontal-pos.svg","width":340,"height":110,"caption":"H\u00f8yt Under Taket Skien"}]}},"_links":{"self":[{"href":"https:\/\/hoytundertaket.no\/skien\/wp-json\/wp\/v2\/pages\/253","targetHints":{"allow":["GET"]}}],"collection":[{"href":"https:\/\/hoytundertaket.no\/skien\/wp-json\/wp\/v2\/pages"}],"about":[{"href":"https:\/\/hoytundertaket.no\/skien\/wp-json\/wp\/v2\/types\/page"}],"author":[{"embeddable":true,"href":"https:\/\/hoytundertaket.no\/skien\/wp-json\/wp\/v2\/users\/1"}],"replies":[{"embeddable":true,"href":"https:\/\/hoytundertaket.no\/skien\/wp-json\/wp\/v2\/comments?post=253"}],"version-history":[{"count":25,"href":"https:\/\/hoytundertaket.no\/skien\/wp-json\/wp\/v2\/pages\/253\/revisions"}],"predecessor-version":[{"id":2800,"href":"https:\/\/hoytundertaket.no\/skien\/wp-json\/wp\/v2\/pages\/253\/revisions\/2800"}],"up":[{"embeddable":true,"href":"https:\/\/hoytundertaket.no\/skien\/wp-json\/wp\/v2\/pages\/2569"}],"wp:featuredmedia":[{"embeddable":true,"href":"https:\/\/hoytundertaket.no\/skien\/wp-json\/wp\/v2\/media\/2014"}],"wp:attachment":[{"href":"https:\/\/hoytundertaket.no\/skien\/wp-json\/wp\/v2\/media?parent=253"}],"curies":[{"name":"wp","href":"https:\/\/api.w.org\/{rel}","templated":true}]}}