{"id":2568,"date":"2025-09-22T12:57:41","date_gmt":"2025-09-22T10:57:41","guid":{"rendered":"https:\/\/hoytundertaket.no\/skien\/?page_id=2568"},"modified":"2026-02-12T09:16:31","modified_gmt":"2026-02-12T08:16:31","slug":"for-familien","status":"publish","type":"page","link":"https:\/\/hoytundertaket.no\/skien\/aktiviteter\/for-familien\/","title":{"rendered":"For familien"},"content":{"rendered":"\n<p>Hos oss i H\u00f8yt Under Taket handler det om \u00e9n ting: \u00e5 ha det g\u00f8y sammen. Her kan hele familien slippe l\u00f8s energien, v\u00e6re aktive og le sammen \u2013 uansett alder. Dette er stedet fullt av familieaktiviteter der alle kan v\u00e6re med, og der man f\u00e5r tid til \u00e5 v\u00e6re sammen p\u00e5 ordentlig.<\/p>\n","protected":false},"excerpt":{"rendered":"<p>Hos oss i H\u00f8yt Under Taket handler det om \u00e9n ting: \u00e5 ha det g\u00f8y sammen. Her kan hele familien slippe l\u00f8s energien, v\u00e6re aktive og le sammen \u2013 uansett alder. Dette er stedet fullt av familieaktiviteter der alle kan v\u00e6re med, og der man f\u00e5r tid til \u00e5 v\u00e6re sammen p\u00e5 ordentlig.<\/p>\n","protected":false},"author":18,"featured_media":2014,"parent":2569,"menu_order":0,"comment_status":"closed","ping_status":"closed","template":"page-visit.php","meta":{"_acf_changed":false,"footnotes":""},"class_list":["post-2568","page","type-page","status-publish","has-post-thumbnail","hentry"],"acf":[],"yoast_head":"<!-- This site is optimized with the Yoast SEO plugin v26.9 - https:\/\/yoast.com\/product\/yoast-seo-wordpress\/ -->\n<title>Familieaktiviteter p\u00e5 H\u00f8yt Under Taket Skien \u2013 latter og glede<\/title>\n<meta name=\"description\" content=\"Familieaktiviteter p\u00e5 H\u00f8yt Under Taket Skien \u2013 latter og kvalitetstid. Hele familien f\u00e5r en aktiv opplevelse sammen og kan nyte mat etterp\u00e5.\" \/>\n<meta name=\"robots\" content=\"index, follow, max-snippet:-1, max-image-preview:large, max-video-preview:-1\" \/>\n<link rel=\"canonical\" href=\"https:\/\/hoytundertaket.no\/skien\/aktiviteter\/for-familien\/\" \/>\n<meta property=\"og:locale\" content=\"nb_NO\" \/>\n<meta property=\"og:type\" content=\"article\" \/>\n<meta property=\"og:title\" content=\"Familieaktiviteter p\u00e5 H\u00f8yt Under Taket \u2013 latter og gode minner\" \/>\n<meta property=\"og:description\" content=\"Opplev familieaktiviteter p\u00e5 H\u00f8yt Under Taket \u2013 latter, energi og kvalitetstid. Hele familien f\u00e5r en aktiv opplevelse sammen og kan nyte mat etterp\u00e5.\" \/>\n<meta property=\"og:url\" content=\"https:\/\/hoytundertaket.no\/skien\/aktiviteter\/for-familien\/\" \/>\n<meta property=\"og:site_name\" content=\"H\u00f8yt Under Taket Skien\" \/>\n<meta property=\"article:modified_time\" content=\"2026-02-12T08:16:31+00:00\" \/>\n<meta property=\"og:image\" content=\"https:\/\/hoytundertaket.no\/skien\/wp-content\/uploads\/sites\/4\/2025\/03\/Buldrejam_skien_HTL_04582_Foto_Hoyt_Under_Taket.jpg\" \/>\n\t<meta property=\"og:image:width\" content=\"1080\" \/>\n\t<meta property=\"og:image:height\" content=\"720\" \/>\n\t<meta property=\"og:image:type\" content=\"image\/jpeg\" \/>\n<meta name=\"twitter:card\" content=\"summary_large_image\" \/>\n<meta name=\"twitter:label1\" content=\"Ansl. lesetid\" \/>\n\t<meta name=\"twitter:data1\" content=\"2 minutter\" \/>\n<script type=\"application\/ld+json\" class=\"yoast-schema-graph\">{\"@context\":\"https:\/\/schema.org\",\"@graph\":[{\"@type\":\"WebPage\",\"@id\":\"https:\/\/hoytundertaket.no\/skien\/aktiviteter\/for-familien\/\",\"url\":\"https:\/\/hoytundertaket.no\/skien\/aktiviteter\/for-familien\/\",\"name\":\"Familieaktiviteter p\u00e5 H\u00f8yt Under Taket Skien \u2013 latter og glede\",\"isPartOf\":{\"@id\":\"https:\/\/hoytundertaket.no\/skien\/#website\"},\"primaryImageOfPage\":{\"@id\":\"https:\/\/hoytundertaket.no\/skien\/aktiviteter\/for-familien\/#primaryimage\"},\"image\":{\"@id\":\"https:\/\/hoytundertaket.no\/skien\/aktiviteter\/for-familien\/#primaryimage\"},\"thumbnailUrl\":\"https:\/\/hoytundertaket.no\/skien\/wp-content\/uploads\/sites\/4\/2024\/11\/Buldrejam_skien_HTL_04470_Foto_Hoyt_Under_Taket-1.jpg\",\"datePublished\":\"2025-09-22T10:57:41+00:00\",\"dateModified\":\"2026-02-12T08:16:31+00:00\",\"description\":\"Familieaktiviteter p\u00e5 H\u00f8yt Under Taket Skien \u2013 latter og kvalitetstid. Hele familien f\u00e5r en aktiv opplevelse sammen og kan nyte mat etterp\u00e5.\",\"breadcrumb\":{\"@id\":\"https:\/\/hoytundertaket.no\/skien\/aktiviteter\/for-familien\/#breadcrumb\"},\"inLanguage\":\"nb-NO\",\"potentialAction\":[{\"@type\":\"ReadAction\",\"target\":[\"https:\/\/hoytundertaket.no\/skien\/aktiviteter\/for-familien\/\"]}]},{\"@type\":\"ImageObject\",\"inLanguage\":\"nb-NO\",\"@id\":\"https:\/\/hoytundertaket.no\/skien\/aktiviteter\/for-familien\/#primaryimage\",\"url\":\"https:\/\/hoytundertaket.no\/skien\/wp-content\/uploads\/sites\/4\/2024\/11\/Buldrejam_skien_HTL_04470_Foto_Hoyt_Under_Taket-1.jpg\",\"contentUrl\":\"https:\/\/hoytundertaket.no\/skien\/wp-content\/uploads\/sites\/4\/2024\/11\/Buldrejam_skien_HTL_04470_Foto_Hoyt_Under_Taket-1.jpg\",\"width\":1080,\"height\":720,\"caption\":\"Moro for hele familien \u2013 her kan b\u00e5de barn og voksne utfordre seg selv i trygge omgivelser.\"},{\"@type\":\"BreadcrumbList\",\"@id\":\"https:\/\/hoytundertaket.no\/skien\/aktiviteter\/for-familien\/#breadcrumb\",\"itemListElement\":[{\"@type\":\"ListItem\",\"position\":1,\"name\":\"Hjem\",\"item\":\"https:\/\/hoytundertaket.no\/skien\/\"},{\"@type\":\"ListItem\",\"position\":2,\"name\":\"Aktiviteter\",\"item\":\"https:\/\/hoytundertaket.no\/skien\/aktiviteter\/\"},{\"@type\":\"ListItem\",\"position\":3,\"name\":\"For familien\"}]},{\"@type\":\"WebSite\",\"@id\":\"https:\/\/hoytundertaket.no\/skien\/#website\",\"url\":\"https:\/\/hoytundertaket.no\/skien\/\",\"name\":\"H\u00f8yt Under Taket Skien\",\"description\":\"Bare enda et H\u00f8yt Under Taket-nettsted\",\"publisher\":{\"@id\":\"https:\/\/hoytundertaket.no\/skien\/#organization\"},\"potentialAction\":[{\"@type\":\"SearchAction\",\"target\":{\"@type\":\"EntryPoint\",\"urlTemplate\":\"https:\/\/hoytundertaket.no\/skien\/?s={search_term_string}\"},\"query-input\":{\"@type\":\"PropertyValueSpecification\",\"valueRequired\":true,\"valueName\":\"search_term_string\"}}],\"inLanguage\":\"nb-NO\"},{\"@type\":[\"Organization\",\"Place\"],\"@id\":\"https:\/\/hoytundertaket.no\/skien\/#organization\",\"name\":\"H\u00f8yt Under Taket Skien\",\"url\":\"https:\/\/hoytundertaket.no\/skien\/\",\"logo\":{\"@id\":\"https:\/\/hoytundertaket.no\/skien\/aktiviteter\/for-familien\/#local-main-organization-logo\"},\"image\":{\"@id\":\"https:\/\/hoytundertaket.no\/skien\/aktiviteter\/for-familien\/#local-main-organization-logo\"},\"telephone\":[],\"openingHoursSpecification\":[{\"@type\":\"OpeningHoursSpecification\",\"dayOfWeek\":[\"Monday\",\"Tuesday\",\"Wednesday\",\"Thursday\",\"Friday\",\"Saturday\",\"Sunday\"],\"opens\":\"09:00\",\"closes\":\"17:00\"}]},{\"@type\":\"ImageObject\",\"inLanguage\":\"nb-NO\",\"@id\":\"https:\/\/hoytundertaket.no\/skien\/aktiviteter\/for-familien\/#local-main-organization-logo\",\"url\":\"https:\/\/hoytundertaket.no\/skien\/wp-content\/uploads\/sites\/4\/2021\/10\/hut-logo-skien-horisontal-pos.svg\",\"contentUrl\":\"https:\/\/hoytundertaket.no\/skien\/wp-content\/uploads\/sites\/4\/2021\/10\/hut-logo-skien-horisontal-pos.svg\",\"width\":340,\"height\":110,\"caption\":\"H\u00f8yt Under Taket Skien\"}]}<\/script>\n<!-- \/ Yoast SEO plugin. -->","yoast_head_json":{"title":"Familieaktiviteter p\u00e5 H\u00f8yt Under Taket Skien \u2013 latter og glede","description":"Familieaktiviteter p\u00e5 H\u00f8yt Under Taket Skien \u2013 latter og kvalitetstid. Hele familien f\u00e5r en aktiv opplevelse sammen og kan nyte mat etterp\u00e5.","robots":{"index":"index","follow":"follow","max-snippet":"max-snippet:-1","max-image-preview":"max-image-preview:large","max-video-preview":"max-video-preview:-1"},"canonical":"https:\/\/hoytundertaket.no\/skien\/aktiviteter\/for-familien\/","og_locale":"nb_NO","og_type":"article","og_title":"Familieaktiviteter p\u00e5 H\u00f8yt Under Taket \u2013 latter og gode minner","og_description":"Opplev familieaktiviteter p\u00e5 H\u00f8yt Under Taket \u2013 latter, energi og kvalitetstid. Hele familien f\u00e5r en aktiv opplevelse sammen og kan nyte mat etterp\u00e5.","og_url":"https:\/\/hoytundertaket.no\/skien\/aktiviteter\/for-familien\/","og_site_name":"H\u00f8yt Under Taket Skien","article_modified_time":"2026-02-12T08:16:31+00:00","og_image":[{"width":1080,"height":720,"url":"https:\/\/hoytundertaket.no\/skien\/wp-content\/uploads\/sites\/4\/2025\/03\/Buldrejam_skien_HTL_04582_Foto_Hoyt_Under_Taket.jpg","type":"image\/jpeg"}],"twitter_card":"summary_large_image","twitter_misc":{"Ansl. lesetid":"2 minutter"},"schema":{"@context":"https:\/\/schema.org","@graph":[{"@type":"WebPage","@id":"https:\/\/hoytundertaket.no\/skien\/aktiviteter\/for-familien\/","url":"https:\/\/hoytundertaket.no\/skien\/aktiviteter\/for-familien\/","name":"Familieaktiviteter p\u00e5 H\u00f8yt Under Taket Skien \u2013 latter og glede","isPartOf":{"@id":"https:\/\/hoytundertaket.no\/skien\/#website"},"primaryImageOfPage":{"@id":"https:\/\/hoytundertaket.no\/skien\/aktiviteter\/for-familien\/#primaryimage"},"image":{"@id":"https:\/\/hoytundertaket.no\/skien\/aktiviteter\/for-familien\/#primaryimage"},"thumbnailUrl":"https:\/\/hoytundertaket.no\/skien\/wp-content\/uploads\/sites\/4\/2024\/11\/Buldrejam_skien_HTL_04470_Foto_Hoyt_Under_Taket-1.jpg","datePublished":"2025-09-22T10:57:41+00:00","dateModified":"2026-02-12T08:16:31+00:00","description":"Familieaktiviteter p\u00e5 H\u00f8yt Under Taket Skien \u2013 latter og kvalitetstid. Hele familien f\u00e5r en aktiv opplevelse sammen og kan nyte mat etterp\u00e5.","breadcrumb":{"@id":"https:\/\/hoytundertaket.no\/skien\/aktiviteter\/for-familien\/#breadcrumb"},"inLanguage":"nb-NO","potentialAction":[{"@type":"ReadAction","target":["https:\/\/hoytundertaket.no\/skien\/aktiviteter\/for-familien\/"]}]},{"@type":"ImageObject","inLanguage":"nb-NO","@id":"https:\/\/hoytundertaket.no\/skien\/aktiviteter\/for-familien\/#primaryimage","url":"https:\/\/hoytundertaket.no\/skien\/wp-content\/uploads\/sites\/4\/2024\/11\/Buldrejam_skien_HTL_04470_Foto_Hoyt_Under_Taket-1.jpg","contentUrl":"https:\/\/hoytundertaket.no\/skien\/wp-content\/uploads\/sites\/4\/2024\/11\/Buldrejam_skien_HTL_04470_Foto_Hoyt_Under_Taket-1.jpg","width":1080,"height":720,"caption":"Moro for hele familien \u2013 her kan b\u00e5de barn og voksne utfordre seg selv i trygge omgivelser."},{"@type":"BreadcrumbList","@id":"https:\/\/hoytundertaket.no\/skien\/aktiviteter\/for-familien\/#breadcrumb","itemListElement":[{"@type":"ListItem","position":1,"name":"Hjem","item":"https:\/\/hoytundertaket.no\/skien\/"},{"@type":"ListItem","position":2,"name":"Aktiviteter","item":"https:\/\/hoytundertaket.no\/skien\/aktiviteter\/"},{"@type":"ListItem","position":3,"name":"For familien"}]},{"@type":"WebSite","@id":"https:\/\/hoytundertaket.no\/skien\/#website","url":"https:\/\/hoytundertaket.no\/skien\/","name":"H\u00f8yt Under Taket Skien","description":"Bare enda et H\u00f8yt Under Taket-nettsted","publisher":{"@id":"https:\/\/hoytundertaket.no\/skien\/#organization"},"potentialAction":[{"@type":"SearchAction","target":{"@type":"EntryPoint","urlTemplate":"https:\/\/hoytundertaket.no\/skien\/?s={search_term_string}"},"query-input":{"@type":"PropertyValueSpecification","valueRequired":true,"valueName":"search_term_string"}}],"inLanguage":"nb-NO"},{"@type":["Organization","Place"],"@id":"https:\/\/hoytundertaket.no\/skien\/#organization","name":"H\u00f8yt Under Taket Skien","url":"https:\/\/hoytundertaket.no\/skien\/","logo":{"@id":"https:\/\/hoytundertaket.no\/skien\/aktiviteter\/for-familien\/#local-main-organization-logo"},"image":{"@id":"https:\/\/hoytundertaket.no\/skien\/aktiviteter\/for-familien\/#local-main-organization-logo"},"telephone":[],"openingHoursSpecification":[{"@type":"OpeningHoursSpecification","dayOfWeek":["Monday","Tuesday","Wednesday","Thursday","Friday","Saturday","Sunday"],"opens":"09:00","closes":"17:00"}]},{"@type":"ImageObject","inLanguage":"nb-NO","@id":"https:\/\/hoytundertaket.no\/skien\/aktiviteter\/for-familien\/#local-main-organization-logo","url":"https:\/\/hoytundertaket.no\/skien\/wp-content\/uploads\/sites\/4\/2021\/10\/hut-logo-skien-horisontal-pos.svg","contentUrl":"https:\/\/hoytundertaket.no\/skien\/wp-content\/uploads\/sites\/4\/2021\/10\/hut-logo-skien-horisontal-pos.svg","width":340,"height":110,"caption":"H\u00f8yt Under Taket Skien"}]}},"_links":{"self":[{"href":"https:\/\/hoytundertaket.no\/skien\/wp-json\/wp\/v2\/pages\/2568","targetHints":{"allow":["GET"]}}],"collection":[{"href":"https:\/\/hoytundertaket.no\/skien\/wp-json\/wp\/v2\/pages"}],"about":[{"href":"https:\/\/hoytundertaket.no\/skien\/wp-json\/wp\/v2\/types\/page"}],"author":[{"embeddable":true,"href":"https:\/\/hoytundertaket.no\/skien\/wp-json\/wp\/v2\/users\/18"}],"replies":[{"embeddable":true,"href":"https:\/\/hoytundertaket.no\/skien\/wp-json\/wp\/v2\/comments?post=2568"}],"version-history":[{"count":17,"href":"https:\/\/hoytundertaket.no\/skien\/wp-json\/wp\/v2\/pages\/2568\/revisions"}],"predecessor-version":[{"id":2854,"href":"https:\/\/hoytundertaket.no\/skien\/wp-json\/wp\/v2\/pages\/2568\/revisions\/2854"}],"up":[{"embeddable":true,"href":"https:\/\/hoytundertaket.no\/skien\/wp-json\/wp\/v2\/pages\/2569"}],"wp:featuredmedia":[{"embeddable":true,"href":"https:\/\/hoytundertaket.no\/skien\/wp-json\/wp\/v2\/media\/2014"}],"wp:attachment":[{"href":"https:\/\/hoytundertaket.no\/skien\/wp-json\/wp\/v2\/media?parent=2568"}],"curies":[{"name":"wp","href":"https:\/\/api.w.org\/{rel}","templated":true}]}}