{"id":281,"date":"2022-05-02T21:09:27","date_gmt":"2022-05-02T19:09:27","guid":{"rendered":"https:\/\/hoytundertaket.no\/skien\/?page_id=281"},"modified":"2026-02-19T11:03:39","modified_gmt":"2026-02-19T10:03:39","slug":"bursdag","status":"publish","type":"page","link":"https:\/\/hoytundertaket.no\/skien\/grupper\/bursdag\/","title":{"rendered":"Bursdag"},"content":{"rendered":"\n<p><\/p>\n\n\n\n<p><\/p>\n","protected":false},"excerpt":{"rendered":"","protected":false},"author":1,"featured_media":2778,"parent":2570,"menu_order":0,"comment_status":"closed","ping_status":"closed","template":"page-info.php","meta":{"_acf_changed":false,"footnotes":""},"class_list":["post-281","page","type-page","status-publish","has-post-thumbnail","hentry"],"acf":[],"yoast_head":"<!-- This site is optimized with the Yoast SEO plugin v26.9 - https:\/\/yoast.com\/product\/yoast-seo-wordpress\/ -->\n<title>Bursdag - H\u00f8yt Under Taket Skien<\/title>\n<meta name=\"description\" content=\"Feire bursdag i Skien hos H\u00f8yt Under Taket! En aktiv og sosial bursdag med klatring, instrukt\u00f8r, bursdagsvert, pizza og g\u00f8y for alle aldre.\" \/>\n<meta name=\"robots\" content=\"index, follow, max-snippet:-1, max-image-preview:large, max-video-preview:-1\" \/>\n<link rel=\"canonical\" href=\"https:\/\/hoytundertaket.no\/skien\/grupper\/bursdag\/\" \/>\n<meta property=\"og:locale\" content=\"nb_NO\" \/>\n<meta property=\"og:type\" content=\"article\" \/>\n<meta property=\"og:title\" content=\"Bursdag - H\u00f8yt Under Taket Skien\" \/>\n<meta property=\"og:description\" content=\"Feire bursdag i Skien hos H\u00f8yt Under Taket! En aktiv og sosial bursdag med klatring, instrukt\u00f8r, bursdagsvert, pizza og g\u00f8y for alle aldre.\" \/>\n<meta property=\"og:url\" content=\"https:\/\/hoytundertaket.no\/skien\/grupper\/bursdag\/\" \/>\n<meta property=\"og:site_name\" content=\"H\u00f8yt Under Taket Skien\" \/>\n<meta property=\"article:modified_time\" content=\"2026-02-19T10:03:39+00:00\" \/>\n<meta property=\"og:image\" content=\"https:\/\/hoytundertaket.no\/skien\/wp-content\/uploads\/sites\/4\/2025\/10\/Bursdag-.jpg\" \/>\n\t<meta property=\"og:image:width\" content=\"1920\" \/>\n\t<meta property=\"og:image:height\" content=\"1080\" \/>\n\t<meta property=\"og:image:type\" content=\"image\/jpeg\" \/>\n<meta name=\"twitter:card\" content=\"summary_large_image\" \/>\n<meta name=\"twitter:label1\" content=\"Ansl. lesetid\" \/>\n\t<meta name=\"twitter:data1\" content=\"3 minutter\" \/>\n<script type=\"application\/ld+json\" class=\"yoast-schema-graph\">{\"@context\":\"https:\/\/schema.org\",\"@graph\":[{\"@type\":\"WebPage\",\"@id\":\"https:\/\/hoytundertaket.no\/skien\/grupper\/bursdag\/\",\"url\":\"https:\/\/hoytundertaket.no\/skien\/grupper\/bursdag\/\",\"name\":\"Bursdag - H\u00f8yt Under Taket Skien\",\"isPartOf\":{\"@id\":\"https:\/\/hoytundertaket.no\/skien\/#website\"},\"primaryImageOfPage\":{\"@id\":\"https:\/\/hoytundertaket.no\/skien\/grupper\/bursdag\/#primaryimage\"},\"image\":{\"@id\":\"https:\/\/hoytundertaket.no\/skien\/grupper\/bursdag\/#primaryimage\"},\"thumbnailUrl\":\"https:\/\/hoytundertaket.no\/skien\/wp-content\/uploads\/sites\/4\/2025\/10\/Bursdag-.jpg\",\"datePublished\":\"2022-05-02T19:09:27+00:00\",\"dateModified\":\"2026-02-19T10:03:39+00:00\",\"description\":\"Feire bursdag i Skien hos H\u00f8yt Under Taket! En aktiv og sosial bursdag med klatring, instrukt\u00f8r, bursdagsvert, pizza og g\u00f8y for alle aldre.\",\"breadcrumb\":{\"@id\":\"https:\/\/hoytundertaket.no\/skien\/grupper\/bursdag\/#breadcrumb\"},\"inLanguage\":\"nb-NO\",\"potentialAction\":[{\"@type\":\"ReadAction\",\"target\":[\"https:\/\/hoytundertaket.no\/skien\/grupper\/bursdag\/\"]}]},{\"@type\":\"ImageObject\",\"inLanguage\":\"nb-NO\",\"@id\":\"https:\/\/hoytundertaket.no\/skien\/grupper\/bursdag\/#primaryimage\",\"url\":\"https:\/\/hoytundertaket.no\/skien\/wp-content\/uploads\/sites\/4\/2025\/10\/Bursdag-.jpg\",\"contentUrl\":\"https:\/\/hoytundertaket.no\/skien\/wp-content\/uploads\/sites\/4\/2025\/10\/Bursdag-.jpg\",\"width\":1920,\"height\":1080,\"caption\":\"Bursdagsfeiring med pizza og glede hos H\u00f8yt Under Taket i Skien.\"},{\"@type\":\"BreadcrumbList\",\"@id\":\"https:\/\/hoytundertaket.no\/skien\/grupper\/bursdag\/#breadcrumb\",\"itemListElement\":[{\"@type\":\"ListItem\",\"position\":1,\"name\":\"Hjem\",\"item\":\"https:\/\/hoytundertaket.no\/skien\/\"},{\"@type\":\"ListItem\",\"position\":2,\"name\":\"Grupper\",\"item\":\"https:\/\/hoytundertaket.no\/skien\/grupper\/\"},{\"@type\":\"ListItem\",\"position\":3,\"name\":\"Bursdag\"}]},{\"@type\":\"WebSite\",\"@id\":\"https:\/\/hoytundertaket.no\/skien\/#website\",\"url\":\"https:\/\/hoytundertaket.no\/skien\/\",\"name\":\"H\u00f8yt Under Taket Skien\",\"description\":\"Bare enda et H\u00f8yt Under Taket-nettsted\",\"publisher\":{\"@id\":\"https:\/\/hoytundertaket.no\/skien\/#organization\"},\"potentialAction\":[{\"@type\":\"SearchAction\",\"target\":{\"@type\":\"EntryPoint\",\"urlTemplate\":\"https:\/\/hoytundertaket.no\/skien\/?s={search_term_string}\"},\"query-input\":{\"@type\":\"PropertyValueSpecification\",\"valueRequired\":true,\"valueName\":\"search_term_string\"}}],\"inLanguage\":\"nb-NO\"},{\"@type\":[\"Organization\",\"Place\"],\"@id\":\"https:\/\/hoytundertaket.no\/skien\/#organization\",\"name\":\"H\u00f8yt Under Taket Skien\",\"url\":\"https:\/\/hoytundertaket.no\/skien\/\",\"logo\":{\"@id\":\"https:\/\/hoytundertaket.no\/skien\/grupper\/bursdag\/#local-main-organization-logo\"},\"image\":{\"@id\":\"https:\/\/hoytundertaket.no\/skien\/grupper\/bursdag\/#local-main-organization-logo\"},\"telephone\":[],\"openingHoursSpecification\":[{\"@type\":\"OpeningHoursSpecification\",\"dayOfWeek\":[\"Monday\",\"Tuesday\",\"Wednesday\",\"Thursday\",\"Friday\",\"Saturday\",\"Sunday\"],\"opens\":\"09:00\",\"closes\":\"17:00\"}]},{\"@type\":\"ImageObject\",\"inLanguage\":\"nb-NO\",\"@id\":\"https:\/\/hoytundertaket.no\/skien\/grupper\/bursdag\/#local-main-organization-logo\",\"url\":\"https:\/\/hoytundertaket.no\/skien\/wp-content\/uploads\/sites\/4\/2021\/10\/hut-logo-skien-horisontal-pos.svg\",\"contentUrl\":\"https:\/\/hoytundertaket.no\/skien\/wp-content\/uploads\/sites\/4\/2021\/10\/hut-logo-skien-horisontal-pos.svg\",\"width\":340,\"height\":110,\"caption\":\"H\u00f8yt Under Taket Skien\"}]}<\/script>\n<!-- \/ Yoast SEO plugin. -->","yoast_head_json":{"title":"Bursdag - H\u00f8yt Under Taket Skien","description":"Feire bursdag i Skien hos H\u00f8yt Under Taket! En aktiv og sosial bursdag med klatring, instrukt\u00f8r, bursdagsvert, pizza og g\u00f8y for alle aldre.","robots":{"index":"index","follow":"follow","max-snippet":"max-snippet:-1","max-image-preview":"max-image-preview:large","max-video-preview":"max-video-preview:-1"},"canonical":"https:\/\/hoytundertaket.no\/skien\/grupper\/bursdag\/","og_locale":"nb_NO","og_type":"article","og_title":"Bursdag - H\u00f8yt Under Taket Skien","og_description":"Feire bursdag i Skien hos H\u00f8yt Under Taket! En aktiv og sosial bursdag med klatring, instrukt\u00f8r, bursdagsvert, pizza og g\u00f8y for alle aldre.","og_url":"https:\/\/hoytundertaket.no\/skien\/grupper\/bursdag\/","og_site_name":"H\u00f8yt Under Taket Skien","article_modified_time":"2026-02-19T10:03:39+00:00","og_image":[{"width":1920,"height":1080,"url":"https:\/\/hoytundertaket.no\/skien\/wp-content\/uploads\/sites\/4\/2025\/10\/Bursdag-.jpg","type":"image\/jpeg"}],"twitter_card":"summary_large_image","twitter_misc":{"Ansl. lesetid":"3 minutter"},"schema":{"@context":"https:\/\/schema.org","@graph":[{"@type":"WebPage","@id":"https:\/\/hoytundertaket.no\/skien\/grupper\/bursdag\/","url":"https:\/\/hoytundertaket.no\/skien\/grupper\/bursdag\/","name":"Bursdag - H\u00f8yt Under Taket Skien","isPartOf":{"@id":"https:\/\/hoytundertaket.no\/skien\/#website"},"primaryImageOfPage":{"@id":"https:\/\/hoytundertaket.no\/skien\/grupper\/bursdag\/#primaryimage"},"image":{"@id":"https:\/\/hoytundertaket.no\/skien\/grupper\/bursdag\/#primaryimage"},"thumbnailUrl":"https:\/\/hoytundertaket.no\/skien\/wp-content\/uploads\/sites\/4\/2025\/10\/Bursdag-.jpg","datePublished":"2022-05-02T19:09:27+00:00","dateModified":"2026-02-19T10:03:39+00:00","description":"Feire bursdag i Skien hos H\u00f8yt Under Taket! En aktiv og sosial bursdag med klatring, instrukt\u00f8r, bursdagsvert, pizza og g\u00f8y for alle aldre.","breadcrumb":{"@id":"https:\/\/hoytundertaket.no\/skien\/grupper\/bursdag\/#breadcrumb"},"inLanguage":"nb-NO","potentialAction":[{"@type":"ReadAction","target":["https:\/\/hoytundertaket.no\/skien\/grupper\/bursdag\/"]}]},{"@type":"ImageObject","inLanguage":"nb-NO","@id":"https:\/\/hoytundertaket.no\/skien\/grupper\/bursdag\/#primaryimage","url":"https:\/\/hoytundertaket.no\/skien\/wp-content\/uploads\/sites\/4\/2025\/10\/Bursdag-.jpg","contentUrl":"https:\/\/hoytundertaket.no\/skien\/wp-content\/uploads\/sites\/4\/2025\/10\/Bursdag-.jpg","width":1920,"height":1080,"caption":"Bursdagsfeiring med pizza og glede hos H\u00f8yt Under Taket i Skien."},{"@type":"BreadcrumbList","@id":"https:\/\/hoytundertaket.no\/skien\/grupper\/bursdag\/#breadcrumb","itemListElement":[{"@type":"ListItem","position":1,"name":"Hjem","item":"https:\/\/hoytundertaket.no\/skien\/"},{"@type":"ListItem","position":2,"name":"Grupper","item":"https:\/\/hoytundertaket.no\/skien\/grupper\/"},{"@type":"ListItem","position":3,"name":"Bursdag"}]},{"@type":"WebSite","@id":"https:\/\/hoytundertaket.no\/skien\/#website","url":"https:\/\/hoytundertaket.no\/skien\/","name":"H\u00f8yt Under Taket Skien","description":"Bare enda et H\u00f8yt Under Taket-nettsted","publisher":{"@id":"https:\/\/hoytundertaket.no\/skien\/#organization"},"potentialAction":[{"@type":"SearchAction","target":{"@type":"EntryPoint","urlTemplate":"https:\/\/hoytundertaket.no\/skien\/?s={search_term_string}"},"query-input":{"@type":"PropertyValueSpecification","valueRequired":true,"valueName":"search_term_string"}}],"inLanguage":"nb-NO"},{"@type":["Organization","Place"],"@id":"https:\/\/hoytundertaket.no\/skien\/#organization","name":"H\u00f8yt Under Taket Skien","url":"https:\/\/hoytundertaket.no\/skien\/","logo":{"@id":"https:\/\/hoytundertaket.no\/skien\/grupper\/bursdag\/#local-main-organization-logo"},"image":{"@id":"https:\/\/hoytundertaket.no\/skien\/grupper\/bursdag\/#local-main-organization-logo"},"telephone":[],"openingHoursSpecification":[{"@type":"OpeningHoursSpecification","dayOfWeek":["Monday","Tuesday","Wednesday","Thursday","Friday","Saturday","Sunday"],"opens":"09:00","closes":"17:00"}]},{"@type":"ImageObject","inLanguage":"nb-NO","@id":"https:\/\/hoytundertaket.no\/skien\/grupper\/bursdag\/#local-main-organization-logo","url":"https:\/\/hoytundertaket.no\/skien\/wp-content\/uploads\/sites\/4\/2021\/10\/hut-logo-skien-horisontal-pos.svg","contentUrl":"https:\/\/hoytundertaket.no\/skien\/wp-content\/uploads\/sites\/4\/2021\/10\/hut-logo-skien-horisontal-pos.svg","width":340,"height":110,"caption":"H\u00f8yt Under Taket Skien"}]}},"_links":{"self":[{"href":"https:\/\/hoytundertaket.no\/skien\/wp-json\/wp\/v2\/pages\/281","targetHints":{"allow":["GET"]}}],"collection":[{"href":"https:\/\/hoytundertaket.no\/skien\/wp-json\/wp\/v2\/pages"}],"about":[{"href":"https:\/\/hoytundertaket.no\/skien\/wp-json\/wp\/v2\/types\/page"}],"author":[{"embeddable":true,"href":"https:\/\/hoytundertaket.no\/skien\/wp-json\/wp\/v2\/users\/1"}],"replies":[{"embeddable":true,"href":"https:\/\/hoytundertaket.no\/skien\/wp-json\/wp\/v2\/comments?post=281"}],"version-history":[{"count":51,"href":"https:\/\/hoytundertaket.no\/skien\/wp-json\/wp\/v2\/pages\/281\/revisions"}],"predecessor-version":[{"id":3097,"href":"https:\/\/hoytundertaket.no\/skien\/wp-json\/wp\/v2\/pages\/281\/revisions\/3097"}],"up":[{"embeddable":true,"href":"https:\/\/hoytundertaket.no\/skien\/wp-json\/wp\/v2\/pages\/2570"}],"wp:featuredmedia":[{"embeddable":true,"href":"https:\/\/hoytundertaket.no\/skien\/wp-json\/wp\/v2\/media\/2778"}],"wp:attachment":[{"href":"https:\/\/hoytundertaket.no\/skien\/wp-json\/wp\/v2\/media?parent=281"}],"curies":[{"name":"wp","href":"https:\/\/api.w.org\/{rel}","templated":true}]}}