{"id":289,"date":"2022-05-02T21:32:46","date_gmt":"2022-05-02T19:32:46","guid":{"rendered":"https:\/\/hoytundertaket.no\/skien\/?page_id=289"},"modified":"2025-10-01T10:08:37","modified_gmt":"2025-10-01T08:08:37","slug":"praktisk-info","status":"publish","type":"page","link":"https:\/\/hoytundertaket.no\/skien\/informasjon\/praktisk-info\/","title":{"rendered":"Praktisk informasjon"},"content":{"rendered":"\n<p>Her finner du praktisk informasjon som er greit \u00e5 f\u00e5 med seg i forkant av bes\u00f8ket hos oss.<\/p>\n\n\n\n<p><\/p>\n","protected":false},"excerpt":{"rendered":"<p>Her finner du praktisk informasjon som er greit \u00e5 f\u00e5 med seg i forkant av bes\u00f8ket hos oss.<\/p>\n","protected":false},"author":1,"featured_media":697,"parent":284,"menu_order":0,"comment_status":"closed","ping_status":"closed","template":"page-info.php","meta":{"_acf_changed":false,"footnotes":""},"class_list":["post-289","page","type-page","status-publish","has-post-thumbnail","hentry"],"acf":[],"yoast_head":"<!-- This site is optimized with the Yoast SEO plugin v27.4 - https:\/\/yoast.com\/product\/yoast-seo-wordpress\/ -->\n<title>Praktisk informasjon til ditt bes\u00f8k hos H\u00f8yt Under Taket Skien<\/title>\n<meta name=\"description\" content=\"Her finner du praktisk informasjon som kan v\u00e6re fint \u00e5 f\u00e5 med seg f\u00f8r du bes\u00f8ker oss p\u00e5 klatresenteret i Skien\" \/>\n<meta name=\"robots\" content=\"index, follow, max-snippet:-1, max-image-preview:large, max-video-preview:-1\" \/>\n<link rel=\"canonical\" href=\"https:\/\/hoytundertaket.no\/skien\/informasjon\/praktisk-info\/\" \/>\n<meta property=\"og:locale\" content=\"nb_NO\" \/>\n<meta property=\"og:type\" content=\"article\" \/>\n<meta property=\"og:title\" content=\"Praktisk informasjon til ditt bes\u00f8k hos H\u00f8yt Under Taket Skien\" \/>\n<meta property=\"og:description\" content=\"Her finner du praktisk informasjon som kan v\u00e6re fint \u00e5 f\u00e5 med seg f\u00f8r du bes\u00f8ker oss p\u00e5 klatresenteret i Skien\" \/>\n<meta property=\"og:url\" content=\"https:\/\/hoytundertaket.no\/skien\/informasjon\/praktisk-info\/\" \/>\n<meta property=\"og:site_name\" content=\"H\u00f8yt Under Taket Skien\" \/>\n<meta property=\"article:modified_time\" content=\"2025-10-01T08:08:37+00:00\" \/>\n<meta property=\"og:image\" content=\"https:\/\/hoytundertaket.no\/skien\/wp-content\/uploads\/sites\/4\/2022\/08\/HoYTUNDERTAKET-PIA-53-13339723-Foto_Pia_Eidenbom.jpg\" \/>\n\t<meta property=\"og:image:width\" content=\"1080\" \/>\n\t<meta property=\"og:image:height\" content=\"720\" \/>\n\t<meta property=\"og:image:type\" content=\"image\/jpeg\" \/>\n<meta name=\"twitter:card\" content=\"summary_large_image\" \/>\n<meta name=\"twitter:label1\" content=\"Ansl. lesetid\" \/>\n\t<meta name=\"twitter:data1\" content=\"5 minutter\" \/>\n<script type=\"application\/ld+json\" class=\"yoast-schema-graph\">{\"@context\":\"https:\\\/\\\/schema.org\",\"@graph\":[{\"@type\":\"WebPage\",\"@id\":\"https:\\\/\\\/hoytundertaket.no\\\/skien\\\/informasjon\\\/praktisk-info\\\/\",\"url\":\"https:\\\/\\\/hoytundertaket.no\\\/skien\\\/informasjon\\\/praktisk-info\\\/\",\"name\":\"Praktisk informasjon til ditt bes\u00f8k hos H\u00f8yt Under Taket Skien\",\"isPartOf\":{\"@id\":\"https:\\\/\\\/hoytundertaket.no\\\/skien\\\/#website\"},\"primaryImageOfPage\":{\"@id\":\"https:\\\/\\\/hoytundertaket.no\\\/skien\\\/informasjon\\\/praktisk-info\\\/#primaryimage\"},\"image\":{\"@id\":\"https:\\\/\\\/hoytundertaket.no\\\/skien\\\/informasjon\\\/praktisk-info\\\/#primaryimage\"},\"thumbnailUrl\":\"https:\\\/\\\/hoytundertaket.no\\\/skien\\\/wp-content\\\/uploads\\\/sites\\\/4\\\/2022\\\/08\\\/HoYTUNDERTAKET-PIA-53-13339723-Foto_Pia_Eidenbom.jpg\",\"datePublished\":\"2022-05-02T19:32:46+00:00\",\"dateModified\":\"2025-10-01T08:08:37+00:00\",\"description\":\"Her finner du praktisk informasjon som kan v\u00e6re fint \u00e5 f\u00e5 med seg f\u00f8r du bes\u00f8ker oss p\u00e5 klatresenteret i Skien\",\"breadcrumb\":{\"@id\":\"https:\\\/\\\/hoytundertaket.no\\\/skien\\\/informasjon\\\/praktisk-info\\\/#breadcrumb\"},\"inLanguage\":\"nb-NO\",\"potentialAction\":[{\"@type\":\"ReadAction\",\"target\":[\"https:\\\/\\\/hoytundertaket.no\\\/skien\\\/informasjon\\\/praktisk-info\\\/\"]}]},{\"@type\":\"ImageObject\",\"inLanguage\":\"nb-NO\",\"@id\":\"https:\\\/\\\/hoytundertaket.no\\\/skien\\\/informasjon\\\/praktisk-info\\\/#primaryimage\",\"url\":\"https:\\\/\\\/hoytundertaket.no\\\/skien\\\/wp-content\\\/uploads\\\/sites\\\/4\\\/2022\\\/08\\\/HoYTUNDERTAKET-PIA-53-13339723-Foto_Pia_Eidenbom.jpg\",\"contentUrl\":\"https:\\\/\\\/hoytundertaket.no\\\/skien\\\/wp-content\\\/uploads\\\/sites\\\/4\\\/2022\\\/08\\\/HoYTUNDERTAKET-PIA-53-13339723-Foto_Pia_Eidenbom.jpg\",\"width\":1080,\"height\":720,\"caption\":\"Klatrekurs hos H\u00f8yt Under Taket Skien\"},{\"@type\":\"BreadcrumbList\",\"@id\":\"https:\\\/\\\/hoytundertaket.no\\\/skien\\\/informasjon\\\/praktisk-info\\\/#breadcrumb\",\"itemListElement\":[{\"@type\":\"ListItem\",\"position\":1,\"name\":\"Hjem\",\"item\":\"https:\\\/\\\/hoytundertaket.no\\\/skien\\\/\"},{\"@type\":\"ListItem\",\"position\":2,\"name\":\"Informasjon\",\"item\":\"https:\\\/\\\/hoytundertaket.no\\\/skien\\\/informasjon\\\/\"},{\"@type\":\"ListItem\",\"position\":3,\"name\":\"Praktisk informasjon\"}]},{\"@type\":\"WebSite\",\"@id\":\"https:\\\/\\\/hoytundertaket.no\\\/skien\\\/#website\",\"url\":\"https:\\\/\\\/hoytundertaket.no\\\/skien\\\/\",\"name\":\"H\u00f8yt Under Taket Skien\",\"description\":\"Bare enda et H\u00f8yt Under Taket-nettsted\",\"publisher\":{\"@id\":\"https:\\\/\\\/hoytundertaket.no\\\/skien\\\/#organization\"},\"potentialAction\":[{\"@type\":\"SearchAction\",\"target\":{\"@type\":\"EntryPoint\",\"urlTemplate\":\"https:\\\/\\\/hoytundertaket.no\\\/skien\\\/?s={search_term_string}\"},\"query-input\":{\"@type\":\"PropertyValueSpecification\",\"valueRequired\":true,\"valueName\":\"search_term_string\"}}],\"inLanguage\":\"nb-NO\"},{\"@type\":[\"Organization\",\"Place\"],\"@id\":\"https:\\\/\\\/hoytundertaket.no\\\/skien\\\/#organization\",\"name\":\"H\u00f8yt Under Taket Skien\",\"url\":\"https:\\\/\\\/hoytundertaket.no\\\/skien\\\/\",\"logo\":{\"@id\":\"https:\\\/\\\/hoytundertaket.no\\\/skien\\\/informasjon\\\/praktisk-info\\\/#local-main-organization-logo\"},\"image\":{\"@id\":\"https:\\\/\\\/hoytundertaket.no\\\/skien\\\/informasjon\\\/praktisk-info\\\/#local-main-organization-logo\"},\"telephone\":[],\"openingHoursSpecification\":[{\"@type\":\"OpeningHoursSpecification\",\"dayOfWeek\":[\"Monday\",\"Tuesday\",\"Wednesday\",\"Thursday\",\"Friday\",\"Saturday\",\"Sunday\"],\"opens\":\"09:00\",\"closes\":\"17:00\"}]},{\"@type\":\"ImageObject\",\"inLanguage\":\"nb-NO\",\"@id\":\"https:\\\/\\\/hoytundertaket.no\\\/skien\\\/informasjon\\\/praktisk-info\\\/#local-main-organization-logo\",\"url\":\"https:\\\/\\\/hoytundertaket.no\\\/skien\\\/wp-content\\\/uploads\\\/sites\\\/4\\\/2021\\\/10\\\/hut-logo-skien-horisontal-pos.svg\",\"contentUrl\":\"https:\\\/\\\/hoytundertaket.no\\\/skien\\\/wp-content\\\/uploads\\\/sites\\\/4\\\/2021\\\/10\\\/hut-logo-skien-horisontal-pos.svg\",\"width\":340,\"height\":110,\"caption\":\"H\u00f8yt Under Taket Skien\"}]}<\/script>\n<!-- \/ Yoast SEO plugin. -->","yoast_head_json":{"title":"Praktisk informasjon til ditt bes\u00f8k hos H\u00f8yt Under Taket Skien","description":"Her finner du praktisk informasjon som kan v\u00e6re fint \u00e5 f\u00e5 med seg f\u00f8r du bes\u00f8ker oss p\u00e5 klatresenteret i Skien","robots":{"index":"index","follow":"follow","max-snippet":"max-snippet:-1","max-image-preview":"max-image-preview:large","max-video-preview":"max-video-preview:-1"},"canonical":"https:\/\/hoytundertaket.no\/skien\/informasjon\/praktisk-info\/","og_locale":"nb_NO","og_type":"article","og_title":"Praktisk informasjon til ditt bes\u00f8k hos H\u00f8yt Under Taket Skien","og_description":"Her finner du praktisk informasjon som kan v\u00e6re fint \u00e5 f\u00e5 med seg f\u00f8r du bes\u00f8ker oss p\u00e5 klatresenteret i Skien","og_url":"https:\/\/hoytundertaket.no\/skien\/informasjon\/praktisk-info\/","og_site_name":"H\u00f8yt Under Taket Skien","article_modified_time":"2025-10-01T08:08:37+00:00","og_image":[{"width":1080,"height":720,"url":"https:\/\/hoytundertaket.no\/skien\/wp-content\/uploads\/sites\/4\/2022\/08\/HoYTUNDERTAKET-PIA-53-13339723-Foto_Pia_Eidenbom.jpg","type":"image\/jpeg"}],"twitter_card":"summary_large_image","twitter_misc":{"Ansl. lesetid":"5 minutter"},"schema":{"@context":"https:\/\/schema.org","@graph":[{"@type":"WebPage","@id":"https:\/\/hoytundertaket.no\/skien\/informasjon\/praktisk-info\/","url":"https:\/\/hoytundertaket.no\/skien\/informasjon\/praktisk-info\/","name":"Praktisk informasjon til ditt bes\u00f8k hos H\u00f8yt Under Taket Skien","isPartOf":{"@id":"https:\/\/hoytundertaket.no\/skien\/#website"},"primaryImageOfPage":{"@id":"https:\/\/hoytundertaket.no\/skien\/informasjon\/praktisk-info\/#primaryimage"},"image":{"@id":"https:\/\/hoytundertaket.no\/skien\/informasjon\/praktisk-info\/#primaryimage"},"thumbnailUrl":"https:\/\/hoytundertaket.no\/skien\/wp-content\/uploads\/sites\/4\/2022\/08\/HoYTUNDERTAKET-PIA-53-13339723-Foto_Pia_Eidenbom.jpg","datePublished":"2022-05-02T19:32:46+00:00","dateModified":"2025-10-01T08:08:37+00:00","description":"Her finner du praktisk informasjon som kan v\u00e6re fint \u00e5 f\u00e5 med seg f\u00f8r du bes\u00f8ker oss p\u00e5 klatresenteret i Skien","breadcrumb":{"@id":"https:\/\/hoytundertaket.no\/skien\/informasjon\/praktisk-info\/#breadcrumb"},"inLanguage":"nb-NO","potentialAction":[{"@type":"ReadAction","target":["https:\/\/hoytundertaket.no\/skien\/informasjon\/praktisk-info\/"]}]},{"@type":"ImageObject","inLanguage":"nb-NO","@id":"https:\/\/hoytundertaket.no\/skien\/informasjon\/praktisk-info\/#primaryimage","url":"https:\/\/hoytundertaket.no\/skien\/wp-content\/uploads\/sites\/4\/2022\/08\/HoYTUNDERTAKET-PIA-53-13339723-Foto_Pia_Eidenbom.jpg","contentUrl":"https:\/\/hoytundertaket.no\/skien\/wp-content\/uploads\/sites\/4\/2022\/08\/HoYTUNDERTAKET-PIA-53-13339723-Foto_Pia_Eidenbom.jpg","width":1080,"height":720,"caption":"Klatrekurs hos H\u00f8yt Under Taket Skien"},{"@type":"BreadcrumbList","@id":"https:\/\/hoytundertaket.no\/skien\/informasjon\/praktisk-info\/#breadcrumb","itemListElement":[{"@type":"ListItem","position":1,"name":"Hjem","item":"https:\/\/hoytundertaket.no\/skien\/"},{"@type":"ListItem","position":2,"name":"Informasjon","item":"https:\/\/hoytundertaket.no\/skien\/informasjon\/"},{"@type":"ListItem","position":3,"name":"Praktisk informasjon"}]},{"@type":"WebSite","@id":"https:\/\/hoytundertaket.no\/skien\/#website","url":"https:\/\/hoytundertaket.no\/skien\/","name":"H\u00f8yt Under Taket Skien","description":"Bare enda et H\u00f8yt Under Taket-nettsted","publisher":{"@id":"https:\/\/hoytundertaket.no\/skien\/#organization"},"potentialAction":[{"@type":"SearchAction","target":{"@type":"EntryPoint","urlTemplate":"https:\/\/hoytundertaket.no\/skien\/?s={search_term_string}"},"query-input":{"@type":"PropertyValueSpecification","valueRequired":true,"valueName":"search_term_string"}}],"inLanguage":"nb-NO"},{"@type":["Organization","Place"],"@id":"https:\/\/hoytundertaket.no\/skien\/#organization","name":"H\u00f8yt Under Taket Skien","url":"https:\/\/hoytundertaket.no\/skien\/","logo":{"@id":"https:\/\/hoytundertaket.no\/skien\/informasjon\/praktisk-info\/#local-main-organization-logo"},"image":{"@id":"https:\/\/hoytundertaket.no\/skien\/informasjon\/praktisk-info\/#local-main-organization-logo"},"telephone":[],"openingHoursSpecification":[{"@type":"OpeningHoursSpecification","dayOfWeek":["Monday","Tuesday","Wednesday","Thursday","Friday","Saturday","Sunday"],"opens":"09:00","closes":"17:00"}]},{"@type":"ImageObject","inLanguage":"nb-NO","@id":"https:\/\/hoytundertaket.no\/skien\/informasjon\/praktisk-info\/#local-main-organization-logo","url":"https:\/\/hoytundertaket.no\/skien\/wp-content\/uploads\/sites\/4\/2021\/10\/hut-logo-skien-horisontal-pos.svg","contentUrl":"https:\/\/hoytundertaket.no\/skien\/wp-content\/uploads\/sites\/4\/2021\/10\/hut-logo-skien-horisontal-pos.svg","width":340,"height":110,"caption":"H\u00f8yt Under Taket Skien"}]}},"_links":{"self":[{"href":"https:\/\/hoytundertaket.no\/skien\/wp-json\/wp\/v2\/pages\/289","targetHints":{"allow":["GET"]}}],"collection":[{"href":"https:\/\/hoytundertaket.no\/skien\/wp-json\/wp\/v2\/pages"}],"about":[{"href":"https:\/\/hoytundertaket.no\/skien\/wp-json\/wp\/v2\/types\/page"}],"author":[{"embeddable":true,"href":"https:\/\/hoytundertaket.no\/skien\/wp-json\/wp\/v2\/users\/1"}],"replies":[{"embeddable":true,"href":"https:\/\/hoytundertaket.no\/skien\/wp-json\/wp\/v2\/comments?post=289"}],"version-history":[{"count":19,"href":"https:\/\/hoytundertaket.no\/skien\/wp-json\/wp\/v2\/pages\/289\/revisions"}],"predecessor-version":[{"id":2726,"href":"https:\/\/hoytundertaket.no\/skien\/wp-json\/wp\/v2\/pages\/289\/revisions\/2726"}],"up":[{"embeddable":true,"href":"https:\/\/hoytundertaket.no\/skien\/wp-json\/wp\/v2\/pages\/284"}],"wp:featuredmedia":[{"embeddable":true,"href":"https:\/\/hoytundertaket.no\/skien\/wp-json\/wp\/v2\/media\/697"}],"wp:attachment":[{"href":"https:\/\/hoytundertaket.no\/skien\/wp-json\/wp\/v2\/media?parent=289"}],"curies":[{"name":"wp","href":"https:\/\/api.w.org\/{rel}","templated":true}]}}