{"id":550,"date":"2022-06-24T13:59:09","date_gmt":"2022-06-24T11:59:09","guid":{"rendered":"https:\/\/hoytundertaket.no\/skien\/?page_id=550"},"modified":"2022-06-24T14:44:54","modified_gmt":"2022-06-24T12:44:54","slug":"barn-ungdom-og-treningsgrupper","status":"publish","type":"page","link":"https:\/\/hoytundertaket.no\/skien\/barn-ungdom-og-treningsgrupper\/","title":{"rendered":"Barn, ungdom og treningsgrupper"},"content":{"rendered":"\n<p>Her finner du v\u00e5r oversikt p\u00e5 grupper for de mellom 6-16 \u00e5r! Er m\u00e5let \u00e5 bli kjent med klatring? Eller \u00e5 utvikle klatreferdighetene? L\u00e6re sikringsteknikk? Kursene er inndelt etter alder, utfordringene tilpasses til gruppeniv\u00e5et. Klatring er for alle! <\/p>\n","protected":false},"excerpt":{"rendered":"<p>Her finner du v\u00e5r oversikt p\u00e5 grupper for de mellom 6-16 \u00e5r! Er m\u00e5let \u00e5 bli kjent med klatring? Eller \u00e5 utvikle klatreferdighetene? L\u00e6re sikringsteknikk? Kursene er inndelt etter alder, utfordringene tilpasses til gruppeniv\u00e5et. Klatring er for alle!<\/p>\n","protected":false},"author":7,"featured_media":0,"parent":0,"menu_order":0,"comment_status":"closed","ping_status":"closed","template":"page-bilberry.php","meta":{"_acf_changed":false,"footnotes":""},"class_list":["post-550","page","type-page","status-publish","hentry"],"acf":[],"yoast_head":"<!-- This site is optimized with the Yoast SEO plugin v27.4 - https:\/\/yoast.com\/product\/yoast-seo-wordpress\/ -->\n<title>Barn, ungdom og treningsgrupper - H\u00f8yt Under Taket Skien<\/title>\n<meta name=\"robots\" content=\"index, follow, max-snippet:-1, max-image-preview:large, max-video-preview:-1\" \/>\n<link rel=\"canonical\" href=\"https:\/\/hoytundertaket.no\/skien\/barn-ungdom-og-treningsgrupper\/\" \/>\n<meta property=\"og:locale\" content=\"nb_NO\" \/>\n<meta property=\"og:type\" content=\"article\" \/>\n<meta property=\"og:title\" content=\"Barn, ungdom og treningsgrupper - H\u00f8yt Under Taket Skien\" \/>\n<meta property=\"og:description\" content=\"Her finner du v\u00e5r oversikt p\u00e5 grupper for de mellom 6-16 \u00e5r! Er m\u00e5let \u00e5 bli kjent med klatring? Eller \u00e5 utvikle klatreferdighetene? L\u00e6re sikringsteknikk? Kursene er inndelt etter alder, utfordringene tilpasses til gruppeniv\u00e5et. Klatring er for alle!\" \/>\n<meta property=\"og:url\" content=\"https:\/\/hoytundertaket.no\/skien\/barn-ungdom-og-treningsgrupper\/\" \/>\n<meta property=\"og:site_name\" content=\"H\u00f8yt Under Taket Skien\" \/>\n<meta property=\"article:modified_time\" content=\"2022-06-24T12:44:54+00:00\" \/>\n<meta name=\"twitter:card\" content=\"summary_large_image\" \/>\n<script type=\"application\/ld+json\" class=\"yoast-schema-graph\">{\"@context\":\"https:\\\/\\\/schema.org\",\"@graph\":[{\"@type\":\"WebPage\",\"@id\":\"https:\\\/\\\/hoytundertaket.no\\\/skien\\\/barn-ungdom-og-treningsgrupper\\\/\",\"url\":\"https:\\\/\\\/hoytundertaket.no\\\/skien\\\/barn-ungdom-og-treningsgrupper\\\/\",\"name\":\"Barn, ungdom og treningsgrupper - H\u00f8yt Under Taket Skien\",\"isPartOf\":{\"@id\":\"https:\\\/\\\/hoytundertaket.no\\\/skien\\\/#website\"},\"datePublished\":\"2022-06-24T11:59:09+00:00\",\"dateModified\":\"2022-06-24T12:44:54+00:00\",\"breadcrumb\":{\"@id\":\"https:\\\/\\\/hoytundertaket.no\\\/skien\\\/barn-ungdom-og-treningsgrupper\\\/#breadcrumb\"},\"inLanguage\":\"nb-NO\",\"potentialAction\":[{\"@type\":\"ReadAction\",\"target\":[\"https:\\\/\\\/hoytundertaket.no\\\/skien\\\/barn-ungdom-og-treningsgrupper\\\/\"]}]},{\"@type\":\"BreadcrumbList\",\"@id\":\"https:\\\/\\\/hoytundertaket.no\\\/skien\\\/barn-ungdom-og-treningsgrupper\\\/#breadcrumb\",\"itemListElement\":[{\"@type\":\"ListItem\",\"position\":1,\"name\":\"Hjem\",\"item\":\"https:\\\/\\\/hoytundertaket.no\\\/skien\\\/\"},{\"@type\":\"ListItem\",\"position\":2,\"name\":\"Barn, ungdom og treningsgrupper\"}]},{\"@type\":\"WebSite\",\"@id\":\"https:\\\/\\\/hoytundertaket.no\\\/skien\\\/#website\",\"url\":\"https:\\\/\\\/hoytundertaket.no\\\/skien\\\/\",\"name\":\"H\u00f8yt Under Taket Skien\",\"description\":\"Bare enda et H\u00f8yt Under Taket-nettsted\",\"publisher\":{\"@id\":\"https:\\\/\\\/hoytundertaket.no\\\/skien\\\/#organization\"},\"potentialAction\":[{\"@type\":\"SearchAction\",\"target\":{\"@type\":\"EntryPoint\",\"urlTemplate\":\"https:\\\/\\\/hoytundertaket.no\\\/skien\\\/?s={search_term_string}\"},\"query-input\":{\"@type\":\"PropertyValueSpecification\",\"valueRequired\":true,\"valueName\":\"search_term_string\"}}],\"inLanguage\":\"nb-NO\"},{\"@type\":[\"Organization\",\"Place\"],\"@id\":\"https:\\\/\\\/hoytundertaket.no\\\/skien\\\/#organization\",\"name\":\"H\u00f8yt Under Taket Skien\",\"url\":\"https:\\\/\\\/hoytundertaket.no\\\/skien\\\/\",\"logo\":{\"@id\":\"https:\\\/\\\/hoytundertaket.no\\\/skien\\\/barn-ungdom-og-treningsgrupper\\\/#local-main-organization-logo\"},\"image\":{\"@id\":\"https:\\\/\\\/hoytundertaket.no\\\/skien\\\/barn-ungdom-og-treningsgrupper\\\/#local-main-organization-logo\"},\"telephone\":[],\"openingHoursSpecification\":[{\"@type\":\"OpeningHoursSpecification\",\"dayOfWeek\":[\"Monday\",\"Tuesday\",\"Wednesday\",\"Thursday\",\"Friday\",\"Saturday\",\"Sunday\"],\"opens\":\"09:00\",\"closes\":\"17:00\"}]},{\"@type\":\"ImageObject\",\"inLanguage\":\"nb-NO\",\"@id\":\"https:\\\/\\\/hoytundertaket.no\\\/skien\\\/barn-ungdom-og-treningsgrupper\\\/#local-main-organization-logo\",\"url\":\"https:\\\/\\\/hoytundertaket.no\\\/skien\\\/wp-content\\\/uploads\\\/sites\\\/4\\\/2021\\\/10\\\/hut-logo-skien-horisontal-pos.svg\",\"contentUrl\":\"https:\\\/\\\/hoytundertaket.no\\\/skien\\\/wp-content\\\/uploads\\\/sites\\\/4\\\/2021\\\/10\\\/hut-logo-skien-horisontal-pos.svg\",\"width\":340,\"height\":110,\"caption\":\"H\u00f8yt Under Taket Skien\"}]}<\/script>\n<!-- \/ Yoast SEO plugin. -->","yoast_head_json":{"title":"Barn, ungdom og treningsgrupper - H\u00f8yt Under Taket Skien","robots":{"index":"index","follow":"follow","max-snippet":"max-snippet:-1","max-image-preview":"max-image-preview:large","max-video-preview":"max-video-preview:-1"},"canonical":"https:\/\/hoytundertaket.no\/skien\/barn-ungdom-og-treningsgrupper\/","og_locale":"nb_NO","og_type":"article","og_title":"Barn, ungdom og treningsgrupper - H\u00f8yt Under Taket Skien","og_description":"Her finner du v\u00e5r oversikt p\u00e5 grupper for de mellom 6-16 \u00e5r! Er m\u00e5let \u00e5 bli kjent med klatring? Eller \u00e5 utvikle klatreferdighetene? L\u00e6re sikringsteknikk? Kursene er inndelt etter alder, utfordringene tilpasses til gruppeniv\u00e5et. Klatring er for alle!","og_url":"https:\/\/hoytundertaket.no\/skien\/barn-ungdom-og-treningsgrupper\/","og_site_name":"H\u00f8yt Under Taket Skien","article_modified_time":"2022-06-24T12:44:54+00:00","twitter_card":"summary_large_image","schema":{"@context":"https:\/\/schema.org","@graph":[{"@type":"WebPage","@id":"https:\/\/hoytundertaket.no\/skien\/barn-ungdom-og-treningsgrupper\/","url":"https:\/\/hoytundertaket.no\/skien\/barn-ungdom-og-treningsgrupper\/","name":"Barn, ungdom og treningsgrupper - H\u00f8yt Under Taket Skien","isPartOf":{"@id":"https:\/\/hoytundertaket.no\/skien\/#website"},"datePublished":"2022-06-24T11:59:09+00:00","dateModified":"2022-06-24T12:44:54+00:00","breadcrumb":{"@id":"https:\/\/hoytundertaket.no\/skien\/barn-ungdom-og-treningsgrupper\/#breadcrumb"},"inLanguage":"nb-NO","potentialAction":[{"@type":"ReadAction","target":["https:\/\/hoytundertaket.no\/skien\/barn-ungdom-og-treningsgrupper\/"]}]},{"@type":"BreadcrumbList","@id":"https:\/\/hoytundertaket.no\/skien\/barn-ungdom-og-treningsgrupper\/#breadcrumb","itemListElement":[{"@type":"ListItem","position":1,"name":"Hjem","item":"https:\/\/hoytundertaket.no\/skien\/"},{"@type":"ListItem","position":2,"name":"Barn, ungdom og treningsgrupper"}]},{"@type":"WebSite","@id":"https:\/\/hoytundertaket.no\/skien\/#website","url":"https:\/\/hoytundertaket.no\/skien\/","name":"H\u00f8yt Under Taket Skien","description":"Bare enda et H\u00f8yt Under Taket-nettsted","publisher":{"@id":"https:\/\/hoytundertaket.no\/skien\/#organization"},"potentialAction":[{"@type":"SearchAction","target":{"@type":"EntryPoint","urlTemplate":"https:\/\/hoytundertaket.no\/skien\/?s={search_term_string}"},"query-input":{"@type":"PropertyValueSpecification","valueRequired":true,"valueName":"search_term_string"}}],"inLanguage":"nb-NO"},{"@type":["Organization","Place"],"@id":"https:\/\/hoytundertaket.no\/skien\/#organization","name":"H\u00f8yt Under Taket Skien","url":"https:\/\/hoytundertaket.no\/skien\/","logo":{"@id":"https:\/\/hoytundertaket.no\/skien\/barn-ungdom-og-treningsgrupper\/#local-main-organization-logo"},"image":{"@id":"https:\/\/hoytundertaket.no\/skien\/barn-ungdom-og-treningsgrupper\/#local-main-organization-logo"},"telephone":[],"openingHoursSpecification":[{"@type":"OpeningHoursSpecification","dayOfWeek":["Monday","Tuesday","Wednesday","Thursday","Friday","Saturday","Sunday"],"opens":"09:00","closes":"17:00"}]},{"@type":"ImageObject","inLanguage":"nb-NO","@id":"https:\/\/hoytundertaket.no\/skien\/barn-ungdom-og-treningsgrupper\/#local-main-organization-logo","url":"https:\/\/hoytundertaket.no\/skien\/wp-content\/uploads\/sites\/4\/2021\/10\/hut-logo-skien-horisontal-pos.svg","contentUrl":"https:\/\/hoytundertaket.no\/skien\/wp-content\/uploads\/sites\/4\/2021\/10\/hut-logo-skien-horisontal-pos.svg","width":340,"height":110,"caption":"H\u00f8yt Under Taket Skien"}]}},"_links":{"self":[{"href":"https:\/\/hoytundertaket.no\/skien\/wp-json\/wp\/v2\/pages\/550","targetHints":{"allow":["GET"]}}],"collection":[{"href":"https:\/\/hoytundertaket.no\/skien\/wp-json\/wp\/v2\/pages"}],"about":[{"href":"https:\/\/hoytundertaket.no\/skien\/wp-json\/wp\/v2\/types\/page"}],"author":[{"embeddable":true,"href":"https:\/\/hoytundertaket.no\/skien\/wp-json\/wp\/v2\/users\/7"}],"replies":[{"embeddable":true,"href":"https:\/\/hoytundertaket.no\/skien\/wp-json\/wp\/v2\/comments?post=550"}],"version-history":[{"count":4,"href":"https:\/\/hoytundertaket.no\/skien\/wp-json\/wp\/v2\/pages\/550\/revisions"}],"predecessor-version":[{"id":569,"href":"https:\/\/hoytundertaket.no\/skien\/wp-json\/wp\/v2\/pages\/550\/revisions\/569"}],"wp:attachment":[{"href":"https:\/\/hoytundertaket.no\/skien\/wp-json\/wp\/v2\/media?parent=550"}],"curies":[{"name":"wp","href":"https:\/\/api.w.org\/{rel}","templated":true}]}}