{"id":834,"date":"2022-08-15T13:03:01","date_gmt":"2022-08-15T11:03:01","guid":{"rendered":"https:\/\/hoytundertaket.no\/skien\/?page_id=834"},"modified":"2026-02-27T11:54:36","modified_gmt":"2026-02-27T10:54:36","slug":"barneklatring","status":"publish","type":"page","link":"https:\/\/hoytundertaket.no\/skien\/kurs\/barneklatring\/","title":{"rendered":"Barneklatring"},"content":{"rendered":"","protected":false},"excerpt":{"rendered":"","protected":false},"author":1,"featured_media":2822,"parent":2723,"menu_order":0,"comment_status":"closed","ping_status":"closed","template":"page-kids.php","meta":{"_acf_changed":false,"footnotes":""},"class_list":["post-834","page","type-page","status-publish","has-post-thumbnail","hentry"],"acf":[],"yoast_head":"<!-- This site is optimized with the Yoast SEO plugin v26.9 - https:\/\/yoast.com\/product\/yoast-seo-wordpress\/ -->\n<title>Barneklatring \u2013 H\u00f8yt Under Taket Skien<\/title>\n<meta name=\"description\" content=\"Barneklatring i Skien for barn fra 6\u20139 \u00e5r. En morsom og aktiv time i uka fylt med lek, bevegelse og mestring hos H\u00f8yt Under Taket.\" \/>\n<meta name=\"robots\" content=\"index, follow, max-snippet:-1, max-image-preview:large, max-video-preview:-1\" \/>\n<link rel=\"canonical\" href=\"https:\/\/hoytundertaket.no\/skien\/kurs\/barneklatring\/\" \/>\n<meta property=\"og:locale\" content=\"nb_NO\" \/>\n<meta property=\"og:type\" content=\"article\" \/>\n<meta property=\"og:title\" content=\"Barneklatring \u2013 H\u00f8yt Under Taket Skien\" \/>\n<meta property=\"og:description\" content=\"La barna oppleve mestring og glede p\u00e5 barneklatring i Skien. Hos H\u00f8yt Under Taket f\u00e5r de klatre, leke og ha det g\u00f8y \u2013 sammen med nye venner!\" \/>\n<meta property=\"og:url\" content=\"https:\/\/hoytundertaket.no\/skien\/kurs\/barneklatring\/\" \/>\n<meta property=\"og:site_name\" content=\"H\u00f8yt Under Taket Skien\" \/>\n<meta property=\"article:modified_time\" content=\"2026-02-27T10:54:36+00:00\" \/>\n<meta property=\"og:image\" content=\"https:\/\/hoytundertaket.no\/skien\/wp-content\/uploads\/sites\/4\/2025\/11\/Barneklatring_pa_hut_kokstad__HTL_04264_Foto_Pia_Eidenbom.jpg\" \/>\n\t<meta property=\"og:image:width\" content=\"1920\" \/>\n\t<meta property=\"og:image:height\" content=\"1280\" \/>\n\t<meta property=\"og:image:type\" content=\"image\/jpeg\" \/>\n<meta name=\"twitter:card\" content=\"summary_large_image\" \/>\n<meta name=\"twitter:label1\" content=\"Ansl. lesetid\" \/>\n\t<meta name=\"twitter:data1\" content=\"3 minutter\" \/>\n<script type=\"application\/ld+json\" class=\"yoast-schema-graph\">{\"@context\":\"https:\/\/schema.org\",\"@graph\":[{\"@type\":\"WebPage\",\"@id\":\"https:\/\/hoytundertaket.no\/skien\/kurs\/barneklatring\/\",\"url\":\"https:\/\/hoytundertaket.no\/skien\/kurs\/barneklatring\/\",\"name\":\"Barneklatring \u2013 H\u00f8yt Under Taket Skien\",\"isPartOf\":{\"@id\":\"https:\/\/hoytundertaket.no\/skien\/#website\"},\"primaryImageOfPage\":{\"@id\":\"https:\/\/hoytundertaket.no\/skien\/kurs\/barneklatring\/#primaryimage\"},\"image\":{\"@id\":\"https:\/\/hoytundertaket.no\/skien\/kurs\/barneklatring\/#primaryimage\"},\"thumbnailUrl\":\"https:\/\/hoytundertaket.no\/skien\/wp-content\/uploads\/sites\/4\/2025\/11\/Barneklatring_pa_hut_kokstad__HTL_04264_Foto_Pia_Eidenbom.jpg\",\"datePublished\":\"2022-08-15T11:03:01+00:00\",\"dateModified\":\"2026-02-27T10:54:36+00:00\",\"description\":\"Barneklatring i Skien for barn fra 6\u20139 \u00e5r. En morsom og aktiv time i uka fylt med lek, bevegelse og mestring hos H\u00f8yt Under Taket.\",\"breadcrumb\":{\"@id\":\"https:\/\/hoytundertaket.no\/skien\/kurs\/barneklatring\/#breadcrumb\"},\"inLanguage\":\"nb-NO\",\"potentialAction\":[{\"@type\":\"ReadAction\",\"target\":[\"https:\/\/hoytundertaket.no\/skien\/kurs\/barneklatring\/\"]}]},{\"@type\":\"ImageObject\",\"inLanguage\":\"nb-NO\",\"@id\":\"https:\/\/hoytundertaket.no\/skien\/kurs\/barneklatring\/#primaryimage\",\"url\":\"https:\/\/hoytundertaket.no\/skien\/wp-content\/uploads\/sites\/4\/2025\/11\/Barneklatring_pa_hut_kokstad__HTL_04264_Foto_Pia_Eidenbom.jpg\",\"contentUrl\":\"https:\/\/hoytundertaket.no\/skien\/wp-content\/uploads\/sites\/4\/2025\/11\/Barneklatring_pa_hut_kokstad__HTL_04264_Foto_Pia_Eidenbom.jpg\",\"width\":1920,\"height\":1280,\"caption\":\"Barneklatring i Skien \u2013 lek, aktivitet og fellesskap hos H\u00f8yt Under Taket.\"},{\"@type\":\"BreadcrumbList\",\"@id\":\"https:\/\/hoytundertaket.no\/skien\/kurs\/barneklatring\/#breadcrumb\",\"itemListElement\":[{\"@type\":\"ListItem\",\"position\":1,\"name\":\"Hjem\",\"item\":\"https:\/\/hoytundertaket.no\/skien\/\"},{\"@type\":\"ListItem\",\"position\":2,\"name\":\"Kurs\",\"item\":\"https:\/\/hoytundertaket.no\/skien\/kurs\/\"},{\"@type\":\"ListItem\",\"position\":3,\"name\":\"Barneklatring\"}]},{\"@type\":\"WebSite\",\"@id\":\"https:\/\/hoytundertaket.no\/skien\/#website\",\"url\":\"https:\/\/hoytundertaket.no\/skien\/\",\"name\":\"H\u00f8yt Under Taket Skien\",\"description\":\"Bare enda et H\u00f8yt Under Taket-nettsted\",\"publisher\":{\"@id\":\"https:\/\/hoytundertaket.no\/skien\/#organization\"},\"potentialAction\":[{\"@type\":\"SearchAction\",\"target\":{\"@type\":\"EntryPoint\",\"urlTemplate\":\"https:\/\/hoytundertaket.no\/skien\/?s={search_term_string}\"},\"query-input\":{\"@type\":\"PropertyValueSpecification\",\"valueRequired\":true,\"valueName\":\"search_term_string\"}}],\"inLanguage\":\"nb-NO\"},{\"@type\":[\"Organization\",\"Place\"],\"@id\":\"https:\/\/hoytundertaket.no\/skien\/#organization\",\"name\":\"H\u00f8yt Under Taket Skien\",\"url\":\"https:\/\/hoytundertaket.no\/skien\/\",\"logo\":{\"@id\":\"https:\/\/hoytundertaket.no\/skien\/kurs\/barneklatring\/#local-main-organization-logo\"},\"image\":{\"@id\":\"https:\/\/hoytundertaket.no\/skien\/kurs\/barneklatring\/#local-main-organization-logo\"},\"telephone\":[],\"openingHoursSpecification\":[{\"@type\":\"OpeningHoursSpecification\",\"dayOfWeek\":[\"Monday\",\"Tuesday\",\"Wednesday\",\"Thursday\",\"Friday\",\"Saturday\",\"Sunday\"],\"opens\":\"09:00\",\"closes\":\"17:00\"}]},{\"@type\":\"ImageObject\",\"inLanguage\":\"nb-NO\",\"@id\":\"https:\/\/hoytundertaket.no\/skien\/kurs\/barneklatring\/#local-main-organization-logo\",\"url\":\"https:\/\/hoytundertaket.no\/skien\/wp-content\/uploads\/sites\/4\/2021\/10\/hut-logo-skien-horisontal-pos.svg\",\"contentUrl\":\"https:\/\/hoytundertaket.no\/skien\/wp-content\/uploads\/sites\/4\/2021\/10\/hut-logo-skien-horisontal-pos.svg\",\"width\":340,\"height\":110,\"caption\":\"H\u00f8yt Under Taket Skien\"}]}<\/script>\n<!-- \/ Yoast SEO plugin. -->","yoast_head_json":{"title":"Barneklatring \u2013 H\u00f8yt Under Taket Skien","description":"Barneklatring i Skien for barn fra 6\u20139 \u00e5r. En morsom og aktiv time i uka fylt med lek, bevegelse og mestring hos H\u00f8yt Under Taket.","robots":{"index":"index","follow":"follow","max-snippet":"max-snippet:-1","max-image-preview":"max-image-preview:large","max-video-preview":"max-video-preview:-1"},"canonical":"https:\/\/hoytundertaket.no\/skien\/kurs\/barneklatring\/","og_locale":"nb_NO","og_type":"article","og_title":"Barneklatring \u2013 H\u00f8yt Under Taket Skien","og_description":"La barna oppleve mestring og glede p\u00e5 barneklatring i Skien. Hos H\u00f8yt Under Taket f\u00e5r de klatre, leke og ha det g\u00f8y \u2013 sammen med nye venner!","og_url":"https:\/\/hoytundertaket.no\/skien\/kurs\/barneklatring\/","og_site_name":"H\u00f8yt Under Taket Skien","article_modified_time":"2026-02-27T10:54:36+00:00","og_image":[{"width":1920,"height":1280,"url":"https:\/\/hoytundertaket.no\/skien\/wp-content\/uploads\/sites\/4\/2025\/11\/Barneklatring_pa_hut_kokstad__HTL_04264_Foto_Pia_Eidenbom.jpg","type":"image\/jpeg"}],"twitter_card":"summary_large_image","twitter_misc":{"Ansl. lesetid":"3 minutter"},"schema":{"@context":"https:\/\/schema.org","@graph":[{"@type":"WebPage","@id":"https:\/\/hoytundertaket.no\/skien\/kurs\/barneklatring\/","url":"https:\/\/hoytundertaket.no\/skien\/kurs\/barneklatring\/","name":"Barneklatring \u2013 H\u00f8yt Under Taket Skien","isPartOf":{"@id":"https:\/\/hoytundertaket.no\/skien\/#website"},"primaryImageOfPage":{"@id":"https:\/\/hoytundertaket.no\/skien\/kurs\/barneklatring\/#primaryimage"},"image":{"@id":"https:\/\/hoytundertaket.no\/skien\/kurs\/barneklatring\/#primaryimage"},"thumbnailUrl":"https:\/\/hoytundertaket.no\/skien\/wp-content\/uploads\/sites\/4\/2025\/11\/Barneklatring_pa_hut_kokstad__HTL_04264_Foto_Pia_Eidenbom.jpg","datePublished":"2022-08-15T11:03:01+00:00","dateModified":"2026-02-27T10:54:36+00:00","description":"Barneklatring i Skien for barn fra 6\u20139 \u00e5r. En morsom og aktiv time i uka fylt med lek, bevegelse og mestring hos H\u00f8yt Under Taket.","breadcrumb":{"@id":"https:\/\/hoytundertaket.no\/skien\/kurs\/barneklatring\/#breadcrumb"},"inLanguage":"nb-NO","potentialAction":[{"@type":"ReadAction","target":["https:\/\/hoytundertaket.no\/skien\/kurs\/barneklatring\/"]}]},{"@type":"ImageObject","inLanguage":"nb-NO","@id":"https:\/\/hoytundertaket.no\/skien\/kurs\/barneklatring\/#primaryimage","url":"https:\/\/hoytundertaket.no\/skien\/wp-content\/uploads\/sites\/4\/2025\/11\/Barneklatring_pa_hut_kokstad__HTL_04264_Foto_Pia_Eidenbom.jpg","contentUrl":"https:\/\/hoytundertaket.no\/skien\/wp-content\/uploads\/sites\/4\/2025\/11\/Barneklatring_pa_hut_kokstad__HTL_04264_Foto_Pia_Eidenbom.jpg","width":1920,"height":1280,"caption":"Barneklatring i Skien \u2013 lek, aktivitet og fellesskap hos H\u00f8yt Under Taket."},{"@type":"BreadcrumbList","@id":"https:\/\/hoytundertaket.no\/skien\/kurs\/barneklatring\/#breadcrumb","itemListElement":[{"@type":"ListItem","position":1,"name":"Hjem","item":"https:\/\/hoytundertaket.no\/skien\/"},{"@type":"ListItem","position":2,"name":"Kurs","item":"https:\/\/hoytundertaket.no\/skien\/kurs\/"},{"@type":"ListItem","position":3,"name":"Barneklatring"}]},{"@type":"WebSite","@id":"https:\/\/hoytundertaket.no\/skien\/#website","url":"https:\/\/hoytundertaket.no\/skien\/","name":"H\u00f8yt Under Taket Skien","description":"Bare enda et H\u00f8yt Under Taket-nettsted","publisher":{"@id":"https:\/\/hoytundertaket.no\/skien\/#organization"},"potentialAction":[{"@type":"SearchAction","target":{"@type":"EntryPoint","urlTemplate":"https:\/\/hoytundertaket.no\/skien\/?s={search_term_string}"},"query-input":{"@type":"PropertyValueSpecification","valueRequired":true,"valueName":"search_term_string"}}],"inLanguage":"nb-NO"},{"@type":["Organization","Place"],"@id":"https:\/\/hoytundertaket.no\/skien\/#organization","name":"H\u00f8yt Under Taket Skien","url":"https:\/\/hoytundertaket.no\/skien\/","logo":{"@id":"https:\/\/hoytundertaket.no\/skien\/kurs\/barneklatring\/#local-main-organization-logo"},"image":{"@id":"https:\/\/hoytundertaket.no\/skien\/kurs\/barneklatring\/#local-main-organization-logo"},"telephone":[],"openingHoursSpecification":[{"@type":"OpeningHoursSpecification","dayOfWeek":["Monday","Tuesday","Wednesday","Thursday","Friday","Saturday","Sunday"],"opens":"09:00","closes":"17:00"}]},{"@type":"ImageObject","inLanguage":"nb-NO","@id":"https:\/\/hoytundertaket.no\/skien\/kurs\/barneklatring\/#local-main-organization-logo","url":"https:\/\/hoytundertaket.no\/skien\/wp-content\/uploads\/sites\/4\/2021\/10\/hut-logo-skien-horisontal-pos.svg","contentUrl":"https:\/\/hoytundertaket.no\/skien\/wp-content\/uploads\/sites\/4\/2021\/10\/hut-logo-skien-horisontal-pos.svg","width":340,"height":110,"caption":"H\u00f8yt Under Taket Skien"}]}},"_links":{"self":[{"href":"https:\/\/hoytundertaket.no\/skien\/wp-json\/wp\/v2\/pages\/834","targetHints":{"allow":["GET"]}}],"collection":[{"href":"https:\/\/hoytundertaket.no\/skien\/wp-json\/wp\/v2\/pages"}],"about":[{"href":"https:\/\/hoytundertaket.no\/skien\/wp-json\/wp\/v2\/types\/page"}],"author":[{"embeddable":true,"href":"https:\/\/hoytundertaket.no\/skien\/wp-json\/wp\/v2\/users\/1"}],"replies":[{"embeddable":true,"href":"https:\/\/hoytundertaket.no\/skien\/wp-json\/wp\/v2\/comments?post=834"}],"version-history":[{"count":115,"href":"https:\/\/hoytundertaket.no\/skien\/wp-json\/wp\/v2\/pages\/834\/revisions"}],"predecessor-version":[{"id":3101,"href":"https:\/\/hoytundertaket.no\/skien\/wp-json\/wp\/v2\/pages\/834\/revisions\/3101"}],"up":[{"embeddable":true,"href":"https:\/\/hoytundertaket.no\/skien\/wp-json\/wp\/v2\/pages\/2723"}],"wp:featuredmedia":[{"embeddable":true,"href":"https:\/\/hoytundertaket.no\/skien\/wp-json\/wp\/v2\/media\/2822"}],"wp:attachment":[{"href":"https:\/\/hoytundertaket.no\/skien\/wp-json\/wp\/v2\/media?parent=834"}],"curies":[{"name":"wp","href":"https:\/\/api.w.org\/{rel}","templated":true}]}}