{"id":856,"date":"2022-08-15T13:27:08","date_gmt":"2022-08-15T11:27:08","guid":{"rendered":"https:\/\/hoytundertaket.no\/skien\/?page_id=856"},"modified":"2026-04-14T20:14:46","modified_gmt":"2026-04-14T18:14:46","slug":"klatreskole","status":"publish","type":"page","link":"https:\/\/hoytundertaket.no\/skien\/kurs\/klatreskole\/","title":{"rendered":"Klatreskole"},"content":{"rendered":"","protected":false},"excerpt":{"rendered":"","protected":false},"author":1,"featured_media":2535,"parent":2723,"menu_order":0,"comment_status":"closed","ping_status":"closed","template":"page-kids.php","meta":{"_acf_changed":false,"footnotes":""},"class_list":["post-856","page","type-page","status-publish","has-post-thumbnail","hentry"],"acf":[],"yoast_head":"<!-- This site is optimized with the Yoast SEO plugin v26.9 - https:\/\/yoast.com\/product\/yoast-seo-wordpress\/ -->\n<title>Klatreskole - H\u00f8yt Under Taket Skien<\/title>\n<meta name=\"description\" content=\"Klatreskole i Skien for ungdom 13\u201318 \u00e5r. Trening i buldring og tauklatring med fokus p\u00e5 teknikk, styrke og mestring hos H\u00f8yt Under Taket.\" \/>\n<meta name=\"robots\" content=\"index, follow, max-snippet:-1, max-image-preview:large, max-video-preview:-1\" \/>\n<link rel=\"canonical\" href=\"https:\/\/hoytundertaket.no\/skien\/kurs\/klatreskole\/\" \/>\n<meta property=\"og:locale\" content=\"nb_NO\" \/>\n<meta property=\"og:type\" content=\"article\" \/>\n<meta property=\"og:title\" content=\"Klatreskole - H\u00f8yt Under Taket Skien\" \/>\n<meta property=\"og:description\" content=\"Klatreskole i Skien for ungdom 13\u201318 \u00e5r. Trening i buldring og tauklatring med fokus p\u00e5 teknikk, styrke og mestring hos H\u00f8yt Under Taket.\" \/>\n<meta property=\"og:url\" content=\"https:\/\/hoytundertaket.no\/skien\/kurs\/klatreskole\/\" \/>\n<meta property=\"og:site_name\" content=\"H\u00f8yt Under Taket Skien\" \/>\n<meta property=\"article:modified_time\" content=\"2026-04-14T18:14:46+00:00\" \/>\n<meta property=\"og:image\" content=\"https:\/\/hoytundertaket.no\/skien\/wp-content\/uploads\/sites\/4\/2025\/09\/Hoyt_Under_Taket_Skien_HTL_02596_Foto_Kristoffer_Engen-2.jpg\" \/>\n\t<meta property=\"og:image:width\" content=\"1920\" \/>\n\t<meta property=\"og:image:height\" content=\"1280\" \/>\n\t<meta property=\"og:image:type\" content=\"image\/jpeg\" \/>\n<meta name=\"twitter:card\" content=\"summary_large_image\" \/>\n<meta name=\"twitter:label1\" content=\"Ansl. lesetid\" \/>\n\t<meta name=\"twitter:data1\" content=\"2 minutter\" \/>\n<script type=\"application\/ld+json\" class=\"yoast-schema-graph\">{\"@context\":\"https:\/\/schema.org\",\"@graph\":[{\"@type\":\"WebPage\",\"@id\":\"https:\/\/hoytundertaket.no\/skien\/kurs\/klatreskole\/\",\"url\":\"https:\/\/hoytundertaket.no\/skien\/kurs\/klatreskole\/\",\"name\":\"Klatreskole - H\u00f8yt Under Taket Skien\",\"isPartOf\":{\"@id\":\"https:\/\/hoytundertaket.no\/skien\/#website\"},\"primaryImageOfPage\":{\"@id\":\"https:\/\/hoytundertaket.no\/skien\/kurs\/klatreskole\/#primaryimage\"},\"image\":{\"@id\":\"https:\/\/hoytundertaket.no\/skien\/kurs\/klatreskole\/#primaryimage\"},\"thumbnailUrl\":\"https:\/\/hoytundertaket.no\/skien\/wp-content\/uploads\/sites\/4\/2025\/09\/Hoyt_Under_Taket_Skien_HTL_02596_Foto_Kristoffer_Engen-2.jpg\",\"datePublished\":\"2022-08-15T11:27:08+00:00\",\"dateModified\":\"2026-04-14T18:14:46+00:00\",\"description\":\"Klatreskole i Skien for ungdom 13\u201318 \u00e5r. Trening i buldring og tauklatring med fokus p\u00e5 teknikk, styrke og mestring hos H\u00f8yt Under Taket.\",\"breadcrumb\":{\"@id\":\"https:\/\/hoytundertaket.no\/skien\/kurs\/klatreskole\/#breadcrumb\"},\"inLanguage\":\"nb-NO\",\"potentialAction\":[{\"@type\":\"ReadAction\",\"target\":[\"https:\/\/hoytundertaket.no\/skien\/kurs\/klatreskole\/\"]}]},{\"@type\":\"ImageObject\",\"inLanguage\":\"nb-NO\",\"@id\":\"https:\/\/hoytundertaket.no\/skien\/kurs\/klatreskole\/#primaryimage\",\"url\":\"https:\/\/hoytundertaket.no\/skien\/wp-content\/uploads\/sites\/4\/2025\/09\/Hoyt_Under_Taket_Skien_HTL_02596_Foto_Kristoffer_Engen-2.jpg\",\"contentUrl\":\"https:\/\/hoytundertaket.no\/skien\/wp-content\/uploads\/sites\/4\/2025\/09\/Hoyt_Under_Taket_Skien_HTL_02596_Foto_Kristoffer_Engen-2.jpg\",\"width\":1920,\"height\":1280,\"caption\":\"Klatreskole i Skien \u2013 fokus p\u00e5 teknikk, styrke og mestring hos H\u00f8yt Under Taket.\"},{\"@type\":\"BreadcrumbList\",\"@id\":\"https:\/\/hoytundertaket.no\/skien\/kurs\/klatreskole\/#breadcrumb\",\"itemListElement\":[{\"@type\":\"ListItem\",\"position\":1,\"name\":\"Hjem\",\"item\":\"https:\/\/hoytundertaket.no\/skien\/\"},{\"@type\":\"ListItem\",\"position\":2,\"name\":\"Kurs\",\"item\":\"https:\/\/hoytundertaket.no\/skien\/kurs\/\"},{\"@type\":\"ListItem\",\"position\":3,\"name\":\"Klatreskole\"}]},{\"@type\":\"WebSite\",\"@id\":\"https:\/\/hoytundertaket.no\/skien\/#website\",\"url\":\"https:\/\/hoytundertaket.no\/skien\/\",\"name\":\"H\u00f8yt Under Taket Skien\",\"description\":\"Bare enda et H\u00f8yt Under Taket-nettsted\",\"publisher\":{\"@id\":\"https:\/\/hoytundertaket.no\/skien\/#organization\"},\"potentialAction\":[{\"@type\":\"SearchAction\",\"target\":{\"@type\":\"EntryPoint\",\"urlTemplate\":\"https:\/\/hoytundertaket.no\/skien\/?s={search_term_string}\"},\"query-input\":{\"@type\":\"PropertyValueSpecification\",\"valueRequired\":true,\"valueName\":\"search_term_string\"}}],\"inLanguage\":\"nb-NO\"},{\"@type\":[\"Organization\",\"Place\"],\"@id\":\"https:\/\/hoytundertaket.no\/skien\/#organization\",\"name\":\"H\u00f8yt Under Taket Skien\",\"url\":\"https:\/\/hoytundertaket.no\/skien\/\",\"logo\":{\"@id\":\"https:\/\/hoytundertaket.no\/skien\/kurs\/klatreskole\/#local-main-organization-logo\"},\"image\":{\"@id\":\"https:\/\/hoytundertaket.no\/skien\/kurs\/klatreskole\/#local-main-organization-logo\"},\"telephone\":[],\"openingHoursSpecification\":[{\"@type\":\"OpeningHoursSpecification\",\"dayOfWeek\":[\"Monday\",\"Tuesday\",\"Wednesday\",\"Thursday\",\"Friday\",\"Saturday\",\"Sunday\"],\"opens\":\"09:00\",\"closes\":\"17:00\"}]},{\"@type\":\"ImageObject\",\"inLanguage\":\"nb-NO\",\"@id\":\"https:\/\/hoytundertaket.no\/skien\/kurs\/klatreskole\/#local-main-organization-logo\",\"url\":\"https:\/\/hoytundertaket.no\/skien\/wp-content\/uploads\/sites\/4\/2021\/10\/hut-logo-skien-horisontal-pos.svg\",\"contentUrl\":\"https:\/\/hoytundertaket.no\/skien\/wp-content\/uploads\/sites\/4\/2021\/10\/hut-logo-skien-horisontal-pos.svg\",\"width\":340,\"height\":110,\"caption\":\"H\u00f8yt Under Taket Skien\"}]}<\/script>\n<!-- \/ Yoast SEO plugin. -->","yoast_head_json":{"title":"Klatreskole - H\u00f8yt Under Taket Skien","description":"Klatreskole i Skien for ungdom 13\u201318 \u00e5r. Trening i buldring og tauklatring med fokus p\u00e5 teknikk, styrke og mestring hos H\u00f8yt Under Taket.","robots":{"index":"index","follow":"follow","max-snippet":"max-snippet:-1","max-image-preview":"max-image-preview:large","max-video-preview":"max-video-preview:-1"},"canonical":"https:\/\/hoytundertaket.no\/skien\/kurs\/klatreskole\/","og_locale":"nb_NO","og_type":"article","og_title":"Klatreskole - H\u00f8yt Under Taket Skien","og_description":"Klatreskole i Skien for ungdom 13\u201318 \u00e5r. Trening i buldring og tauklatring med fokus p\u00e5 teknikk, styrke og mestring hos H\u00f8yt Under Taket.","og_url":"https:\/\/hoytundertaket.no\/skien\/kurs\/klatreskole\/","og_site_name":"H\u00f8yt Under Taket Skien","article_modified_time":"2026-04-14T18:14:46+00:00","og_image":[{"width":1920,"height":1280,"url":"https:\/\/hoytundertaket.no\/skien\/wp-content\/uploads\/sites\/4\/2025\/09\/Hoyt_Under_Taket_Skien_HTL_02596_Foto_Kristoffer_Engen-2.jpg","type":"image\/jpeg"}],"twitter_card":"summary_large_image","twitter_misc":{"Ansl. lesetid":"2 minutter"},"schema":{"@context":"https:\/\/schema.org","@graph":[{"@type":"WebPage","@id":"https:\/\/hoytundertaket.no\/skien\/kurs\/klatreskole\/","url":"https:\/\/hoytundertaket.no\/skien\/kurs\/klatreskole\/","name":"Klatreskole - H\u00f8yt Under Taket Skien","isPartOf":{"@id":"https:\/\/hoytundertaket.no\/skien\/#website"},"primaryImageOfPage":{"@id":"https:\/\/hoytundertaket.no\/skien\/kurs\/klatreskole\/#primaryimage"},"image":{"@id":"https:\/\/hoytundertaket.no\/skien\/kurs\/klatreskole\/#primaryimage"},"thumbnailUrl":"https:\/\/hoytundertaket.no\/skien\/wp-content\/uploads\/sites\/4\/2025\/09\/Hoyt_Under_Taket_Skien_HTL_02596_Foto_Kristoffer_Engen-2.jpg","datePublished":"2022-08-15T11:27:08+00:00","dateModified":"2026-04-14T18:14:46+00:00","description":"Klatreskole i Skien for ungdom 13\u201318 \u00e5r. Trening i buldring og tauklatring med fokus p\u00e5 teknikk, styrke og mestring hos H\u00f8yt Under Taket.","breadcrumb":{"@id":"https:\/\/hoytundertaket.no\/skien\/kurs\/klatreskole\/#breadcrumb"},"inLanguage":"nb-NO","potentialAction":[{"@type":"ReadAction","target":["https:\/\/hoytundertaket.no\/skien\/kurs\/klatreskole\/"]}]},{"@type":"ImageObject","inLanguage":"nb-NO","@id":"https:\/\/hoytundertaket.no\/skien\/kurs\/klatreskole\/#primaryimage","url":"https:\/\/hoytundertaket.no\/skien\/wp-content\/uploads\/sites\/4\/2025\/09\/Hoyt_Under_Taket_Skien_HTL_02596_Foto_Kristoffer_Engen-2.jpg","contentUrl":"https:\/\/hoytundertaket.no\/skien\/wp-content\/uploads\/sites\/4\/2025\/09\/Hoyt_Under_Taket_Skien_HTL_02596_Foto_Kristoffer_Engen-2.jpg","width":1920,"height":1280,"caption":"Klatreskole i Skien \u2013 fokus p\u00e5 teknikk, styrke og mestring hos H\u00f8yt Under Taket."},{"@type":"BreadcrumbList","@id":"https:\/\/hoytundertaket.no\/skien\/kurs\/klatreskole\/#breadcrumb","itemListElement":[{"@type":"ListItem","position":1,"name":"Hjem","item":"https:\/\/hoytundertaket.no\/skien\/"},{"@type":"ListItem","position":2,"name":"Kurs","item":"https:\/\/hoytundertaket.no\/skien\/kurs\/"},{"@type":"ListItem","position":3,"name":"Klatreskole"}]},{"@type":"WebSite","@id":"https:\/\/hoytundertaket.no\/skien\/#website","url":"https:\/\/hoytundertaket.no\/skien\/","name":"H\u00f8yt Under Taket Skien","description":"Bare enda et H\u00f8yt Under Taket-nettsted","publisher":{"@id":"https:\/\/hoytundertaket.no\/skien\/#organization"},"potentialAction":[{"@type":"SearchAction","target":{"@type":"EntryPoint","urlTemplate":"https:\/\/hoytundertaket.no\/skien\/?s={search_term_string}"},"query-input":{"@type":"PropertyValueSpecification","valueRequired":true,"valueName":"search_term_string"}}],"inLanguage":"nb-NO"},{"@type":["Organization","Place"],"@id":"https:\/\/hoytundertaket.no\/skien\/#organization","name":"H\u00f8yt Under Taket Skien","url":"https:\/\/hoytundertaket.no\/skien\/","logo":{"@id":"https:\/\/hoytundertaket.no\/skien\/kurs\/klatreskole\/#local-main-organization-logo"},"image":{"@id":"https:\/\/hoytundertaket.no\/skien\/kurs\/klatreskole\/#local-main-organization-logo"},"telephone":[],"openingHoursSpecification":[{"@type":"OpeningHoursSpecification","dayOfWeek":["Monday","Tuesday","Wednesday","Thursday","Friday","Saturday","Sunday"],"opens":"09:00","closes":"17:00"}]},{"@type":"ImageObject","inLanguage":"nb-NO","@id":"https:\/\/hoytundertaket.no\/skien\/kurs\/klatreskole\/#local-main-organization-logo","url":"https:\/\/hoytundertaket.no\/skien\/wp-content\/uploads\/sites\/4\/2021\/10\/hut-logo-skien-horisontal-pos.svg","contentUrl":"https:\/\/hoytundertaket.no\/skien\/wp-content\/uploads\/sites\/4\/2021\/10\/hut-logo-skien-horisontal-pos.svg","width":340,"height":110,"caption":"H\u00f8yt Under Taket Skien"}]}},"_links":{"self":[{"href":"https:\/\/hoytundertaket.no\/skien\/wp-json\/wp\/v2\/pages\/856","targetHints":{"allow":["GET"]}}],"collection":[{"href":"https:\/\/hoytundertaket.no\/skien\/wp-json\/wp\/v2\/pages"}],"about":[{"href":"https:\/\/hoytundertaket.no\/skien\/wp-json\/wp\/v2\/types\/page"}],"author":[{"embeddable":true,"href":"https:\/\/hoytundertaket.no\/skien\/wp-json\/wp\/v2\/users\/1"}],"replies":[{"embeddable":true,"href":"https:\/\/hoytundertaket.no\/skien\/wp-json\/wp\/v2\/comments?post=856"}],"version-history":[{"count":81,"href":"https:\/\/hoytundertaket.no\/skien\/wp-json\/wp\/v2\/pages\/856\/revisions"}],"predecessor-version":[{"id":3130,"href":"https:\/\/hoytundertaket.no\/skien\/wp-json\/wp\/v2\/pages\/856\/revisions\/3130"}],"up":[{"embeddable":true,"href":"https:\/\/hoytundertaket.no\/skien\/wp-json\/wp\/v2\/pages\/2723"}],"wp:featuredmedia":[{"embeddable":true,"href":"https:\/\/hoytundertaket.no\/skien\/wp-json\/wp\/v2\/media\/2535"}],"wp:attachment":[{"href":"https:\/\/hoytundertaket.no\/skien\/wp-json\/wp\/v2\/media?parent=856"}],"curies":[{"name":"wp","href":"https:\/\/api.w.org\/{rel}","templated":true}]}}