{"id":1967,"date":"2022-04-29T12:47:53","date_gmt":"2022-04-29T10:47:53","guid":{"rendered":"https:\/\/hoytundertaket.no\/tonsberg\/?page_id=1967"},"modified":"2024-03-11T16:54:13","modified_gmt":"2024-03-11T15:54:13","slug":"klatre-og-friluftscamp","status":"publish","type":"page","link":"https:\/\/hoytundertaket.no\/tonsberg\/klatre-og-friluftscamp\/","title":{"rendered":"Klatre- og friluftscamp"},"content":{"rendered":"","protected":false},"excerpt":{"rendered":"","protected":false},"author":7,"featured_media":866,"parent":0,"menu_order":0,"comment_status":"closed","ping_status":"closed","template":"page-climbing.php","meta":{"_acf_changed":false,"footnotes":""},"class_list":["post-1967","page","type-page","status-publish","has-post-thumbnail","hentry"],"acf":[],"yoast_head":"<!-- This site is optimized with the Yoast SEO plugin v26.9 - https:\/\/yoast.com\/product\/yoast-seo-wordpress\/ -->\n<title>Klatre- og friluftscamp - H\u00f8yt Under Taket T\u00f8nsberg<\/title>\n<meta name=\"robots\" content=\"index, follow, max-snippet:-1, max-image-preview:large, max-video-preview:-1\" \/>\n<link rel=\"canonical\" href=\"https:\/\/hoytundertaket.no\/tonsberg\/klatre-og-friluftscamp\/\" \/>\n<meta property=\"og:locale\" content=\"nb_NO\" \/>\n<meta property=\"og:type\" content=\"article\" \/>\n<meta property=\"og:title\" content=\"Klatre- og friluftscamp - H\u00f8yt Under Taket T\u00f8nsberg\" \/>\n<meta property=\"og:url\" content=\"https:\/\/hoytundertaket.no\/tonsberg\/klatre-og-friluftscamp\/\" \/>\n<meta property=\"og:site_name\" content=\"H\u00f8yt Under Taket T\u00f8nsberg\" \/>\n<meta property=\"article:modified_time\" content=\"2024-03-11T15:54:13+00:00\" \/>\n<meta property=\"og:image\" content=\"https:\/\/hoytundertaket.no\/tonsberg\/wp-content\/uploads\/sites\/2\/2021\/02\/20201015_terjeaamodt_HUT_tonsberg_1617-scaled.jpg\" \/>\n\t<meta property=\"og:image:width\" content=\"2560\" \/>\n\t<meta property=\"og:image:height\" content=\"1707\" \/>\n\t<meta property=\"og:image:type\" content=\"image\/jpeg\" \/>\n<meta name=\"twitter:card\" content=\"summary_large_image\" \/>\n<script type=\"application\/ld+json\" class=\"yoast-schema-graph\">{\"@context\":\"https:\/\/schema.org\",\"@graph\":[{\"@type\":\"WebPage\",\"@id\":\"https:\/\/hoytundertaket.no\/tonsberg\/klatre-og-friluftscamp\/\",\"url\":\"https:\/\/hoytundertaket.no\/tonsberg\/klatre-og-friluftscamp\/\",\"name\":\"Klatre- og friluftscamp - H\u00f8yt Under Taket T\u00f8nsberg\",\"isPartOf\":{\"@id\":\"https:\/\/hoytundertaket.no\/tonsberg\/#website\"},\"primaryImageOfPage\":{\"@id\":\"https:\/\/hoytundertaket.no\/tonsberg\/klatre-og-friluftscamp\/#primaryimage\"},\"image\":{\"@id\":\"https:\/\/hoytundertaket.no\/tonsberg\/klatre-og-friluftscamp\/#primaryimage\"},\"thumbnailUrl\":\"https:\/\/hoytundertaket.no\/tonsberg\/wp-content\/uploads\/sites\/2\/2021\/02\/20201015_terjeaamodt_HUT_tonsberg_1617-scaled.jpg\",\"datePublished\":\"2022-04-29T10:47:53+00:00\",\"dateModified\":\"2024-03-11T15:54:13+00:00\",\"breadcrumb\":{\"@id\":\"https:\/\/hoytundertaket.no\/tonsberg\/klatre-og-friluftscamp\/#breadcrumb\"},\"inLanguage\":\"nb-NO\",\"potentialAction\":[{\"@type\":\"ReadAction\",\"target\":[\"https:\/\/hoytundertaket.no\/tonsberg\/klatre-og-friluftscamp\/\"]}]},{\"@type\":\"ImageObject\",\"inLanguage\":\"nb-NO\",\"@id\":\"https:\/\/hoytundertaket.no\/tonsberg\/klatre-og-friluftscamp\/#primaryimage\",\"url\":\"https:\/\/hoytundertaket.no\/tonsberg\/wp-content\/uploads\/sites\/2\/2021\/02\/20201015_terjeaamodt_HUT_tonsberg_1617-scaled.jpg\",\"contentUrl\":\"https:\/\/hoytundertaket.no\/tonsberg\/wp-content\/uploads\/sites\/2\/2021\/02\/20201015_terjeaamodt_HUT_tonsberg_1617-scaled.jpg\",\"width\":2560,\"height\":1707,\"caption\":\"Fargerike klatrevegger og kreativ klatring p\u00e5 H\u00f8yt Under Taket i T\u00f8nsberg.\"},{\"@type\":\"BreadcrumbList\",\"@id\":\"https:\/\/hoytundertaket.no\/tonsberg\/klatre-og-friluftscamp\/#breadcrumb\",\"itemListElement\":[{\"@type\":\"ListItem\",\"position\":1,\"name\":\"Hjem\",\"item\":\"https:\/\/hoytundertaket.no\/tonsberg\/\"},{\"@type\":\"ListItem\",\"position\":2,\"name\":\"Klatre- og friluftscamp\"}]},{\"@type\":\"WebSite\",\"@id\":\"https:\/\/hoytundertaket.no\/tonsberg\/#website\",\"url\":\"https:\/\/hoytundertaket.no\/tonsberg\/\",\"name\":\"H\u00f8yt Under Taket T\u00f8nsberg\",\"description\":\"- Klatresenter\",\"publisher\":{\"@id\":\"https:\/\/hoytundertaket.no\/tonsberg\/#organization\"},\"potentialAction\":[{\"@type\":\"SearchAction\",\"target\":{\"@type\":\"EntryPoint\",\"urlTemplate\":\"https:\/\/hoytundertaket.no\/tonsberg\/?s={search_term_string}\"},\"query-input\":{\"@type\":\"PropertyValueSpecification\",\"valueRequired\":true,\"valueName\":\"search_term_string\"}}],\"inLanguage\":\"nb-NO\"},{\"@type\":[\"Organization\",\"Place\"],\"@id\":\"https:\/\/hoytundertaket.no\/tonsberg\/#organization\",\"name\":\"H\u00f8yt Under Taket T\u00f8nsberg\",\"url\":\"https:\/\/hoytundertaket.no\/tonsberg\/\",\"logo\":{\"@id\":\"https:\/\/hoytundertaket.no\/tonsberg\/klatre-og-friluftscamp\/#local-main-organization-logo\"},\"image\":{\"@id\":\"https:\/\/hoytundertaket.no\/tonsberg\/klatre-og-friluftscamp\/#local-main-organization-logo\"},\"telephone\":[],\"openingHoursSpecification\":[{\"@type\":\"OpeningHoursSpecification\",\"dayOfWeek\":[\"Monday\",\"Tuesday\",\"Wednesday\",\"Thursday\",\"Friday\",\"Saturday\",\"Sunday\"],\"opens\":\"09:00\",\"closes\":\"17:00\"}]},{\"@type\":\"ImageObject\",\"inLanguage\":\"nb-NO\",\"@id\":\"https:\/\/hoytundertaket.no\/tonsberg\/klatre-og-friluftscamp\/#local-main-organization-logo\",\"url\":\"https:\/\/hoytundertaket.no\/tonsberg\/wp-content\/uploads\/sites\/2\/2021\/09\/hut-logo-tonsberg-horisontal-pos.svg\",\"contentUrl\":\"https:\/\/hoytundertaket.no\/tonsberg\/wp-content\/uploads\/sites\/2\/2021\/09\/hut-logo-tonsberg-horisontal-pos.svg\",\"width\":340,\"height\":110,\"caption\":\"H\u00f8yt Under Taket T\u00f8nsberg\"}]}<\/script>\n<!-- \/ Yoast SEO plugin. -->","yoast_head_json":{"title":"Klatre- og friluftscamp - H\u00f8yt Under Taket T\u00f8nsberg","robots":{"index":"index","follow":"follow","max-snippet":"max-snippet:-1","max-image-preview":"max-image-preview:large","max-video-preview":"max-video-preview:-1"},"canonical":"https:\/\/hoytundertaket.no\/tonsberg\/klatre-og-friluftscamp\/","og_locale":"nb_NO","og_type":"article","og_title":"Klatre- og friluftscamp - H\u00f8yt Under Taket T\u00f8nsberg","og_url":"https:\/\/hoytundertaket.no\/tonsberg\/klatre-og-friluftscamp\/","og_site_name":"H\u00f8yt Under Taket T\u00f8nsberg","article_modified_time":"2024-03-11T15:54:13+00:00","og_image":[{"width":2560,"height":1707,"url":"https:\/\/hoytundertaket.no\/tonsberg\/wp-content\/uploads\/sites\/2\/2021\/02\/20201015_terjeaamodt_HUT_tonsberg_1617-scaled.jpg","type":"image\/jpeg"}],"twitter_card":"summary_large_image","schema":{"@context":"https:\/\/schema.org","@graph":[{"@type":"WebPage","@id":"https:\/\/hoytundertaket.no\/tonsberg\/klatre-og-friluftscamp\/","url":"https:\/\/hoytundertaket.no\/tonsberg\/klatre-og-friluftscamp\/","name":"Klatre- og friluftscamp - H\u00f8yt Under Taket T\u00f8nsberg","isPartOf":{"@id":"https:\/\/hoytundertaket.no\/tonsberg\/#website"},"primaryImageOfPage":{"@id":"https:\/\/hoytundertaket.no\/tonsberg\/klatre-og-friluftscamp\/#primaryimage"},"image":{"@id":"https:\/\/hoytundertaket.no\/tonsberg\/klatre-og-friluftscamp\/#primaryimage"},"thumbnailUrl":"https:\/\/hoytundertaket.no\/tonsberg\/wp-content\/uploads\/sites\/2\/2021\/02\/20201015_terjeaamodt_HUT_tonsberg_1617-scaled.jpg","datePublished":"2022-04-29T10:47:53+00:00","dateModified":"2024-03-11T15:54:13+00:00","breadcrumb":{"@id":"https:\/\/hoytundertaket.no\/tonsberg\/klatre-og-friluftscamp\/#breadcrumb"},"inLanguage":"nb-NO","potentialAction":[{"@type":"ReadAction","target":["https:\/\/hoytundertaket.no\/tonsberg\/klatre-og-friluftscamp\/"]}]},{"@type":"ImageObject","inLanguage":"nb-NO","@id":"https:\/\/hoytundertaket.no\/tonsberg\/klatre-og-friluftscamp\/#primaryimage","url":"https:\/\/hoytundertaket.no\/tonsberg\/wp-content\/uploads\/sites\/2\/2021\/02\/20201015_terjeaamodt_HUT_tonsberg_1617-scaled.jpg","contentUrl":"https:\/\/hoytundertaket.no\/tonsberg\/wp-content\/uploads\/sites\/2\/2021\/02\/20201015_terjeaamodt_HUT_tonsberg_1617-scaled.jpg","width":2560,"height":1707,"caption":"Fargerike klatrevegger og kreativ klatring p\u00e5 H\u00f8yt Under Taket i T\u00f8nsberg."},{"@type":"BreadcrumbList","@id":"https:\/\/hoytundertaket.no\/tonsberg\/klatre-og-friluftscamp\/#breadcrumb","itemListElement":[{"@type":"ListItem","position":1,"name":"Hjem","item":"https:\/\/hoytundertaket.no\/tonsberg\/"},{"@type":"ListItem","position":2,"name":"Klatre- og friluftscamp"}]},{"@type":"WebSite","@id":"https:\/\/hoytundertaket.no\/tonsberg\/#website","url":"https:\/\/hoytundertaket.no\/tonsberg\/","name":"H\u00f8yt Under Taket T\u00f8nsberg","description":"- Klatresenter","publisher":{"@id":"https:\/\/hoytundertaket.no\/tonsberg\/#organization"},"potentialAction":[{"@type":"SearchAction","target":{"@type":"EntryPoint","urlTemplate":"https:\/\/hoytundertaket.no\/tonsberg\/?s={search_term_string}"},"query-input":{"@type":"PropertyValueSpecification","valueRequired":true,"valueName":"search_term_string"}}],"inLanguage":"nb-NO"},{"@type":["Organization","Place"],"@id":"https:\/\/hoytundertaket.no\/tonsberg\/#organization","name":"H\u00f8yt Under Taket T\u00f8nsberg","url":"https:\/\/hoytundertaket.no\/tonsberg\/","logo":{"@id":"https:\/\/hoytundertaket.no\/tonsberg\/klatre-og-friluftscamp\/#local-main-organization-logo"},"image":{"@id":"https:\/\/hoytundertaket.no\/tonsberg\/klatre-og-friluftscamp\/#local-main-organization-logo"},"telephone":[],"openingHoursSpecification":[{"@type":"OpeningHoursSpecification","dayOfWeek":["Monday","Tuesday","Wednesday","Thursday","Friday","Saturday","Sunday"],"opens":"09:00","closes":"17:00"}]},{"@type":"ImageObject","inLanguage":"nb-NO","@id":"https:\/\/hoytundertaket.no\/tonsberg\/klatre-og-friluftscamp\/#local-main-organization-logo","url":"https:\/\/hoytundertaket.no\/tonsberg\/wp-content\/uploads\/sites\/2\/2021\/09\/hut-logo-tonsberg-horisontal-pos.svg","contentUrl":"https:\/\/hoytundertaket.no\/tonsberg\/wp-content\/uploads\/sites\/2\/2021\/09\/hut-logo-tonsberg-horisontal-pos.svg","width":340,"height":110,"caption":"H\u00f8yt Under Taket T\u00f8nsberg"}]}},"_links":{"self":[{"href":"https:\/\/hoytundertaket.no\/tonsberg\/wp-json\/wp\/v2\/pages\/1967","targetHints":{"allow":["GET"]}}],"collection":[{"href":"https:\/\/hoytundertaket.no\/tonsberg\/wp-json\/wp\/v2\/pages"}],"about":[{"href":"https:\/\/hoytundertaket.no\/tonsberg\/wp-json\/wp\/v2\/types\/page"}],"author":[{"embeddable":true,"href":"https:\/\/hoytundertaket.no\/tonsberg\/wp-json\/wp\/v2\/users\/7"}],"replies":[{"embeddable":true,"href":"https:\/\/hoytundertaket.no\/tonsberg\/wp-json\/wp\/v2\/comments?post=1967"}],"version-history":[{"count":41,"href":"https:\/\/hoytundertaket.no\/tonsberg\/wp-json\/wp\/v2\/pages\/1967\/revisions"}],"predecessor-version":[{"id":3075,"href":"https:\/\/hoytundertaket.no\/tonsberg\/wp-json\/wp\/v2\/pages\/1967\/revisions\/3075"}],"wp:featuredmedia":[{"embeddable":true,"href":"https:\/\/hoytundertaket.no\/tonsberg\/wp-json\/wp\/v2\/media\/866"}],"wp:attachment":[{"href":"https:\/\/hoytundertaket.no\/tonsberg\/wp-json\/wp\/v2\/media?parent=1967"}],"curies":[{"name":"wp","href":"https:\/\/api.w.org\/{rel}","templated":true}]}}