{"id":2,"date":"2020-11-03T20:04:52","date_gmt":"2020-11-03T19:04:52","guid":{"rendered":"http:\/\/296511-www.web.tornado-node.net\/tonsberg\/?page_id=2"},"modified":"2026-04-09T12:19:36","modified_gmt":"2026-04-09T10:19:36","slug":"tonsberg","status":"publish","type":"page","link":"https:\/\/hoytundertaket.no\/tonsberg\/","title":{"rendered":"Forside"},"content":{"rendered":"","protected":false},"excerpt":{"rendered":"","protected":false},"author":1,"featured_media":0,"parent":0,"menu_order":0,"comment_status":"closed","ping_status":"open","template":"page-homepage.php","meta":{"_acf_changed":false,"footnotes":""},"class_list":["post-2","page","type-page","status-publish","hentry"],"acf":[],"yoast_head":"<!-- This site is optimized with the Yoast SEO plugin v26.9 - https:\/\/yoast.com\/product\/yoast-seo-wordpress\/ -->\n<title>H\u00f8yt Under Taket T\u00f8nsberg<\/title>\n<meta name=\"description\" content=\"H\u00f8yt Under Taket T\u00f8nsberg er et innend\u00f8rs klatresenter som er \u00e5pent HELE \u00e5ret. Opplevelsesklatring, buldring, klatrevegger &amp; via ferrata.\" \/>\n<meta name=\"robots\" content=\"index, follow, max-snippet:-1, max-image-preview:large, max-video-preview:-1\" \/>\n<link rel=\"canonical\" href=\"https:\/\/hoytundertaket.no\/tonsberg\/\" \/>\n<meta property=\"og:locale\" content=\"nb_NO\" \/>\n<meta property=\"og:type\" content=\"article\" \/>\n<meta property=\"og:title\" content=\"H\u00f8yt Under Taket T\u00f8nsberg\" \/>\n<meta property=\"og:description\" content=\"H\u00f8yt Under Taket T\u00f8nsberg er et innend\u00f8rs klatresenter som er \u00e5pent HELE \u00e5ret. Opplevelsesklatring, buldring, klatrevegger &amp; via ferrata.\" \/>\n<meta property=\"og:url\" content=\"https:\/\/hoytundertaket.no\/tonsberg\/\" \/>\n<meta property=\"og:site_name\" content=\"H\u00f8yt Under Taket T\u00f8nsberg\" \/>\n<meta property=\"article:modified_time\" content=\"2026-04-09T10:19:36+00:00\" \/>\n<meta property=\"og:image\" content=\"https:\/\/hoytundertaket.no\/tonsberg\/wp-content\/uploads\/sites\/2\/2021\/08\/KOM9714-1.jpg\" \/>\n\t<meta property=\"og:image:width\" content=\"1280\" \/>\n\t<meta property=\"og:image:height\" content=\"852\" \/>\n\t<meta property=\"og:image:type\" content=\"image\/jpeg\" \/>\n<meta name=\"twitter:card\" content=\"summary_large_image\" \/>\n<meta name=\"twitter:label1\" content=\"Ansl. lesetid\" \/>\n\t<meta name=\"twitter:data1\" content=\"4 minutter\" \/>\n<script type=\"application\/ld+json\" class=\"yoast-schema-graph\">{\"@context\":\"https:\/\/schema.org\",\"@graph\":[{\"@type\":\"WebPage\",\"@id\":\"https:\/\/hoytundertaket.no\/tonsberg\/\",\"url\":\"https:\/\/hoytundertaket.no\/tonsberg\/\",\"name\":\"H\u00f8yt Under Taket T\u00f8nsberg\",\"isPartOf\":{\"@id\":\"https:\/\/hoytundertaket.no\/tonsberg\/#website\"},\"datePublished\":\"2020-11-03T19:04:52+00:00\",\"dateModified\":\"2026-04-09T10:19:36+00:00\",\"description\":\"H\u00f8yt Under Taket T\u00f8nsberg er et innend\u00f8rs klatresenter som er \u00e5pent HELE \u00e5ret. Opplevelsesklatring, buldring, klatrevegger & via ferrata.\",\"breadcrumb\":{\"@id\":\"https:\/\/hoytundertaket.no\/tonsberg\/#breadcrumb\"},\"inLanguage\":\"nb-NO\",\"potentialAction\":[{\"@type\":\"ReadAction\",\"target\":[\"https:\/\/hoytundertaket.no\/tonsberg\/\"]}]},{\"@type\":\"BreadcrumbList\",\"@id\":\"https:\/\/hoytundertaket.no\/tonsberg\/#breadcrumb\",\"itemListElement\":[{\"@type\":\"ListItem\",\"position\":1,\"name\":\"Hjem\",\"item\":\"https:\/\/hoytundertaket.no\/tonsberg\/\"},{\"@type\":\"ListItem\",\"position\":2,\"name\":\"Forside\"}]},{\"@type\":\"WebSite\",\"@id\":\"https:\/\/hoytundertaket.no\/tonsberg\/#website\",\"url\":\"https:\/\/hoytundertaket.no\/tonsberg\/\",\"name\":\"H\u00f8yt Under Taket T\u00f8nsberg\",\"description\":\"- Klatresenter\",\"publisher\":{\"@id\":\"https:\/\/hoytundertaket.no\/tonsberg\/#organization\"},\"potentialAction\":[{\"@type\":\"SearchAction\",\"target\":{\"@type\":\"EntryPoint\",\"urlTemplate\":\"https:\/\/hoytundertaket.no\/tonsberg\/?s={search_term_string}\"},\"query-input\":{\"@type\":\"PropertyValueSpecification\",\"valueRequired\":true,\"valueName\":\"search_term_string\"}}],\"inLanguage\":\"nb-NO\"},{\"@type\":[\"Organization\",\"Place\"],\"@id\":\"https:\/\/hoytundertaket.no\/tonsberg\/#organization\",\"name\":\"H\u00f8yt Under Taket T\u00f8nsberg\",\"url\":\"https:\/\/hoytundertaket.no\/tonsberg\/\",\"logo\":{\"@id\":\"https:\/\/hoytundertaket.no\/tonsberg\/#local-main-organization-logo\"},\"image\":{\"@id\":\"https:\/\/hoytundertaket.no\/tonsberg\/#local-main-organization-logo\"},\"telephone\":[],\"openingHoursSpecification\":[{\"@type\":\"OpeningHoursSpecification\",\"dayOfWeek\":[\"Monday\",\"Tuesday\",\"Wednesday\",\"Thursday\",\"Friday\",\"Saturday\",\"Sunday\"],\"opens\":\"09:00\",\"closes\":\"17:00\"}]},{\"@type\":\"ImageObject\",\"inLanguage\":\"nb-NO\",\"@id\":\"https:\/\/hoytundertaket.no\/tonsberg\/#local-main-organization-logo\",\"url\":\"https:\/\/hoytundertaket.no\/tonsberg\/wp-content\/uploads\/sites\/2\/2021\/09\/hut-logo-tonsberg-horisontal-pos.svg\",\"contentUrl\":\"https:\/\/hoytundertaket.no\/tonsberg\/wp-content\/uploads\/sites\/2\/2021\/09\/hut-logo-tonsberg-horisontal-pos.svg\",\"width\":340,\"height\":110,\"caption\":\"H\u00f8yt Under Taket T\u00f8nsberg\"}]}<\/script>\n<!-- \/ Yoast SEO plugin. -->","yoast_head_json":{"title":"H\u00f8yt Under Taket T\u00f8nsberg","description":"H\u00f8yt Under Taket T\u00f8nsberg er et innend\u00f8rs klatresenter som er \u00e5pent HELE \u00e5ret. Opplevelsesklatring, buldring, klatrevegger & via ferrata.","robots":{"index":"index","follow":"follow","max-snippet":"max-snippet:-1","max-image-preview":"max-image-preview:large","max-video-preview":"max-video-preview:-1"},"canonical":"https:\/\/hoytundertaket.no\/tonsberg\/","og_locale":"nb_NO","og_type":"article","og_title":"H\u00f8yt Under Taket T\u00f8nsberg","og_description":"H\u00f8yt Under Taket T\u00f8nsberg er et innend\u00f8rs klatresenter som er \u00e5pent HELE \u00e5ret. Opplevelsesklatring, buldring, klatrevegger & via ferrata.","og_url":"https:\/\/hoytundertaket.no\/tonsberg\/","og_site_name":"H\u00f8yt Under Taket T\u00f8nsberg","article_modified_time":"2026-04-09T10:19:36+00:00","og_image":[{"width":1280,"height":852,"url":"https:\/\/hoytundertaket.no\/tonsberg\/wp-content\/uploads\/sites\/2\/2021\/08\/KOM9714-1.jpg","type":"image\/jpeg"}],"twitter_card":"summary_large_image","twitter_misc":{"Ansl. lesetid":"4 minutter"},"schema":{"@context":"https:\/\/schema.org","@graph":[{"@type":"WebPage","@id":"https:\/\/hoytundertaket.no\/tonsberg\/","url":"https:\/\/hoytundertaket.no\/tonsberg\/","name":"H\u00f8yt Under Taket T\u00f8nsberg","isPartOf":{"@id":"https:\/\/hoytundertaket.no\/tonsberg\/#website"},"datePublished":"2020-11-03T19:04:52+00:00","dateModified":"2026-04-09T10:19:36+00:00","description":"H\u00f8yt Under Taket T\u00f8nsberg er et innend\u00f8rs klatresenter som er \u00e5pent HELE \u00e5ret. Opplevelsesklatring, buldring, klatrevegger & via ferrata.","breadcrumb":{"@id":"https:\/\/hoytundertaket.no\/tonsberg\/#breadcrumb"},"inLanguage":"nb-NO","potentialAction":[{"@type":"ReadAction","target":["https:\/\/hoytundertaket.no\/tonsberg\/"]}]},{"@type":"BreadcrumbList","@id":"https:\/\/hoytundertaket.no\/tonsberg\/#breadcrumb","itemListElement":[{"@type":"ListItem","position":1,"name":"Hjem","item":"https:\/\/hoytundertaket.no\/tonsberg\/"},{"@type":"ListItem","position":2,"name":"Forside"}]},{"@type":"WebSite","@id":"https:\/\/hoytundertaket.no\/tonsberg\/#website","url":"https:\/\/hoytundertaket.no\/tonsberg\/","name":"H\u00f8yt Under Taket T\u00f8nsberg","description":"- Klatresenter","publisher":{"@id":"https:\/\/hoytundertaket.no\/tonsberg\/#organization"},"potentialAction":[{"@type":"SearchAction","target":{"@type":"EntryPoint","urlTemplate":"https:\/\/hoytundertaket.no\/tonsberg\/?s={search_term_string}"},"query-input":{"@type":"PropertyValueSpecification","valueRequired":true,"valueName":"search_term_string"}}],"inLanguage":"nb-NO"},{"@type":["Organization","Place"],"@id":"https:\/\/hoytundertaket.no\/tonsberg\/#organization","name":"H\u00f8yt Under Taket T\u00f8nsberg","url":"https:\/\/hoytundertaket.no\/tonsberg\/","logo":{"@id":"https:\/\/hoytundertaket.no\/tonsberg\/#local-main-organization-logo"},"image":{"@id":"https:\/\/hoytundertaket.no\/tonsberg\/#local-main-organization-logo"},"telephone":[],"openingHoursSpecification":[{"@type":"OpeningHoursSpecification","dayOfWeek":["Monday","Tuesday","Wednesday","Thursday","Friday","Saturday","Sunday"],"opens":"09:00","closes":"17:00"}]},{"@type":"ImageObject","inLanguage":"nb-NO","@id":"https:\/\/hoytundertaket.no\/tonsberg\/#local-main-organization-logo","url":"https:\/\/hoytundertaket.no\/tonsberg\/wp-content\/uploads\/sites\/2\/2021\/09\/hut-logo-tonsberg-horisontal-pos.svg","contentUrl":"https:\/\/hoytundertaket.no\/tonsberg\/wp-content\/uploads\/sites\/2\/2021\/09\/hut-logo-tonsberg-horisontal-pos.svg","width":340,"height":110,"caption":"H\u00f8yt Under Taket T\u00f8nsberg"}]}},"_links":{"self":[{"href":"https:\/\/hoytundertaket.no\/tonsberg\/wp-json\/wp\/v2\/pages\/2","targetHints":{"allow":["GET"]}}],"collection":[{"href":"https:\/\/hoytundertaket.no\/tonsberg\/wp-json\/wp\/v2\/pages"}],"about":[{"href":"https:\/\/hoytundertaket.no\/tonsberg\/wp-json\/wp\/v2\/types\/page"}],"author":[{"embeddable":true,"href":"https:\/\/hoytundertaket.no\/tonsberg\/wp-json\/wp\/v2\/users\/1"}],"replies":[{"embeddable":true,"href":"https:\/\/hoytundertaket.no\/tonsberg\/wp-json\/wp\/v2\/comments?post=2"}],"version-history":[{"count":364,"href":"https:\/\/hoytundertaket.no\/tonsberg\/wp-json\/wp\/v2\/pages\/2\/revisions"}],"predecessor-version":[{"id":4304,"href":"https:\/\/hoytundertaket.no\/tonsberg\/wp-json\/wp\/v2\/pages\/2\/revisions\/4304"}],"wp:attachment":[{"href":"https:\/\/hoytundertaket.no\/tonsberg\/wp-json\/wp\/v2\/media?parent=2"}],"curies":[{"name":"wp","href":"https:\/\/api.w.org\/{rel}","templated":true}]}}