{"id":2387,"date":"2022-11-09T12:37:50","date_gmt":"2022-11-09T11:37:50","guid":{"rendered":"https:\/\/hoytundertaket.no\/tonsberg\/?page_id=2387"},"modified":"2022-11-20T17:38:31","modified_gmt":"2022-11-20T16:38:31","slug":"black-week-2022","status":"publish","type":"page","link":"https:\/\/hoytundertaket.no\/tonsberg\/black-week-2022\/","title":{"rendered":"Black Week 2022"},"content":{"rendered":"\n<p>Vi kj\u00f8rer gode og unike tilbud hele Black Week!<\/p>\n\n\n\n<p>Minner skapes best i aktivitet og gjennom gode opplevelser! De beste tilbudene p\u00e5 en aktiv opplevelse hos HUT f\u00e5r du under Black Week.<\/p>\n\n\n\n<p>\ud83d\udca5 Kampanjeperioden er hele BLACK WEEK 21.nov -> 27.nov! \ud83d\udca5<\/p>\n\n\n\n<p><a href=\"https:\/\/hoytundertaket.no\/tonsberg\/produkt\/klippekort\/\">-30% p\u00e5 klippekort 25 klipp!! Bruk rabattkode: <strong>BWK25T<\/strong><\/a> <\/p>\n\n\n\n<p><a href=\"https:\/\/hoytundertaket.no\/tonsberg\/produkt\/klippekort-familie-inkludert-utstyr-20-klipp\/\">-30% p\u00e5 familieklippekort!! Bruk rabattkode: <strong>BWFKT<\/strong><\/a><\/p>\n\n\n\n<p><a href=\"https:\/\/hoytundertaket.no\/tonsberg\/klatring-hos-oss\/klatrekurs\/grunnkurs-inne\/\">-30% p\u00e5 Grunnkurs inne!! Bruk rabattkode: <strong>BWGKT<\/strong><\/a><\/p>\n\n\n\n<p><\/p>\n","protected":false},"excerpt":{"rendered":"<p>Vi kj\u00f8rer gode og unike tilbud hele Black Week! Minner skapes best i aktivitet og gjennom gode opplevelser! De beste tilbudene p\u00e5 en aktiv opplevelse hos HUT f\u00e5r du under Black Week. \ud83d\udca5 Kampanjeperioden er hele BLACK WEEK 21.nov -> 27.nov! \ud83d\udca5 -30% p\u00e5 klippekort 25 klipp!! Bruk rabattkode: BWK25T -30% p\u00e5 familieklippekort!! Bruk rabattkode: [&hellip;]<\/p>\n","protected":false},"author":7,"featured_media":860,"parent":0,"menu_order":0,"comment_status":"closed","ping_status":"closed","template":"page-campaign.php","meta":{"_acf_changed":false,"footnotes":""},"class_list":["post-2387","page","type-page","status-publish","has-post-thumbnail","hentry"],"acf":[],"yoast_head":"<!-- This site is optimized with the Yoast SEO plugin v26.9 - https:\/\/yoast.com\/product\/yoast-seo-wordpress\/ -->\n<title>Black Week 2022 - H\u00f8yt Under Taket T\u00f8nsberg<\/title>\n<meta name=\"robots\" content=\"index, follow, max-snippet:-1, max-image-preview:large, max-video-preview:-1\" \/>\n<link rel=\"canonical\" href=\"https:\/\/hoytundertaket.no\/tonsberg\/black-week-2022\/\" \/>\n<meta property=\"og:locale\" content=\"nb_NO\" \/>\n<meta property=\"og:type\" content=\"article\" \/>\n<meta property=\"og:title\" content=\"Black Week 2022 - H\u00f8yt Under Taket T\u00f8nsberg\" \/>\n<meta property=\"og:description\" content=\"Vi kj\u00f8rer gode og unike tilbud hele Black Week! Minner skapes best i aktivitet og gjennom gode opplevelser! De beste tilbudene p\u00e5 en aktiv opplevelse hos HUT f\u00e5r du under Black Week. \ud83d\udca5 Kampanjeperioden er hele BLACK WEEK 21.nov -&gt; 27.nov! \ud83d\udca5 -30% p\u00e5 klippekort 25 klipp!! Bruk rabattkode: BWK25T -30% p\u00e5 familieklippekort!! Bruk rabattkode: [&hellip;]\" \/>\n<meta property=\"og:url\" content=\"https:\/\/hoytundertaket.no\/tonsberg\/black-week-2022\/\" \/>\n<meta property=\"og:site_name\" content=\"H\u00f8yt Under Taket T\u00f8nsberg\" \/>\n<meta property=\"article:modified_time\" content=\"2022-11-20T16:38:31+00:00\" \/>\n<meta property=\"og:image\" content=\"https:\/\/hoytundertaket.no\/tonsberg\/wp-content\/uploads\/sites\/2\/2021\/02\/20201015_terjeaamodt_HUT_tonsberg_0428-scaled.jpeg\" \/>\n\t<meta property=\"og:image:width\" content=\"2560\" \/>\n\t<meta property=\"og:image:height\" content=\"1707\" \/>\n\t<meta property=\"og:image:type\" content=\"image\/jpeg\" \/>\n<meta name=\"twitter:card\" content=\"summary_large_image\" \/>\n<meta name=\"twitter:label1\" content=\"Ansl. lesetid\" \/>\n\t<meta name=\"twitter:data1\" content=\"1 minutt\" \/>\n<script type=\"application\/ld+json\" class=\"yoast-schema-graph\">{\"@context\":\"https:\/\/schema.org\",\"@graph\":[{\"@type\":\"WebPage\",\"@id\":\"https:\/\/hoytundertaket.no\/tonsberg\/black-week-2022\/\",\"url\":\"https:\/\/hoytundertaket.no\/tonsberg\/black-week-2022\/\",\"name\":\"Black Week 2022 - H\u00f8yt Under Taket T\u00f8nsberg\",\"isPartOf\":{\"@id\":\"https:\/\/hoytundertaket.no\/tonsberg\/#website\"},\"primaryImageOfPage\":{\"@id\":\"https:\/\/hoytundertaket.no\/tonsberg\/black-week-2022\/#primaryimage\"},\"image\":{\"@id\":\"https:\/\/hoytundertaket.no\/tonsberg\/black-week-2022\/#primaryimage\"},\"thumbnailUrl\":\"https:\/\/hoytundertaket.no\/tonsberg\/wp-content\/uploads\/sites\/2\/2021\/02\/20201015_terjeaamodt_HUT_tonsberg_0428-scaled.jpeg\",\"datePublished\":\"2022-11-09T11:37:50+00:00\",\"dateModified\":\"2022-11-20T16:38:31+00:00\",\"breadcrumb\":{\"@id\":\"https:\/\/hoytundertaket.no\/tonsberg\/black-week-2022\/#breadcrumb\"},\"inLanguage\":\"nb-NO\",\"potentialAction\":[{\"@type\":\"ReadAction\",\"target\":[\"https:\/\/hoytundertaket.no\/tonsberg\/black-week-2022\/\"]}]},{\"@type\":\"ImageObject\",\"inLanguage\":\"nb-NO\",\"@id\":\"https:\/\/hoytundertaket.no\/tonsberg\/black-week-2022\/#primaryimage\",\"url\":\"https:\/\/hoytundertaket.no\/tonsberg\/wp-content\/uploads\/sites\/2\/2021\/02\/20201015_terjeaamodt_HUT_tonsberg_0428-scaled.jpeg\",\"contentUrl\":\"https:\/\/hoytundertaket.no\/tonsberg\/wp-content\/uploads\/sites\/2\/2021\/02\/20201015_terjeaamodt_HUT_tonsberg_0428-scaled.jpeg\",\"width\":2560,\"height\":1707,\"caption\":\"Krevende buldring i overheng hos H\u00f8yt Under Taket T\u00f8nsberg.\"},{\"@type\":\"BreadcrumbList\",\"@id\":\"https:\/\/hoytundertaket.no\/tonsberg\/black-week-2022\/#breadcrumb\",\"itemListElement\":[{\"@type\":\"ListItem\",\"position\":1,\"name\":\"Hjem\",\"item\":\"https:\/\/hoytundertaket.no\/tonsberg\/\"},{\"@type\":\"ListItem\",\"position\":2,\"name\":\"Black Week 2022\"}]},{\"@type\":\"WebSite\",\"@id\":\"https:\/\/hoytundertaket.no\/tonsberg\/#website\",\"url\":\"https:\/\/hoytundertaket.no\/tonsberg\/\",\"name\":\"H\u00f8yt Under Taket T\u00f8nsberg\",\"description\":\"- Klatresenter\",\"publisher\":{\"@id\":\"https:\/\/hoytundertaket.no\/tonsberg\/#organization\"},\"potentialAction\":[{\"@type\":\"SearchAction\",\"target\":{\"@type\":\"EntryPoint\",\"urlTemplate\":\"https:\/\/hoytundertaket.no\/tonsberg\/?s={search_term_string}\"},\"query-input\":{\"@type\":\"PropertyValueSpecification\",\"valueRequired\":true,\"valueName\":\"search_term_string\"}}],\"inLanguage\":\"nb-NO\"},{\"@type\":[\"Organization\",\"Place\"],\"@id\":\"https:\/\/hoytundertaket.no\/tonsberg\/#organization\",\"name\":\"H\u00f8yt Under Taket T\u00f8nsberg\",\"url\":\"https:\/\/hoytundertaket.no\/tonsberg\/\",\"logo\":{\"@id\":\"https:\/\/hoytundertaket.no\/tonsberg\/black-week-2022\/#local-main-organization-logo\"},\"image\":{\"@id\":\"https:\/\/hoytundertaket.no\/tonsberg\/black-week-2022\/#local-main-organization-logo\"},\"telephone\":[],\"openingHoursSpecification\":[{\"@type\":\"OpeningHoursSpecification\",\"dayOfWeek\":[\"Monday\",\"Tuesday\",\"Wednesday\",\"Thursday\",\"Friday\",\"Saturday\",\"Sunday\"],\"opens\":\"09:00\",\"closes\":\"17:00\"}]},{\"@type\":\"ImageObject\",\"inLanguage\":\"nb-NO\",\"@id\":\"https:\/\/hoytundertaket.no\/tonsberg\/black-week-2022\/#local-main-organization-logo\",\"url\":\"https:\/\/hoytundertaket.no\/tonsberg\/wp-content\/uploads\/sites\/2\/2021\/09\/hut-logo-tonsberg-horisontal-pos.svg\",\"contentUrl\":\"https:\/\/hoytundertaket.no\/tonsberg\/wp-content\/uploads\/sites\/2\/2021\/09\/hut-logo-tonsberg-horisontal-pos.svg\",\"width\":340,\"height\":110,\"caption\":\"H\u00f8yt Under Taket T\u00f8nsberg\"}]}<\/script>\n<!-- \/ Yoast SEO plugin. -->","yoast_head_json":{"title":"Black Week 2022 - H\u00f8yt Under Taket T\u00f8nsberg","robots":{"index":"index","follow":"follow","max-snippet":"max-snippet:-1","max-image-preview":"max-image-preview:large","max-video-preview":"max-video-preview:-1"},"canonical":"https:\/\/hoytundertaket.no\/tonsberg\/black-week-2022\/","og_locale":"nb_NO","og_type":"article","og_title":"Black Week 2022 - H\u00f8yt Under Taket T\u00f8nsberg","og_description":"Vi kj\u00f8rer gode og unike tilbud hele Black Week! Minner skapes best i aktivitet og gjennom gode opplevelser! De beste tilbudene p\u00e5 en aktiv opplevelse hos HUT f\u00e5r du under Black Week. \ud83d\udca5 Kampanjeperioden er hele BLACK WEEK 21.nov -> 27.nov! \ud83d\udca5 -30% p\u00e5 klippekort 25 klipp!! Bruk rabattkode: BWK25T -30% p\u00e5 familieklippekort!! Bruk rabattkode: [&hellip;]","og_url":"https:\/\/hoytundertaket.no\/tonsberg\/black-week-2022\/","og_site_name":"H\u00f8yt Under Taket T\u00f8nsberg","article_modified_time":"2022-11-20T16:38:31+00:00","og_image":[{"width":2560,"height":1707,"url":"https:\/\/hoytundertaket.no\/tonsberg\/wp-content\/uploads\/sites\/2\/2021\/02\/20201015_terjeaamodt_HUT_tonsberg_0428-scaled.jpeg","type":"image\/jpeg"}],"twitter_card":"summary_large_image","twitter_misc":{"Ansl. lesetid":"1 minutt"},"schema":{"@context":"https:\/\/schema.org","@graph":[{"@type":"WebPage","@id":"https:\/\/hoytundertaket.no\/tonsberg\/black-week-2022\/","url":"https:\/\/hoytundertaket.no\/tonsberg\/black-week-2022\/","name":"Black Week 2022 - H\u00f8yt Under Taket T\u00f8nsberg","isPartOf":{"@id":"https:\/\/hoytundertaket.no\/tonsberg\/#website"},"primaryImageOfPage":{"@id":"https:\/\/hoytundertaket.no\/tonsberg\/black-week-2022\/#primaryimage"},"image":{"@id":"https:\/\/hoytundertaket.no\/tonsberg\/black-week-2022\/#primaryimage"},"thumbnailUrl":"https:\/\/hoytundertaket.no\/tonsberg\/wp-content\/uploads\/sites\/2\/2021\/02\/20201015_terjeaamodt_HUT_tonsberg_0428-scaled.jpeg","datePublished":"2022-11-09T11:37:50+00:00","dateModified":"2022-11-20T16:38:31+00:00","breadcrumb":{"@id":"https:\/\/hoytundertaket.no\/tonsberg\/black-week-2022\/#breadcrumb"},"inLanguage":"nb-NO","potentialAction":[{"@type":"ReadAction","target":["https:\/\/hoytundertaket.no\/tonsberg\/black-week-2022\/"]}]},{"@type":"ImageObject","inLanguage":"nb-NO","@id":"https:\/\/hoytundertaket.no\/tonsberg\/black-week-2022\/#primaryimage","url":"https:\/\/hoytundertaket.no\/tonsberg\/wp-content\/uploads\/sites\/2\/2021\/02\/20201015_terjeaamodt_HUT_tonsberg_0428-scaled.jpeg","contentUrl":"https:\/\/hoytundertaket.no\/tonsberg\/wp-content\/uploads\/sites\/2\/2021\/02\/20201015_terjeaamodt_HUT_tonsberg_0428-scaled.jpeg","width":2560,"height":1707,"caption":"Krevende buldring i overheng hos H\u00f8yt Under Taket T\u00f8nsberg."},{"@type":"BreadcrumbList","@id":"https:\/\/hoytundertaket.no\/tonsberg\/black-week-2022\/#breadcrumb","itemListElement":[{"@type":"ListItem","position":1,"name":"Hjem","item":"https:\/\/hoytundertaket.no\/tonsberg\/"},{"@type":"ListItem","position":2,"name":"Black Week 2022"}]},{"@type":"WebSite","@id":"https:\/\/hoytundertaket.no\/tonsberg\/#website","url":"https:\/\/hoytundertaket.no\/tonsberg\/","name":"H\u00f8yt Under Taket T\u00f8nsberg","description":"- Klatresenter","publisher":{"@id":"https:\/\/hoytundertaket.no\/tonsberg\/#organization"},"potentialAction":[{"@type":"SearchAction","target":{"@type":"EntryPoint","urlTemplate":"https:\/\/hoytundertaket.no\/tonsberg\/?s={search_term_string}"},"query-input":{"@type":"PropertyValueSpecification","valueRequired":true,"valueName":"search_term_string"}}],"inLanguage":"nb-NO"},{"@type":["Organization","Place"],"@id":"https:\/\/hoytundertaket.no\/tonsberg\/#organization","name":"H\u00f8yt Under Taket T\u00f8nsberg","url":"https:\/\/hoytundertaket.no\/tonsberg\/","logo":{"@id":"https:\/\/hoytundertaket.no\/tonsberg\/black-week-2022\/#local-main-organization-logo"},"image":{"@id":"https:\/\/hoytundertaket.no\/tonsberg\/black-week-2022\/#local-main-organization-logo"},"telephone":[],"openingHoursSpecification":[{"@type":"OpeningHoursSpecification","dayOfWeek":["Monday","Tuesday","Wednesday","Thursday","Friday","Saturday","Sunday"],"opens":"09:00","closes":"17:00"}]},{"@type":"ImageObject","inLanguage":"nb-NO","@id":"https:\/\/hoytundertaket.no\/tonsberg\/black-week-2022\/#local-main-organization-logo","url":"https:\/\/hoytundertaket.no\/tonsberg\/wp-content\/uploads\/sites\/2\/2021\/09\/hut-logo-tonsberg-horisontal-pos.svg","contentUrl":"https:\/\/hoytundertaket.no\/tonsberg\/wp-content\/uploads\/sites\/2\/2021\/09\/hut-logo-tonsberg-horisontal-pos.svg","width":340,"height":110,"caption":"H\u00f8yt Under Taket T\u00f8nsberg"}]}},"_links":{"self":[{"href":"https:\/\/hoytundertaket.no\/tonsberg\/wp-json\/wp\/v2\/pages\/2387","targetHints":{"allow":["GET"]}}],"collection":[{"href":"https:\/\/hoytundertaket.no\/tonsberg\/wp-json\/wp\/v2\/pages"}],"about":[{"href":"https:\/\/hoytundertaket.no\/tonsberg\/wp-json\/wp\/v2\/types\/page"}],"author":[{"embeddable":true,"href":"https:\/\/hoytundertaket.no\/tonsberg\/wp-json\/wp\/v2\/users\/7"}],"replies":[{"embeddable":true,"href":"https:\/\/hoytundertaket.no\/tonsberg\/wp-json\/wp\/v2\/comments?post=2387"}],"version-history":[{"count":33,"href":"https:\/\/hoytundertaket.no\/tonsberg\/wp-json\/wp\/v2\/pages\/2387\/revisions"}],"predecessor-version":[{"id":2535,"href":"https:\/\/hoytundertaket.no\/tonsberg\/wp-json\/wp\/v2\/pages\/2387\/revisions\/2535"}],"wp:featuredmedia":[{"embeddable":true,"href":"https:\/\/hoytundertaket.no\/tonsberg\/wp-json\/wp\/v2\/media\/860"}],"wp:attachment":[{"href":"https:\/\/hoytundertaket.no\/tonsberg\/wp-json\/wp\/v2\/media?parent=2387"}],"curies":[{"name":"wp","href":"https:\/\/api.w.org\/{rel}","templated":true}]}}