{"id":256,"date":"2020-11-30T05:32:47","date_gmt":"2020-11-30T04:32:47","guid":{"rendered":"http:\/\/296511-www.web.tornado-node.net\/tonsberg\/?page_id=256"},"modified":"2026-04-14T13:35:35","modified_gmt":"2026-04-14T11:35:35","slug":"ungdomsklatring","status":"publish","type":"page","link":"https:\/\/hoytundertaket.no\/tonsberg\/kurs\/ungdomsklatring\/","title":{"rendered":"Ungdomsklatring"},"content":{"rendered":"","protected":false},"excerpt":{"rendered":"","protected":false},"author":1,"featured_media":4183,"parent":3826,"menu_order":0,"comment_status":"closed","ping_status":"closed","template":"page-kids.php","meta":{"_acf_changed":false,"footnotes":""},"class_list":["post-256","page","type-page","status-publish","has-post-thumbnail","hentry"],"acf":[],"yoast_head":"<!-- This site is optimized with the Yoast SEO plugin v26.9 - https:\/\/yoast.com\/product\/yoast-seo-wordpress\/ -->\n<title>Ungdomsklatring - H\u00f8yt Under Taket T\u00f8nsberg<\/title>\n<meta name=\"description\" content=\"Ungdomsklatring i T\u00f8nsberg gir en innf\u00f8ring i klatrearter og klatreteknikk. V\u00e5re instrukt\u00f8rer vil finne varierte og gode utfordringer!\" \/>\n<meta name=\"robots\" content=\"index, follow, max-snippet:-1, max-image-preview:large, max-video-preview:-1\" \/>\n<link rel=\"canonical\" href=\"https:\/\/hoytundertaket.no\/tonsberg\/kurs\/ungdomsklatring\/\" \/>\n<meta property=\"og:locale\" content=\"nb_NO\" \/>\n<meta property=\"og:type\" content=\"article\" \/>\n<meta property=\"og:title\" content=\"Ungdomsklatring - H\u00f8yt Under Taket T\u00f8nsberg\" \/>\n<meta property=\"og:description\" content=\"Ungdomsklatring i T\u00f8nsberg gir en innf\u00f8ring i klatrearter og klatreteknikk. V\u00e5re instrukt\u00f8rer vil finne varierte og gode utfordringer!\" \/>\n<meta property=\"og:url\" content=\"https:\/\/hoytundertaket.no\/tonsberg\/kurs\/ungdomsklatring\/\" \/>\n<meta property=\"og:site_name\" content=\"H\u00f8yt Under Taket T\u00f8nsberg\" \/>\n<meta property=\"article:modified_time\" content=\"2026-04-14T11:35:35+00:00\" \/>\n<meta property=\"og:image\" content=\"https:\/\/hoytundertaket.no\/tonsberg\/wp-content\/uploads\/sites\/2\/2026\/02\/KAI7215-EDIT.jpg\" \/>\n\t<meta property=\"og:image:width\" content=\"1080\" \/>\n\t<meta property=\"og:image:height\" content=\"720\" \/>\n\t<meta property=\"og:image:type\" content=\"image\/jpeg\" \/>\n<meta name=\"twitter:card\" content=\"summary_large_image\" \/>\n<meta name=\"twitter:label1\" content=\"Ansl. lesetid\" \/>\n\t<meta name=\"twitter:data1\" content=\"2 minutter\" \/>\n<script type=\"application\/ld+json\" class=\"yoast-schema-graph\">{\"@context\":\"https:\/\/schema.org\",\"@graph\":[{\"@type\":\"WebPage\",\"@id\":\"https:\/\/hoytundertaket.no\/tonsberg\/kurs\/ungdomsklatring\/\",\"url\":\"https:\/\/hoytundertaket.no\/tonsberg\/kurs\/ungdomsklatring\/\",\"name\":\"Ungdomsklatring - H\u00f8yt Under Taket T\u00f8nsberg\",\"isPartOf\":{\"@id\":\"https:\/\/hoytundertaket.no\/tonsberg\/#website\"},\"primaryImageOfPage\":{\"@id\":\"https:\/\/hoytundertaket.no\/tonsberg\/kurs\/ungdomsklatring\/#primaryimage\"},\"image\":{\"@id\":\"https:\/\/hoytundertaket.no\/tonsberg\/kurs\/ungdomsklatring\/#primaryimage\"},\"thumbnailUrl\":\"https:\/\/hoytundertaket.no\/tonsberg\/wp-content\/uploads\/sites\/2\/2026\/02\/KAI7215-EDIT.jpg\",\"datePublished\":\"2020-11-30T04:32:47+00:00\",\"dateModified\":\"2026-04-14T11:35:35+00:00\",\"description\":\"Ungdomsklatring i T\u00f8nsberg gir en innf\u00f8ring i klatrearter og klatreteknikk. V\u00e5re instrukt\u00f8rer vil finne varierte og gode utfordringer!\",\"breadcrumb\":{\"@id\":\"https:\/\/hoytundertaket.no\/tonsberg\/kurs\/ungdomsklatring\/#breadcrumb\"},\"inLanguage\":\"nb-NO\",\"potentialAction\":[{\"@type\":\"ReadAction\",\"target\":[\"https:\/\/hoytundertaket.no\/tonsberg\/kurs\/ungdomsklatring\/\"]}]},{\"@type\":\"ImageObject\",\"inLanguage\":\"nb-NO\",\"@id\":\"https:\/\/hoytundertaket.no\/tonsberg\/kurs\/ungdomsklatring\/#primaryimage\",\"url\":\"https:\/\/hoytundertaket.no\/tonsberg\/wp-content\/uploads\/sites\/2\/2026\/02\/KAI7215-EDIT.jpg\",\"contentUrl\":\"https:\/\/hoytundertaket.no\/tonsberg\/wp-content\/uploads\/sites\/2\/2026\/02\/KAI7215-EDIT.jpg\",\"width\":1080,\"height\":720,\"caption\":\"Mestring og konsentrasjon i veggen hos H\u00f8yt Under Taket T\u00f8nsberg.\"},{\"@type\":\"BreadcrumbList\",\"@id\":\"https:\/\/hoytundertaket.no\/tonsberg\/kurs\/ungdomsklatring\/#breadcrumb\",\"itemListElement\":[{\"@type\":\"ListItem\",\"position\":1,\"name\":\"Hjem\",\"item\":\"https:\/\/hoytundertaket.no\/tonsberg\/\"},{\"@type\":\"ListItem\",\"position\":2,\"name\":\"Kurs\",\"item\":\"https:\/\/hoytundertaket.no\/tonsberg\/kurs\/\"},{\"@type\":\"ListItem\",\"position\":3,\"name\":\"Ungdomsklatring\"}]},{\"@type\":\"WebSite\",\"@id\":\"https:\/\/hoytundertaket.no\/tonsberg\/#website\",\"url\":\"https:\/\/hoytundertaket.no\/tonsberg\/\",\"name\":\"H\u00f8yt Under Taket T\u00f8nsberg\",\"description\":\"- Klatresenter\",\"publisher\":{\"@id\":\"https:\/\/hoytundertaket.no\/tonsberg\/#organization\"},\"potentialAction\":[{\"@type\":\"SearchAction\",\"target\":{\"@type\":\"EntryPoint\",\"urlTemplate\":\"https:\/\/hoytundertaket.no\/tonsberg\/?s={search_term_string}\"},\"query-input\":{\"@type\":\"PropertyValueSpecification\",\"valueRequired\":true,\"valueName\":\"search_term_string\"}}],\"inLanguage\":\"nb-NO\"},{\"@type\":[\"Organization\",\"Place\"],\"@id\":\"https:\/\/hoytundertaket.no\/tonsberg\/#organization\",\"name\":\"H\u00f8yt Under Taket T\u00f8nsberg\",\"url\":\"https:\/\/hoytundertaket.no\/tonsberg\/\",\"logo\":{\"@id\":\"https:\/\/hoytundertaket.no\/tonsberg\/kurs\/ungdomsklatring\/#local-main-organization-logo\"},\"image\":{\"@id\":\"https:\/\/hoytundertaket.no\/tonsberg\/kurs\/ungdomsklatring\/#local-main-organization-logo\"},\"telephone\":[],\"openingHoursSpecification\":[{\"@type\":\"OpeningHoursSpecification\",\"dayOfWeek\":[\"Monday\",\"Tuesday\",\"Wednesday\",\"Thursday\",\"Friday\",\"Saturday\",\"Sunday\"],\"opens\":\"09:00\",\"closes\":\"17:00\"}]},{\"@type\":\"ImageObject\",\"inLanguage\":\"nb-NO\",\"@id\":\"https:\/\/hoytundertaket.no\/tonsberg\/kurs\/ungdomsklatring\/#local-main-organization-logo\",\"url\":\"https:\/\/hoytundertaket.no\/tonsberg\/wp-content\/uploads\/sites\/2\/2021\/09\/hut-logo-tonsberg-horisontal-pos.svg\",\"contentUrl\":\"https:\/\/hoytundertaket.no\/tonsberg\/wp-content\/uploads\/sites\/2\/2021\/09\/hut-logo-tonsberg-horisontal-pos.svg\",\"width\":340,\"height\":110,\"caption\":\"H\u00f8yt Under Taket T\u00f8nsberg\"}]}<\/script>\n<!-- \/ Yoast SEO plugin. -->","yoast_head_json":{"title":"Ungdomsklatring - H\u00f8yt Under Taket T\u00f8nsberg","description":"Ungdomsklatring i T\u00f8nsberg gir en innf\u00f8ring i klatrearter og klatreteknikk. V\u00e5re instrukt\u00f8rer vil finne varierte og gode utfordringer!","robots":{"index":"index","follow":"follow","max-snippet":"max-snippet:-1","max-image-preview":"max-image-preview:large","max-video-preview":"max-video-preview:-1"},"canonical":"https:\/\/hoytundertaket.no\/tonsberg\/kurs\/ungdomsklatring\/","og_locale":"nb_NO","og_type":"article","og_title":"Ungdomsklatring - H\u00f8yt Under Taket T\u00f8nsberg","og_description":"Ungdomsklatring i T\u00f8nsberg gir en innf\u00f8ring i klatrearter og klatreteknikk. V\u00e5re instrukt\u00f8rer vil finne varierte og gode utfordringer!","og_url":"https:\/\/hoytundertaket.no\/tonsberg\/kurs\/ungdomsklatring\/","og_site_name":"H\u00f8yt Under Taket T\u00f8nsberg","article_modified_time":"2026-04-14T11:35:35+00:00","og_image":[{"width":1080,"height":720,"url":"https:\/\/hoytundertaket.no\/tonsberg\/wp-content\/uploads\/sites\/2\/2026\/02\/KAI7215-EDIT.jpg","type":"image\/jpeg"}],"twitter_card":"summary_large_image","twitter_misc":{"Ansl. lesetid":"2 minutter"},"schema":{"@context":"https:\/\/schema.org","@graph":[{"@type":"WebPage","@id":"https:\/\/hoytundertaket.no\/tonsberg\/kurs\/ungdomsklatring\/","url":"https:\/\/hoytundertaket.no\/tonsberg\/kurs\/ungdomsklatring\/","name":"Ungdomsklatring - H\u00f8yt Under Taket T\u00f8nsberg","isPartOf":{"@id":"https:\/\/hoytundertaket.no\/tonsberg\/#website"},"primaryImageOfPage":{"@id":"https:\/\/hoytundertaket.no\/tonsberg\/kurs\/ungdomsklatring\/#primaryimage"},"image":{"@id":"https:\/\/hoytundertaket.no\/tonsberg\/kurs\/ungdomsklatring\/#primaryimage"},"thumbnailUrl":"https:\/\/hoytundertaket.no\/tonsberg\/wp-content\/uploads\/sites\/2\/2026\/02\/KAI7215-EDIT.jpg","datePublished":"2020-11-30T04:32:47+00:00","dateModified":"2026-04-14T11:35:35+00:00","description":"Ungdomsklatring i T\u00f8nsberg gir en innf\u00f8ring i klatrearter og klatreteknikk. V\u00e5re instrukt\u00f8rer vil finne varierte og gode utfordringer!","breadcrumb":{"@id":"https:\/\/hoytundertaket.no\/tonsberg\/kurs\/ungdomsklatring\/#breadcrumb"},"inLanguage":"nb-NO","potentialAction":[{"@type":"ReadAction","target":["https:\/\/hoytundertaket.no\/tonsberg\/kurs\/ungdomsklatring\/"]}]},{"@type":"ImageObject","inLanguage":"nb-NO","@id":"https:\/\/hoytundertaket.no\/tonsberg\/kurs\/ungdomsklatring\/#primaryimage","url":"https:\/\/hoytundertaket.no\/tonsberg\/wp-content\/uploads\/sites\/2\/2026\/02\/KAI7215-EDIT.jpg","contentUrl":"https:\/\/hoytundertaket.no\/tonsberg\/wp-content\/uploads\/sites\/2\/2026\/02\/KAI7215-EDIT.jpg","width":1080,"height":720,"caption":"Mestring og konsentrasjon i veggen hos H\u00f8yt Under Taket T\u00f8nsberg."},{"@type":"BreadcrumbList","@id":"https:\/\/hoytundertaket.no\/tonsberg\/kurs\/ungdomsklatring\/#breadcrumb","itemListElement":[{"@type":"ListItem","position":1,"name":"Hjem","item":"https:\/\/hoytundertaket.no\/tonsberg\/"},{"@type":"ListItem","position":2,"name":"Kurs","item":"https:\/\/hoytundertaket.no\/tonsberg\/kurs\/"},{"@type":"ListItem","position":3,"name":"Ungdomsklatring"}]},{"@type":"WebSite","@id":"https:\/\/hoytundertaket.no\/tonsberg\/#website","url":"https:\/\/hoytundertaket.no\/tonsberg\/","name":"H\u00f8yt Under Taket T\u00f8nsberg","description":"- Klatresenter","publisher":{"@id":"https:\/\/hoytundertaket.no\/tonsberg\/#organization"},"potentialAction":[{"@type":"SearchAction","target":{"@type":"EntryPoint","urlTemplate":"https:\/\/hoytundertaket.no\/tonsberg\/?s={search_term_string}"},"query-input":{"@type":"PropertyValueSpecification","valueRequired":true,"valueName":"search_term_string"}}],"inLanguage":"nb-NO"},{"@type":["Organization","Place"],"@id":"https:\/\/hoytundertaket.no\/tonsberg\/#organization","name":"H\u00f8yt Under Taket T\u00f8nsberg","url":"https:\/\/hoytundertaket.no\/tonsberg\/","logo":{"@id":"https:\/\/hoytundertaket.no\/tonsberg\/kurs\/ungdomsklatring\/#local-main-organization-logo"},"image":{"@id":"https:\/\/hoytundertaket.no\/tonsberg\/kurs\/ungdomsklatring\/#local-main-organization-logo"},"telephone":[],"openingHoursSpecification":[{"@type":"OpeningHoursSpecification","dayOfWeek":["Monday","Tuesday","Wednesday","Thursday","Friday","Saturday","Sunday"],"opens":"09:00","closes":"17:00"}]},{"@type":"ImageObject","inLanguage":"nb-NO","@id":"https:\/\/hoytundertaket.no\/tonsberg\/kurs\/ungdomsklatring\/#local-main-organization-logo","url":"https:\/\/hoytundertaket.no\/tonsberg\/wp-content\/uploads\/sites\/2\/2021\/09\/hut-logo-tonsberg-horisontal-pos.svg","contentUrl":"https:\/\/hoytundertaket.no\/tonsberg\/wp-content\/uploads\/sites\/2\/2021\/09\/hut-logo-tonsberg-horisontal-pos.svg","width":340,"height":110,"caption":"H\u00f8yt Under Taket T\u00f8nsberg"}]}},"_links":{"self":[{"href":"https:\/\/hoytundertaket.no\/tonsberg\/wp-json\/wp\/v2\/pages\/256","targetHints":{"allow":["GET"]}}],"collection":[{"href":"https:\/\/hoytundertaket.no\/tonsberg\/wp-json\/wp\/v2\/pages"}],"about":[{"href":"https:\/\/hoytundertaket.no\/tonsberg\/wp-json\/wp\/v2\/types\/page"}],"author":[{"embeddable":true,"href":"https:\/\/hoytundertaket.no\/tonsberg\/wp-json\/wp\/v2\/users\/1"}],"replies":[{"embeddable":true,"href":"https:\/\/hoytundertaket.no\/tonsberg\/wp-json\/wp\/v2\/comments?post=256"}],"version-history":[{"count":114,"href":"https:\/\/hoytundertaket.no\/tonsberg\/wp-json\/wp\/v2\/pages\/256\/revisions"}],"predecessor-version":[{"id":4308,"href":"https:\/\/hoytundertaket.no\/tonsberg\/wp-json\/wp\/v2\/pages\/256\/revisions\/4308"}],"up":[{"embeddable":true,"href":"https:\/\/hoytundertaket.no\/tonsberg\/wp-json\/wp\/v2\/pages\/3826"}],"wp:featuredmedia":[{"embeddable":true,"href":"https:\/\/hoytundertaket.no\/tonsberg\/wp-json\/wp\/v2\/media\/4183"}],"wp:attachment":[{"href":"https:\/\/hoytundertaket.no\/tonsberg\/wp-json\/wp\/v2\/media?parent=256"}],"curies":[{"name":"wp","href":"https:\/\/api.w.org\/{rel}","templated":true}]}}