{"id":2635,"date":"2023-03-17T13:23:06","date_gmt":"2023-03-17T12:23:06","guid":{"rendered":"https:\/\/hoytundertaket.no\/tonsberg\/?page_id=2635"},"modified":"2026-03-13T17:48:46","modified_gmt":"2026-03-13T16:48:46","slug":"buldrejam","status":"publish","type":"page","link":"https:\/\/hoytundertaket.no\/tonsberg\/buldrejam\/","title":{"rendered":"BuldreJam"},"content":{"rendered":"\n<p class=\"has-text-align-center\"><strong>Vi inviterer til V\u00e5rjam og Klatrepub!<\/strong><\/p>\n\n\n\n<p class=\"has-text-align-center\"><strong>NYHET<\/strong><\/p>\n\n\n\n<p>Har du lyst til \u00e5 vinne et helt \u00e5rs medlemskap?<br>Bli med p\u00e5 BuldreJam i b\u00e5de Skien og T\u00f8nsberg! Vinneren av ett \u00e5rs medlemskap trekkes blant dem som deltar p\u00e5 begge arrangementene.<\/p>\n\n\n\n<p class=\"has-text-align-center\"><br>Dato <strong>T\u00f8nsberg<\/strong>: Fredag 27. mars 2026<br>Dato <strong>Skien<\/strong>: Fredag 10. april 2026<br>Tidspunkt: 18:00-21:00. KlatrePub fra kl. 21:00.<\/p>\n\n\n\n<p class=\"has-text-align-center\"><strong>Program:<\/strong><\/p>\n\n\n\n<p class=\"has-text-align-center\"><strong>17.30-18.00<\/strong> &#8211; oppm\u00f8te og utdeling av scorecard<br><strong>18.00: <\/strong>Felles velkomst i buldern (ved senere ankomst f\u00e5r du scorecard i resepsjonen)<br><strong>18.00-20.30<\/strong> &#8211; BULDREJAM<br><strong>20.30-21.00<\/strong> &#8211; Felles avslutning med uttrekkspremier <br><strong>21.00-23.00 &#8211; <\/strong>Pizza og klatrePub (NB! 18\u00e5rs aldersgrense)<\/p>\n\n\n\n<p><strong>Hvem kan bli med?<\/strong><\/p>\n\n\n\n<p>BuldreJam er for alle! Merk at det IKKE er skrudd spesielle barnebuldre p\u00e5 dette arrangement.<\/p>\n\n\n\n<p><strong>KlatrePub:<\/strong><\/p>\n\n\n\n<p>Fra kl 21:00 &#8211; 23:00 blir det 18 \u00e5rs aldersgrense og \u00f8lservering. Det betyr at ungdom under 18 ikke f\u00e5r blitt med p\u00e5 pizza og klatrepub.&nbsp;<\/p>\n\n\n\n<p><strong>Format:<\/strong><\/p>\n\n\n\n<p>Formatet er&nbsp;en lavterskel og moro buldrejam for alle aldre og niv\u00e5er hvor man selv fyller ut sitt eget scorecard! Deltagerne har 2,5 timer p\u00e5 seg til \u00e5 g\u00e5 flest mulige buldre!&nbsp;Det blir gitt poenger for TOPP og SONE, resultatlistene vil kun skille p\u00e5 damer og herrer.<\/p>\n\n\n\n<p><em>Velg kun \u00abscorecard\u00bb hvis du har klippekort eller medlemskap.<br>Velg \u00abScorecard + inngangsbillett\u00bb hvis du m\u00e5 kj\u00f8pe inngangsbillett.<\/em><\/p>\n\n\n\n<p>\u00d8nsker du pizzameny etter buldrejammen? Velg ditt alternativ i kj\u00f8psprosessen.<br><strong>(PIZZA M\u00c5 BESTILLES INNEN kl 15:00 F\u00d8R JAM!)<\/strong><\/p>\n\n\n\n<p>Det vil v\u00e6re flotte uttrekkspremier, helt uavhengig av poengsum!<\/p>\n\n\n\n<p>Vi h\u00e5per \u00e5 se deg!&nbsp;<img loading=\"lazy\" decoding=\"async\" height=\"16\" width=\"16\" alt=\"\ud83e\udd29\" src=\"https:\/\/static.xx.fbcdn.net\/images\/emoji.php\/v9\/t58\/1\/16\/1f929.png\"><\/p>\n","protected":false},"excerpt":{"rendered":"<p>Vi inviterer til V\u00e5rjam og Klatrepub! NYHET Har du lyst til \u00e5 vinne et helt \u00e5rs medlemskap?Bli med p\u00e5 BuldreJam i b\u00e5de Skien og T\u00f8nsberg! Vinneren av ett \u00e5rs medlemskap trekkes blant dem som deltar p\u00e5 begge arrangementene. Dato T\u00f8nsberg: Fredag 27. mars 2026Dato Skien: Fredag 10. april 2026Tidspunkt: 18:00-21:00. KlatrePub fra kl. 21:00. Program: [&hellip;]<\/p>\n","protected":false},"author":7,"featured_media":2636,"parent":0,"menu_order":0,"comment_status":"closed","ping_status":"closed","template":"page-courses.php","meta":{"_acf_changed":false,"footnotes":""},"class_list":["post-2635","page","type-page","status-publish","has-post-thumbnail","hentry"],"acf":[],"yoast_head":"<!-- This site is optimized with the Yoast SEO plugin v27.4 - https:\/\/yoast.com\/product\/yoast-seo-wordpress\/ -->\n<title>BuldreJam - H\u00f8yt Under Taket T\u00f8nsberg<\/title>\n<meta name=\"robots\" content=\"index, follow, max-snippet:-1, max-image-preview:large, max-video-preview:-1\" \/>\n<link rel=\"canonical\" href=\"https:\/\/hoytundertaket.no\/tonsberg\/buldrejam\/\" \/>\n<meta property=\"og:locale\" content=\"nb_NO\" \/>\n<meta property=\"og:type\" content=\"article\" \/>\n<meta property=\"og:title\" content=\"BuldreJam - H\u00f8yt Under Taket T\u00f8nsberg\" \/>\n<meta property=\"og:description\" content=\"Vi inviterer til V\u00e5rjam og Klatrepub! NYHET Har du lyst til \u00e5 vinne et helt \u00e5rs medlemskap?Bli med p\u00e5 BuldreJam i b\u00e5de Skien og T\u00f8nsberg! Vinneren av ett \u00e5rs medlemskap trekkes blant dem som deltar p\u00e5 begge arrangementene. Dato T\u00f8nsberg: Fredag 27. mars 2026Dato Skien: Fredag 10. april 2026Tidspunkt: 18:00-21:00. KlatrePub fra kl. 21:00. Program: [&hellip;]\" \/>\n<meta property=\"og:url\" content=\"https:\/\/hoytundertaket.no\/tonsberg\/buldrejam\/\" \/>\n<meta property=\"og:site_name\" content=\"H\u00f8yt Under Taket T\u00f8nsberg\" \/>\n<meta property=\"article:modified_time\" content=\"2026-03-13T16:48:46+00:00\" \/>\n<meta property=\"og:image\" content=\"https:\/\/hoytundertaket.no\/tonsberg\/wp-content\/uploads\/sites\/2\/2023\/03\/Buldrejam_HTL_02987_Foto_Henrik__Kihlstrand.jpg\" \/>\n\t<meta property=\"og:image:width\" content=\"1080\" \/>\n\t<meta property=\"og:image:height\" content=\"720\" \/>\n\t<meta property=\"og:image:type\" content=\"image\/jpeg\" \/>\n<meta name=\"twitter:card\" content=\"summary_large_image\" \/>\n<meta name=\"twitter:label1\" content=\"Ansl. lesetid\" \/>\n\t<meta name=\"twitter:data1\" content=\"2 minutter\" \/>\n<script type=\"application\/ld+json\" class=\"yoast-schema-graph\">{\"@context\":\"https:\\\/\\\/schema.org\",\"@graph\":[{\"@type\":\"WebPage\",\"@id\":\"https:\\\/\\\/hoytundertaket.no\\\/tonsberg\\\/buldrejam\\\/\",\"url\":\"https:\\\/\\\/hoytundertaket.no\\\/tonsberg\\\/buldrejam\\\/\",\"name\":\"BuldreJam - H\u00f8yt Under Taket T\u00f8nsberg\",\"isPartOf\":{\"@id\":\"https:\\\/\\\/hoytundertaket.no\\\/tonsberg\\\/#website\"},\"primaryImageOfPage\":{\"@id\":\"https:\\\/\\\/hoytundertaket.no\\\/tonsberg\\\/buldrejam\\\/#primaryimage\"},\"image\":{\"@id\":\"https:\\\/\\\/hoytundertaket.no\\\/tonsberg\\\/buldrejam\\\/#primaryimage\"},\"thumbnailUrl\":\"https:\\\/\\\/hoytundertaket.no\\\/tonsberg\\\/wp-content\\\/uploads\\\/sites\\\/2\\\/2023\\\/03\\\/Buldrejam_HTL_02987_Foto_Henrik__Kihlstrand.jpg\",\"datePublished\":\"2023-03-17T12:23:06+00:00\",\"dateModified\":\"2026-03-13T16:48:46+00:00\",\"breadcrumb\":{\"@id\":\"https:\\\/\\\/hoytundertaket.no\\\/tonsberg\\\/buldrejam\\\/#breadcrumb\"},\"inLanguage\":\"nb-NO\",\"potentialAction\":[{\"@type\":\"ReadAction\",\"target\":[\"https:\\\/\\\/hoytundertaket.no\\\/tonsberg\\\/buldrejam\\\/\"]}]},{\"@type\":\"ImageObject\",\"inLanguage\":\"nb-NO\",\"@id\":\"https:\\\/\\\/hoytundertaket.no\\\/tonsberg\\\/buldrejam\\\/#primaryimage\",\"url\":\"https:\\\/\\\/hoytundertaket.no\\\/tonsberg\\\/wp-content\\\/uploads\\\/sites\\\/2\\\/2023\\\/03\\\/Buldrejam_HTL_02987_Foto_Henrik__Kihlstrand.jpg\",\"contentUrl\":\"https:\\\/\\\/hoytundertaket.no\\\/tonsberg\\\/wp-content\\\/uploads\\\/sites\\\/2\\\/2023\\\/03\\\/Buldrejam_HTL_02987_Foto_Henrik__Kihlstrand.jpg\",\"width\":1080,\"height\":720},{\"@type\":\"BreadcrumbList\",\"@id\":\"https:\\\/\\\/hoytundertaket.no\\\/tonsberg\\\/buldrejam\\\/#breadcrumb\",\"itemListElement\":[{\"@type\":\"ListItem\",\"position\":1,\"name\":\"Hjem\",\"item\":\"https:\\\/\\\/hoytundertaket.no\\\/tonsberg\\\/\"},{\"@type\":\"ListItem\",\"position\":2,\"name\":\"BuldreJam\"}]},{\"@type\":\"WebSite\",\"@id\":\"https:\\\/\\\/hoytundertaket.no\\\/tonsberg\\\/#website\",\"url\":\"https:\\\/\\\/hoytundertaket.no\\\/tonsberg\\\/\",\"name\":\"H\u00f8yt Under Taket T\u00f8nsberg\",\"description\":\"- Klatresenter\",\"publisher\":{\"@id\":\"https:\\\/\\\/hoytundertaket.no\\\/tonsberg\\\/#organization\"},\"potentialAction\":[{\"@type\":\"SearchAction\",\"target\":{\"@type\":\"EntryPoint\",\"urlTemplate\":\"https:\\\/\\\/hoytundertaket.no\\\/tonsberg\\\/?s={search_term_string}\"},\"query-input\":{\"@type\":\"PropertyValueSpecification\",\"valueRequired\":true,\"valueName\":\"search_term_string\"}}],\"inLanguage\":\"nb-NO\"},{\"@type\":[\"Organization\",\"Place\"],\"@id\":\"https:\\\/\\\/hoytundertaket.no\\\/tonsberg\\\/#organization\",\"name\":\"H\u00f8yt Under Taket T\u00f8nsberg\",\"url\":\"https:\\\/\\\/hoytundertaket.no\\\/tonsberg\\\/\",\"logo\":{\"@id\":\"https:\\\/\\\/hoytundertaket.no\\\/tonsberg\\\/buldrejam\\\/#local-main-organization-logo\"},\"image\":{\"@id\":\"https:\\\/\\\/hoytundertaket.no\\\/tonsberg\\\/buldrejam\\\/#local-main-organization-logo\"},\"telephone\":[],\"openingHoursSpecification\":[{\"@type\":\"OpeningHoursSpecification\",\"dayOfWeek\":[\"Monday\",\"Tuesday\",\"Wednesday\",\"Thursday\",\"Friday\",\"Saturday\",\"Sunday\"],\"opens\":\"09:00\",\"closes\":\"17:00\"}]},{\"@type\":\"ImageObject\",\"inLanguage\":\"nb-NO\",\"@id\":\"https:\\\/\\\/hoytundertaket.no\\\/tonsberg\\\/buldrejam\\\/#local-main-organization-logo\",\"url\":\"https:\\\/\\\/hoytundertaket.no\\\/tonsberg\\\/wp-content\\\/uploads\\\/sites\\\/2\\\/2021\\\/09\\\/hut-logo-tonsberg-horisontal-pos.svg\",\"contentUrl\":\"https:\\\/\\\/hoytundertaket.no\\\/tonsberg\\\/wp-content\\\/uploads\\\/sites\\\/2\\\/2021\\\/09\\\/hut-logo-tonsberg-horisontal-pos.svg\",\"width\":340,\"height\":110,\"caption\":\"H\u00f8yt Under Taket T\u00f8nsberg\"}]}<\/script>\n<!-- \/ Yoast SEO plugin. -->","yoast_head_json":{"title":"BuldreJam - H\u00f8yt Under Taket T\u00f8nsberg","robots":{"index":"index","follow":"follow","max-snippet":"max-snippet:-1","max-image-preview":"max-image-preview:large","max-video-preview":"max-video-preview:-1"},"canonical":"https:\/\/hoytundertaket.no\/tonsberg\/buldrejam\/","og_locale":"nb_NO","og_type":"article","og_title":"BuldreJam - H\u00f8yt Under Taket T\u00f8nsberg","og_description":"Vi inviterer til V\u00e5rjam og Klatrepub! NYHET Har du lyst til \u00e5 vinne et helt \u00e5rs medlemskap?Bli med p\u00e5 BuldreJam i b\u00e5de Skien og T\u00f8nsberg! Vinneren av ett \u00e5rs medlemskap trekkes blant dem som deltar p\u00e5 begge arrangementene. Dato T\u00f8nsberg: Fredag 27. mars 2026Dato Skien: Fredag 10. april 2026Tidspunkt: 18:00-21:00. KlatrePub fra kl. 21:00. Program: [&hellip;]","og_url":"https:\/\/hoytundertaket.no\/tonsberg\/buldrejam\/","og_site_name":"H\u00f8yt Under Taket T\u00f8nsberg","article_modified_time":"2026-03-13T16:48:46+00:00","og_image":[{"width":1080,"height":720,"url":"https:\/\/hoytundertaket.no\/tonsberg\/wp-content\/uploads\/sites\/2\/2023\/03\/Buldrejam_HTL_02987_Foto_Henrik__Kihlstrand.jpg","type":"image\/jpeg"}],"twitter_card":"summary_large_image","twitter_misc":{"Ansl. lesetid":"2 minutter"},"schema":{"@context":"https:\/\/schema.org","@graph":[{"@type":"WebPage","@id":"https:\/\/hoytundertaket.no\/tonsberg\/buldrejam\/","url":"https:\/\/hoytundertaket.no\/tonsberg\/buldrejam\/","name":"BuldreJam - H\u00f8yt Under Taket T\u00f8nsberg","isPartOf":{"@id":"https:\/\/hoytundertaket.no\/tonsberg\/#website"},"primaryImageOfPage":{"@id":"https:\/\/hoytundertaket.no\/tonsberg\/buldrejam\/#primaryimage"},"image":{"@id":"https:\/\/hoytundertaket.no\/tonsberg\/buldrejam\/#primaryimage"},"thumbnailUrl":"https:\/\/hoytundertaket.no\/tonsberg\/wp-content\/uploads\/sites\/2\/2023\/03\/Buldrejam_HTL_02987_Foto_Henrik__Kihlstrand.jpg","datePublished":"2023-03-17T12:23:06+00:00","dateModified":"2026-03-13T16:48:46+00:00","breadcrumb":{"@id":"https:\/\/hoytundertaket.no\/tonsberg\/buldrejam\/#breadcrumb"},"inLanguage":"nb-NO","potentialAction":[{"@type":"ReadAction","target":["https:\/\/hoytundertaket.no\/tonsberg\/buldrejam\/"]}]},{"@type":"ImageObject","inLanguage":"nb-NO","@id":"https:\/\/hoytundertaket.no\/tonsberg\/buldrejam\/#primaryimage","url":"https:\/\/hoytundertaket.no\/tonsberg\/wp-content\/uploads\/sites\/2\/2023\/03\/Buldrejam_HTL_02987_Foto_Henrik__Kihlstrand.jpg","contentUrl":"https:\/\/hoytundertaket.no\/tonsberg\/wp-content\/uploads\/sites\/2\/2023\/03\/Buldrejam_HTL_02987_Foto_Henrik__Kihlstrand.jpg","width":1080,"height":720},{"@type":"BreadcrumbList","@id":"https:\/\/hoytundertaket.no\/tonsberg\/buldrejam\/#breadcrumb","itemListElement":[{"@type":"ListItem","position":1,"name":"Hjem","item":"https:\/\/hoytundertaket.no\/tonsberg\/"},{"@type":"ListItem","position":2,"name":"BuldreJam"}]},{"@type":"WebSite","@id":"https:\/\/hoytundertaket.no\/tonsberg\/#website","url":"https:\/\/hoytundertaket.no\/tonsberg\/","name":"H\u00f8yt Under Taket T\u00f8nsberg","description":"- Klatresenter","publisher":{"@id":"https:\/\/hoytundertaket.no\/tonsberg\/#organization"},"potentialAction":[{"@type":"SearchAction","target":{"@type":"EntryPoint","urlTemplate":"https:\/\/hoytundertaket.no\/tonsberg\/?s={search_term_string}"},"query-input":{"@type":"PropertyValueSpecification","valueRequired":true,"valueName":"search_term_string"}}],"inLanguage":"nb-NO"},{"@type":["Organization","Place"],"@id":"https:\/\/hoytundertaket.no\/tonsberg\/#organization","name":"H\u00f8yt Under Taket T\u00f8nsberg","url":"https:\/\/hoytundertaket.no\/tonsberg\/","logo":{"@id":"https:\/\/hoytundertaket.no\/tonsberg\/buldrejam\/#local-main-organization-logo"},"image":{"@id":"https:\/\/hoytundertaket.no\/tonsberg\/buldrejam\/#local-main-organization-logo"},"telephone":[],"openingHoursSpecification":[{"@type":"OpeningHoursSpecification","dayOfWeek":["Monday","Tuesday","Wednesday","Thursday","Friday","Saturday","Sunday"],"opens":"09:00","closes":"17:00"}]},{"@type":"ImageObject","inLanguage":"nb-NO","@id":"https:\/\/hoytundertaket.no\/tonsberg\/buldrejam\/#local-main-organization-logo","url":"https:\/\/hoytundertaket.no\/tonsberg\/wp-content\/uploads\/sites\/2\/2021\/09\/hut-logo-tonsberg-horisontal-pos.svg","contentUrl":"https:\/\/hoytundertaket.no\/tonsberg\/wp-content\/uploads\/sites\/2\/2021\/09\/hut-logo-tonsberg-horisontal-pos.svg","width":340,"height":110,"caption":"H\u00f8yt Under Taket T\u00f8nsberg"}]}},"_links":{"self":[{"href":"https:\/\/hoytundertaket.no\/tonsberg\/wp-json\/wp\/v2\/pages\/2635","targetHints":{"allow":["GET"]}}],"collection":[{"href":"https:\/\/hoytundertaket.no\/tonsberg\/wp-json\/wp\/v2\/pages"}],"about":[{"href":"https:\/\/hoytundertaket.no\/tonsberg\/wp-json\/wp\/v2\/types\/page"}],"author":[{"embeddable":true,"href":"https:\/\/hoytundertaket.no\/tonsberg\/wp-json\/wp\/v2\/users\/7"}],"replies":[{"embeddable":true,"href":"https:\/\/hoytundertaket.no\/tonsberg\/wp-json\/wp\/v2\/comments?post=2635"}],"version-history":[{"count":38,"href":"https:\/\/hoytundertaket.no\/tonsberg\/wp-json\/wp\/v2\/pages\/2635\/revisions"}],"predecessor-version":[{"id":4277,"href":"https:\/\/hoytundertaket.no\/tonsberg\/wp-json\/wp\/v2\/pages\/2635\/revisions\/4277"}],"wp:featuredmedia":[{"embeddable":true,"href":"https:\/\/hoytundertaket.no\/tonsberg\/wp-json\/wp\/v2\/media\/2636"}],"wp:attachment":[{"href":"https:\/\/hoytundertaket.no\/tonsberg\/wp-json\/wp\/v2\/media?parent=2635"}],"curies":[{"name":"wp","href":"https:\/\/api.w.org\/{rel}","templated":true}]}}