{"id":328,"date":"2020-11-30T07:31:14","date_gmt":"2020-11-30T06:31:14","guid":{"rendered":"http:\/\/296511-www.web.tornado-node.net\/tonsberg\/?page_id=328"},"modified":"2026-02-11T11:18:58","modified_gmt":"2026-02-11T10:18:58","slug":"priser","status":"publish","type":"page","link":"https:\/\/hoytundertaket.no\/tonsberg\/priser\/","title":{"rendered":"Priser"},"content":{"rendered":"\n<p class=\"has-text-align-center\">Her finner du prisliste for billetter, tilpassede tilbud, kurs og leie av utstyr.<\/p>\n","protected":false},"excerpt":{"rendered":"<p>Her finner du prisliste for billetter, tilpassede tilbud, kurs og leie av utstyr.<\/p>\n","protected":false},"author":1,"featured_media":392,"parent":0,"menu_order":0,"comment_status":"closed","ping_status":"closed","template":"page-prices.php","meta":{"_acf_changed":false,"footnotes":""},"class_list":["post-328","page","type-page","status-publish","has-post-thumbnail","hentry"],"acf":[],"yoast_head":"<!-- This site is optimized with the Yoast SEO plugin v26.9 - https:\/\/yoast.com\/product\/yoast-seo-wordpress\/ -->\n<title>Prisliste - H\u00f8yt Under Taket Klatresenter T\u00f8nsberg<\/title>\n<meta name=\"description\" content=\"Oversikt over priser og tilbud hos H\u00f8yt Under Taket. P\u00e5 senteret kan dere klatre, ta med bedriften, feire bursdag, trene, leke og v\u00e6re aktive sammen\" \/>\n<meta name=\"robots\" content=\"index, follow, max-snippet:-1, max-image-preview:large, max-video-preview:-1\" \/>\n<link rel=\"canonical\" href=\"https:\/\/hoytundertaket.no\/tonsberg\/priser\/\" \/>\n<meta property=\"og:locale\" content=\"nb_NO\" \/>\n<meta property=\"og:type\" content=\"article\" \/>\n<meta property=\"og:title\" content=\"Prisliste - H\u00f8yt Under Taket Klatresenter T\u00f8nsberg\" \/>\n<meta property=\"og:description\" content=\"Oversikt over priser og tilbud hos H\u00f8yt Under Taket. P\u00e5 senteret kan dere klatre, ta med bedriften, feire bursdag, trene, leke og v\u00e6re aktive sammen\" \/>\n<meta property=\"og:url\" content=\"https:\/\/hoytundertaket.no\/tonsberg\/priser\/\" \/>\n<meta property=\"og:site_name\" content=\"H\u00f8yt Under Taket T\u00f8nsberg\" \/>\n<meta property=\"article:modified_time\" content=\"2026-02-11T10:18:58+00:00\" \/>\n<meta property=\"og:image\" content=\"https:\/\/hoytundertaket.no\/tonsberg\/wp-content\/uploads\/sites\/2\/2020\/11\/20201015_terjeaamodt_HUT_tonsberg_0069.jpg\" \/>\n\t<meta property=\"og:image:width\" content=\"1920\" \/>\n\t<meta property=\"og:image:height\" content=\"750\" \/>\n\t<meta property=\"og:image:type\" content=\"image\/jpeg\" \/>\n<meta name=\"twitter:card\" content=\"summary_large_image\" \/>\n<meta name=\"twitter:label1\" content=\"Ansl. lesetid\" \/>\n\t<meta name=\"twitter:data1\" content=\"2 minutter\" \/>\n<script type=\"application\/ld+json\" class=\"yoast-schema-graph\">{\"@context\":\"https:\/\/schema.org\",\"@graph\":[{\"@type\":\"WebPage\",\"@id\":\"https:\/\/hoytundertaket.no\/tonsberg\/priser\/\",\"url\":\"https:\/\/hoytundertaket.no\/tonsberg\/priser\/\",\"name\":\"Prisliste - H\u00f8yt Under Taket Klatresenter T\u00f8nsberg\",\"isPartOf\":{\"@id\":\"https:\/\/hoytundertaket.no\/tonsberg\/#website\"},\"primaryImageOfPage\":{\"@id\":\"https:\/\/hoytundertaket.no\/tonsberg\/priser\/#primaryimage\"},\"image\":{\"@id\":\"https:\/\/hoytundertaket.no\/tonsberg\/priser\/#primaryimage\"},\"thumbnailUrl\":\"https:\/\/hoytundertaket.no\/tonsberg\/wp-content\/uploads\/sites\/2\/2020\/11\/20201015_terjeaamodt_HUT_tonsberg_2079.jpg\",\"datePublished\":\"2020-11-30T06:31:14+00:00\",\"dateModified\":\"2026-02-11T10:18:58+00:00\",\"description\":\"Oversikt over priser og tilbud hos H\u00f8yt Under Taket. P\u00e5 senteret kan dere klatre, ta med bedriften, feire bursdag, trene, leke og v\u00e6re aktive sammen\",\"breadcrumb\":{\"@id\":\"https:\/\/hoytundertaket.no\/tonsberg\/priser\/#breadcrumb\"},\"inLanguage\":\"nb-NO\",\"potentialAction\":[{\"@type\":\"ReadAction\",\"target\":[\"https:\/\/hoytundertaket.no\/tonsberg\/priser\/\"]}]},{\"@type\":\"ImageObject\",\"inLanguage\":\"nb-NO\",\"@id\":\"https:\/\/hoytundertaket.no\/tonsberg\/priser\/#primaryimage\",\"url\":\"https:\/\/hoytundertaket.no\/tonsberg\/wp-content\/uploads\/sites\/2\/2020\/11\/20201015_terjeaamodt_HUT_tonsberg_2079.jpg\",\"contentUrl\":\"https:\/\/hoytundertaket.no\/tonsberg\/wp-content\/uploads\/sites\/2\/2020\/11\/20201015_terjeaamodt_HUT_tonsberg_2079.jpg\",\"width\":1600,\"height\":1066,\"caption\":\"Barn tester klatreferdigheter p\u00e5 innend\u00f8rs klatrevegg \u2013 en aktiv og morsom aktivitet som styrker balanse, koordinasjon og selvtillit.\"},{\"@type\":\"BreadcrumbList\",\"@id\":\"https:\/\/hoytundertaket.no\/tonsberg\/priser\/#breadcrumb\",\"itemListElement\":[{\"@type\":\"ListItem\",\"position\":1,\"name\":\"Hjem\",\"item\":\"https:\/\/hoytundertaket.no\/tonsberg\/\"},{\"@type\":\"ListItem\",\"position\":2,\"name\":\"Priser\"}]},{\"@type\":\"WebSite\",\"@id\":\"https:\/\/hoytundertaket.no\/tonsberg\/#website\",\"url\":\"https:\/\/hoytundertaket.no\/tonsberg\/\",\"name\":\"H\u00f8yt Under Taket T\u00f8nsberg\",\"description\":\"- Klatresenter\",\"publisher\":{\"@id\":\"https:\/\/hoytundertaket.no\/tonsberg\/#organization\"},\"potentialAction\":[{\"@type\":\"SearchAction\",\"target\":{\"@type\":\"EntryPoint\",\"urlTemplate\":\"https:\/\/hoytundertaket.no\/tonsberg\/?s={search_term_string}\"},\"query-input\":{\"@type\":\"PropertyValueSpecification\",\"valueRequired\":true,\"valueName\":\"search_term_string\"}}],\"inLanguage\":\"nb-NO\"},{\"@type\":[\"Organization\",\"Place\"],\"@id\":\"https:\/\/hoytundertaket.no\/tonsberg\/#organization\",\"name\":\"H\u00f8yt Under Taket T\u00f8nsberg\",\"url\":\"https:\/\/hoytundertaket.no\/tonsberg\/\",\"logo\":{\"@id\":\"https:\/\/hoytundertaket.no\/tonsberg\/priser\/#local-main-organization-logo\"},\"image\":{\"@id\":\"https:\/\/hoytundertaket.no\/tonsberg\/priser\/#local-main-organization-logo\"},\"telephone\":[],\"openingHoursSpecification\":[{\"@type\":\"OpeningHoursSpecification\",\"dayOfWeek\":[\"Monday\",\"Tuesday\",\"Wednesday\",\"Thursday\",\"Friday\",\"Saturday\",\"Sunday\"],\"opens\":\"09:00\",\"closes\":\"17:00\"}]},{\"@type\":\"ImageObject\",\"inLanguage\":\"nb-NO\",\"@id\":\"https:\/\/hoytundertaket.no\/tonsberg\/priser\/#local-main-organization-logo\",\"url\":\"https:\/\/hoytundertaket.no\/tonsberg\/wp-content\/uploads\/sites\/2\/2021\/09\/hut-logo-tonsberg-horisontal-pos.svg\",\"contentUrl\":\"https:\/\/hoytundertaket.no\/tonsberg\/wp-content\/uploads\/sites\/2\/2021\/09\/hut-logo-tonsberg-horisontal-pos.svg\",\"width\":340,\"height\":110,\"caption\":\"H\u00f8yt Under Taket T\u00f8nsberg\"}]}<\/script>\n<!-- \/ Yoast SEO plugin. -->","yoast_head_json":{"title":"Prisliste - H\u00f8yt Under Taket Klatresenter T\u00f8nsberg","description":"Oversikt over priser og tilbud hos H\u00f8yt Under Taket. P\u00e5 senteret kan dere klatre, ta med bedriften, feire bursdag, trene, leke og v\u00e6re aktive sammen","robots":{"index":"index","follow":"follow","max-snippet":"max-snippet:-1","max-image-preview":"max-image-preview:large","max-video-preview":"max-video-preview:-1"},"canonical":"https:\/\/hoytundertaket.no\/tonsberg\/priser\/","og_locale":"nb_NO","og_type":"article","og_title":"Prisliste - H\u00f8yt Under Taket Klatresenter T\u00f8nsberg","og_description":"Oversikt over priser og tilbud hos H\u00f8yt Under Taket. P\u00e5 senteret kan dere klatre, ta med bedriften, feire bursdag, trene, leke og v\u00e6re aktive sammen","og_url":"https:\/\/hoytundertaket.no\/tonsberg\/priser\/","og_site_name":"H\u00f8yt Under Taket T\u00f8nsberg","article_modified_time":"2026-02-11T10:18:58+00:00","og_image":[{"width":1920,"height":750,"url":"https:\/\/hoytundertaket.no\/tonsberg\/wp-content\/uploads\/sites\/2\/2020\/11\/20201015_terjeaamodt_HUT_tonsberg_0069.jpg","type":"image\/jpeg"}],"twitter_card":"summary_large_image","twitter_misc":{"Ansl. lesetid":"2 minutter"},"schema":{"@context":"https:\/\/schema.org","@graph":[{"@type":"WebPage","@id":"https:\/\/hoytundertaket.no\/tonsberg\/priser\/","url":"https:\/\/hoytundertaket.no\/tonsberg\/priser\/","name":"Prisliste - H\u00f8yt Under Taket Klatresenter T\u00f8nsberg","isPartOf":{"@id":"https:\/\/hoytundertaket.no\/tonsberg\/#website"},"primaryImageOfPage":{"@id":"https:\/\/hoytundertaket.no\/tonsberg\/priser\/#primaryimage"},"image":{"@id":"https:\/\/hoytundertaket.no\/tonsberg\/priser\/#primaryimage"},"thumbnailUrl":"https:\/\/hoytundertaket.no\/tonsberg\/wp-content\/uploads\/sites\/2\/2020\/11\/20201015_terjeaamodt_HUT_tonsberg_2079.jpg","datePublished":"2020-11-30T06:31:14+00:00","dateModified":"2026-02-11T10:18:58+00:00","description":"Oversikt over priser og tilbud hos H\u00f8yt Under Taket. P\u00e5 senteret kan dere klatre, ta med bedriften, feire bursdag, trene, leke og v\u00e6re aktive sammen","breadcrumb":{"@id":"https:\/\/hoytundertaket.no\/tonsberg\/priser\/#breadcrumb"},"inLanguage":"nb-NO","potentialAction":[{"@type":"ReadAction","target":["https:\/\/hoytundertaket.no\/tonsberg\/priser\/"]}]},{"@type":"ImageObject","inLanguage":"nb-NO","@id":"https:\/\/hoytundertaket.no\/tonsberg\/priser\/#primaryimage","url":"https:\/\/hoytundertaket.no\/tonsberg\/wp-content\/uploads\/sites\/2\/2020\/11\/20201015_terjeaamodt_HUT_tonsberg_2079.jpg","contentUrl":"https:\/\/hoytundertaket.no\/tonsberg\/wp-content\/uploads\/sites\/2\/2020\/11\/20201015_terjeaamodt_HUT_tonsberg_2079.jpg","width":1600,"height":1066,"caption":"Barn tester klatreferdigheter p\u00e5 innend\u00f8rs klatrevegg \u2013 en aktiv og morsom aktivitet som styrker balanse, koordinasjon og selvtillit."},{"@type":"BreadcrumbList","@id":"https:\/\/hoytundertaket.no\/tonsberg\/priser\/#breadcrumb","itemListElement":[{"@type":"ListItem","position":1,"name":"Hjem","item":"https:\/\/hoytundertaket.no\/tonsberg\/"},{"@type":"ListItem","position":2,"name":"Priser"}]},{"@type":"WebSite","@id":"https:\/\/hoytundertaket.no\/tonsberg\/#website","url":"https:\/\/hoytundertaket.no\/tonsberg\/","name":"H\u00f8yt Under Taket T\u00f8nsberg","description":"- Klatresenter","publisher":{"@id":"https:\/\/hoytundertaket.no\/tonsberg\/#organization"},"potentialAction":[{"@type":"SearchAction","target":{"@type":"EntryPoint","urlTemplate":"https:\/\/hoytundertaket.no\/tonsberg\/?s={search_term_string}"},"query-input":{"@type":"PropertyValueSpecification","valueRequired":true,"valueName":"search_term_string"}}],"inLanguage":"nb-NO"},{"@type":["Organization","Place"],"@id":"https:\/\/hoytundertaket.no\/tonsberg\/#organization","name":"H\u00f8yt Under Taket T\u00f8nsberg","url":"https:\/\/hoytundertaket.no\/tonsberg\/","logo":{"@id":"https:\/\/hoytundertaket.no\/tonsberg\/priser\/#local-main-organization-logo"},"image":{"@id":"https:\/\/hoytundertaket.no\/tonsberg\/priser\/#local-main-organization-logo"},"telephone":[],"openingHoursSpecification":[{"@type":"OpeningHoursSpecification","dayOfWeek":["Monday","Tuesday","Wednesday","Thursday","Friday","Saturday","Sunday"],"opens":"09:00","closes":"17:00"}]},{"@type":"ImageObject","inLanguage":"nb-NO","@id":"https:\/\/hoytundertaket.no\/tonsberg\/priser\/#local-main-organization-logo","url":"https:\/\/hoytundertaket.no\/tonsberg\/wp-content\/uploads\/sites\/2\/2021\/09\/hut-logo-tonsberg-horisontal-pos.svg","contentUrl":"https:\/\/hoytundertaket.no\/tonsberg\/wp-content\/uploads\/sites\/2\/2021\/09\/hut-logo-tonsberg-horisontal-pos.svg","width":340,"height":110,"caption":"H\u00f8yt Under Taket T\u00f8nsberg"}]}},"_links":{"self":[{"href":"https:\/\/hoytundertaket.no\/tonsberg\/wp-json\/wp\/v2\/pages\/328","targetHints":{"allow":["GET"]}}],"collection":[{"href":"https:\/\/hoytundertaket.no\/tonsberg\/wp-json\/wp\/v2\/pages"}],"about":[{"href":"https:\/\/hoytundertaket.no\/tonsberg\/wp-json\/wp\/v2\/types\/page"}],"author":[{"embeddable":true,"href":"https:\/\/hoytundertaket.no\/tonsberg\/wp-json\/wp\/v2\/users\/1"}],"replies":[{"embeddable":true,"href":"https:\/\/hoytundertaket.no\/tonsberg\/wp-json\/wp\/v2\/comments?post=328"}],"version-history":[{"count":58,"href":"https:\/\/hoytundertaket.no\/tonsberg\/wp-json\/wp\/v2\/pages\/328\/revisions"}],"predecessor-version":[{"id":4052,"href":"https:\/\/hoytundertaket.no\/tonsberg\/wp-json\/wp\/v2\/pages\/328\/revisions\/4052"}],"wp:featuredmedia":[{"embeddable":true,"href":"https:\/\/hoytundertaket.no\/tonsberg\/wp-json\/wp\/v2\/media\/392"}],"wp:attachment":[{"href":"https:\/\/hoytundertaket.no\/tonsberg\/wp-json\/wp\/v2\/media?parent=328"}],"curies":[{"name":"wp","href":"https:\/\/api.w.org\/{rel}","templated":true}]}}