{"id":55,"date":"2020-11-04T19:37:25","date_gmt":"2020-11-04T18:37:25","guid":{"rendered":"http:\/\/296511-www.web.tornado-node.net\/tonsberg\/?page_id=55"},"modified":"2021-12-17T10:28:32","modified_gmt":"2021-12-17T09:28:32","slug":"smitteverntiltak","status":"publish","type":"page","link":"https:\/\/hoytundertaket.no\/tonsberg\/informasjon\/smitteverntiltak\/","title":{"rendered":"Smitteverntiltak"},"content":{"rendered":"\n<p>Vi p\u00e5 H\u00f8yt Under Taket T\u00f8nsberg tar smittevern p\u00e5 alvor! Etter nye smitteverntiltak fra regjeringen har vi n\u00e5 innf\u00f8rt en rekke tiltak og anbefalinger p\u00e5 senteret!<\/p>\n","protected":false},"excerpt":{"rendered":"<p>Vi p\u00e5 H\u00f8yt Under Taket T\u00f8nsberg tar smittevern p\u00e5 alvor! Etter nye smitteverntiltak fra regjeringen har vi n\u00e5 innf\u00f8rt en rekke tiltak og anbefalinger p\u00e5 senteret!<\/p>\n","protected":false},"author":1,"featured_media":0,"parent":7,"menu_order":0,"comment_status":"closed","ping_status":"closed","template":"page-info.php","meta":{"_acf_changed":false,"footnotes":""},"class_list":["post-55","page","type-page","status-publish","hentry"],"acf":[],"yoast_head":"<!-- This site is optimized with the Yoast SEO plugin v26.9 - https:\/\/yoast.com\/product\/yoast-seo-wordpress\/ -->\n<title>Smitteverntiltak - H\u00f8yt Under Taket T\u00f8nsberg<\/title>\n<meta name=\"description\" content=\"Her finner du oppdaterte smitteverntiltak for H\u00f8yt Under Taket T\u00f8nsberg\" \/>\n<meta name=\"robots\" content=\"index, follow, max-snippet:-1, max-image-preview:large, max-video-preview:-1\" \/>\n<link rel=\"canonical\" href=\"https:\/\/hoytundertaket.no\/tonsberg\/informasjon\/smitteverntiltak\/\" \/>\n<meta property=\"og:locale\" content=\"nb_NO\" \/>\n<meta property=\"og:type\" content=\"article\" \/>\n<meta property=\"og:title\" content=\"Smitteverntiltak - H\u00f8yt Under Taket T\u00f8nsberg\" \/>\n<meta property=\"og:description\" content=\"Her finner du oppdaterte smitteverntiltak\" \/>\n<meta property=\"og:url\" content=\"https:\/\/hoytundertaket.no\/tonsberg\/informasjon\/smitteverntiltak\/\" \/>\n<meta property=\"og:site_name\" content=\"H\u00f8yt Under Taket T\u00f8nsberg\" \/>\n<meta property=\"article:modified_time\" content=\"2021-12-17T09:28:32+00:00\" \/>\n<meta property=\"og:image\" content=\"https:\/\/hoytundertaket.no\/tonsberg\/wp-content\/uploads\/sites\/2\/2021\/12\/hygieneplakat_smitte_koronavirus.jpeg\" \/>\n\t<meta property=\"og:image:width\" content=\"898\" \/>\n\t<meta property=\"og:image:height\" content=\"1253\" \/>\n\t<meta property=\"og:image:type\" content=\"image\/jpeg\" \/>\n<meta name=\"twitter:card\" content=\"summary_large_image\" \/>\n<script type=\"application\/ld+json\" class=\"yoast-schema-graph\">{\"@context\":\"https:\/\/schema.org\",\"@graph\":[{\"@type\":\"WebPage\",\"@id\":\"https:\/\/hoytundertaket.no\/tonsberg\/informasjon\/smitteverntiltak\/\",\"url\":\"https:\/\/hoytundertaket.no\/tonsberg\/informasjon\/smitteverntiltak\/\",\"name\":\"Smitteverntiltak - H\u00f8yt Under Taket T\u00f8nsberg\",\"isPartOf\":{\"@id\":\"https:\/\/hoytundertaket.no\/tonsberg\/#website\"},\"datePublished\":\"2020-11-04T18:37:25+00:00\",\"dateModified\":\"2021-12-17T09:28:32+00:00\",\"description\":\"Her finner du oppdaterte smitteverntiltak for H\u00f8yt Under Taket T\u00f8nsberg\",\"breadcrumb\":{\"@id\":\"https:\/\/hoytundertaket.no\/tonsberg\/informasjon\/smitteverntiltak\/#breadcrumb\"},\"inLanguage\":\"nb-NO\",\"potentialAction\":[{\"@type\":\"ReadAction\",\"target\":[\"https:\/\/hoytundertaket.no\/tonsberg\/informasjon\/smitteverntiltak\/\"]}]},{\"@type\":\"BreadcrumbList\",\"@id\":\"https:\/\/hoytundertaket.no\/tonsberg\/informasjon\/smitteverntiltak\/#breadcrumb\",\"itemListElement\":[{\"@type\":\"ListItem\",\"position\":1,\"name\":\"Hjem\",\"item\":\"https:\/\/hoytundertaket.no\/tonsberg\/\"},{\"@type\":\"ListItem\",\"position\":2,\"name\":\"Informasjon\",\"item\":\"https:\/\/hoytundertaket.no\/tonsberg\/informasjon\/\"},{\"@type\":\"ListItem\",\"position\":3,\"name\":\"Smitteverntiltak\"}]},{\"@type\":\"WebSite\",\"@id\":\"https:\/\/hoytundertaket.no\/tonsberg\/#website\",\"url\":\"https:\/\/hoytundertaket.no\/tonsberg\/\",\"name\":\"H\u00f8yt Under Taket T\u00f8nsberg\",\"description\":\"- Klatresenter\",\"publisher\":{\"@id\":\"https:\/\/hoytundertaket.no\/tonsberg\/#organization\"},\"potentialAction\":[{\"@type\":\"SearchAction\",\"target\":{\"@type\":\"EntryPoint\",\"urlTemplate\":\"https:\/\/hoytundertaket.no\/tonsberg\/?s={search_term_string}\"},\"query-input\":{\"@type\":\"PropertyValueSpecification\",\"valueRequired\":true,\"valueName\":\"search_term_string\"}}],\"inLanguage\":\"nb-NO\"},{\"@type\":[\"Organization\",\"Place\"],\"@id\":\"https:\/\/hoytundertaket.no\/tonsberg\/#organization\",\"name\":\"H\u00f8yt Under Taket T\u00f8nsberg\",\"url\":\"https:\/\/hoytundertaket.no\/tonsberg\/\",\"logo\":{\"@id\":\"https:\/\/hoytundertaket.no\/tonsberg\/informasjon\/smitteverntiltak\/#local-main-organization-logo\"},\"image\":{\"@id\":\"https:\/\/hoytundertaket.no\/tonsberg\/informasjon\/smitteverntiltak\/#local-main-organization-logo\"},\"telephone\":[],\"openingHoursSpecification\":[{\"@type\":\"OpeningHoursSpecification\",\"dayOfWeek\":[\"Monday\",\"Tuesday\",\"Wednesday\",\"Thursday\",\"Friday\",\"Saturday\",\"Sunday\"],\"opens\":\"09:00\",\"closes\":\"17:00\"}]},{\"@type\":\"ImageObject\",\"inLanguage\":\"nb-NO\",\"@id\":\"https:\/\/hoytundertaket.no\/tonsberg\/informasjon\/smitteverntiltak\/#local-main-organization-logo\",\"url\":\"https:\/\/hoytundertaket.no\/tonsberg\/wp-content\/uploads\/sites\/2\/2021\/09\/hut-logo-tonsberg-horisontal-pos.svg\",\"contentUrl\":\"https:\/\/hoytundertaket.no\/tonsberg\/wp-content\/uploads\/sites\/2\/2021\/09\/hut-logo-tonsberg-horisontal-pos.svg\",\"width\":340,\"height\":110,\"caption\":\"H\u00f8yt Under Taket T\u00f8nsberg\"}]}<\/script>\n<!-- \/ Yoast SEO plugin. -->","yoast_head_json":{"title":"Smitteverntiltak - H\u00f8yt Under Taket T\u00f8nsberg","description":"Her finner du oppdaterte smitteverntiltak for H\u00f8yt Under Taket T\u00f8nsberg","robots":{"index":"index","follow":"follow","max-snippet":"max-snippet:-1","max-image-preview":"max-image-preview:large","max-video-preview":"max-video-preview:-1"},"canonical":"https:\/\/hoytundertaket.no\/tonsberg\/informasjon\/smitteverntiltak\/","og_locale":"nb_NO","og_type":"article","og_title":"Smitteverntiltak - H\u00f8yt Under Taket T\u00f8nsberg","og_description":"Her finner du oppdaterte smitteverntiltak","og_url":"https:\/\/hoytundertaket.no\/tonsberg\/informasjon\/smitteverntiltak\/","og_site_name":"H\u00f8yt Under Taket T\u00f8nsberg","article_modified_time":"2021-12-17T09:28:32+00:00","og_image":[{"width":898,"height":1253,"url":"https:\/\/hoytundertaket.no\/tonsberg\/wp-content\/uploads\/sites\/2\/2021\/12\/hygieneplakat_smitte_koronavirus.jpeg","type":"image\/jpeg"}],"twitter_card":"summary_large_image","schema":{"@context":"https:\/\/schema.org","@graph":[{"@type":"WebPage","@id":"https:\/\/hoytundertaket.no\/tonsberg\/informasjon\/smitteverntiltak\/","url":"https:\/\/hoytundertaket.no\/tonsberg\/informasjon\/smitteverntiltak\/","name":"Smitteverntiltak - H\u00f8yt Under Taket T\u00f8nsberg","isPartOf":{"@id":"https:\/\/hoytundertaket.no\/tonsberg\/#website"},"datePublished":"2020-11-04T18:37:25+00:00","dateModified":"2021-12-17T09:28:32+00:00","description":"Her finner du oppdaterte smitteverntiltak for H\u00f8yt Under Taket T\u00f8nsberg","breadcrumb":{"@id":"https:\/\/hoytundertaket.no\/tonsberg\/informasjon\/smitteverntiltak\/#breadcrumb"},"inLanguage":"nb-NO","potentialAction":[{"@type":"ReadAction","target":["https:\/\/hoytundertaket.no\/tonsberg\/informasjon\/smitteverntiltak\/"]}]},{"@type":"BreadcrumbList","@id":"https:\/\/hoytundertaket.no\/tonsberg\/informasjon\/smitteverntiltak\/#breadcrumb","itemListElement":[{"@type":"ListItem","position":1,"name":"Hjem","item":"https:\/\/hoytundertaket.no\/tonsberg\/"},{"@type":"ListItem","position":2,"name":"Informasjon","item":"https:\/\/hoytundertaket.no\/tonsberg\/informasjon\/"},{"@type":"ListItem","position":3,"name":"Smitteverntiltak"}]},{"@type":"WebSite","@id":"https:\/\/hoytundertaket.no\/tonsberg\/#website","url":"https:\/\/hoytundertaket.no\/tonsberg\/","name":"H\u00f8yt Under Taket T\u00f8nsberg","description":"- Klatresenter","publisher":{"@id":"https:\/\/hoytundertaket.no\/tonsberg\/#organization"},"potentialAction":[{"@type":"SearchAction","target":{"@type":"EntryPoint","urlTemplate":"https:\/\/hoytundertaket.no\/tonsberg\/?s={search_term_string}"},"query-input":{"@type":"PropertyValueSpecification","valueRequired":true,"valueName":"search_term_string"}}],"inLanguage":"nb-NO"},{"@type":["Organization","Place"],"@id":"https:\/\/hoytundertaket.no\/tonsberg\/#organization","name":"H\u00f8yt Under Taket T\u00f8nsberg","url":"https:\/\/hoytundertaket.no\/tonsberg\/","logo":{"@id":"https:\/\/hoytundertaket.no\/tonsberg\/informasjon\/smitteverntiltak\/#local-main-organization-logo"},"image":{"@id":"https:\/\/hoytundertaket.no\/tonsberg\/informasjon\/smitteverntiltak\/#local-main-organization-logo"},"telephone":[],"openingHoursSpecification":[{"@type":"OpeningHoursSpecification","dayOfWeek":["Monday","Tuesday","Wednesday","Thursday","Friday","Saturday","Sunday"],"opens":"09:00","closes":"17:00"}]},{"@type":"ImageObject","inLanguage":"nb-NO","@id":"https:\/\/hoytundertaket.no\/tonsberg\/informasjon\/smitteverntiltak\/#local-main-organization-logo","url":"https:\/\/hoytundertaket.no\/tonsberg\/wp-content\/uploads\/sites\/2\/2021\/09\/hut-logo-tonsberg-horisontal-pos.svg","contentUrl":"https:\/\/hoytundertaket.no\/tonsberg\/wp-content\/uploads\/sites\/2\/2021\/09\/hut-logo-tonsberg-horisontal-pos.svg","width":340,"height":110,"caption":"H\u00f8yt Under Taket T\u00f8nsberg"}]}},"_links":{"self":[{"href":"https:\/\/hoytundertaket.no\/tonsberg\/wp-json\/wp\/v2\/pages\/55","targetHints":{"allow":["GET"]}}],"collection":[{"href":"https:\/\/hoytundertaket.no\/tonsberg\/wp-json\/wp\/v2\/pages"}],"about":[{"href":"https:\/\/hoytundertaket.no\/tonsberg\/wp-json\/wp\/v2\/types\/page"}],"author":[{"embeddable":true,"href":"https:\/\/hoytundertaket.no\/tonsberg\/wp-json\/wp\/v2\/users\/1"}],"replies":[{"embeddable":true,"href":"https:\/\/hoytundertaket.no\/tonsberg\/wp-json\/wp\/v2\/comments?post=55"}],"version-history":[{"count":34,"href":"https:\/\/hoytundertaket.no\/tonsberg\/wp-json\/wp\/v2\/pages\/55\/revisions"}],"predecessor-version":[{"id":1760,"href":"https:\/\/hoytundertaket.no\/tonsberg\/wp-json\/wp\/v2\/pages\/55\/revisions\/1760"}],"up":[{"embeddable":true,"href":"https:\/\/hoytundertaket.no\/tonsberg\/wp-json\/wp\/v2\/pages\/7"}],"wp:attachment":[{"href":"https:\/\/hoytundertaket.no\/tonsberg\/wp-json\/wp\/v2\/media?parent=55"}],"curies":[{"name":"wp","href":"https:\/\/api.w.org\/{rel}","templated":true}]}}