{"id":57,"date":"2020-11-04T19:37:38","date_gmt":"2020-11-04T18:37:38","guid":{"rendered":"http:\/\/296511-www.web.tornado-node.net\/tonsberg\/?page_id=57"},"modified":"2025-02-10T11:59:55","modified_gmt":"2025-02-10T10:59:55","slug":"sikkerhetsregler-hoyt-under-taket-tonsberg","status":"publish","type":"page","link":"https:\/\/hoytundertaket.no\/tonsberg\/informasjon\/sikkerhetsregler-hoyt-under-taket-tonsberg\/","title":{"rendered":"Sikkerhetsregler"},"content":{"rendered":"\n<p>Klatring er en potensielt farlig aktivitet. Det er viktig at du er klar over risikoen, og at du f\u00f8lger sikkerhetsreglene til H\u00f8yt Under Taket T\u00f8nsberg.<\/p>\n","protected":false},"excerpt":{"rendered":"<p>Klatring er en potensielt farlig aktivitet. Det er viktig at du er klar over risikoen, og at du f\u00f8lger sikkerhetsreglene til H\u00f8yt Under Taket T\u00f8nsberg.<\/p>\n","protected":false},"author":1,"featured_media":0,"parent":7,"menu_order":0,"comment_status":"closed","ping_status":"closed","template":"page-info.php","meta":{"_acf_changed":false,"footnotes":""},"class_list":["post-57","page","type-page","status-publish","hentry"],"acf":[],"yoast_head":"<!-- This site is optimized with the Yoast SEO plugin v27.4 - https:\/\/yoast.com\/product\/yoast-seo-wordpress\/ -->\n<title>Sikkerhetsregler | H\u00f8yt Under Taket T\u00f8nsberg<\/title>\n<meta name=\"description\" content=\"Her kan du lese om sikkerhetsregler hos H\u00f8yt Under Taket T\u00f8nsberg. Vi \u00f8nsker deg en god og trygg klatreopplevelse hos oss!\" \/>\n<meta name=\"robots\" content=\"index, follow, max-snippet:-1, max-image-preview:large, max-video-preview:-1\" \/>\n<link rel=\"canonical\" href=\"https:\/\/hoytundertaket.no\/tonsberg\/informasjon\/sikkerhetsregler-hoyt-under-taket-tonsberg\/\" \/>\n<meta property=\"og:locale\" content=\"nb_NO\" \/>\n<meta property=\"og:type\" content=\"article\" \/>\n<meta property=\"og:title\" content=\"Sikkerhetsregler - H\u00f8yt Under Taket Klatresenter T\u00f8nsberg\" \/>\n<meta property=\"og:description\" content=\"Sikkerhetsregler til Klatresenteret H\u00f8yt Under Taket T\u00f8nsberg\" \/>\n<meta property=\"og:url\" content=\"https:\/\/hoytundertaket.no\/tonsberg\/informasjon\/sikkerhetsregler-hoyt-under-taket-tonsberg\/\" \/>\n<meta property=\"og:site_name\" content=\"H\u00f8yt Under Taket T\u00f8nsberg\" \/>\n<meta property=\"article:modified_time\" content=\"2025-02-10T10:59:55+00:00\" \/>\n<meta property=\"og:image\" content=\"https:\/\/hoytundertaket.no\/tonsberg\/wp-content\/uploads\/sites\/2\/2020\/11\/20201015_terjeaamodt_HUT_tonsberg_0069.jpg\" \/>\n\t<meta property=\"og:image:width\" content=\"1920\" \/>\n\t<meta property=\"og:image:height\" content=\"750\" \/>\n\t<meta property=\"og:image:type\" content=\"image\/jpeg\" \/>\n<meta name=\"twitter:card\" content=\"summary_large_image\" \/>\n<meta name=\"twitter:label1\" content=\"Ansl. lesetid\" \/>\n\t<meta name=\"twitter:data1\" content=\"9 minutter\" \/>\n<script type=\"application\/ld+json\" class=\"yoast-schema-graph\">{\"@context\":\"https:\\\/\\\/schema.org\",\"@graph\":[{\"@type\":\"WebPage\",\"@id\":\"https:\\\/\\\/hoytundertaket.no\\\/tonsberg\\\/informasjon\\\/sikkerhetsregler-hoyt-under-taket-tonsberg\\\/\",\"url\":\"https:\\\/\\\/hoytundertaket.no\\\/tonsberg\\\/informasjon\\\/sikkerhetsregler-hoyt-under-taket-tonsberg\\\/\",\"name\":\"Sikkerhetsregler | H\u00f8yt Under Taket T\u00f8nsberg\",\"isPartOf\":{\"@id\":\"https:\\\/\\\/hoytundertaket.no\\\/tonsberg\\\/#website\"},\"datePublished\":\"2020-11-04T18:37:38+00:00\",\"dateModified\":\"2025-02-10T10:59:55+00:00\",\"description\":\"Her kan du lese om sikkerhetsregler hos H\u00f8yt Under Taket T\u00f8nsberg. Vi \u00f8nsker deg en god og trygg klatreopplevelse hos oss!\",\"breadcrumb\":{\"@id\":\"https:\\\/\\\/hoytundertaket.no\\\/tonsberg\\\/informasjon\\\/sikkerhetsregler-hoyt-under-taket-tonsberg\\\/#breadcrumb\"},\"inLanguage\":\"nb-NO\",\"potentialAction\":[{\"@type\":\"ReadAction\",\"target\":[\"https:\\\/\\\/hoytundertaket.no\\\/tonsberg\\\/informasjon\\\/sikkerhetsregler-hoyt-under-taket-tonsberg\\\/\"]}]},{\"@type\":\"BreadcrumbList\",\"@id\":\"https:\\\/\\\/hoytundertaket.no\\\/tonsberg\\\/informasjon\\\/sikkerhetsregler-hoyt-under-taket-tonsberg\\\/#breadcrumb\",\"itemListElement\":[{\"@type\":\"ListItem\",\"position\":1,\"name\":\"Hjem\",\"item\":\"https:\\\/\\\/hoytundertaket.no\\\/tonsberg\\\/\"},{\"@type\":\"ListItem\",\"position\":2,\"name\":\"Informasjon\",\"item\":\"https:\\\/\\\/hoytundertaket.no\\\/tonsberg\\\/informasjon\\\/\"},{\"@type\":\"ListItem\",\"position\":3,\"name\":\"Sikkerhetsregler\"}]},{\"@type\":\"WebSite\",\"@id\":\"https:\\\/\\\/hoytundertaket.no\\\/tonsberg\\\/#website\",\"url\":\"https:\\\/\\\/hoytundertaket.no\\\/tonsberg\\\/\",\"name\":\"H\u00f8yt Under Taket T\u00f8nsberg\",\"description\":\"- Klatresenter\",\"publisher\":{\"@id\":\"https:\\\/\\\/hoytundertaket.no\\\/tonsberg\\\/#organization\"},\"potentialAction\":[{\"@type\":\"SearchAction\",\"target\":{\"@type\":\"EntryPoint\",\"urlTemplate\":\"https:\\\/\\\/hoytundertaket.no\\\/tonsberg\\\/?s={search_term_string}\"},\"query-input\":{\"@type\":\"PropertyValueSpecification\",\"valueRequired\":true,\"valueName\":\"search_term_string\"}}],\"inLanguage\":\"nb-NO\"},{\"@type\":[\"Organization\",\"Place\"],\"@id\":\"https:\\\/\\\/hoytundertaket.no\\\/tonsberg\\\/#organization\",\"name\":\"H\u00f8yt Under Taket T\u00f8nsberg\",\"url\":\"https:\\\/\\\/hoytundertaket.no\\\/tonsberg\\\/\",\"logo\":{\"@id\":\"https:\\\/\\\/hoytundertaket.no\\\/tonsberg\\\/informasjon\\\/sikkerhetsregler-hoyt-under-taket-tonsberg\\\/#local-main-organization-logo\"},\"image\":{\"@id\":\"https:\\\/\\\/hoytundertaket.no\\\/tonsberg\\\/informasjon\\\/sikkerhetsregler-hoyt-under-taket-tonsberg\\\/#local-main-organization-logo\"},\"telephone\":[],\"openingHoursSpecification\":[{\"@type\":\"OpeningHoursSpecification\",\"dayOfWeek\":[\"Monday\",\"Tuesday\",\"Wednesday\",\"Thursday\",\"Friday\",\"Saturday\",\"Sunday\"],\"opens\":\"09:00\",\"closes\":\"17:00\"}]},{\"@type\":\"ImageObject\",\"inLanguage\":\"nb-NO\",\"@id\":\"https:\\\/\\\/hoytundertaket.no\\\/tonsberg\\\/informasjon\\\/sikkerhetsregler-hoyt-under-taket-tonsberg\\\/#local-main-organization-logo\",\"url\":\"https:\\\/\\\/hoytundertaket.no\\\/tonsberg\\\/wp-content\\\/uploads\\\/sites\\\/2\\\/2021\\\/09\\\/hut-logo-tonsberg-horisontal-pos.svg\",\"contentUrl\":\"https:\\\/\\\/hoytundertaket.no\\\/tonsberg\\\/wp-content\\\/uploads\\\/sites\\\/2\\\/2021\\\/09\\\/hut-logo-tonsberg-horisontal-pos.svg\",\"width\":340,\"height\":110,\"caption\":\"H\u00f8yt Under Taket T\u00f8nsberg\"}]}<\/script>\n<!-- \/ Yoast SEO plugin. -->","yoast_head_json":{"title":"Sikkerhetsregler | H\u00f8yt Under Taket T\u00f8nsberg","description":"Her kan du lese om sikkerhetsregler hos H\u00f8yt Under Taket T\u00f8nsberg. Vi \u00f8nsker deg en god og trygg klatreopplevelse hos oss!","robots":{"index":"index","follow":"follow","max-snippet":"max-snippet:-1","max-image-preview":"max-image-preview:large","max-video-preview":"max-video-preview:-1"},"canonical":"https:\/\/hoytundertaket.no\/tonsberg\/informasjon\/sikkerhetsregler-hoyt-under-taket-tonsberg\/","og_locale":"nb_NO","og_type":"article","og_title":"Sikkerhetsregler - H\u00f8yt Under Taket Klatresenter T\u00f8nsberg","og_description":"Sikkerhetsregler til Klatresenteret H\u00f8yt Under Taket T\u00f8nsberg","og_url":"https:\/\/hoytundertaket.no\/tonsberg\/informasjon\/sikkerhetsregler-hoyt-under-taket-tonsberg\/","og_site_name":"H\u00f8yt Under Taket T\u00f8nsberg","article_modified_time":"2025-02-10T10:59:55+00:00","og_image":[{"width":1920,"height":750,"url":"https:\/\/hoytundertaket.no\/tonsberg\/wp-content\/uploads\/sites\/2\/2020\/11\/20201015_terjeaamodt_HUT_tonsberg_0069.jpg","type":"image\/jpeg"}],"twitter_card":"summary_large_image","twitter_misc":{"Ansl. lesetid":"9 minutter"},"schema":{"@context":"https:\/\/schema.org","@graph":[{"@type":"WebPage","@id":"https:\/\/hoytundertaket.no\/tonsberg\/informasjon\/sikkerhetsregler-hoyt-under-taket-tonsberg\/","url":"https:\/\/hoytundertaket.no\/tonsberg\/informasjon\/sikkerhetsregler-hoyt-under-taket-tonsberg\/","name":"Sikkerhetsregler | H\u00f8yt Under Taket T\u00f8nsberg","isPartOf":{"@id":"https:\/\/hoytundertaket.no\/tonsberg\/#website"},"datePublished":"2020-11-04T18:37:38+00:00","dateModified":"2025-02-10T10:59:55+00:00","description":"Her kan du lese om sikkerhetsregler hos H\u00f8yt Under Taket T\u00f8nsberg. Vi \u00f8nsker deg en god og trygg klatreopplevelse hos oss!","breadcrumb":{"@id":"https:\/\/hoytundertaket.no\/tonsberg\/informasjon\/sikkerhetsregler-hoyt-under-taket-tonsberg\/#breadcrumb"},"inLanguage":"nb-NO","potentialAction":[{"@type":"ReadAction","target":["https:\/\/hoytundertaket.no\/tonsberg\/informasjon\/sikkerhetsregler-hoyt-under-taket-tonsberg\/"]}]},{"@type":"BreadcrumbList","@id":"https:\/\/hoytundertaket.no\/tonsberg\/informasjon\/sikkerhetsregler-hoyt-under-taket-tonsberg\/#breadcrumb","itemListElement":[{"@type":"ListItem","position":1,"name":"Hjem","item":"https:\/\/hoytundertaket.no\/tonsberg\/"},{"@type":"ListItem","position":2,"name":"Informasjon","item":"https:\/\/hoytundertaket.no\/tonsberg\/informasjon\/"},{"@type":"ListItem","position":3,"name":"Sikkerhetsregler"}]},{"@type":"WebSite","@id":"https:\/\/hoytundertaket.no\/tonsberg\/#website","url":"https:\/\/hoytundertaket.no\/tonsberg\/","name":"H\u00f8yt Under Taket T\u00f8nsberg","description":"- Klatresenter","publisher":{"@id":"https:\/\/hoytundertaket.no\/tonsberg\/#organization"},"potentialAction":[{"@type":"SearchAction","target":{"@type":"EntryPoint","urlTemplate":"https:\/\/hoytundertaket.no\/tonsberg\/?s={search_term_string}"},"query-input":{"@type":"PropertyValueSpecification","valueRequired":true,"valueName":"search_term_string"}}],"inLanguage":"nb-NO"},{"@type":["Organization","Place"],"@id":"https:\/\/hoytundertaket.no\/tonsberg\/#organization","name":"H\u00f8yt Under Taket T\u00f8nsberg","url":"https:\/\/hoytundertaket.no\/tonsberg\/","logo":{"@id":"https:\/\/hoytundertaket.no\/tonsberg\/informasjon\/sikkerhetsregler-hoyt-under-taket-tonsberg\/#local-main-organization-logo"},"image":{"@id":"https:\/\/hoytundertaket.no\/tonsberg\/informasjon\/sikkerhetsregler-hoyt-under-taket-tonsberg\/#local-main-organization-logo"},"telephone":[],"openingHoursSpecification":[{"@type":"OpeningHoursSpecification","dayOfWeek":["Monday","Tuesday","Wednesday","Thursday","Friday","Saturday","Sunday"],"opens":"09:00","closes":"17:00"}]},{"@type":"ImageObject","inLanguage":"nb-NO","@id":"https:\/\/hoytundertaket.no\/tonsberg\/informasjon\/sikkerhetsregler-hoyt-under-taket-tonsberg\/#local-main-organization-logo","url":"https:\/\/hoytundertaket.no\/tonsberg\/wp-content\/uploads\/sites\/2\/2021\/09\/hut-logo-tonsberg-horisontal-pos.svg","contentUrl":"https:\/\/hoytundertaket.no\/tonsberg\/wp-content\/uploads\/sites\/2\/2021\/09\/hut-logo-tonsberg-horisontal-pos.svg","width":340,"height":110,"caption":"H\u00f8yt Under Taket T\u00f8nsberg"}]}},"_links":{"self":[{"href":"https:\/\/hoytundertaket.no\/tonsberg\/wp-json\/wp\/v2\/pages\/57","targetHints":{"allow":["GET"]}}],"collection":[{"href":"https:\/\/hoytundertaket.no\/tonsberg\/wp-json\/wp\/v2\/pages"}],"about":[{"href":"https:\/\/hoytundertaket.no\/tonsberg\/wp-json\/wp\/v2\/types\/page"}],"author":[{"embeddable":true,"href":"https:\/\/hoytundertaket.no\/tonsberg\/wp-json\/wp\/v2\/users\/1"}],"replies":[{"embeddable":true,"href":"https:\/\/hoytundertaket.no\/tonsberg\/wp-json\/wp\/v2\/comments?post=57"}],"version-history":[{"count":35,"href":"https:\/\/hoytundertaket.no\/tonsberg\/wp-json\/wp\/v2\/pages\/57\/revisions"}],"predecessor-version":[{"id":3522,"href":"https:\/\/hoytundertaket.no\/tonsberg\/wp-json\/wp\/v2\/pages\/57\/revisions\/3522"}],"up":[{"embeddable":true,"href":"https:\/\/hoytundertaket.no\/tonsberg\/wp-json\/wp\/v2\/pages\/7"}],"wp:attachment":[{"href":"https:\/\/hoytundertaket.no\/tonsberg\/wp-json\/wp\/v2\/media?parent=57"}],"curies":[{"name":"wp","href":"https:\/\/api.w.org\/{rel}","templated":true}]}}